{"id":58661,"date":"2021-06-08T09:58:31","date_gmt":"2021-06-08T13:58:31","guid":{"rendered":"https:\/\/machineriesbst.com\/?post_type=product&#038;p=58661"},"modified":"2023-11-30T20:22:48","modified_gmt":"2023-12-01T01:22:48","slug":"sableuse-a-moulure","status":"publish","type":"product","link":"https:\/\/machineriesbst.com\/en\/catalogue\/sableuse-a-moulure\/","title":{"rendered":"Molding Sandblaster"},"content":{"rendered":"<p>Delle Vedove Sableuse \u00e0 Profile<br \/>\nModel SPL \/ 5<br \/>\nSeries 00102<br \/>\n5 Sandblasting stations (profile)<br \/>\nSand the 4 Faces<br \/>\nVariable Speed 12 to 75 FPM (approximately 24 \u201dMin. Length for 4\u201d Thick)<br \/>\n6.3 &#39;&#39; wide sandblasting capacity<br \/>\nModular Construction<br \/>\n4 Sections of belts with friction<br \/>\nStations 1 &amp; 2 Sanding Belts Type LSV Triangular with pressure pad,<br \/>\nTilting heads -30 to +70 Degrees<br \/>\nAbrasive belt capacity 0.8 \u201dto 2.6\u201d x 110 \u201dlong<br \/>\n3 hp motor with variable speed<br \/>\nPneumatic \/ Electric adjustment of the blasting pressure with automatic compensation.<br \/>\nStations 3 &amp; 4 Abrasive wheel (in-out jump) tiltable 0-90 degrees with automatic compensation.<br \/>\n3 hp motor with variable speed for each head.<br \/>\nStation 5 Regular type AE sandblasting wheel with 360 degree rotation adjustment<br \/>\nAutomatic compensation<br \/>\n3 hp motor with variable speed.<br \/>\nSturdy construction with zipper brackets for quick adjustment.<br \/>\nEasy access control electric cabinet<br \/>\nApproximate dimensions 167 \u201dx 87\u201d x 87 \u201d(4240 x 2200 x 2200 mm)<br \/>\nWeight of 4400 Lbs.<\/p>","protected":false},"excerpt":{"rendered":"<p>Delle Vedove Profile Sanding Machine Model SPL \/ 5 Series 00102 5 Sandblasting Stations (profile) Sand all 4 Sides Variable Speed 12 to 75 FPM (approx. 24 \u201dMin. Length for 4\u201d Thick) 6.3 &#39;capacity &#39;wide Sandblasting Modular Construction 4 Sections of belts with friction Stations 1 &amp; 2 Sandblasting belts Type LSV [\u2026]<\/p>","protected":false},"author":3,"featured_media":54818,"comment_status":"open","ping_status":"closed","template":"","meta":[],"product_cat":[1731],"product_tag":[],"acf":[],"yoast_head":"<!-- This site is optimized with the Yoast SEO plugin v16.8 - https:\/\/yoast.com\/wordpress\/plugins\/seo\/ -->\n<title>Sableuse \u00e0 Moulure - Machineries BST<\/title>\n<meta name=\"robots\" content=\"index, follow, max-snippet:-1, max-image-preview:large, max-video-preview:-1\" \/>\n<link rel=\"canonical\" href=\"https:\/\/machineriesbst.com\/en\/catalogue\/sableuse-a-moulure\/\" \/>\n<meta property=\"og:locale\" content=\"en_US\" \/>\n<meta property=\"og:type\" content=\"article\" \/>\n<meta property=\"og:title\" content=\"Sableuse \u00e0 Moulure - Machineries BST\" \/>\n<meta property=\"og:description\" content=\"Delle Vedove Sableuse \u00e0 Profile Mod\u00e8le SPL\/5 S\u00e9rie 00102 5 Stations de sablage (profile) Sable les 4 Faces Vitesse Variable 12 \u00e0 75 Pi\/Min.(environ 24\u201d Min. de longueur pour 4\u201d D\u2019\u00e9paisseur) Capacit\u00e9 de 6.3\u2019\u2019 de large de Sablage Construction Modulaire 4 Sections de courroies avec friction Stations 1 &amp; 2 courroies de Sablage Type LSV [&hellip;]\" \/>\n<meta property=\"og:url\" content=\"https:\/\/machineriesbst.com\/en\/catalogue\/sableuse-a-moulure\/\" \/>\n<meta property=\"og:site_name\" content=\"Machineries BST\" \/>\n<meta property=\"article:modified_time\" content=\"2023-12-01T01:22:48+00:00\" \/>\n<meta property=\"og:image\" content=\"https:\/\/machineriesbst.com\/wp-content\/uploads\/2021\/05\/236-sableuse-delle-vedove-SPL5-01-2.jpg\" \/>\n\t<meta property=\"og:image:width\" content=\"640\" \/>\n\t<meta property=\"og:image:height\" content=\"478\" \/>\n<meta name=\"twitter:card\" content=\"summary_large_image\" \/>\n<meta name=\"twitter:label1\" content=\"Est. reading time\" \/>\n\t<meta name=\"twitter:data1\" content=\"1 minute\" \/>\n<script type=\"application\/ld+json\" class=\"yoast-schema-graph\">{\"@context\":\"https:\/\/schema.org\",\"@graph\":[{\"@type\":\"WebSite\",\"@id\":\"https:\/\/machineriesbst.com\/en\/#website\",\"url\":\"https:\/\/machineriesbst.com\/en\/\",\"name\":\"Machineries BST\",\"description\":\"Machines neuves &amp; usag\\u00e9es\",\"potentialAction\":[{\"@type\":\"SearchAction\",\"target\":{\"@type\":\"EntryPoint\",\"urlTemplate\":\"https:\/\/machineriesbst.com\/en\/?s={search_term_string}\"},\"query-input\":\"required name=search_term_string\"}],\"inLanguage\":\"en-US\"},{\"@type\":\"ImageObject\",\"@id\":\"https:\/\/machineriesbst.com\/en\/catalogue\/sableuse-a-moulure\/#primaryimage\",\"inLanguage\":\"en-US\",\"url\":\"https:\/\/machineriesbst.com\/wp-content\/uploads\/2021\/05\/236-sableuse-delle-vedove-SPL5-01-2.jpg\",\"contentUrl\":\"https:\/\/machineriesbst.com\/wp-content\/uploads\/2021\/05\/236-sableuse-delle-vedove-SPL5-01-2.jpg\",\"width\":640,\"height\":478},{\"@type\":\"WebPage\",\"@id\":\"https:\/\/machineriesbst.com\/en\/catalogue\/sableuse-a-moulure\/#webpage\",\"url\":\"https:\/\/machineriesbst.com\/en\/catalogue\/sableuse-a-moulure\/\",\"name\":\"Sableuse \\u00e0 Moulure - Machineries BST\",\"isPartOf\":{\"@id\":\"https:\/\/machineriesbst.com\/en\/#website\"},\"primaryImageOfPage\":{\"@id\":\"https:\/\/machineriesbst.com\/en\/catalogue\/sableuse-a-moulure\/#primaryimage\"},\"datePublished\":\"2021-06-08T13:58:31+00:00\",\"dateModified\":\"2023-12-01T01:22:48+00:00\",\"breadcrumb\":{\"@id\":\"https:\/\/machineriesbst.com\/en\/catalogue\/sableuse-a-moulure\/#breadcrumb\"},\"inLanguage\":\"en-US\",\"potentialAction\":[{\"@type\":\"ReadAction\",\"target\":[\"https:\/\/machineriesbst.com\/en\/catalogue\/sableuse-a-moulure\/\"]}]},{\"@type\":\"BreadcrumbList\",\"@id\":\"https:\/\/machineriesbst.com\/en\/catalogue\/sableuse-a-moulure\/#breadcrumb\",\"itemListElement\":[{\"@type\":\"ListItem\",\"position\":1,\"name\":\"Accueil\",\"item\":\"https:\/\/machineriesbst.com\/en\/\"},{\"@type\":\"ListItem\",\"position\":2,\"name\":\"Catalogue\",\"item\":\"https:\/\/machineriesbst.com\/en\/catalog\/\"},{\"@type\":\"ListItem\",\"position\":3,\"name\":\"Sableuse \\u00e0 Moulure\"}]}]}<\/script>\n<!-- \/ Yoast SEO plugin. -->","yoast_head_json":{"title":"Sableuse \u00e0 Moulure - Machineries BST","robots":{"index":"index","follow":"follow","max-snippet":"max-snippet:-1","max-image-preview":"max-image-preview:large","max-video-preview":"max-video-preview:-1"},"canonical":"https:\/\/machineriesbst.com\/en\/catalogue\/sableuse-a-moulure\/","og_locale":"en_US","og_type":"article","og_title":"Sableuse \u00e0 Moulure - Machineries BST","og_description":"Delle Vedove Sableuse \u00e0 Profile Mod\u00e8le SPL\/5 S\u00e9rie 00102 5 Stations de sablage (profile) Sable les 4 Faces Vitesse Variable 12 \u00e0 75 Pi\/Min.(environ 24\u201d Min. de longueur pour 4\u201d D\u2019\u00e9paisseur) Capacit\u00e9 de 6.3\u2019\u2019 de large de Sablage Construction Modulaire 4 Sections de courroies avec friction Stations 1 &amp; 2 courroies de Sablage Type LSV [&hellip;]","og_url":"https:\/\/machineriesbst.com\/en\/catalogue\/sableuse-a-moulure\/","og_site_name":"Machineries BST","article_modified_time":"2023-12-01T01:22:48+00:00","og_image":[{"width":640,"height":478,"url":"https:\/\/machineriesbst.com\/wp-content\/uploads\/2021\/05\/236-sableuse-delle-vedove-SPL5-01-2.jpg","path":"\/home\/jepeto\/public_html\/wp-content\/uploads\/2021\/05\/236-sableuse-delle-vedove-SPL5-01-2.jpg","size":"full","id":54818,"alt":"","pixels":305920,"type":"image\/jpeg"}],"twitter_card":"summary_large_image","twitter_misc":{"Est. reading time":"1 minute"},"schema":{"@context":"https:\/\/schema.org","@graph":[{"@type":"WebSite","@id":"https:\/\/machineriesbst.com\/en\/#website","url":"https:\/\/machineriesbst.com\/en\/","name":"Machineries BST","description":"Machines neuves &amp; usag\u00e9es","potentialAction":[{"@type":"SearchAction","target":{"@type":"EntryPoint","urlTemplate":"https:\/\/machineriesbst.com\/en\/?s={search_term_string}"},"query-input":"required name=search_term_string"}],"inLanguage":"en-US"},{"@type":"ImageObject","@id":"https:\/\/machineriesbst.com\/en\/catalogue\/sableuse-a-moulure\/#primaryimage","inLanguage":"en-US","url":"https:\/\/machineriesbst.com\/wp-content\/uploads\/2021\/05\/236-sableuse-delle-vedove-SPL5-01-2.jpg","contentUrl":"https:\/\/machineriesbst.com\/wp-content\/uploads\/2021\/05\/236-sableuse-delle-vedove-SPL5-01-2.jpg","width":640,"height":478},{"@type":"WebPage","@id":"https:\/\/machineriesbst.com\/en\/catalogue\/sableuse-a-moulure\/#webpage","url":"https:\/\/machineriesbst.com\/en\/catalogue\/sableuse-a-moulure\/","name":"Sableuse \u00e0 Moulure - Machineries BST","isPartOf":{"@id":"https:\/\/machineriesbst.com\/en\/#website"},"primaryImageOfPage":{"@id":"https:\/\/machineriesbst.com\/en\/catalogue\/sableuse-a-moulure\/#primaryimage"},"datePublished":"2021-06-08T13:58:31+00:00","dateModified":"2023-12-01T01:22:48+00:00","breadcrumb":{"@id":"https:\/\/machineriesbst.com\/en\/catalogue\/sableuse-a-moulure\/#breadcrumb"},"inLanguage":"en-US","potentialAction":[{"@type":"ReadAction","target":["https:\/\/machineriesbst.com\/en\/catalogue\/sableuse-a-moulure\/"]}]},{"@type":"BreadcrumbList","@id":"https:\/\/machineriesbst.com\/en\/catalogue\/sableuse-a-moulure\/#breadcrumb","itemListElement":[{"@type":"ListItem","position":1,"name":"Accueil","item":"https:\/\/machineriesbst.com\/en\/"},{"@type":"ListItem","position":2,"name":"Catalogue","item":"https:\/\/machineriesbst.com\/en\/catalog\/"},{"@type":"ListItem","position":3,"name":"Sableuse \u00e0 Moulure"}]}]}},"_links":{"self":[{"href":"https:\/\/machineriesbst.com\/en\/wp-json\/wp\/v2\/product\/58661"}],"collection":[{"href":"https:\/\/machineriesbst.com\/en\/wp-json\/wp\/v2\/product"}],"about":[{"href":"https:\/\/machineriesbst.com\/en\/wp-json\/wp\/v2\/types\/product"}],"author":[{"embeddable":true,"href":"https:\/\/machineriesbst.com\/en\/wp-json\/wp\/v2\/users\/3"}],"replies":[{"embeddable":true,"href":"https:\/\/machineriesbst.com\/en\/wp-json\/wp\/v2\/comments?post=58661"}],"wp:featuredmedia":[{"embeddable":true,"href":"https:\/\/machineriesbst.com\/en\/wp-json\/wp\/v2\/media\/54818"}],"wp:attachment":[{"href":"https:\/\/machineriesbst.com\/en\/wp-json\/wp\/v2\/media?parent=58661"}],"wp:term":[{"taxonomy":"product_cat","embeddable":true,"href":"https:\/\/machineriesbst.com\/en\/wp-json\/wp\/v2\/product_cat?post=58661"},{"taxonomy":"product_tag","embeddable":true,"href":"https:\/\/machineriesbst.com\/en\/wp-json\/wp\/v2\/product_tag?post=58661"}],"curies":[{"name":"wp","href":"https:\/\/api.w.org\/{rel}","templated":true}]}}