{"id":58648,"date":"2021-06-08T09:58:05","date_gmt":"2021-06-08T13:58:05","guid":{"rendered":"https:\/\/machineriesbst.com\/?post_type=product&#038;p=58648"},"modified":"2023-11-30T20:22:48","modified_gmt":"2023-12-01T01:22:48","slug":"scie-multiple-raiman-2-lames-mobiles-mvr-plus","status":"publish","type":"product","link":"https:\/\/machineriesbst.com\/en\/catalogue\/scie-multiple-raiman-2-lames-mobiles-mvr-plus\/","title":{"rendered":"Raiman Multiple Saw 2 Movable Blades MVR PLUS"},"content":{"rendered":"<p>2 movable blades and one fixed. Width of 12-\u00bc &quot;. Minimum length of the piece is 20&quot;. Maximum workpiece thickness is 4-\u00bd &quot;50HP motor. RPM of 4,200. Blade diameter is 12&quot; with a 2-\u00bd &quot;chuck. Variable speed of 13-115 PMP. With Valu system -Rip Plus with 4 laser.<\/p>\n<p>Overall Dimension: 220 &quot;- 108&quot; and 90 &quot;High.<\/p>","protected":false},"excerpt":{"rendered":"<p>2 movable blades and one fixed. Width of 12-\u00bc &quot;. Minimum length of the piece is 20&quot;. Maximum workpiece thickness is 4-\u00bd &quot;50HP motor. RPM of 4,200. Blade diameter is 12&quot; with a 2-\u00bd &quot;chuck. Variable speed of 13-115 PMP. With Valu system -Rip Plus with 4 [\u2026]<\/p>","protected":false},"author":3,"featured_media":54708,"comment_status":"open","ping_status":"closed","template":"","meta":[],"product_cat":[3076,214],"product_tag":[],"acf":[],"yoast_head":"<!-- This site is optimized with the Yoast SEO plugin v16.8 - https:\/\/yoast.com\/wordpress\/plugins\/seo\/ -->\n<title>Scie Multiple Raiman 2 lames mobiles MVR PLUS - Machineries BST<\/title>\n<meta name=\"robots\" content=\"index, follow, max-snippet:-1, max-image-preview:large, max-video-preview:-1\" \/>\n<link rel=\"canonical\" href=\"https:\/\/machineriesbst.com\/en\/catalogue\/scie-multiple-raiman-2-lames-mobiles-mvr-plus\/\" \/>\n<meta property=\"og:locale\" content=\"en_US\" \/>\n<meta property=\"og:type\" content=\"article\" \/>\n<meta property=\"og:title\" content=\"Scie Multiple Raiman 2 lames mobiles MVR PLUS - Machineries BST\" \/>\n<meta property=\"og:description\" content=\"2 Lames mobiles et une fixe. Largeur de 12-\u00bc &quot;.Longeur minimum de la pi\u00e8ce est de 20&quot;. L&#039;\u00e9paisseur maximale de la pi\u00e8ce est de 4-\u00bd&quot; Moteur de 50HP. RPM de 4,200 .LeDiam\u00e8tre de la lame est de 12&quot; avec un mandrin de 2-\u00bd&quot; .Vitesse variable de 13-115 PMP. Avec un syst\u00e8me Valu-Rip Plus avec 4 [&hellip;]\" \/>\n<meta property=\"og:url\" content=\"https:\/\/machineriesbst.com\/en\/catalogue\/scie-multiple-raiman-2-lames-mobiles-mvr-plus\/\" \/>\n<meta property=\"og:site_name\" content=\"Machineries BST\" \/>\n<meta property=\"article:modified_time\" content=\"2023-12-01T01:22:48+00:00\" \/>\n<meta property=\"og:image\" content=\"https:\/\/machineriesbst.com\/wp-content\/uploads\/2021\/05\/IMG-4617.jpg\" \/>\n\t<meta property=\"og:image:width\" content=\"960\" \/>\n\t<meta property=\"og:image:height\" content=\"600\" \/>\n<meta name=\"twitter:card\" content=\"summary_large_image\" \/>\n<script type=\"application\/ld+json\" class=\"yoast-schema-graph\">{\"@context\":\"https:\/\/schema.org\",\"@graph\":[{\"@type\":\"WebSite\",\"@id\":\"https:\/\/machineriesbst.com\/en\/#website\",\"url\":\"https:\/\/machineriesbst.com\/en\/\",\"name\":\"Machineries BST\",\"description\":\"Machines neuves &amp; usag\\u00e9es\",\"potentialAction\":[{\"@type\":\"SearchAction\",\"target\":{\"@type\":\"EntryPoint\",\"urlTemplate\":\"https:\/\/machineriesbst.com\/en\/?s={search_term_string}\"},\"query-input\":\"required name=search_term_string\"}],\"inLanguage\":\"en-US\"},{\"@type\":\"ImageObject\",\"@id\":\"https:\/\/machineriesbst.com\/en\/catalogue\/scie-multiple-raiman-2-lames-mobiles-mvr-plus\/#primaryimage\",\"inLanguage\":\"en-US\",\"url\":\"https:\/\/machineriesbst.com\/wp-content\/uploads\/2021\/05\/IMG-4617.jpg\",\"contentUrl\":\"https:\/\/machineriesbst.com\/wp-content\/uploads\/2021\/05\/IMG-4617.jpg\",\"width\":960,\"height\":600},{\"@type\":\"WebPage\",\"@id\":\"https:\/\/machineriesbst.com\/en\/catalogue\/scie-multiple-raiman-2-lames-mobiles-mvr-plus\/#webpage\",\"url\":\"https:\/\/machineriesbst.com\/en\/catalogue\/scie-multiple-raiman-2-lames-mobiles-mvr-plus\/\",\"name\":\"Scie Multiple Raiman 2 lames mobiles MVR PLUS - Machineries BST\",\"isPartOf\":{\"@id\":\"https:\/\/machineriesbst.com\/en\/#website\"},\"primaryImageOfPage\":{\"@id\":\"https:\/\/machineriesbst.com\/en\/catalogue\/scie-multiple-raiman-2-lames-mobiles-mvr-plus\/#primaryimage\"},\"datePublished\":\"2021-06-08T13:58:05+00:00\",\"dateModified\":\"2023-12-01T01:22:48+00:00\",\"breadcrumb\":{\"@id\":\"https:\/\/machineriesbst.com\/en\/catalogue\/scie-multiple-raiman-2-lames-mobiles-mvr-plus\/#breadcrumb\"},\"inLanguage\":\"en-US\",\"potentialAction\":[{\"@type\":\"ReadAction\",\"target\":[\"https:\/\/machineriesbst.com\/en\/catalogue\/scie-multiple-raiman-2-lames-mobiles-mvr-plus\/\"]}]},{\"@type\":\"BreadcrumbList\",\"@id\":\"https:\/\/machineriesbst.com\/en\/catalogue\/scie-multiple-raiman-2-lames-mobiles-mvr-plus\/#breadcrumb\",\"itemListElement\":[{\"@type\":\"ListItem\",\"position\":1,\"name\":\"Accueil\",\"item\":\"https:\/\/machineriesbst.com\/en\/\"},{\"@type\":\"ListItem\",\"position\":2,\"name\":\"Catalogue\",\"item\":\"https:\/\/machineriesbst.com\/en\/catalog\/\"},{\"@type\":\"ListItem\",\"position\":3,\"name\":\"Scie Multiple Raiman 2 lames mobiles MVR PLUS\"}]}]}<\/script>\n<!-- \/ Yoast SEO plugin. -->","yoast_head_json":{"title":"Scie Multiple Raiman 2 lames mobiles MVR PLUS - Machineries BST","robots":{"index":"index","follow":"follow","max-snippet":"max-snippet:-1","max-image-preview":"max-image-preview:large","max-video-preview":"max-video-preview:-1"},"canonical":"https:\/\/machineriesbst.com\/en\/catalogue\/scie-multiple-raiman-2-lames-mobiles-mvr-plus\/","og_locale":"en_US","og_type":"article","og_title":"Scie Multiple Raiman 2 lames mobiles MVR PLUS - Machineries BST","og_description":"2 Lames mobiles et une fixe. Largeur de 12-\u00bc \".Longeur minimum de la pi\u00e8ce est de 20\". L'\u00e9paisseur maximale de la pi\u00e8ce est de 4-\u00bd\" Moteur de 50HP. RPM de 4,200 .LeDiam\u00e8tre de la lame est de 12\" avec un mandrin de 2-\u00bd\" .Vitesse variable de 13-115 PMP. Avec un syst\u00e8me Valu-Rip Plus avec 4 [&hellip;]","og_url":"https:\/\/machineriesbst.com\/en\/catalogue\/scie-multiple-raiman-2-lames-mobiles-mvr-plus\/","og_site_name":"Machineries BST","article_modified_time":"2023-12-01T01:22:48+00:00","og_image":[{"width":960,"height":600,"url":"https:\/\/machineriesbst.com\/wp-content\/uploads\/2021\/05\/IMG-4617.jpg","path":"\/home\/jepeto\/public_html\/wp-content\/uploads\/2021\/05\/IMG-4617.jpg","size":"full","id":54708,"alt":"","pixels":576000,"type":"image\/jpeg"}],"twitter_card":"summary_large_image","schema":{"@context":"https:\/\/schema.org","@graph":[{"@type":"WebSite","@id":"https:\/\/machineriesbst.com\/en\/#website","url":"https:\/\/machineriesbst.com\/en\/","name":"Machineries BST","description":"Machines neuves &amp; usag\u00e9es","potentialAction":[{"@type":"SearchAction","target":{"@type":"EntryPoint","urlTemplate":"https:\/\/machineriesbst.com\/en\/?s={search_term_string}"},"query-input":"required name=search_term_string"}],"inLanguage":"en-US"},{"@type":"ImageObject","@id":"https:\/\/machineriesbst.com\/en\/catalogue\/scie-multiple-raiman-2-lames-mobiles-mvr-plus\/#primaryimage","inLanguage":"en-US","url":"https:\/\/machineriesbst.com\/wp-content\/uploads\/2021\/05\/IMG-4617.jpg","contentUrl":"https:\/\/machineriesbst.com\/wp-content\/uploads\/2021\/05\/IMG-4617.jpg","width":960,"height":600},{"@type":"WebPage","@id":"https:\/\/machineriesbst.com\/en\/catalogue\/scie-multiple-raiman-2-lames-mobiles-mvr-plus\/#webpage","url":"https:\/\/machineriesbst.com\/en\/catalogue\/scie-multiple-raiman-2-lames-mobiles-mvr-plus\/","name":"Scie Multiple Raiman 2 lames mobiles MVR PLUS - Machineries BST","isPartOf":{"@id":"https:\/\/machineriesbst.com\/en\/#website"},"primaryImageOfPage":{"@id":"https:\/\/machineriesbst.com\/en\/catalogue\/scie-multiple-raiman-2-lames-mobiles-mvr-plus\/#primaryimage"},"datePublished":"2021-06-08T13:58:05+00:00","dateModified":"2023-12-01T01:22:48+00:00","breadcrumb":{"@id":"https:\/\/machineriesbst.com\/en\/catalogue\/scie-multiple-raiman-2-lames-mobiles-mvr-plus\/#breadcrumb"},"inLanguage":"en-US","potentialAction":[{"@type":"ReadAction","target":["https:\/\/machineriesbst.com\/en\/catalogue\/scie-multiple-raiman-2-lames-mobiles-mvr-plus\/"]}]},{"@type":"BreadcrumbList","@id":"https:\/\/machineriesbst.com\/en\/catalogue\/scie-multiple-raiman-2-lames-mobiles-mvr-plus\/#breadcrumb","itemListElement":[{"@type":"ListItem","position":1,"name":"Accueil","item":"https:\/\/machineriesbst.com\/en\/"},{"@type":"ListItem","position":2,"name":"Catalogue","item":"https:\/\/machineriesbst.com\/en\/catalog\/"},{"@type":"ListItem","position":3,"name":"Scie Multiple Raiman 2 lames mobiles MVR PLUS"}]}]}},"_links":{"self":[{"href":"https:\/\/machineriesbst.com\/en\/wp-json\/wp\/v2\/product\/58648"}],"collection":[{"href":"https:\/\/machineriesbst.com\/en\/wp-json\/wp\/v2\/product"}],"about":[{"href":"https:\/\/machineriesbst.com\/en\/wp-json\/wp\/v2\/types\/product"}],"author":[{"embeddable":true,"href":"https:\/\/machineriesbst.com\/en\/wp-json\/wp\/v2\/users\/3"}],"replies":[{"embeddable":true,"href":"https:\/\/machineriesbst.com\/en\/wp-json\/wp\/v2\/comments?post=58648"}],"wp:featuredmedia":[{"embeddable":true,"href":"https:\/\/machineriesbst.com\/en\/wp-json\/wp\/v2\/media\/54708"}],"wp:attachment":[{"href":"https:\/\/machineriesbst.com\/en\/wp-json\/wp\/v2\/media?parent=58648"}],"wp:term":[{"taxonomy":"product_cat","embeddable":true,"href":"https:\/\/machineriesbst.com\/en\/wp-json\/wp\/v2\/product_cat?post=58648"},{"taxonomy":"product_tag","embeddable":true,"href":"https:\/\/machineriesbst.com\/en\/wp-json\/wp\/v2\/product_tag?post=58648"}],"curies":[{"name":"wp","href":"https:\/\/api.w.org\/{rel}","templated":true}]}}