{"id":58647,"date":"2021-06-08T09:58:05","date_gmt":"2021-06-08T13:58:05","guid":{"rendered":"https:\/\/machineriesbst.com\/?post_type=product&#038;p=58647"},"modified":"2023-11-30T20:22:48","modified_gmt":"2023-12-01T01:22:48","slug":"raboteuse-double-faces-hc-2025","status":"publish","type":"product","link":"https:\/\/machineriesbst.com\/en\/catalogue\/raboteuse-double-faces-hc-2025\/","title":{"rendered":"Double-sided planer - HC-2025"},"content":{"rendered":"<p>Motors \/ Upper head: 25 HP \/ Lower head: 20 HP \/ Drive: 3 HP<br \/>\nElevation: 0.5 HP \/ Maximum working width: 635 mm \/ Maximum working thickness: 200 mm<br \/>\nMinimum working length: 310mm \/ Variable speed drive: 6 ~ 26m \/ min \/<\/p>\n<p>Swivel control unit with digital readout system \/ Chrome plated table<br \/>\nHD spiral heads with 30 x 12 x 1.5 mm pellets \/ Table extension at the outlet.<\/p>","protected":false},"excerpt":{"rendered":"<p>Engines \/ Upper head: 25 CV \/ Lower head: 20 CV \/ Drive: 3 CV Elevation: 0.5 CV \/ Maximum working width: 635 mm \/ Maximum working thickness: 200 mm Minimum working length: 310 mm \/ Drive to variable speed: 6 ~ 26 m \/ min [\u2026]<\/p>","protected":false},"author":3,"featured_media":54706,"comment_status":"open","ping_status":"closed","template":"","meta":[],"product_cat":[211,3025],"product_tag":[],"acf":[],"yoast_head":"<!-- This site is optimized with the Yoast SEO plugin v16.8 - https:\/\/yoast.com\/wordpress\/plugins\/seo\/ -->\n<title>Raboteuse double faces - HC-2025 - Machineries BST<\/title>\n<meta name=\"robots\" content=\"index, follow, max-snippet:-1, max-image-preview:large, max-video-preview:-1\" \/>\n<link rel=\"canonical\" href=\"https:\/\/machineriesbst.com\/en\/catalogue\/raboteuse-double-faces-hc-2025\/\" \/>\n<meta property=\"og:locale\" content=\"en_US\" \/>\n<meta property=\"og:type\" content=\"article\" \/>\n<meta property=\"og:title\" content=\"Raboteuse double faces - HC-2025 - Machineries BST\" \/>\n<meta property=\"og:description\" content=\"Moteurs \/ T\u00eate sup\u00e9rieure : 25 CV \/ T\u00eate inf\u00e9rieure : 20 CV \/ Entra\u00eenement : 3 CV \u00c9l\u00e9vation : 0,5 CV \/ Largeur maximale de travail : 635 mm \/ \u00c9paisseur maximale de travail : 200 mm Longueur minimale de travail : 310 mm \/ Entra\u00eenement \u00e0 vitesse variable\u00a0 : 6 ~ 26 m\/min [&hellip;]\" \/>\n<meta property=\"og:url\" content=\"https:\/\/machineriesbst.com\/en\/catalogue\/raboteuse-double-faces-hc-2025\/\" \/>\n<meta property=\"og:site_name\" content=\"Machineries BST\" \/>\n<meta property=\"article:modified_time\" content=\"2023-12-01T01:22:48+00:00\" \/>\n<meta property=\"og:image\" content=\"https:\/\/machineriesbst.com\/wp-content\/uploads\/2021\/05\/1-2-2.jpg\" \/>\n\t<meta property=\"og:image:width\" content=\"575\" \/>\n\t<meta property=\"og:image:height\" content=\"374\" \/>\n<meta name=\"twitter:card\" content=\"summary_large_image\" \/>\n<script type=\"application\/ld+json\" class=\"yoast-schema-graph\">{\"@context\":\"https:\/\/schema.org\",\"@graph\":[{\"@type\":\"WebSite\",\"@id\":\"https:\/\/machineriesbst.com\/en\/#website\",\"url\":\"https:\/\/machineriesbst.com\/en\/\",\"name\":\"Machineries BST\",\"description\":\"Machines neuves &amp; usag\\u00e9es\",\"potentialAction\":[{\"@type\":\"SearchAction\",\"target\":{\"@type\":\"EntryPoint\",\"urlTemplate\":\"https:\/\/machineriesbst.com\/en\/?s={search_term_string}\"},\"query-input\":\"required name=search_term_string\"}],\"inLanguage\":\"en-US\"},{\"@type\":\"ImageObject\",\"@id\":\"https:\/\/machineriesbst.com\/en\/catalogue\/raboteuse-double-faces-hc-2025\/#primaryimage\",\"inLanguage\":\"en-US\",\"url\":\"https:\/\/machineriesbst.com\/wp-content\/uploads\/2021\/05\/1-2-2.jpg\",\"contentUrl\":\"https:\/\/machineriesbst.com\/wp-content\/uploads\/2021\/05\/1-2-2.jpg\",\"width\":575,\"height\":374},{\"@type\":\"WebPage\",\"@id\":\"https:\/\/machineriesbst.com\/en\/catalogue\/raboteuse-double-faces-hc-2025\/#webpage\",\"url\":\"https:\/\/machineriesbst.com\/en\/catalogue\/raboteuse-double-faces-hc-2025\/\",\"name\":\"Raboteuse double faces - HC-2025 - Machineries BST\",\"isPartOf\":{\"@id\":\"https:\/\/machineriesbst.com\/en\/#website\"},\"primaryImageOfPage\":{\"@id\":\"https:\/\/machineriesbst.com\/en\/catalogue\/raboteuse-double-faces-hc-2025\/#primaryimage\"},\"datePublished\":\"2021-06-08T13:58:05+00:00\",\"dateModified\":\"2023-12-01T01:22:48+00:00\",\"breadcrumb\":{\"@id\":\"https:\/\/machineriesbst.com\/en\/catalogue\/raboteuse-double-faces-hc-2025\/#breadcrumb\"},\"inLanguage\":\"en-US\",\"potentialAction\":[{\"@type\":\"ReadAction\",\"target\":[\"https:\/\/machineriesbst.com\/en\/catalogue\/raboteuse-double-faces-hc-2025\/\"]}]},{\"@type\":\"BreadcrumbList\",\"@id\":\"https:\/\/machineriesbst.com\/en\/catalogue\/raboteuse-double-faces-hc-2025\/#breadcrumb\",\"itemListElement\":[{\"@type\":\"ListItem\",\"position\":1,\"name\":\"Accueil\",\"item\":\"https:\/\/machineriesbst.com\/en\/\"},{\"@type\":\"ListItem\",\"position\":2,\"name\":\"Catalogue\",\"item\":\"https:\/\/machineriesbst.com\/en\/catalog\/\"},{\"@type\":\"ListItem\",\"position\":3,\"name\":\"Raboteuse double faces - HC-2025\"}]}]}<\/script>\n<!-- \/ Yoast SEO plugin. -->","yoast_head_json":{"title":"Raboteuse double faces - HC-2025 - Machineries BST","robots":{"index":"index","follow":"follow","max-snippet":"max-snippet:-1","max-image-preview":"max-image-preview:large","max-video-preview":"max-video-preview:-1"},"canonical":"https:\/\/machineriesbst.com\/en\/catalogue\/raboteuse-double-faces-hc-2025\/","og_locale":"en_US","og_type":"article","og_title":"Raboteuse double faces - HC-2025 - Machineries BST","og_description":"Moteurs \/ T\u00eate sup\u00e9rieure : 25 CV \/ T\u00eate inf\u00e9rieure : 20 CV \/ Entra\u00eenement : 3 CV \u00c9l\u00e9vation : 0,5 CV \/ Largeur maximale de travail : 635 mm \/ \u00c9paisseur maximale de travail : 200 mm Longueur minimale de travail : 310 mm \/ Entra\u00eenement \u00e0 vitesse variable\u00a0 : 6 ~ 26 m\/min [&hellip;]","og_url":"https:\/\/machineriesbst.com\/en\/catalogue\/raboteuse-double-faces-hc-2025\/","og_site_name":"Machineries BST","article_modified_time":"2023-12-01T01:22:48+00:00","og_image":[{"width":575,"height":374,"url":"https:\/\/machineriesbst.com\/wp-content\/uploads\/2021\/05\/1-2-2.jpg","path":"\/home\/jepeto\/public_html\/wp-content\/uploads\/2021\/05\/1-2-2.jpg","size":"full","id":54706,"alt":"","pixels":215050,"type":"image\/jpeg"}],"twitter_card":"summary_large_image","schema":{"@context":"https:\/\/schema.org","@graph":[{"@type":"WebSite","@id":"https:\/\/machineriesbst.com\/en\/#website","url":"https:\/\/machineriesbst.com\/en\/","name":"Machineries BST","description":"Machines neuves &amp; usag\u00e9es","potentialAction":[{"@type":"SearchAction","target":{"@type":"EntryPoint","urlTemplate":"https:\/\/machineriesbst.com\/en\/?s={search_term_string}"},"query-input":"required name=search_term_string"}],"inLanguage":"en-US"},{"@type":"ImageObject","@id":"https:\/\/machineriesbst.com\/en\/catalogue\/raboteuse-double-faces-hc-2025\/#primaryimage","inLanguage":"en-US","url":"https:\/\/machineriesbst.com\/wp-content\/uploads\/2021\/05\/1-2-2.jpg","contentUrl":"https:\/\/machineriesbst.com\/wp-content\/uploads\/2021\/05\/1-2-2.jpg","width":575,"height":374},{"@type":"WebPage","@id":"https:\/\/machineriesbst.com\/en\/catalogue\/raboteuse-double-faces-hc-2025\/#webpage","url":"https:\/\/machineriesbst.com\/en\/catalogue\/raboteuse-double-faces-hc-2025\/","name":"Raboteuse double faces - HC-2025 - Machineries BST","isPartOf":{"@id":"https:\/\/machineriesbst.com\/en\/#website"},"primaryImageOfPage":{"@id":"https:\/\/machineriesbst.com\/en\/catalogue\/raboteuse-double-faces-hc-2025\/#primaryimage"},"datePublished":"2021-06-08T13:58:05+00:00","dateModified":"2023-12-01T01:22:48+00:00","breadcrumb":{"@id":"https:\/\/machineriesbst.com\/en\/catalogue\/raboteuse-double-faces-hc-2025\/#breadcrumb"},"inLanguage":"en-US","potentialAction":[{"@type":"ReadAction","target":["https:\/\/machineriesbst.com\/en\/catalogue\/raboteuse-double-faces-hc-2025\/"]}]},{"@type":"BreadcrumbList","@id":"https:\/\/machineriesbst.com\/en\/catalogue\/raboteuse-double-faces-hc-2025\/#breadcrumb","itemListElement":[{"@type":"ListItem","position":1,"name":"Accueil","item":"https:\/\/machineriesbst.com\/en\/"},{"@type":"ListItem","position":2,"name":"Catalogue","item":"https:\/\/machineriesbst.com\/en\/catalog\/"},{"@type":"ListItem","position":3,"name":"Raboteuse double faces - HC-2025"}]}]}},"_links":{"self":[{"href":"https:\/\/machineriesbst.com\/en\/wp-json\/wp\/v2\/product\/58647"}],"collection":[{"href":"https:\/\/machineriesbst.com\/en\/wp-json\/wp\/v2\/product"}],"about":[{"href":"https:\/\/machineriesbst.com\/en\/wp-json\/wp\/v2\/types\/product"}],"author":[{"embeddable":true,"href":"https:\/\/machineriesbst.com\/en\/wp-json\/wp\/v2\/users\/3"}],"replies":[{"embeddable":true,"href":"https:\/\/machineriesbst.com\/en\/wp-json\/wp\/v2\/comments?post=58647"}],"wp:featuredmedia":[{"embeddable":true,"href":"https:\/\/machineriesbst.com\/en\/wp-json\/wp\/v2\/media\/54706"}],"wp:attachment":[{"href":"https:\/\/machineriesbst.com\/en\/wp-json\/wp\/v2\/media?parent=58647"}],"wp:term":[{"taxonomy":"product_cat","embeddable":true,"href":"https:\/\/machineriesbst.com\/en\/wp-json\/wp\/v2\/product_cat?post=58647"},{"taxonomy":"product_tag","embeddable":true,"href":"https:\/\/machineriesbst.com\/en\/wp-json\/wp\/v2\/product_tag?post=58647"}],"curies":[{"name":"wp","href":"https:\/\/api.w.org\/{rel}","templated":true}]}}