{"id":58644,"date":"2021-06-08T09:58:04","date_gmt":"2021-06-08T13:58:04","guid":{"rendered":"https:\/\/machineriesbst.com\/?post_type=product&#038;p=58644"},"modified":"2023-11-30T20:22:49","modified_gmt":"2023-12-01T01:22:49","slug":"sableuse-a-bande-large-viet-opera-53-pouces-2-tetes","status":"publish","type":"product","link":"https:\/\/machineriesbst.com\/en\/catalogue\/sableuse-a-bande-large-viet-opera-53-pouces-2-tetes\/","title":{"rendered":"VIET Opera 53 inch 2 HEAD Wide Belt Sandblaster"},"content":{"rendered":"<p>VIET OPER 2 HEADS 53 &quot;Wide Belt Sander<\/p>\n<p>The high specialization of the Opera series guarantees sanding and results far beyond expectations. This particular configuration enables multifunctional sanding with a wide range of applications such as solid wood sanding, cabinet doors, finish sanding, sealer sanding, veneer sanding.<\/p>\n<p>High-end calibration and finishing wide belt sander. Sanding belt dimension 2620 mm (103 &quot;). Sanding belt width 1380 mm (54&quot;). Constant passage line machine (fixed table)<\/p>\n<p># 1 unit. 20HP motor with automatic Star-Delta system. 40Shore 400 MM (15.75 &quot;) roller with HP system .CSS (Camshaft system) Fan design for cleaning the belt. Electronic anti- device doubling for the sanding drum. Electronic inverter.<\/p>\n<p># 2 Unit: .20HP motor with automatic Star-Delta system .Viet Patent &quot;Superfininsh Electronic Segmented Pad&quot; with 42 sectors. Electronic pressure adjustment .CSS (Camshaft system) Fan design for belt cleaning Electronic inverter<\/p>\n<p>Additional features:<\/p>\n<p>IPC color display with 15 &quot;touch screen. Wide selection of operator functions from the control panel. Electronic digital readings for automatic thickness. Vacuum table with 7.5 HP motor. Belt 40 Shore rubber conveyor with 3 HP motor . Variable speeds from 1 to 18 m \/ min. 200 mm (7.8 &quot;) Scotch Bright cleaning brush at the outlet<\/p>","protected":false},"excerpt":{"rendered":"<p>VIET OPER 2 HEADS 53 &quot;wide belt sanding machine The high specialization of the Opera series guarantees sanding and results far beyond expectations. This particular configuration allows multifunctional sanding with a wide range of applications such as wood sanding solid, cabinet doors, finishing sanding, sanding [\u2026]<\/p>","protected":false},"author":3,"featured_media":54682,"comment_status":"open","ping_status":"closed","template":"","meta":[],"product_cat":[1731,3055],"product_tag":[],"acf":[],"yoast_head":"<!-- This site is optimized with the Yoast SEO plugin v16.8 - https:\/\/yoast.com\/wordpress\/plugins\/seo\/ -->\n<title>Sableuse \u00e0 bande large\u00a0 VIET Opera 53 pouces 2 T\u00caTES - Machineries BST<\/title>\n<meta name=\"robots\" content=\"index, follow, max-snippet:-1, max-image-preview:large, max-video-preview:-1\" \/>\n<link rel=\"canonical\" href=\"https:\/\/machineriesbst.com\/en\/catalogue\/sableuse-a-bande-large-viet-opera-53-pouces-2-tetes\/\" \/>\n<meta property=\"og:locale\" content=\"en_US\" \/>\n<meta property=\"og:type\" content=\"article\" \/>\n<meta property=\"og:title\" content=\"Sableuse \u00e0 bande large\u00a0 VIET Opera 53 pouces 2 T\u00caTES - Machineries BST\" \/>\n<meta property=\"og:description\" content=\"Sableuse \u00e0 bande large\u00a0 VIET OPER 2 T\u00caTES 53 &quot; La haute sp\u00e9cialisation de la s\u00e9rie Opera garantit un sablage et des r\u00e9sultats bien au-del\u00e0 des attentes. Cette configuration particuli\u00e8re permet un pon\u00e7age multifonctionnel avec un large \u00e9ventail d&#039;applications telles que le pon\u00e7age de bois massif, les portes d&#039;armoires, le pon\u00e7age de finition, le pon\u00e7age [&hellip;]\" \/>\n<meta property=\"og:url\" content=\"https:\/\/machineriesbst.com\/en\/catalogue\/sableuse-a-bande-large-viet-opera-53-pouces-2-tetes\/\" \/>\n<meta property=\"og:site_name\" content=\"Machineries BST\" \/>\n<meta property=\"article:modified_time\" content=\"2023-12-01T01:22:49+00:00\" \/>\n<meta property=\"og:image\" content=\"https:\/\/machineriesbst.com\/wp-content\/uploads\/2021\/05\/2338.jpg\" \/>\n\t<meta property=\"og:image:width\" content=\"495\" \/>\n\t<meta property=\"og:image:height\" content=\"510\" \/>\n<meta name=\"twitter:card\" content=\"summary_large_image\" \/>\n<meta name=\"twitter:label1\" content=\"Est. reading time\" \/>\n\t<meta name=\"twitter:data1\" content=\"1 minute\" \/>\n<script type=\"application\/ld+json\" class=\"yoast-schema-graph\">{\"@context\":\"https:\/\/schema.org\",\"@graph\":[{\"@type\":\"WebSite\",\"@id\":\"https:\/\/machineriesbst.com\/en\/#website\",\"url\":\"https:\/\/machineriesbst.com\/en\/\",\"name\":\"Machineries BST\",\"description\":\"Machines neuves &amp; usag\\u00e9es\",\"potentialAction\":[{\"@type\":\"SearchAction\",\"target\":{\"@type\":\"EntryPoint\",\"urlTemplate\":\"https:\/\/machineriesbst.com\/en\/?s={search_term_string}\"},\"query-input\":\"required name=search_term_string\"}],\"inLanguage\":\"en-US\"},{\"@type\":\"ImageObject\",\"@id\":\"https:\/\/machineriesbst.com\/en\/catalogue\/sableuse-a-bande-large-viet-opera-53-pouces-2-tetes\/#primaryimage\",\"inLanguage\":\"en-US\",\"url\":\"https:\/\/machineriesbst.com\/wp-content\/uploads\/2021\/05\/2338.jpg\",\"contentUrl\":\"https:\/\/machineriesbst.com\/wp-content\/uploads\/2021\/05\/2338.jpg\",\"width\":495,\"height\":510},{\"@type\":\"WebPage\",\"@id\":\"https:\/\/machineriesbst.com\/en\/catalogue\/sableuse-a-bande-large-viet-opera-53-pouces-2-tetes\/#webpage\",\"url\":\"https:\/\/machineriesbst.com\/en\/catalogue\/sableuse-a-bande-large-viet-opera-53-pouces-2-tetes\/\",\"name\":\"Sableuse \\u00e0 bande large\\u00a0 VIET Opera 53 pouces 2 T\\u00caTES - Machineries BST\",\"isPartOf\":{\"@id\":\"https:\/\/machineriesbst.com\/en\/#website\"},\"primaryImageOfPage\":{\"@id\":\"https:\/\/machineriesbst.com\/en\/catalogue\/sableuse-a-bande-large-viet-opera-53-pouces-2-tetes\/#primaryimage\"},\"datePublished\":\"2021-06-08T13:58:04+00:00\",\"dateModified\":\"2023-12-01T01:22:49+00:00\",\"breadcrumb\":{\"@id\":\"https:\/\/machineriesbst.com\/en\/catalogue\/sableuse-a-bande-large-viet-opera-53-pouces-2-tetes\/#breadcrumb\"},\"inLanguage\":\"en-US\",\"potentialAction\":[{\"@type\":\"ReadAction\",\"target\":[\"https:\/\/machineriesbst.com\/en\/catalogue\/sableuse-a-bande-large-viet-opera-53-pouces-2-tetes\/\"]}]},{\"@type\":\"BreadcrumbList\",\"@id\":\"https:\/\/machineriesbst.com\/en\/catalogue\/sableuse-a-bande-large-viet-opera-53-pouces-2-tetes\/#breadcrumb\",\"itemListElement\":[{\"@type\":\"ListItem\",\"position\":1,\"name\":\"Accueil\",\"item\":\"https:\/\/machineriesbst.com\/en\/\"},{\"@type\":\"ListItem\",\"position\":2,\"name\":\"Catalogue\",\"item\":\"https:\/\/machineriesbst.com\/en\/catalog\/\"},{\"@type\":\"ListItem\",\"position\":3,\"name\":\"Sableuse \\u00e0 bande large\\u00a0 VIET Opera 53 pouces 2 T\\u00caTES\"}]}]}<\/script>\n<!-- \/ Yoast SEO plugin. -->","yoast_head_json":{"title":"Sableuse \u00e0 bande large\u00a0 VIET Opera 53 pouces 2 T\u00caTES - Machineries BST","robots":{"index":"index","follow":"follow","max-snippet":"max-snippet:-1","max-image-preview":"max-image-preview:large","max-video-preview":"max-video-preview:-1"},"canonical":"https:\/\/machineriesbst.com\/en\/catalogue\/sableuse-a-bande-large-viet-opera-53-pouces-2-tetes\/","og_locale":"en_US","og_type":"article","og_title":"Sableuse \u00e0 bande large\u00a0 VIET Opera 53 pouces 2 T\u00caTES - Machineries BST","og_description":"Sableuse \u00e0 bande large\u00a0 VIET OPER 2 T\u00caTES 53 \" La haute sp\u00e9cialisation de la s\u00e9rie Opera garantit un sablage et des r\u00e9sultats bien au-del\u00e0 des attentes. Cette configuration particuli\u00e8re permet un pon\u00e7age multifonctionnel avec un large \u00e9ventail d'applications telles que le pon\u00e7age de bois massif, les portes d'armoires, le pon\u00e7age de finition, le pon\u00e7age [&hellip;]","og_url":"https:\/\/machineriesbst.com\/en\/catalogue\/sableuse-a-bande-large-viet-opera-53-pouces-2-tetes\/","og_site_name":"Machineries BST","article_modified_time":"2023-12-01T01:22:49+00:00","og_image":[{"width":495,"height":510,"url":"https:\/\/machineriesbst.com\/wp-content\/uploads\/2021\/05\/2338.jpg","path":"\/home\/jepeto\/public_html\/wp-content\/uploads\/2021\/05\/2338.jpg","size":"full","id":54682,"alt":"","pixels":252450,"type":"image\/jpeg"}],"twitter_card":"summary_large_image","twitter_misc":{"Est. reading time":"1 minute"},"schema":{"@context":"https:\/\/schema.org","@graph":[{"@type":"WebSite","@id":"https:\/\/machineriesbst.com\/en\/#website","url":"https:\/\/machineriesbst.com\/en\/","name":"Machineries BST","description":"Machines neuves &amp; usag\u00e9es","potentialAction":[{"@type":"SearchAction","target":{"@type":"EntryPoint","urlTemplate":"https:\/\/machineriesbst.com\/en\/?s={search_term_string}"},"query-input":"required name=search_term_string"}],"inLanguage":"en-US"},{"@type":"ImageObject","@id":"https:\/\/machineriesbst.com\/en\/catalogue\/sableuse-a-bande-large-viet-opera-53-pouces-2-tetes\/#primaryimage","inLanguage":"en-US","url":"https:\/\/machineriesbst.com\/wp-content\/uploads\/2021\/05\/2338.jpg","contentUrl":"https:\/\/machineriesbst.com\/wp-content\/uploads\/2021\/05\/2338.jpg","width":495,"height":510},{"@type":"WebPage","@id":"https:\/\/machineriesbst.com\/en\/catalogue\/sableuse-a-bande-large-viet-opera-53-pouces-2-tetes\/#webpage","url":"https:\/\/machineriesbst.com\/en\/catalogue\/sableuse-a-bande-large-viet-opera-53-pouces-2-tetes\/","name":"Sableuse \u00e0 bande large\u00a0 VIET Opera 53 pouces 2 T\u00caTES - Machineries BST","isPartOf":{"@id":"https:\/\/machineriesbst.com\/en\/#website"},"primaryImageOfPage":{"@id":"https:\/\/machineriesbst.com\/en\/catalogue\/sableuse-a-bande-large-viet-opera-53-pouces-2-tetes\/#primaryimage"},"datePublished":"2021-06-08T13:58:04+00:00","dateModified":"2023-12-01T01:22:49+00:00","breadcrumb":{"@id":"https:\/\/machineriesbst.com\/en\/catalogue\/sableuse-a-bande-large-viet-opera-53-pouces-2-tetes\/#breadcrumb"},"inLanguage":"en-US","potentialAction":[{"@type":"ReadAction","target":["https:\/\/machineriesbst.com\/en\/catalogue\/sableuse-a-bande-large-viet-opera-53-pouces-2-tetes\/"]}]},{"@type":"BreadcrumbList","@id":"https:\/\/machineriesbst.com\/en\/catalogue\/sableuse-a-bande-large-viet-opera-53-pouces-2-tetes\/#breadcrumb","itemListElement":[{"@type":"ListItem","position":1,"name":"Accueil","item":"https:\/\/machineriesbst.com\/en\/"},{"@type":"ListItem","position":2,"name":"Catalogue","item":"https:\/\/machineriesbst.com\/en\/catalog\/"},{"@type":"ListItem","position":3,"name":"Sableuse \u00e0 bande large\u00a0 VIET Opera 53 pouces 2 T\u00caTES"}]}]}},"_links":{"self":[{"href":"https:\/\/machineriesbst.com\/en\/wp-json\/wp\/v2\/product\/58644"}],"collection":[{"href":"https:\/\/machineriesbst.com\/en\/wp-json\/wp\/v2\/product"}],"about":[{"href":"https:\/\/machineriesbst.com\/en\/wp-json\/wp\/v2\/types\/product"}],"author":[{"embeddable":true,"href":"https:\/\/machineriesbst.com\/en\/wp-json\/wp\/v2\/users\/3"}],"replies":[{"embeddable":true,"href":"https:\/\/machineriesbst.com\/en\/wp-json\/wp\/v2\/comments?post=58644"}],"wp:featuredmedia":[{"embeddable":true,"href":"https:\/\/machineriesbst.com\/en\/wp-json\/wp\/v2\/media\/54682"}],"wp:attachment":[{"href":"https:\/\/machineriesbst.com\/en\/wp-json\/wp\/v2\/media?parent=58644"}],"wp:term":[{"taxonomy":"product_cat","embeddable":true,"href":"https:\/\/machineriesbst.com\/en\/wp-json\/wp\/v2\/product_cat?post=58644"},{"taxonomy":"product_tag","embeddable":true,"href":"https:\/\/machineriesbst.com\/en\/wp-json\/wp\/v2\/product_tag?post=58644"}],"curies":[{"name":"wp","href":"https:\/\/api.w.org\/{rel}","templated":true}]}}