{"id":58643,"date":"2021-06-08T09:58:04","date_gmt":"2021-06-08T13:58:04","guid":{"rendered":"https:\/\/machineriesbst.com\/?post_type=product&#038;p=58643"},"modified":"2023-11-30T20:22:48","modified_gmt":"2023-12-01T01:22:48","slug":"sableuse-spinbrush-viet-opera-5-3-3-sll-53","status":"publish","type":"product","link":"https:\/\/machineriesbst.com\/en\/catalogue\/sableuse-spinbrush-viet-opera-5-3-3-sll-53\/","title":{"rendered":"SPINBRUSH VIET OPERA 5-3.3 SLL 53 &quot;Sandblaster"},"content":{"rendered":"<p>The Viet Opera 5 rotary brush sander is designed to deliver perfect quality for structuring, brushing and finishing applications for kitchen doors, windows, entry doors and specialty products.<\/p>\n<p>Features of the machine:<\/p>\n<p>Working width: 1350 mm (53.15 &quot;)<\/p>\n<p>Working height: 200 mm (7.87 &quot;)<\/p>\n<p>Electronic laser positioning for working thickness<\/p>\n<p>8.5 &quot;IPC Compact Color Touch Screen Controller<\/p>\n<p>1st. Unit: Spin Brush Unit (11 rotating brushes)<\/p>\n<p>Sliding system for easy installation.<\/p>\n<p>Electronic UPS (15 HP)<\/p>\n<p>2nd unit: 300mm roller brushes (hub for 36 bands)<\/p>\n<p>Oscillating system with electronic inverter (7.5 HP)<\/p>\n<p>Reverse-rotating sanding belt<\/p>\n<p>3rd unit: 300mm roller brushes (hub for 36 bands)<\/p>\n<p>Oscillating system with electronic inverter (7.5 HP)<\/p>\n<p>Reverse-rotating sanding belt<\/p>\n<p>Vacuum table with 5.5 HP motor, electronic system, IPC control<\/p>\n<p>50 Shore rubber conveyor<\/p>\n<p>Front and rear extension rollers<\/p>\n<p>The machine is powered on and can be viewed by appointment!<\/p>\n<p>&nbsp;<\/p>","protected":false},"excerpt":{"rendered":"<p>The Viet Opera 5 rotary brush sander is designed to deliver perfect quality for structuring, brushing and finishing applications for kitchen doors, windows, entry doors and specialty products. Machine characteristics: Working width: 1350 mm (53.15 &quot;) Working height: 200 mm [\u2026]<\/p>","protected":false},"author":3,"featured_media":54677,"comment_status":"open","ping_status":"closed","template":"","meta":[],"product_cat":[1731],"product_tag":[],"acf":[],"yoast_head":"<!-- This site is optimized with the Yoast SEO plugin v16.8 - https:\/\/yoast.com\/wordpress\/plugins\/seo\/ -->\n<title>Sableuse SPINBRUSH VIET OPERA 5-3.3 SLL 53 &quot; - Machineries BST<\/title>\n<meta name=\"robots\" content=\"index, follow, max-snippet:-1, max-image-preview:large, max-video-preview:-1\" \/>\n<link rel=\"canonical\" href=\"https:\/\/machineriesbst.com\/en\/catalogue\/sableuse-spinbrush-viet-opera-5-3-3-sll-53\/\" \/>\n<meta property=\"og:locale\" content=\"en_US\" \/>\n<meta property=\"og:type\" content=\"article\" \/>\n<meta property=\"og:title\" content=\"Sableuse SPINBRUSH VIET OPERA 5-3.3 SLL 53 &quot; - Machineries BST\" \/>\n<meta property=\"og:description\" content=\"La ponceuse \u00e0 brosse rotative Viet Opera 5 est con\u00e7ue pour offrir une qualit\u00e9 parfaite pour les applications de structuration, de brossage et de finition pour les portes de cuisine, les fen\u00eatres, les portes d&#039;entr\u00e9e et les produits sp\u00e9cialis\u00e9s. Caract\u00e9ristiques de la machine: Largeur de travail: 1350 mm (53,15 &quot;) Hauteur de travail: 200 mm [&hellip;]\" \/>\n<meta property=\"og:url\" content=\"https:\/\/machineriesbst.com\/en\/catalogue\/sableuse-spinbrush-viet-opera-5-3-3-sll-53\/\" \/>\n<meta property=\"og:site_name\" content=\"Machineries BST\" \/>\n<meta property=\"article:modified_time\" content=\"2023-12-01T01:22:48+00:00\" \/>\n<meta property=\"og:image\" content=\"https:\/\/machineriesbst.com\/wp-content\/uploads\/2021\/05\/2203.jpg\" \/>\n\t<meta property=\"og:image:width\" content=\"510\" \/>\n\t<meta property=\"og:image:height\" content=\"509\" \/>\n<meta name=\"twitter:card\" content=\"summary_large_image\" \/>\n<meta name=\"twitter:label1\" content=\"Est. reading time\" \/>\n\t<meta name=\"twitter:data1\" content=\"1 minute\" \/>\n<script type=\"application\/ld+json\" class=\"yoast-schema-graph\">{\"@context\":\"https:\/\/schema.org\",\"@graph\":[{\"@type\":\"WebSite\",\"@id\":\"https:\/\/machineriesbst.com\/en\/#website\",\"url\":\"https:\/\/machineriesbst.com\/en\/\",\"name\":\"Machineries BST\",\"description\":\"Machines neuves &amp; usag\\u00e9es\",\"potentialAction\":[{\"@type\":\"SearchAction\",\"target\":{\"@type\":\"EntryPoint\",\"urlTemplate\":\"https:\/\/machineriesbst.com\/en\/?s={search_term_string}\"},\"query-input\":\"required name=search_term_string\"}],\"inLanguage\":\"en-US\"},{\"@type\":\"ImageObject\",\"@id\":\"https:\/\/machineriesbst.com\/en\/catalogue\/sableuse-spinbrush-viet-opera-5-3-3-sll-53\/#primaryimage\",\"inLanguage\":\"en-US\",\"url\":\"https:\/\/machineriesbst.com\/wp-content\/uploads\/2021\/05\/2203.jpg\",\"contentUrl\":\"https:\/\/machineriesbst.com\/wp-content\/uploads\/2021\/05\/2203.jpg\",\"width\":510,\"height\":509},{\"@type\":\"WebPage\",\"@id\":\"https:\/\/machineriesbst.com\/en\/catalogue\/sableuse-spinbrush-viet-opera-5-3-3-sll-53\/#webpage\",\"url\":\"https:\/\/machineriesbst.com\/en\/catalogue\/sableuse-spinbrush-viet-opera-5-3-3-sll-53\/\",\"name\":\"Sableuse SPINBRUSH VIET OPERA 5-3.3 SLL 53 \\\" - Machineries BST\",\"isPartOf\":{\"@id\":\"https:\/\/machineriesbst.com\/en\/#website\"},\"primaryImageOfPage\":{\"@id\":\"https:\/\/machineriesbst.com\/en\/catalogue\/sableuse-spinbrush-viet-opera-5-3-3-sll-53\/#primaryimage\"},\"datePublished\":\"2021-06-08T13:58:04+00:00\",\"dateModified\":\"2023-12-01T01:22:48+00:00\",\"breadcrumb\":{\"@id\":\"https:\/\/machineriesbst.com\/en\/catalogue\/sableuse-spinbrush-viet-opera-5-3-3-sll-53\/#breadcrumb\"},\"inLanguage\":\"en-US\",\"potentialAction\":[{\"@type\":\"ReadAction\",\"target\":[\"https:\/\/machineriesbst.com\/en\/catalogue\/sableuse-spinbrush-viet-opera-5-3-3-sll-53\/\"]}]},{\"@type\":\"BreadcrumbList\",\"@id\":\"https:\/\/machineriesbst.com\/en\/catalogue\/sableuse-spinbrush-viet-opera-5-3-3-sll-53\/#breadcrumb\",\"itemListElement\":[{\"@type\":\"ListItem\",\"position\":1,\"name\":\"Accueil\",\"item\":\"https:\/\/machineriesbst.com\/en\/\"},{\"@type\":\"ListItem\",\"position\":2,\"name\":\"Catalogue\",\"item\":\"https:\/\/machineriesbst.com\/en\/catalog\/\"},{\"@type\":\"ListItem\",\"position\":3,\"name\":\"Sableuse SPINBRUSH VIET OPERA 5-3.3 SLL 53 \\\"\"}]}]}<\/script>\n<!-- \/ Yoast SEO plugin. -->","yoast_head_json":{"title":"Sableuse SPINBRUSH VIET OPERA 5-3.3 SLL 53 \" - Machineries BST","robots":{"index":"index","follow":"follow","max-snippet":"max-snippet:-1","max-image-preview":"max-image-preview:large","max-video-preview":"max-video-preview:-1"},"canonical":"https:\/\/machineriesbst.com\/en\/catalogue\/sableuse-spinbrush-viet-opera-5-3-3-sll-53\/","og_locale":"en_US","og_type":"article","og_title":"Sableuse SPINBRUSH VIET OPERA 5-3.3 SLL 53 \" - Machineries BST","og_description":"La ponceuse \u00e0 brosse rotative Viet Opera 5 est con\u00e7ue pour offrir une qualit\u00e9 parfaite pour les applications de structuration, de brossage et de finition pour les portes de cuisine, les fen\u00eatres, les portes d'entr\u00e9e et les produits sp\u00e9cialis\u00e9s. Caract\u00e9ristiques de la machine: Largeur de travail: 1350 mm (53,15 \") Hauteur de travail: 200 mm [&hellip;]","og_url":"https:\/\/machineriesbst.com\/en\/catalogue\/sableuse-spinbrush-viet-opera-5-3-3-sll-53\/","og_site_name":"Machineries BST","article_modified_time":"2023-12-01T01:22:48+00:00","og_image":[{"width":510,"height":509,"url":"https:\/\/machineriesbst.com\/wp-content\/uploads\/2021\/05\/2203.jpg","path":"\/home\/jepeto\/public_html\/wp-content\/uploads\/2021\/05\/2203.jpg","size":"full","id":54677,"alt":"","pixels":259590,"type":"image\/jpeg"}],"twitter_card":"summary_large_image","twitter_misc":{"Est. reading time":"1 minute"},"schema":{"@context":"https:\/\/schema.org","@graph":[{"@type":"WebSite","@id":"https:\/\/machineriesbst.com\/en\/#website","url":"https:\/\/machineriesbst.com\/en\/","name":"Machineries BST","description":"Machines neuves &amp; usag\u00e9es","potentialAction":[{"@type":"SearchAction","target":{"@type":"EntryPoint","urlTemplate":"https:\/\/machineriesbst.com\/en\/?s={search_term_string}"},"query-input":"required name=search_term_string"}],"inLanguage":"en-US"},{"@type":"ImageObject","@id":"https:\/\/machineriesbst.com\/en\/catalogue\/sableuse-spinbrush-viet-opera-5-3-3-sll-53\/#primaryimage","inLanguage":"en-US","url":"https:\/\/machineriesbst.com\/wp-content\/uploads\/2021\/05\/2203.jpg","contentUrl":"https:\/\/machineriesbst.com\/wp-content\/uploads\/2021\/05\/2203.jpg","width":510,"height":509},{"@type":"WebPage","@id":"https:\/\/machineriesbst.com\/en\/catalogue\/sableuse-spinbrush-viet-opera-5-3-3-sll-53\/#webpage","url":"https:\/\/machineriesbst.com\/en\/catalogue\/sableuse-spinbrush-viet-opera-5-3-3-sll-53\/","name":"Sableuse SPINBRUSH VIET OPERA 5-3.3 SLL 53 \" - Machineries BST","isPartOf":{"@id":"https:\/\/machineriesbst.com\/en\/#website"},"primaryImageOfPage":{"@id":"https:\/\/machineriesbst.com\/en\/catalogue\/sableuse-spinbrush-viet-opera-5-3-3-sll-53\/#primaryimage"},"datePublished":"2021-06-08T13:58:04+00:00","dateModified":"2023-12-01T01:22:48+00:00","breadcrumb":{"@id":"https:\/\/machineriesbst.com\/en\/catalogue\/sableuse-spinbrush-viet-opera-5-3-3-sll-53\/#breadcrumb"},"inLanguage":"en-US","potentialAction":[{"@type":"ReadAction","target":["https:\/\/machineriesbst.com\/en\/catalogue\/sableuse-spinbrush-viet-opera-5-3-3-sll-53\/"]}]},{"@type":"BreadcrumbList","@id":"https:\/\/machineriesbst.com\/en\/catalogue\/sableuse-spinbrush-viet-opera-5-3-3-sll-53\/#breadcrumb","itemListElement":[{"@type":"ListItem","position":1,"name":"Accueil","item":"https:\/\/machineriesbst.com\/en\/"},{"@type":"ListItem","position":2,"name":"Catalogue","item":"https:\/\/machineriesbst.com\/en\/catalog\/"},{"@type":"ListItem","position":3,"name":"Sableuse SPINBRUSH VIET OPERA 5-3.3 SLL 53 \""}]}]}},"_links":{"self":[{"href":"https:\/\/machineriesbst.com\/en\/wp-json\/wp\/v2\/product\/58643"}],"collection":[{"href":"https:\/\/machineriesbst.com\/en\/wp-json\/wp\/v2\/product"}],"about":[{"href":"https:\/\/machineriesbst.com\/en\/wp-json\/wp\/v2\/types\/product"}],"author":[{"embeddable":true,"href":"https:\/\/machineriesbst.com\/en\/wp-json\/wp\/v2\/users\/3"}],"replies":[{"embeddable":true,"href":"https:\/\/machineriesbst.com\/en\/wp-json\/wp\/v2\/comments?post=58643"}],"wp:featuredmedia":[{"embeddable":true,"href":"https:\/\/machineriesbst.com\/en\/wp-json\/wp\/v2\/media\/54677"}],"wp:attachment":[{"href":"https:\/\/machineriesbst.com\/en\/wp-json\/wp\/v2\/media?parent=58643"}],"wp:term":[{"taxonomy":"product_cat","embeddable":true,"href":"https:\/\/machineriesbst.com\/en\/wp-json\/wp\/v2\/product_cat?post=58643"},{"taxonomy":"product_tag","embeddable":true,"href":"https:\/\/machineriesbst.com\/en\/wp-json\/wp\/v2\/product_tag?post=58643"}],"curies":[{"name":"wp","href":"https:\/\/api.w.org\/{rel}","templated":true}]}}