{"id":58642,"date":"2021-06-08T09:58:04","date_gmt":"2021-06-08T13:58:04","guid":{"rendered":"https:\/\/machineriesbst.com\/?post_type=product&#038;p=58642"},"modified":"2023-11-30T20:22:48","modified_gmt":"2023-12-01T01:22:48","slug":"biesse-akron-440-h1-edgebander","status":"publish","type":"product","link":"https:\/\/machineriesbst.com\/en\/catalogue\/biesse-akron-440-h1-edgebander\/","title":{"rendered":"BIESSE AKRON 440 H1 EDGEBANDER"},"content":{"rendered":"<p>Machine equipped as follows:<\/p>\n<p>10 &quot;color touch screen controller. Motorized pressure beam. Non-stick spray system. CNC controlled feed fence. Pre-milling unit. Infrared heating lamp. Pre-melting unit. VC glue system- 511R. &quot;RPT&quot; pressure system with servo control. Automatic Srtip feeding magazine. Front and rear trim with tilt. Top and bottom fine cutting units with servo control. Pro-Nest function. Corner rounding unit with multiple functions<br \/>\nUpper and lower profile scraping unit with servo drive Pre-nest function Upper and lower edge scraping unit Upper and lower polishing units<br \/>\nUpper and lower hot air blower. Dust extraction ports.<\/p>\n<p><strong>Characteristics:<\/strong><br \/>\nMin. Panel thickness: .............. 10 mm<br \/>\nMax. Panel thickness: ............. 60 mm<br \/>\nHeight of edgebanding material: 14-64mm<br \/>\nMin. Strip thickness: .......... 0.4 mm<br \/>\nMax. Strip thickness (rolls): ..... 3 mm<\/p>\n<p>Maximum band (bands) ....... 10 to (12) mm depending on the profiles<br \/>\nMin. Panel length: ............... 140 mm<br \/>\nMin. Panel width: .................. 50 mm<br \/>\nFeed speeds: ......................... 12 + 18m.\/min<br \/>\nElectricity: (multi-transformer)<\/p>\n<p>Ready for immediate sale Excellent price !!<\/p>","protected":false},"excerpt":{"rendered":"<p>Machine equipped as follows: 10 &quot;color touch screen controller. Motorized pressure beam. Non-stick spray system. CNC controlled feed fence. Pre-milling unit. Infrared heating lamp. Pre-melting unit. VC-511R glue system. &quot;RPT&quot; pressure system with servo control. Automatic Srtip feed magazine. Front and rear trim with inclination. Cutting units [\u2026]<\/p>","protected":false},"author":3,"featured_media":54670,"comment_status":"open","ping_status":"closed","template":"","meta":[],"product_cat":[363],"product_tag":[],"acf":[],"yoast_head":"<!-- This site is optimized with the Yoast SEO plugin v16.8 - https:\/\/yoast.com\/wordpress\/plugins\/seo\/ -->\n<title>BIESSE AKRON 440 H1 EDGEBANDER - Machineries BST<\/title>\n<meta name=\"robots\" content=\"index, follow, max-snippet:-1, max-image-preview:large, max-video-preview:-1\" \/>\n<link rel=\"canonical\" href=\"https:\/\/machineriesbst.com\/en\/catalogue\/biesse-akron-440-h1-edgebander\/\" \/>\n<meta property=\"og:locale\" content=\"en_US\" \/>\n<meta property=\"og:type\" content=\"article\" \/>\n<meta property=\"og:title\" content=\"BIESSE AKRON 440 H1 EDGEBANDER - Machineries BST\" \/>\n<meta property=\"og:description\" content=\"Machine \u00e9quip\u00e9e comme suit: Contr\u00f4leur d&#039;\u00e9cran tactile couleur 10 &quot; .Poutre de pression motoris\u00e9e .Syst\u00e8me de pulv\u00e9risation anti-adh\u00e9sif .Cl\u00f4ture d&#039;alimentation contr\u00f4l\u00e9e par CNC .Unit\u00e9 de pr\u00e9-fraisage .Lampe chauffante infrarouge .Unit\u00e9 de pr\u00e9-fusion .Syst\u00e8me de colle VC-511R .Syst\u00e8me de pression &quot;RPT&quot; avec servocommande .Magazine d&#039;alimentation Srtip automatique .Garniture avant et arri\u00e8re avec inclinaison .Unit\u00e9s de coupe [&hellip;]\" \/>\n<meta property=\"og:url\" content=\"https:\/\/machineriesbst.com\/en\/catalogue\/biesse-akron-440-h1-edgebander\/\" \/>\n<meta property=\"og:site_name\" content=\"Machineries BST\" \/>\n<meta property=\"article:modified_time\" content=\"2023-12-01T01:22:48+00:00\" \/>\n<meta property=\"og:image\" content=\"https:\/\/machineriesbst.com\/wp-content\/uploads\/2021\/05\/2362.jpg\" \/>\n\t<meta property=\"og:image:width\" content=\"510\" \/>\n\t<meta property=\"og:image:height\" content=\"383\" \/>\n<meta name=\"twitter:card\" content=\"summary_large_image\" \/>\n<meta name=\"twitter:label1\" content=\"Est. reading time\" \/>\n\t<meta name=\"twitter:data1\" content=\"1 minute\" \/>\n<script type=\"application\/ld+json\" class=\"yoast-schema-graph\">{\"@context\":\"https:\/\/schema.org\",\"@graph\":[{\"@type\":\"WebSite\",\"@id\":\"https:\/\/machineriesbst.com\/en\/#website\",\"url\":\"https:\/\/machineriesbst.com\/en\/\",\"name\":\"Machineries BST\",\"description\":\"Machines neuves &amp; usag\\u00e9es\",\"potentialAction\":[{\"@type\":\"SearchAction\",\"target\":{\"@type\":\"EntryPoint\",\"urlTemplate\":\"https:\/\/machineriesbst.com\/en\/?s={search_term_string}\"},\"query-input\":\"required name=search_term_string\"}],\"inLanguage\":\"en-US\"},{\"@type\":\"ImageObject\",\"@id\":\"https:\/\/machineriesbst.com\/en\/catalogue\/biesse-akron-440-h1-edgebander\/#primaryimage\",\"inLanguage\":\"en-US\",\"url\":\"https:\/\/machineriesbst.com\/wp-content\/uploads\/2021\/05\/2362.jpg\",\"contentUrl\":\"https:\/\/machineriesbst.com\/wp-content\/uploads\/2021\/05\/2362.jpg\",\"width\":510,\"height\":383},{\"@type\":\"WebPage\",\"@id\":\"https:\/\/machineriesbst.com\/en\/catalogue\/biesse-akron-440-h1-edgebander\/#webpage\",\"url\":\"https:\/\/machineriesbst.com\/en\/catalogue\/biesse-akron-440-h1-edgebander\/\",\"name\":\"BIESSE AKRON 440 H1 EDGEBANDER - Machineries BST\",\"isPartOf\":{\"@id\":\"https:\/\/machineriesbst.com\/en\/#website\"},\"primaryImageOfPage\":{\"@id\":\"https:\/\/machineriesbst.com\/en\/catalogue\/biesse-akron-440-h1-edgebander\/#primaryimage\"},\"datePublished\":\"2021-06-08T13:58:04+00:00\",\"dateModified\":\"2023-12-01T01:22:48+00:00\",\"breadcrumb\":{\"@id\":\"https:\/\/machineriesbst.com\/en\/catalogue\/biesse-akron-440-h1-edgebander\/#breadcrumb\"},\"inLanguage\":\"en-US\",\"potentialAction\":[{\"@type\":\"ReadAction\",\"target\":[\"https:\/\/machineriesbst.com\/en\/catalogue\/biesse-akron-440-h1-edgebander\/\"]}]},{\"@type\":\"BreadcrumbList\",\"@id\":\"https:\/\/machineriesbst.com\/en\/catalogue\/biesse-akron-440-h1-edgebander\/#breadcrumb\",\"itemListElement\":[{\"@type\":\"ListItem\",\"position\":1,\"name\":\"Accueil\",\"item\":\"https:\/\/machineriesbst.com\/en\/\"},{\"@type\":\"ListItem\",\"position\":2,\"name\":\"Catalogue\",\"item\":\"https:\/\/machineriesbst.com\/en\/catalog\/\"},{\"@type\":\"ListItem\",\"position\":3,\"name\":\"BIESSE AKRON 440 H1 EDGEBANDER\"}]}]}<\/script>\n<!-- \/ Yoast SEO plugin. -->","yoast_head_json":{"title":"BIESSE AKRON 440 H1 EDGEBANDER - Machineries BST","robots":{"index":"index","follow":"follow","max-snippet":"max-snippet:-1","max-image-preview":"max-image-preview:large","max-video-preview":"max-video-preview:-1"},"canonical":"https:\/\/machineriesbst.com\/en\/catalogue\/biesse-akron-440-h1-edgebander\/","og_locale":"en_US","og_type":"article","og_title":"BIESSE AKRON 440 H1 EDGEBANDER - Machineries BST","og_description":"Machine \u00e9quip\u00e9e comme suit: Contr\u00f4leur d'\u00e9cran tactile couleur 10 \" .Poutre de pression motoris\u00e9e .Syst\u00e8me de pulv\u00e9risation anti-adh\u00e9sif .Cl\u00f4ture d'alimentation contr\u00f4l\u00e9e par CNC .Unit\u00e9 de pr\u00e9-fraisage .Lampe chauffante infrarouge .Unit\u00e9 de pr\u00e9-fusion .Syst\u00e8me de colle VC-511R .Syst\u00e8me de pression \"RPT\" avec servocommande .Magazine d'alimentation Srtip automatique .Garniture avant et arri\u00e8re avec inclinaison .Unit\u00e9s de coupe [&hellip;]","og_url":"https:\/\/machineriesbst.com\/en\/catalogue\/biesse-akron-440-h1-edgebander\/","og_site_name":"Machineries BST","article_modified_time":"2023-12-01T01:22:48+00:00","og_image":[{"width":510,"height":383,"url":"https:\/\/machineriesbst.com\/wp-content\/uploads\/2021\/05\/2362.jpg","path":"\/home\/jepeto\/public_html\/wp-content\/uploads\/2021\/05\/2362.jpg","size":"full","id":54670,"alt":"","pixels":195330,"type":"image\/jpeg"}],"twitter_card":"summary_large_image","twitter_misc":{"Est. reading time":"1 minute"},"schema":{"@context":"https:\/\/schema.org","@graph":[{"@type":"WebSite","@id":"https:\/\/machineriesbst.com\/en\/#website","url":"https:\/\/machineriesbst.com\/en\/","name":"Machineries BST","description":"Machines neuves &amp; usag\u00e9es","potentialAction":[{"@type":"SearchAction","target":{"@type":"EntryPoint","urlTemplate":"https:\/\/machineriesbst.com\/en\/?s={search_term_string}"},"query-input":"required name=search_term_string"}],"inLanguage":"en-US"},{"@type":"ImageObject","@id":"https:\/\/machineriesbst.com\/en\/catalogue\/biesse-akron-440-h1-edgebander\/#primaryimage","inLanguage":"en-US","url":"https:\/\/machineriesbst.com\/wp-content\/uploads\/2021\/05\/2362.jpg","contentUrl":"https:\/\/machineriesbst.com\/wp-content\/uploads\/2021\/05\/2362.jpg","width":510,"height":383},{"@type":"WebPage","@id":"https:\/\/machineriesbst.com\/en\/catalogue\/biesse-akron-440-h1-edgebander\/#webpage","url":"https:\/\/machineriesbst.com\/en\/catalogue\/biesse-akron-440-h1-edgebander\/","name":"BIESSE AKRON 440 H1 EDGEBANDER - Machineries BST","isPartOf":{"@id":"https:\/\/machineriesbst.com\/en\/#website"},"primaryImageOfPage":{"@id":"https:\/\/machineriesbst.com\/en\/catalogue\/biesse-akron-440-h1-edgebander\/#primaryimage"},"datePublished":"2021-06-08T13:58:04+00:00","dateModified":"2023-12-01T01:22:48+00:00","breadcrumb":{"@id":"https:\/\/machineriesbst.com\/en\/catalogue\/biesse-akron-440-h1-edgebander\/#breadcrumb"},"inLanguage":"en-US","potentialAction":[{"@type":"ReadAction","target":["https:\/\/machineriesbst.com\/en\/catalogue\/biesse-akron-440-h1-edgebander\/"]}]},{"@type":"BreadcrumbList","@id":"https:\/\/machineriesbst.com\/en\/catalogue\/biesse-akron-440-h1-edgebander\/#breadcrumb","itemListElement":[{"@type":"ListItem","position":1,"name":"Accueil","item":"https:\/\/machineriesbst.com\/en\/"},{"@type":"ListItem","position":2,"name":"Catalogue","item":"https:\/\/machineriesbst.com\/en\/catalog\/"},{"@type":"ListItem","position":3,"name":"BIESSE AKRON 440 H1 EDGEBANDER"}]}]}},"_links":{"self":[{"href":"https:\/\/machineriesbst.com\/en\/wp-json\/wp\/v2\/product\/58642"}],"collection":[{"href":"https:\/\/machineriesbst.com\/en\/wp-json\/wp\/v2\/product"}],"about":[{"href":"https:\/\/machineriesbst.com\/en\/wp-json\/wp\/v2\/types\/product"}],"author":[{"embeddable":true,"href":"https:\/\/machineriesbst.com\/en\/wp-json\/wp\/v2\/users\/3"}],"replies":[{"embeddable":true,"href":"https:\/\/machineriesbst.com\/en\/wp-json\/wp\/v2\/comments?post=58642"}],"wp:featuredmedia":[{"embeddable":true,"href":"https:\/\/machineriesbst.com\/en\/wp-json\/wp\/v2\/media\/54670"}],"wp:attachment":[{"href":"https:\/\/machineriesbst.com\/en\/wp-json\/wp\/v2\/media?parent=58642"}],"wp:term":[{"taxonomy":"product_cat","embeddable":true,"href":"https:\/\/machineriesbst.com\/en\/wp-json\/wp\/v2\/product_cat?post=58642"},{"taxonomy":"product_tag","embeddable":true,"href":"https:\/\/machineriesbst.com\/en\/wp-json\/wp\/v2\/product_tag?post=58642"}],"curies":[{"name":"wp","href":"https:\/\/api.w.org\/{rel}","templated":true}]}}