{"id":58641,"date":"2021-06-08T09:58:03","date_gmt":"2021-06-08T13:58:03","guid":{"rendered":"https:\/\/machineriesbst.com\/?post_type=product&#038;p=58641"},"modified":"2023-11-30T20:22:49","modified_gmt":"2023-12-01T01:22:49","slug":"cefla-four-uv-2000","status":"publish","type":"product","link":"https:\/\/machineriesbst.com\/en\/catalogue\/cefla-four-uv-2000\/","title":{"rendered":"Cefla Furnace UV 2000"},"content":{"rendered":"<p>The Cefla baking oven provides direct emission of UV Radiation, which are used in UV curing<\/p>\n<p>Inclined UV oven with lower UV lamp<\/p>\n<p>Cefla Model UV 2000 M \/ 1INF &amp; UV M \/ 2IC &amp; TTE 4850 SCR<\/p>\n<p>Min. Width: 100 mm (4 &quot;)<\/p>\n<p>Maximum width: 1300 mm (51 &quot;)<\/p>\n<p>Min. Length: 300 mm (12 &quot;)<\/p>\n<p>Max. Length: N \/ A<\/p>\n<p>Min. Thickness: 5 mm (.20 &quot;)<\/p>\n<p>Max. Thickness: 70 mm (2 3\/4 &quot;)<\/p>\n<p>Working speed: 3-10 m \/ min (9.8 - 32.8 ft \/ min)<\/p>\n<p>Features of the machine:<\/p>\n<p>2 upper direct focus UV lamps mounted at an angle<\/p>\n<p>1 lower direct focus UV lamp<\/p>\n<p>Integrated emergency stop system<\/p>\n<p>UV lamp power continuously variable from 80 to 120 w \/ cm<\/p>\n<p>Tilted UV lamps<\/p>\n<p>Air extraction (as shown in the photos)<\/p>\n<p>User and electrical manuals included.<\/p>\n<p>Voltage: 480 V, three-phase 60 Hz<\/p>","protected":false},"excerpt":{"rendered":"<p>Cefla baking oven provides direct emission of UV Radiation, which are used in UV curing Inclined UV oven with bottom UV lamp Cefla Model UV 2000 M \/ 1INF &amp; UV M \/ 2IC &amp; TTE 4850 SCR Min. Width: 100 mm (4 &quot;) Maximum width: 1300 mm (51&quot;) [\u2026]<\/p>","protected":false},"author":3,"featured_media":54669,"comment_status":"open","ping_status":"closed","template":"","meta":[],"product_cat":[3060,1731],"product_tag":[],"acf":[],"yoast_head":"<!-- This site is optimized with the Yoast SEO plugin v16.8 - https:\/\/yoast.com\/wordpress\/plugins\/seo\/ -->\n<title>Cefla Four UV 2000 - Machineries BST<\/title>\n<meta name=\"robots\" content=\"index, follow, max-snippet:-1, max-image-preview:large, max-video-preview:-1\" \/>\n<link rel=\"canonical\" href=\"https:\/\/machineriesbst.com\/en\/catalogue\/cefla-four-uv-2000\/\" \/>\n<meta property=\"og:locale\" content=\"en_US\" \/>\n<meta property=\"og:type\" content=\"article\" \/>\n<meta property=\"og:title\" content=\"Cefla Four UV 2000 - Machineries BST\" \/>\n<meta property=\"og:description\" content=\"Le four de cuisson Cefla fournit une \u00e9mission directe de U.V. Radiation, qui sont utilis\u00e9es dans le durcissement des U.V. Four UV inclin\u00e9 avec lampe UV inf\u00e9rieure Cefla Model UV 2000 M \/ 1INF &amp; UV M \/ 2IC &amp; TTE 4850 SCR Min. Largeur: 100 mm (4 &quot;) Largeur maximale: 1300 mm (51 &quot;) [&hellip;]\" \/>\n<meta property=\"og:url\" content=\"https:\/\/machineriesbst.com\/en\/catalogue\/cefla-four-uv-2000\/\" \/>\n<meta property=\"og:site_name\" content=\"Machineries BST\" \/>\n<meta property=\"article:modified_time\" content=\"2023-12-01T01:22:49+00:00\" \/>\n<meta property=\"og:image\" content=\"https:\/\/machineriesbst.com\/wp-content\/uploads\/2021\/05\/1508.jpg\" \/>\n\t<meta property=\"og:image:width\" content=\"510\" \/>\n\t<meta property=\"og:image:height\" content=\"383\" \/>\n<meta name=\"twitter:card\" content=\"summary_large_image\" \/>\n<meta name=\"twitter:label1\" content=\"Est. reading time\" \/>\n\t<meta name=\"twitter:data1\" content=\"1 minute\" \/>\n<script type=\"application\/ld+json\" class=\"yoast-schema-graph\">{\"@context\":\"https:\/\/schema.org\",\"@graph\":[{\"@type\":\"WebSite\",\"@id\":\"https:\/\/machineriesbst.com\/en\/#website\",\"url\":\"https:\/\/machineriesbst.com\/en\/\",\"name\":\"Machineries BST\",\"description\":\"Machines neuves &amp; usag\\u00e9es\",\"potentialAction\":[{\"@type\":\"SearchAction\",\"target\":{\"@type\":\"EntryPoint\",\"urlTemplate\":\"https:\/\/machineriesbst.com\/en\/?s={search_term_string}\"},\"query-input\":\"required name=search_term_string\"}],\"inLanguage\":\"en-US\"},{\"@type\":\"ImageObject\",\"@id\":\"https:\/\/machineriesbst.com\/en\/catalogue\/cefla-four-uv-2000\/#primaryimage\",\"inLanguage\":\"en-US\",\"url\":\"https:\/\/machineriesbst.com\/wp-content\/uploads\/2021\/05\/1508.jpg\",\"contentUrl\":\"https:\/\/machineriesbst.com\/wp-content\/uploads\/2021\/05\/1508.jpg\",\"width\":510,\"height\":383},{\"@type\":\"WebPage\",\"@id\":\"https:\/\/machineriesbst.com\/en\/catalogue\/cefla-four-uv-2000\/#webpage\",\"url\":\"https:\/\/machineriesbst.com\/en\/catalogue\/cefla-four-uv-2000\/\",\"name\":\"Cefla Four UV 2000 - Machineries BST\",\"isPartOf\":{\"@id\":\"https:\/\/machineriesbst.com\/en\/#website\"},\"primaryImageOfPage\":{\"@id\":\"https:\/\/machineriesbst.com\/en\/catalogue\/cefla-four-uv-2000\/#primaryimage\"},\"datePublished\":\"2021-06-08T13:58:03+00:00\",\"dateModified\":\"2023-12-01T01:22:49+00:00\",\"breadcrumb\":{\"@id\":\"https:\/\/machineriesbst.com\/en\/catalogue\/cefla-four-uv-2000\/#breadcrumb\"},\"inLanguage\":\"en-US\",\"potentialAction\":[{\"@type\":\"ReadAction\",\"target\":[\"https:\/\/machineriesbst.com\/en\/catalogue\/cefla-four-uv-2000\/\"]}]},{\"@type\":\"BreadcrumbList\",\"@id\":\"https:\/\/machineriesbst.com\/en\/catalogue\/cefla-four-uv-2000\/#breadcrumb\",\"itemListElement\":[{\"@type\":\"ListItem\",\"position\":1,\"name\":\"Accueil\",\"item\":\"https:\/\/machineriesbst.com\/en\/\"},{\"@type\":\"ListItem\",\"position\":2,\"name\":\"Catalogue\",\"item\":\"https:\/\/machineriesbst.com\/en\/catalog\/\"},{\"@type\":\"ListItem\",\"position\":3,\"name\":\"Cefla Four UV 2000\"}]}]}<\/script>\n<!-- \/ Yoast SEO plugin. -->","yoast_head_json":{"title":"Cefla Four UV 2000 - Machineries BST","robots":{"index":"index","follow":"follow","max-snippet":"max-snippet:-1","max-image-preview":"max-image-preview:large","max-video-preview":"max-video-preview:-1"},"canonical":"https:\/\/machineriesbst.com\/en\/catalogue\/cefla-four-uv-2000\/","og_locale":"en_US","og_type":"article","og_title":"Cefla Four UV 2000 - Machineries BST","og_description":"Le four de cuisson Cefla fournit une \u00e9mission directe de U.V. Radiation, qui sont utilis\u00e9es dans le durcissement des U.V. Four UV inclin\u00e9 avec lampe UV inf\u00e9rieure Cefla Model UV 2000 M \/ 1INF &amp; UV M \/ 2IC &amp; TTE 4850 SCR Min. Largeur: 100 mm (4 \") Largeur maximale: 1300 mm (51 \") [&hellip;]","og_url":"https:\/\/machineriesbst.com\/en\/catalogue\/cefla-four-uv-2000\/","og_site_name":"Machineries BST","article_modified_time":"2023-12-01T01:22:49+00:00","og_image":[{"width":510,"height":383,"url":"https:\/\/machineriesbst.com\/wp-content\/uploads\/2021\/05\/1508.jpg","path":"\/home\/jepeto\/public_html\/wp-content\/uploads\/2021\/05\/1508.jpg","size":"full","id":54669,"alt":"","pixels":195330,"type":"image\/jpeg"}],"twitter_card":"summary_large_image","twitter_misc":{"Est. reading time":"1 minute"},"schema":{"@context":"https:\/\/schema.org","@graph":[{"@type":"WebSite","@id":"https:\/\/machineriesbst.com\/en\/#website","url":"https:\/\/machineriesbst.com\/en\/","name":"Machineries BST","description":"Machines neuves &amp; usag\u00e9es","potentialAction":[{"@type":"SearchAction","target":{"@type":"EntryPoint","urlTemplate":"https:\/\/machineriesbst.com\/en\/?s={search_term_string}"},"query-input":"required name=search_term_string"}],"inLanguage":"en-US"},{"@type":"ImageObject","@id":"https:\/\/machineriesbst.com\/en\/catalogue\/cefla-four-uv-2000\/#primaryimage","inLanguage":"en-US","url":"https:\/\/machineriesbst.com\/wp-content\/uploads\/2021\/05\/1508.jpg","contentUrl":"https:\/\/machineriesbst.com\/wp-content\/uploads\/2021\/05\/1508.jpg","width":510,"height":383},{"@type":"WebPage","@id":"https:\/\/machineriesbst.com\/en\/catalogue\/cefla-four-uv-2000\/#webpage","url":"https:\/\/machineriesbst.com\/en\/catalogue\/cefla-four-uv-2000\/","name":"Cefla Four UV 2000 - Machineries BST","isPartOf":{"@id":"https:\/\/machineriesbst.com\/en\/#website"},"primaryImageOfPage":{"@id":"https:\/\/machineriesbst.com\/en\/catalogue\/cefla-four-uv-2000\/#primaryimage"},"datePublished":"2021-06-08T13:58:03+00:00","dateModified":"2023-12-01T01:22:49+00:00","breadcrumb":{"@id":"https:\/\/machineriesbst.com\/en\/catalogue\/cefla-four-uv-2000\/#breadcrumb"},"inLanguage":"en-US","potentialAction":[{"@type":"ReadAction","target":["https:\/\/machineriesbst.com\/en\/catalogue\/cefla-four-uv-2000\/"]}]},{"@type":"BreadcrumbList","@id":"https:\/\/machineriesbst.com\/en\/catalogue\/cefla-four-uv-2000\/#breadcrumb","itemListElement":[{"@type":"ListItem","position":1,"name":"Accueil","item":"https:\/\/machineriesbst.com\/en\/"},{"@type":"ListItem","position":2,"name":"Catalogue","item":"https:\/\/machineriesbst.com\/en\/catalog\/"},{"@type":"ListItem","position":3,"name":"Cefla Four UV 2000"}]}]}},"_links":{"self":[{"href":"https:\/\/machineriesbst.com\/en\/wp-json\/wp\/v2\/product\/58641"}],"collection":[{"href":"https:\/\/machineriesbst.com\/en\/wp-json\/wp\/v2\/product"}],"about":[{"href":"https:\/\/machineriesbst.com\/en\/wp-json\/wp\/v2\/types\/product"}],"author":[{"embeddable":true,"href":"https:\/\/machineriesbst.com\/en\/wp-json\/wp\/v2\/users\/3"}],"replies":[{"embeddable":true,"href":"https:\/\/machineriesbst.com\/en\/wp-json\/wp\/v2\/comments?post=58641"}],"wp:featuredmedia":[{"embeddable":true,"href":"https:\/\/machineriesbst.com\/en\/wp-json\/wp\/v2\/media\/54669"}],"wp:attachment":[{"href":"https:\/\/machineriesbst.com\/en\/wp-json\/wp\/v2\/media?parent=58641"}],"wp:term":[{"taxonomy":"product_cat","embeddable":true,"href":"https:\/\/machineriesbst.com\/en\/wp-json\/wp\/v2\/product_cat?post=58641"},{"taxonomy":"product_tag","embeddable":true,"href":"https:\/\/machineriesbst.com\/en\/wp-json\/wp\/v2\/product_tag?post=58641"}],"curies":[{"name":"wp","href":"https:\/\/api.w.org\/{rel}","templated":true}]}}