{"id":58636,"date":"2021-06-08T09:57:42","date_gmt":"2021-06-08T13:57:42","guid":{"rendered":"https:\/\/machineriesbst.com\/?post_type=product&#038;p=58636"},"modified":"2023-11-30T20:22:49","modified_gmt":"2023-12-01T01:22:49","slug":"mouluriere-sept7-tetes-tete-universelle-mx-7s23u","status":"publish","type":"product","link":"https:\/\/machineriesbst.com\/en\/catalogue\/mouluriere-sept7-tetes-tete-universelle-mx-7s23u\/","title":{"rendered":"Seven (7) Head Moulder - Universal Head - MX-7S23U"},"content":{"rendered":"<p><strong>Engines: <\/strong>Bottom horizontal: 10 hp \/ Right vertical: 10 hp \/ Left vertical: 15 hp \/ Top horizontal: 15 hp \/ Top horizontal: 15 hp \/ Bottom horizontal: 15 hp \/ Universal head: 10 hp \/ Drive: 10 hp. digital training 18\/118 \/ pmp. . Leveling width 10 \/ 230mm. Leveling thickness 7 \/ 160mm. 40mm chuck. Chromed table. Roller for short piece. Drive roller for input and output table. Digital readout for upper heads. Universal head with electric lifting system with frequency variator.<\/p>","protected":false},"excerpt":{"rendered":"<p>Motors: Bottom horizontal: 10 hp \/ Right vertical: 10 hp \/ Left vertical: 15 hp \/ Top horizontal: 15 hp \/ Top horizontal: 15 hp \/ Bottom horizontal: 15 hp \/ Universal head: 10 hp \/ Drive: 10 hp. training 18\/118 \/ pmp digital. . [\u2026]<\/p>","protected":false},"author":3,"featured_media":54633,"comment_status":"open","ping_status":"closed","template":"","meta":[],"product_cat":[125],"product_tag":[],"acf":[],"yoast_head":"<!-- This site is optimized with the Yoast SEO plugin v16.8 - https:\/\/yoast.com\/wordpress\/plugins\/seo\/ -->\n<title>Mouluri\u00e8re sept(7) t\u00eates - T\u00eate universelle -\u00a0MX-7S23U - Machineries BST<\/title>\n<meta name=\"robots\" content=\"index, follow, max-snippet:-1, max-image-preview:large, max-video-preview:-1\" \/>\n<link rel=\"canonical\" href=\"https:\/\/machineriesbst.com\/en\/catalogue\/mouluriere-sept7-tetes-tete-universelle-mx-7s23u\/\" \/>\n<meta property=\"og:locale\" content=\"en_US\" \/>\n<meta property=\"og:type\" content=\"article\" \/>\n<meta property=\"og:title\" content=\"Mouluri\u00e8re sept(7) t\u00eates - T\u00eate universelle -\u00a0MX-7S23U - Machineries BST\" \/>\n<meta property=\"og:description\" content=\"Moteurs : Bas horizontal : 10 hp \/ Droit vertical : 10 hp \/ \u00a0Gauche vertical : 15 hp \/ Haut horizontal : 15 hp \/ \u00a0Haut horizontal : 15 hp \/\u00a0 Bas horizontal : 15 hp \/ T\u00eate universelle : 10 CV \/Entra\u00eenement : 10 hp .Vitesse d&#039;entrainement 18\/118 \/ pmp num\u00e9rique . . [&hellip;]\" \/>\n<meta property=\"og:url\" content=\"https:\/\/machineriesbst.com\/en\/catalogue\/mouluriere-sept7-tetes-tete-universelle-mx-7s23u\/\" \/>\n<meta property=\"og:site_name\" content=\"Machineries BST\" \/>\n<meta property=\"article:modified_time\" content=\"2023-12-01T01:22:49+00:00\" \/>\n<meta property=\"og:image\" content=\"https:\/\/machineriesbst.com\/wp-content\/uploads\/2021\/05\/Mouluriere-scaled-1.jpg\" \/>\n\t<meta property=\"og:image:width\" content=\"2560\" \/>\n\t<meta property=\"og:image:height\" content=\"1537\" \/>\n<meta name=\"twitter:card\" content=\"summary_large_image\" \/>\n<script type=\"application\/ld+json\" class=\"yoast-schema-graph\">{\"@context\":\"https:\/\/schema.org\",\"@graph\":[{\"@type\":\"WebSite\",\"@id\":\"https:\/\/machineriesbst.com\/en\/#website\",\"url\":\"https:\/\/machineriesbst.com\/en\/\",\"name\":\"Machineries BST\",\"description\":\"Machines neuves &amp; usag\\u00e9es\",\"potentialAction\":[{\"@type\":\"SearchAction\",\"target\":{\"@type\":\"EntryPoint\",\"urlTemplate\":\"https:\/\/machineriesbst.com\/en\/?s={search_term_string}\"},\"query-input\":\"required name=search_term_string\"}],\"inLanguage\":\"en-US\"},{\"@type\":\"ImageObject\",\"@id\":\"https:\/\/machineriesbst.com\/en\/catalogue\/mouluriere-sept7-tetes-tete-universelle-mx-7s23u\/#primaryimage\",\"inLanguage\":\"en-US\",\"url\":\"https:\/\/machineriesbst.com\/wp-content\/uploads\/2021\/05\/Mouluriere-scaled-1.jpg\",\"contentUrl\":\"https:\/\/machineriesbst.com\/wp-content\/uploads\/2021\/05\/Mouluriere-scaled-1.jpg\",\"width\":2560,\"height\":1537},{\"@type\":\"WebPage\",\"@id\":\"https:\/\/machineriesbst.com\/en\/catalogue\/mouluriere-sept7-tetes-tete-universelle-mx-7s23u\/#webpage\",\"url\":\"https:\/\/machineriesbst.com\/en\/catalogue\/mouluriere-sept7-tetes-tete-universelle-mx-7s23u\/\",\"name\":\"Mouluri\\u00e8re sept(7) t\\u00eates - T\\u00eate universelle -\\u00a0MX-7S23U - Machineries BST\",\"isPartOf\":{\"@id\":\"https:\/\/machineriesbst.com\/en\/#website\"},\"primaryImageOfPage\":{\"@id\":\"https:\/\/machineriesbst.com\/en\/catalogue\/mouluriere-sept7-tetes-tete-universelle-mx-7s23u\/#primaryimage\"},\"datePublished\":\"2021-06-08T13:57:42+00:00\",\"dateModified\":\"2023-12-01T01:22:49+00:00\",\"breadcrumb\":{\"@id\":\"https:\/\/machineriesbst.com\/en\/catalogue\/mouluriere-sept7-tetes-tete-universelle-mx-7s23u\/#breadcrumb\"},\"inLanguage\":\"en-US\",\"potentialAction\":[{\"@type\":\"ReadAction\",\"target\":[\"https:\/\/machineriesbst.com\/en\/catalogue\/mouluriere-sept7-tetes-tete-universelle-mx-7s23u\/\"]}]},{\"@type\":\"BreadcrumbList\",\"@id\":\"https:\/\/machineriesbst.com\/en\/catalogue\/mouluriere-sept7-tetes-tete-universelle-mx-7s23u\/#breadcrumb\",\"itemListElement\":[{\"@type\":\"ListItem\",\"position\":1,\"name\":\"Accueil\",\"item\":\"https:\/\/machineriesbst.com\/en\/\"},{\"@type\":\"ListItem\",\"position\":2,\"name\":\"Catalogue\",\"item\":\"https:\/\/machineriesbst.com\/en\/catalog\/\"},{\"@type\":\"ListItem\",\"position\":3,\"name\":\"Mouluri\\u00e8re sept(7) t\\u00eates - T\\u00eate universelle -\\u00a0MX-7S23U\"}]}]}<\/script>\n<!-- \/ Yoast SEO plugin. -->","yoast_head_json":{"title":"Mouluri\u00e8re sept(7) t\u00eates - T\u00eate universelle -\u00a0MX-7S23U - Machineries BST","robots":{"index":"index","follow":"follow","max-snippet":"max-snippet:-1","max-image-preview":"max-image-preview:large","max-video-preview":"max-video-preview:-1"},"canonical":"https:\/\/machineriesbst.com\/en\/catalogue\/mouluriere-sept7-tetes-tete-universelle-mx-7s23u\/","og_locale":"en_US","og_type":"article","og_title":"Mouluri\u00e8re sept(7) t\u00eates - T\u00eate universelle -\u00a0MX-7S23U - Machineries BST","og_description":"Moteurs : Bas horizontal : 10 hp \/ Droit vertical : 10 hp \/ \u00a0Gauche vertical : 15 hp \/ Haut horizontal : 15 hp \/ \u00a0Haut horizontal : 15 hp \/\u00a0 Bas horizontal : 15 hp \/ T\u00eate universelle : 10 CV \/Entra\u00eenement : 10 hp .Vitesse d'entrainement 18\/118 \/ pmp num\u00e9rique . . [&hellip;]","og_url":"https:\/\/machineriesbst.com\/en\/catalogue\/mouluriere-sept7-tetes-tete-universelle-mx-7s23u\/","og_site_name":"Machineries BST","article_modified_time":"2023-12-01T01:22:49+00:00","og_image":[{"width":2560,"height":1537,"url":"https:\/\/machineriesbst.com\/wp-content\/uploads\/2021\/05\/Mouluriere-scaled-1.jpg","path":"\/home\/jepeto\/public_html\/wp-content\/uploads\/2021\/05\/Mouluriere-scaled-1.jpg","size":"full","id":54633,"alt":"","pixels":3934720,"type":"image\/jpeg"}],"twitter_card":"summary_large_image","schema":{"@context":"https:\/\/schema.org","@graph":[{"@type":"WebSite","@id":"https:\/\/machineriesbst.com\/en\/#website","url":"https:\/\/machineriesbst.com\/en\/","name":"Machineries BST","description":"Machines neuves &amp; usag\u00e9es","potentialAction":[{"@type":"SearchAction","target":{"@type":"EntryPoint","urlTemplate":"https:\/\/machineriesbst.com\/en\/?s={search_term_string}"},"query-input":"required name=search_term_string"}],"inLanguage":"en-US"},{"@type":"ImageObject","@id":"https:\/\/machineriesbst.com\/en\/catalogue\/mouluriere-sept7-tetes-tete-universelle-mx-7s23u\/#primaryimage","inLanguage":"en-US","url":"https:\/\/machineriesbst.com\/wp-content\/uploads\/2021\/05\/Mouluriere-scaled-1.jpg","contentUrl":"https:\/\/machineriesbst.com\/wp-content\/uploads\/2021\/05\/Mouluriere-scaled-1.jpg","width":2560,"height":1537},{"@type":"WebPage","@id":"https:\/\/machineriesbst.com\/en\/catalogue\/mouluriere-sept7-tetes-tete-universelle-mx-7s23u\/#webpage","url":"https:\/\/machineriesbst.com\/en\/catalogue\/mouluriere-sept7-tetes-tete-universelle-mx-7s23u\/","name":"Mouluri\u00e8re sept(7) t\u00eates - T\u00eate universelle -\u00a0MX-7S23U - Machineries BST","isPartOf":{"@id":"https:\/\/machineriesbst.com\/en\/#website"},"primaryImageOfPage":{"@id":"https:\/\/machineriesbst.com\/en\/catalogue\/mouluriere-sept7-tetes-tete-universelle-mx-7s23u\/#primaryimage"},"datePublished":"2021-06-08T13:57:42+00:00","dateModified":"2023-12-01T01:22:49+00:00","breadcrumb":{"@id":"https:\/\/machineriesbst.com\/en\/catalogue\/mouluriere-sept7-tetes-tete-universelle-mx-7s23u\/#breadcrumb"},"inLanguage":"en-US","potentialAction":[{"@type":"ReadAction","target":["https:\/\/machineriesbst.com\/en\/catalogue\/mouluriere-sept7-tetes-tete-universelle-mx-7s23u\/"]}]},{"@type":"BreadcrumbList","@id":"https:\/\/machineriesbst.com\/en\/catalogue\/mouluriere-sept7-tetes-tete-universelle-mx-7s23u\/#breadcrumb","itemListElement":[{"@type":"ListItem","position":1,"name":"Accueil","item":"https:\/\/machineriesbst.com\/en\/"},{"@type":"ListItem","position":2,"name":"Catalogue","item":"https:\/\/machineriesbst.com\/en\/catalog\/"},{"@type":"ListItem","position":3,"name":"Mouluri\u00e8re sept(7) t\u00eates - T\u00eate universelle -\u00a0MX-7S23U"}]}]}},"_links":{"self":[{"href":"https:\/\/machineriesbst.com\/en\/wp-json\/wp\/v2\/product\/58636"}],"collection":[{"href":"https:\/\/machineriesbst.com\/en\/wp-json\/wp\/v2\/product"}],"about":[{"href":"https:\/\/machineriesbst.com\/en\/wp-json\/wp\/v2\/types\/product"}],"author":[{"embeddable":true,"href":"https:\/\/machineriesbst.com\/en\/wp-json\/wp\/v2\/users\/3"}],"replies":[{"embeddable":true,"href":"https:\/\/machineriesbst.com\/en\/wp-json\/wp\/v2\/comments?post=58636"}],"wp:featuredmedia":[{"embeddable":true,"href":"https:\/\/machineriesbst.com\/en\/wp-json\/wp\/v2\/media\/54633"}],"wp:attachment":[{"href":"https:\/\/machineriesbst.com\/en\/wp-json\/wp\/v2\/media?parent=58636"}],"wp:term":[{"taxonomy":"product_cat","embeddable":true,"href":"https:\/\/machineriesbst.com\/en\/wp-json\/wp\/v2\/product_cat?post=58636"},{"taxonomy":"product_tag","embeddable":true,"href":"https:\/\/machineriesbst.com\/en\/wp-json\/wp\/v2\/product_tag?post=58636"}],"curies":[{"name":"wp","href":"https:\/\/api.w.org\/{rel}","templated":true}]}}