{"id":58633,"date":"2021-06-08T09:57:41","date_gmt":"2021-06-08T13:57:41","guid":{"rendered":"https:\/\/machineriesbst.com\/?post_type=product&#038;p=58633"},"modified":"2023-11-30T20:22:49","modified_gmt":"2023-12-01T01:22:49","slug":"sableuse-a-bande-large-kundig-52","status":"publish","type":"product","link":"https:\/\/machineriesbst.com\/en\/catalogue\/sableuse-a-bande-large-kundig-52\/","title":{"rendered":"Kundig 52 &quot;Wide Belt Sandblaster"},"content":{"rendered":"<p>2 Stations of 52 &quot;. Roller. Roller \/ Segmented pad. Excellent sanding machine for veneer and solid wood.<\/p>\n<p>1 head configuration: Rubber roller with a 25hp motor.<\/p>\n<p>2 head configuration: Roller combined with segmented pad with electronic sensor. 20 HP motor.<\/p>\n<p>53 &quot;x 75&quot; sandpaper. 2HP motor for 9-45pmp variable speed drive.<\/p>\n<p>1\/8 &quot;- 6-1 \/ 4&quot; sandblasting capacity with digital adjustment.<\/p>","protected":false},"excerpt":{"rendered":"<p>2 Stations of 52&quot;. Roller . Roller\/Segmented pad. Excellent sandblaster for veneer and solid wood. 1 head configuration: Rubber roller with a 25hp motor. 2 head configuration: Combined roller with segmented pad with electronic sensor. 20 motor HP.53&quot; x 75&quot; sandpaper.2HP motor for speed drive [\u2026]<\/p>","protected":false},"author":3,"featured_media":54616,"comment_status":"open","ping_status":"closed","template":"","meta":[],"product_cat":[1731,3055],"product_tag":[],"acf":[],"yoast_head":"<!-- This site is optimized with the Yoast SEO plugin v16.8 - https:\/\/yoast.com\/wordpress\/plugins\/seo\/ -->\n<title>Sableuse \u00e0 bande large Kundig 52 &quot; - Machineries BST<\/title>\n<meta name=\"robots\" content=\"index, follow, max-snippet:-1, max-image-preview:large, max-video-preview:-1\" \/>\n<link rel=\"canonical\" href=\"https:\/\/machineriesbst.com\/en\/catalogue\/sableuse-a-bande-large-kundig-52\/\" \/>\n<meta property=\"og:locale\" content=\"en_US\" \/>\n<meta property=\"og:type\" content=\"article\" \/>\n<meta property=\"og:title\" content=\"Sableuse \u00e0 bande large Kundig 52 &quot; - Machineries BST\" \/>\n<meta property=\"og:description\" content=\"2 Stations de 52&quot;. Rouleau . Rouleau\/Patin segment\u00e9 .Excellente sableuse pour plaquage et bois massif. Configuration 1 t\u00eate : Rouleau de caoutchou avec un moteur de 25hp. Configuration 2 t\u00eate : Rouleau combin\u00e9 avec patin segment\u00e9 avec senser \u00e9lectronique.Moteur de 20 HP. Papier sabl\u00e9 de 53&quot; x 75&quot; .Moteur de 2HP pour l&#039;entrainement \u00e0 vitesse [&hellip;]\" \/>\n<meta property=\"og:url\" content=\"https:\/\/machineriesbst.com\/en\/catalogue\/sableuse-a-bande-large-kundig-52\/\" \/>\n<meta property=\"og:site_name\" content=\"Machineries BST\" \/>\n<meta property=\"article:modified_time\" content=\"2023-12-01T01:22:49+00:00\" \/>\n<meta property=\"og:image\" content=\"https:\/\/machineriesbst.com\/wp-content\/uploads\/2021\/05\/IMG-4490.jpg\" \/>\n\t<meta property=\"og:image:width\" content=\"570\" \/>\n\t<meta property=\"og:image:height\" content=\"579\" \/>\n<meta name=\"twitter:card\" content=\"summary_large_image\" \/>\n<script type=\"application\/ld+json\" class=\"yoast-schema-graph\">{\"@context\":\"https:\/\/schema.org\",\"@graph\":[{\"@type\":\"WebSite\",\"@id\":\"https:\/\/machineriesbst.com\/en\/#website\",\"url\":\"https:\/\/machineriesbst.com\/en\/\",\"name\":\"Machineries BST\",\"description\":\"Machines neuves &amp; usag\\u00e9es\",\"potentialAction\":[{\"@type\":\"SearchAction\",\"target\":{\"@type\":\"EntryPoint\",\"urlTemplate\":\"https:\/\/machineriesbst.com\/en\/?s={search_term_string}\"},\"query-input\":\"required name=search_term_string\"}],\"inLanguage\":\"en-US\"},{\"@type\":\"ImageObject\",\"@id\":\"https:\/\/machineriesbst.com\/en\/catalogue\/sableuse-a-bande-large-kundig-52\/#primaryimage\",\"inLanguage\":\"en-US\",\"url\":\"https:\/\/machineriesbst.com\/wp-content\/uploads\/2021\/05\/IMG-4490.jpg\",\"contentUrl\":\"https:\/\/machineriesbst.com\/wp-content\/uploads\/2021\/05\/IMG-4490.jpg\",\"width\":570,\"height\":579},{\"@type\":\"WebPage\",\"@id\":\"https:\/\/machineriesbst.com\/en\/catalogue\/sableuse-a-bande-large-kundig-52\/#webpage\",\"url\":\"https:\/\/machineriesbst.com\/en\/catalogue\/sableuse-a-bande-large-kundig-52\/\",\"name\":\"Sableuse \\u00e0 bande large Kundig 52 \\\" - Machineries BST\",\"isPartOf\":{\"@id\":\"https:\/\/machineriesbst.com\/en\/#website\"},\"primaryImageOfPage\":{\"@id\":\"https:\/\/machineriesbst.com\/en\/catalogue\/sableuse-a-bande-large-kundig-52\/#primaryimage\"},\"datePublished\":\"2021-06-08T13:57:41+00:00\",\"dateModified\":\"2023-12-01T01:22:49+00:00\",\"breadcrumb\":{\"@id\":\"https:\/\/machineriesbst.com\/en\/catalogue\/sableuse-a-bande-large-kundig-52\/#breadcrumb\"},\"inLanguage\":\"en-US\",\"potentialAction\":[{\"@type\":\"ReadAction\",\"target\":[\"https:\/\/machineriesbst.com\/en\/catalogue\/sableuse-a-bande-large-kundig-52\/\"]}]},{\"@type\":\"BreadcrumbList\",\"@id\":\"https:\/\/machineriesbst.com\/en\/catalogue\/sableuse-a-bande-large-kundig-52\/#breadcrumb\",\"itemListElement\":[{\"@type\":\"ListItem\",\"position\":1,\"name\":\"Accueil\",\"item\":\"https:\/\/machineriesbst.com\/en\/\"},{\"@type\":\"ListItem\",\"position\":2,\"name\":\"Catalogue\",\"item\":\"https:\/\/machineriesbst.com\/en\/catalog\/\"},{\"@type\":\"ListItem\",\"position\":3,\"name\":\"Sableuse \\u00e0 bande large Kundig 52 \\\"\"}]}]}<\/script>\n<!-- \/ Yoast SEO plugin. -->","yoast_head_json":{"title":"Sableuse \u00e0 bande large Kundig 52 \" - Machineries BST","robots":{"index":"index","follow":"follow","max-snippet":"max-snippet:-1","max-image-preview":"max-image-preview:large","max-video-preview":"max-video-preview:-1"},"canonical":"https:\/\/machineriesbst.com\/en\/catalogue\/sableuse-a-bande-large-kundig-52\/","og_locale":"en_US","og_type":"article","og_title":"Sableuse \u00e0 bande large Kundig 52 \" - Machineries BST","og_description":"2 Stations de 52\". Rouleau . Rouleau\/Patin segment\u00e9 .Excellente sableuse pour plaquage et bois massif. Configuration 1 t\u00eate : Rouleau de caoutchou avec un moteur de 25hp. Configuration 2 t\u00eate : Rouleau combin\u00e9 avec patin segment\u00e9 avec senser \u00e9lectronique.Moteur de 20 HP. Papier sabl\u00e9 de 53\" x 75\" .Moteur de 2HP pour l'entrainement \u00e0 vitesse [&hellip;]","og_url":"https:\/\/machineriesbst.com\/en\/catalogue\/sableuse-a-bande-large-kundig-52\/","og_site_name":"Machineries BST","article_modified_time":"2023-12-01T01:22:49+00:00","og_image":[{"width":570,"height":579,"url":"https:\/\/machineriesbst.com\/wp-content\/uploads\/2021\/05\/IMG-4490.jpg","path":"\/home\/jepeto\/public_html\/wp-content\/uploads\/2021\/05\/IMG-4490.jpg","size":"full","id":54616,"alt":"","pixels":330030,"type":"image\/jpeg"}],"twitter_card":"summary_large_image","schema":{"@context":"https:\/\/schema.org","@graph":[{"@type":"WebSite","@id":"https:\/\/machineriesbst.com\/en\/#website","url":"https:\/\/machineriesbst.com\/en\/","name":"Machineries BST","description":"Machines neuves &amp; usag\u00e9es","potentialAction":[{"@type":"SearchAction","target":{"@type":"EntryPoint","urlTemplate":"https:\/\/machineriesbst.com\/en\/?s={search_term_string}"},"query-input":"required name=search_term_string"}],"inLanguage":"en-US"},{"@type":"ImageObject","@id":"https:\/\/machineriesbst.com\/en\/catalogue\/sableuse-a-bande-large-kundig-52\/#primaryimage","inLanguage":"en-US","url":"https:\/\/machineriesbst.com\/wp-content\/uploads\/2021\/05\/IMG-4490.jpg","contentUrl":"https:\/\/machineriesbst.com\/wp-content\/uploads\/2021\/05\/IMG-4490.jpg","width":570,"height":579},{"@type":"WebPage","@id":"https:\/\/machineriesbst.com\/en\/catalogue\/sableuse-a-bande-large-kundig-52\/#webpage","url":"https:\/\/machineriesbst.com\/en\/catalogue\/sableuse-a-bande-large-kundig-52\/","name":"Sableuse \u00e0 bande large Kundig 52 \" - Machineries BST","isPartOf":{"@id":"https:\/\/machineriesbst.com\/en\/#website"},"primaryImageOfPage":{"@id":"https:\/\/machineriesbst.com\/en\/catalogue\/sableuse-a-bande-large-kundig-52\/#primaryimage"},"datePublished":"2021-06-08T13:57:41+00:00","dateModified":"2023-12-01T01:22:49+00:00","breadcrumb":{"@id":"https:\/\/machineriesbst.com\/en\/catalogue\/sableuse-a-bande-large-kundig-52\/#breadcrumb"},"inLanguage":"en-US","potentialAction":[{"@type":"ReadAction","target":["https:\/\/machineriesbst.com\/en\/catalogue\/sableuse-a-bande-large-kundig-52\/"]}]},{"@type":"BreadcrumbList","@id":"https:\/\/machineriesbst.com\/en\/catalogue\/sableuse-a-bande-large-kundig-52\/#breadcrumb","itemListElement":[{"@type":"ListItem","position":1,"name":"Accueil","item":"https:\/\/machineriesbst.com\/en\/"},{"@type":"ListItem","position":2,"name":"Catalogue","item":"https:\/\/machineriesbst.com\/en\/catalog\/"},{"@type":"ListItem","position":3,"name":"Sableuse \u00e0 bande large Kundig 52 \""}]}]}},"_links":{"self":[{"href":"https:\/\/machineriesbst.com\/en\/wp-json\/wp\/v2\/product\/58633"}],"collection":[{"href":"https:\/\/machineriesbst.com\/en\/wp-json\/wp\/v2\/product"}],"about":[{"href":"https:\/\/machineriesbst.com\/en\/wp-json\/wp\/v2\/types\/product"}],"author":[{"embeddable":true,"href":"https:\/\/machineriesbst.com\/en\/wp-json\/wp\/v2\/users\/3"}],"replies":[{"embeddable":true,"href":"https:\/\/machineriesbst.com\/en\/wp-json\/wp\/v2\/comments?post=58633"}],"wp:featuredmedia":[{"embeddable":true,"href":"https:\/\/machineriesbst.com\/en\/wp-json\/wp\/v2\/media\/54616"}],"wp:attachment":[{"href":"https:\/\/machineriesbst.com\/en\/wp-json\/wp\/v2\/media?parent=58633"}],"wp:term":[{"taxonomy":"product_cat","embeddable":true,"href":"https:\/\/machineriesbst.com\/en\/wp-json\/wp\/v2\/product_cat?post=58633"},{"taxonomy":"product_tag","embeddable":true,"href":"https:\/\/machineriesbst.com\/en\/wp-json\/wp\/v2\/product_tag?post=58633"}],"curies":[{"name":"wp","href":"https:\/\/api.w.org\/{rel}","templated":true}]}}