{"id":58631,"date":"2021-06-08T09:57:40","date_gmt":"2021-06-08T13:57:40","guid":{"rendered":"https:\/\/machineriesbst.com\/?post_type=product&#038;p=58631"},"modified":"2023-11-30T20:22:49","modified_gmt":"2023-12-01T01:22:49","slug":"deligneuse-multiple-holytek-frs-12-30","status":"publish","type":"product","link":"https:\/\/machineriesbst.com\/en\/catalogue\/deligneuse-multiple-holytek-frs-12-30\/","title":{"rendered":"Holytek Multiple Edger - FRS-12-30"},"content":{"rendered":"<p><span id=\"MainContent_myProducts_lblName_2\">Multiple edger -\u00a0<\/span><span id=\"MainContent_myProducts_Label3_2\">FRS-12-30<\/span><br \/>\nMain motor: 30 CV<\/p>\n<div class=\"label_desc\">\n<p>Saw shaft diameter: 50 mm<\/p>\n<p>Sleeve diameter: 70 mm<\/p>\n<p>Blade diameter: 200 ~ 300mm<\/p>\n<p>Saw shaft speed: 3800 RPM<\/p>\n<p>2 HP Motor Drive<\/p>\n<p>Variable speed: 7.5 ~ 30m \/ min<\/p>\n<p>Maximum cutting width: 300 mm<\/p>\n<p>Maximum cutting thickness: 85 mm<\/p>\n<p>Minimum working length: 200 mm<\/p>\n<p>Table dimensions: 1530 mm x 760<a class=\"lbl_desc\" href=\"http:\/\/www.holytekcanada.com\/usages\/-1\/voir-toute-la-machinerie-usagee.html#\">...<\/a><\/p>\n<\/div>","protected":false},"excerpt":{"rendered":"<p>Multiple Edger - FRS-12-30 Main Motor: 30 HP Saw Shaft Diameter: 50mm Sleeve Diameter: 70mm Blade Diameter: 200 ~ 300mm Saw Shaft Speed: 3800 RPM Drive 2 HP motor Variable speed: 7.5 ~ 30 m \/ min Maximum cutting width: 300 mm Maximum thickness of [\u2026]<\/p>","protected":false},"author":3,"featured_media":54599,"comment_status":"open","ping_status":"closed","template":"","meta":[],"product_cat":[3076,214],"product_tag":[],"acf":[],"yoast_head":"<!-- This site is optimized with the Yoast SEO plugin v16.8 - https:\/\/yoast.com\/wordpress\/plugins\/seo\/ -->\n<title>D\u00e9ligneuse multiple Holytek -\u00a0FRS-12-30 - Machineries BST<\/title>\n<meta name=\"robots\" content=\"index, follow, max-snippet:-1, max-image-preview:large, max-video-preview:-1\" \/>\n<link rel=\"canonical\" href=\"https:\/\/machineriesbst.com\/en\/catalogue\/deligneuse-multiple-holytek-frs-12-30\/\" \/>\n<meta property=\"og:locale\" content=\"en_US\" \/>\n<meta property=\"og:type\" content=\"article\" \/>\n<meta property=\"og:title\" content=\"D\u00e9ligneuse multiple Holytek -\u00a0FRS-12-30 - Machineries BST\" \/>\n<meta property=\"og:description\" content=\"D\u00e9ligneuse multiple -\u00a0FRS-12-30 Moteur principal: 30 CV Diam\u00e8tre de l&#039;arbre de la scie: 50 mm Diam\u00e8tre du manchon: 70 mm Diam\u00e8tre de la lame: 200 ~ 300 mm Vitesse de l&#039;arbre de la scie: 3800 RPM Entra\u00eenement Moteur 2 CV Vitesse variable: 7,5 ~ 30 m\/min Largeur maximale de coupe: 300 mm \u00c9paisseur maximale de [&hellip;]\" \/>\n<meta property=\"og:url\" content=\"https:\/\/machineriesbst.com\/en\/catalogue\/deligneuse-multiple-holytek-frs-12-30\/\" \/>\n<meta property=\"og:site_name\" content=\"Machineries BST\" \/>\n<meta property=\"article:modified_time\" content=\"2023-12-01T01:22:49+00:00\" \/>\n<meta property=\"og:image\" content=\"https:\/\/machineriesbst.com\/wp-content\/uploads\/2021\/05\/300_img-8362.jpg\" \/>\n\t<meta property=\"og:image:width\" content=\"300\" \/>\n\t<meta property=\"og:image:height\" content=\"240\" \/>\n<meta name=\"twitter:card\" content=\"summary_large_image\" \/>\n<script type=\"application\/ld+json\" class=\"yoast-schema-graph\">{\"@context\":\"https:\/\/schema.org\",\"@graph\":[{\"@type\":\"WebSite\",\"@id\":\"https:\/\/machineriesbst.com\/en\/#website\",\"url\":\"https:\/\/machineriesbst.com\/en\/\",\"name\":\"Machineries BST\",\"description\":\"Machines neuves &amp; usag\\u00e9es\",\"potentialAction\":[{\"@type\":\"SearchAction\",\"target\":{\"@type\":\"EntryPoint\",\"urlTemplate\":\"https:\/\/machineriesbst.com\/en\/?s={search_term_string}\"},\"query-input\":\"required name=search_term_string\"}],\"inLanguage\":\"en-US\"},{\"@type\":\"ImageObject\",\"@id\":\"https:\/\/machineriesbst.com\/en\/catalogue\/deligneuse-multiple-holytek-frs-12-30\/#primaryimage\",\"inLanguage\":\"en-US\",\"url\":\"https:\/\/machineriesbst.com\/wp-content\/uploads\/2021\/05\/300_img-8362.jpg\",\"contentUrl\":\"https:\/\/machineriesbst.com\/wp-content\/uploads\/2021\/05\/300_img-8362.jpg\",\"width\":300,\"height\":240},{\"@type\":\"WebPage\",\"@id\":\"https:\/\/machineriesbst.com\/en\/catalogue\/deligneuse-multiple-holytek-frs-12-30\/#webpage\",\"url\":\"https:\/\/machineriesbst.com\/en\/catalogue\/deligneuse-multiple-holytek-frs-12-30\/\",\"name\":\"D\\u00e9ligneuse multiple Holytek -\\u00a0FRS-12-30 - Machineries BST\",\"isPartOf\":{\"@id\":\"https:\/\/machineriesbst.com\/en\/#website\"},\"primaryImageOfPage\":{\"@id\":\"https:\/\/machineriesbst.com\/en\/catalogue\/deligneuse-multiple-holytek-frs-12-30\/#primaryimage\"},\"datePublished\":\"2021-06-08T13:57:40+00:00\",\"dateModified\":\"2023-12-01T01:22:49+00:00\",\"breadcrumb\":{\"@id\":\"https:\/\/machineriesbst.com\/en\/catalogue\/deligneuse-multiple-holytek-frs-12-30\/#breadcrumb\"},\"inLanguage\":\"en-US\",\"potentialAction\":[{\"@type\":\"ReadAction\",\"target\":[\"https:\/\/machineriesbst.com\/en\/catalogue\/deligneuse-multiple-holytek-frs-12-30\/\"]}]},{\"@type\":\"BreadcrumbList\",\"@id\":\"https:\/\/machineriesbst.com\/en\/catalogue\/deligneuse-multiple-holytek-frs-12-30\/#breadcrumb\",\"itemListElement\":[{\"@type\":\"ListItem\",\"position\":1,\"name\":\"Accueil\",\"item\":\"https:\/\/machineriesbst.com\/en\/\"},{\"@type\":\"ListItem\",\"position\":2,\"name\":\"Catalogue\",\"item\":\"https:\/\/machineriesbst.com\/en\/catalog\/\"},{\"@type\":\"ListItem\",\"position\":3,\"name\":\"D\\u00e9ligneuse multiple Holytek -\\u00a0FRS-12-30\"}]}]}<\/script>\n<!-- \/ Yoast SEO plugin. -->","yoast_head_json":{"title":"D\u00e9ligneuse multiple Holytek -\u00a0FRS-12-30 - Machineries BST","robots":{"index":"index","follow":"follow","max-snippet":"max-snippet:-1","max-image-preview":"max-image-preview:large","max-video-preview":"max-video-preview:-1"},"canonical":"https:\/\/machineriesbst.com\/en\/catalogue\/deligneuse-multiple-holytek-frs-12-30\/","og_locale":"en_US","og_type":"article","og_title":"D\u00e9ligneuse multiple Holytek -\u00a0FRS-12-30 - Machineries BST","og_description":"D\u00e9ligneuse multiple -\u00a0FRS-12-30 Moteur principal: 30 CV Diam\u00e8tre de l'arbre de la scie: 50 mm Diam\u00e8tre du manchon: 70 mm Diam\u00e8tre de la lame: 200 ~ 300 mm Vitesse de l'arbre de la scie: 3800 RPM Entra\u00eenement Moteur 2 CV Vitesse variable: 7,5 ~ 30 m\/min Largeur maximale de coupe: 300 mm \u00c9paisseur maximale de [&hellip;]","og_url":"https:\/\/machineriesbst.com\/en\/catalogue\/deligneuse-multiple-holytek-frs-12-30\/","og_site_name":"Machineries BST","article_modified_time":"2023-12-01T01:22:49+00:00","og_image":[{"width":300,"height":240,"url":"https:\/\/machineriesbst.com\/wp-content\/uploads\/2021\/05\/300_img-8362.jpg","path":"\/home\/jepeto\/public_html\/wp-content\/uploads\/2021\/05\/300_img-8362.jpg","size":"full","id":54599,"alt":"","pixels":72000,"type":"image\/jpeg"}],"twitter_card":"summary_large_image","schema":{"@context":"https:\/\/schema.org","@graph":[{"@type":"WebSite","@id":"https:\/\/machineriesbst.com\/en\/#website","url":"https:\/\/machineriesbst.com\/en\/","name":"Machineries BST","description":"Machines neuves &amp; usag\u00e9es","potentialAction":[{"@type":"SearchAction","target":{"@type":"EntryPoint","urlTemplate":"https:\/\/machineriesbst.com\/en\/?s={search_term_string}"},"query-input":"required name=search_term_string"}],"inLanguage":"en-US"},{"@type":"ImageObject","@id":"https:\/\/machineriesbst.com\/en\/catalogue\/deligneuse-multiple-holytek-frs-12-30\/#primaryimage","inLanguage":"en-US","url":"https:\/\/machineriesbst.com\/wp-content\/uploads\/2021\/05\/300_img-8362.jpg","contentUrl":"https:\/\/machineriesbst.com\/wp-content\/uploads\/2021\/05\/300_img-8362.jpg","width":300,"height":240},{"@type":"WebPage","@id":"https:\/\/machineriesbst.com\/en\/catalogue\/deligneuse-multiple-holytek-frs-12-30\/#webpage","url":"https:\/\/machineriesbst.com\/en\/catalogue\/deligneuse-multiple-holytek-frs-12-30\/","name":"D\u00e9ligneuse multiple Holytek -\u00a0FRS-12-30 - Machineries BST","isPartOf":{"@id":"https:\/\/machineriesbst.com\/en\/#website"},"primaryImageOfPage":{"@id":"https:\/\/machineriesbst.com\/en\/catalogue\/deligneuse-multiple-holytek-frs-12-30\/#primaryimage"},"datePublished":"2021-06-08T13:57:40+00:00","dateModified":"2023-12-01T01:22:49+00:00","breadcrumb":{"@id":"https:\/\/machineriesbst.com\/en\/catalogue\/deligneuse-multiple-holytek-frs-12-30\/#breadcrumb"},"inLanguage":"en-US","potentialAction":[{"@type":"ReadAction","target":["https:\/\/machineriesbst.com\/en\/catalogue\/deligneuse-multiple-holytek-frs-12-30\/"]}]},{"@type":"BreadcrumbList","@id":"https:\/\/machineriesbst.com\/en\/catalogue\/deligneuse-multiple-holytek-frs-12-30\/#breadcrumb","itemListElement":[{"@type":"ListItem","position":1,"name":"Accueil","item":"https:\/\/machineriesbst.com\/en\/"},{"@type":"ListItem","position":2,"name":"Catalogue","item":"https:\/\/machineriesbst.com\/en\/catalog\/"},{"@type":"ListItem","position":3,"name":"D\u00e9ligneuse multiple Holytek -\u00a0FRS-12-30"}]}]}},"_links":{"self":[{"href":"https:\/\/machineriesbst.com\/en\/wp-json\/wp\/v2\/product\/58631"}],"collection":[{"href":"https:\/\/machineriesbst.com\/en\/wp-json\/wp\/v2\/product"}],"about":[{"href":"https:\/\/machineriesbst.com\/en\/wp-json\/wp\/v2\/types\/product"}],"author":[{"embeddable":true,"href":"https:\/\/machineriesbst.com\/en\/wp-json\/wp\/v2\/users\/3"}],"replies":[{"embeddable":true,"href":"https:\/\/machineriesbst.com\/en\/wp-json\/wp\/v2\/comments?post=58631"}],"wp:featuredmedia":[{"embeddable":true,"href":"https:\/\/machineriesbst.com\/en\/wp-json\/wp\/v2\/media\/54599"}],"wp:attachment":[{"href":"https:\/\/machineriesbst.com\/en\/wp-json\/wp\/v2\/media?parent=58631"}],"wp:term":[{"taxonomy":"product_cat","embeddable":true,"href":"https:\/\/machineriesbst.com\/en\/wp-json\/wp\/v2\/product_cat?post=58631"},{"taxonomy":"product_tag","embeddable":true,"href":"https:\/\/machineriesbst.com\/en\/wp-json\/wp\/v2\/product_tag?post=58631"}],"curies":[{"name":"wp","href":"https:\/\/api.w.org\/{rel}","templated":true}]}}