{"id":58613,"date":"2021-06-08T09:57:15","date_gmt":"2021-06-08T13:57:15","guid":{"rendered":"https:\/\/machineriesbst.com\/?post_type=product&#038;p=58613"},"modified":"2023-11-30T20:22:50","modified_gmt":"2023-12-01T01:22:50","slug":"mouluriere-holytek","status":"publish","type":"product","link":"https:\/\/machineriesbst.com\/en\/catalogue\/mouluriere-holytek\/","title":{"rendered":"Moulder Holytek"},"content":{"rendered":"<table cellspacing=\"0\" cellpadding=\"3\">\n<tbody>\n<tr>\n<td>Lower horizontal first shaft motor<\/td>\n<td>10CV \/ 600V \/ 60C \/ 3Ph<\/td>\n<\/tr>\n<tr>\n<td>Right vertical shaft motor<\/td>\n<td>10CV \/ 600V \/ 60C \/ 3Ph<\/td>\n<\/tr>\n<tr>\n<td>Left vertical shaft motor<\/td>\n<td>15CV \/ 600V \/ 60C \/ 3Ph<\/td>\n<\/tr>\n<tr>\n<td>Upper horizontal shaft motor<\/td>\n<td>15CV \/ 600V \/ 60C \/ 3Ph<\/td>\n<\/tr>\n<tr>\n<td>Lower horizontal shaft motor<\/td>\n<td>15CV \/ 600V \/ 60C \/ 3Ph<\/td>\n<\/tr>\n<tr>\n<td>Drive motor<\/td>\n<td>10CV \/ 600V \/ 60C \/ 3Ph<\/td>\n<\/tr>\n<tr>\n<td>Elevation motor<\/td>\n<td>0,5CV \/ 600V \/ 60C \/ 3Ph<\/td>\n<\/tr>\n<tr>\n<td><\/td>\n<td><\/td>\n<\/tr>\n<tr>\n<td>Shaft diameter<\/td>\n<td>40 mm<\/td>\n<\/tr>\n<tr>\n<td>Shaft speed<\/td>\n<td>6000 RPM<\/td>\n<\/tr>\n<tr>\n<td>Cutting heads diameter<\/td>\n<td>100 ~ 200mm<\/td>\n<\/tr>\n<tr>\n<td>Minimum planing width<\/td>\n<td>10 mm<\/td>\n<\/tr>\n<tr>\n<td>Maximum planing width<\/td>\n<td>230 mm<\/td>\n<\/tr>\n<tr>\n<td>Working thickness<\/td>\n<td>7 ~ 160 mm<\/td>\n<\/tr>\n<tr>\n<td>Minimum working length<\/td>\n<td>230 mm<\/td>\n<\/tr>\n<tr>\n<td>Adjustment of the input table<\/td>\n<td>12 mm<\/td>\n<\/tr>\n<tr>\n<td>Moving horizontal trees<\/td>\n<td>40 mm<\/td>\n<\/tr>\n<tr>\n<td>Moving vertical shafts<\/td>\n<td>80 mm<\/td>\n<\/tr>\n<tr>\n<td>Variable drive speed<\/td>\n<td>6 ~ 36 m \/ min<\/td>\n<\/tr>\n<tr>\n<td>Dimensions of drive rollers<\/td>\n<td>140 (D) x 50 (H) mm<\/td>\n<\/tr>\n<tr>\n<td>Suction outlet diameter<\/td>\n<td>125 mm (x5)<\/td>\n<\/tr>\n<\/tbody>\n<\/table>","protected":false},"excerpt":{"rendered":"<p>Lower horizontal first shaft motor 10HP \/ 600V \/ 60C \/ 3Ph Right vertical shaft motor 10HP \/ 600V \/ 60C \/ 3Ph Left vertical shaft motor 15HP \/ 600V \/ 60C \/ 3Ph Upper horizontal shaft motor 15HP \/ 600V \/ 60C \/ 3Ph Lower horizontal shaft motor 15HP \/ 600V \/ 60C \/ 3Ph Drive motor 10HP \/ 600V \/ 60C \/ 3Ph Elevation motor 0.5HP \/ 600V \/ 60C \/ 3Ph Shaft diameter 40 mm Speed of shafts 6000 RPM Diameter of cutting heads 100 ~ 200 [\u2026]<\/p>","protected":false},"author":3,"featured_media":54488,"comment_status":"open","ping_status":"closed","template":"","meta":[],"product_cat":[125],"product_tag":[],"acf":[],"yoast_head":"<!-- This site is optimized with the Yoast SEO plugin v16.8 - https:\/\/yoast.com\/wordpress\/plugins\/seo\/ -->\n<title>Mouluriere Holytek - Machineries BST<\/title>\n<meta name=\"robots\" content=\"index, follow, max-snippet:-1, max-image-preview:large, max-video-preview:-1\" \/>\n<link rel=\"canonical\" href=\"https:\/\/machineriesbst.com\/en\/catalogue\/mouluriere-holytek\/\" \/>\n<meta property=\"og:locale\" content=\"en_US\" \/>\n<meta property=\"og:type\" content=\"article\" \/>\n<meta property=\"og:title\" content=\"Mouluriere Holytek - Machineries BST\" \/>\n<meta property=\"og:description\" content=\"Moteur du premier arbre horizontal inf\u00e9rieur 10CV\/600V\/60C\/3Ph Moteur de l&#039;arbre vertical droit 10CV\/600V\/60C\/3Ph Moteur de l&#039;arbre vertical gauche 15CV\/600V\/60C\/3Ph Moteur de l&#039;arbre horizontal sup\u00e9rieur 15CV\/600V\/60C\/3Ph Moteur de l&#039;arbre horizontal inf\u00e9rieur 15CV\/600V\/60C\/3Ph Moteur d&#039;entra\u00eenement 10CV\/600V\/60C\/3Ph Moteur d&#039;\u00e9l\u00e9vation 0,5CV\/600V\/60C\/3Ph Diam\u00e8tre des arbres 40 mm Vitesse des arbres 6000 RPM Diam\u00e8tre des t\u00eates de coupe 100 ~ 200 [&hellip;]\" \/>\n<meta property=\"og:url\" content=\"https:\/\/machineriesbst.com\/en\/catalogue\/mouluriere-holytek\/\" \/>\n<meta property=\"og:site_name\" content=\"Machineries BST\" \/>\n<meta property=\"article:modified_time\" content=\"2023-12-01T01:22:50+00:00\" \/>\n<meta property=\"og:image\" content=\"https:\/\/machineriesbst.com\/wp-content\/uploads\/2021\/05\/IMG-4306.jpg\" \/>\n\t<meta property=\"og:image:width\" content=\"1024\" \/>\n\t<meta property=\"og:image:height\" content=\"768\" \/>\n<meta name=\"twitter:card\" content=\"summary_large_image\" \/>\n<meta name=\"twitter:label1\" content=\"Est. reading time\" \/>\n\t<meta name=\"twitter:data1\" content=\"1 minute\" \/>\n<script type=\"application\/ld+json\" class=\"yoast-schema-graph\">{\"@context\":\"https:\/\/schema.org\",\"@graph\":[{\"@type\":\"WebSite\",\"@id\":\"https:\/\/machineriesbst.com\/en\/#website\",\"url\":\"https:\/\/machineriesbst.com\/en\/\",\"name\":\"Machineries BST\",\"description\":\"Machines neuves &amp; usag\\u00e9es\",\"potentialAction\":[{\"@type\":\"SearchAction\",\"target\":{\"@type\":\"EntryPoint\",\"urlTemplate\":\"https:\/\/machineriesbst.com\/en\/?s={search_term_string}\"},\"query-input\":\"required name=search_term_string\"}],\"inLanguage\":\"en-US\"},{\"@type\":\"ImageObject\",\"@id\":\"https:\/\/machineriesbst.com\/en\/catalogue\/mouluriere-holytek\/#primaryimage\",\"inLanguage\":\"en-US\",\"url\":\"https:\/\/machineriesbst.com\/wp-content\/uploads\/2021\/05\/IMG-4306.jpg\",\"contentUrl\":\"https:\/\/machineriesbst.com\/wp-content\/uploads\/2021\/05\/IMG-4306.jpg\",\"width\":1024,\"height\":768},{\"@type\":\"WebPage\",\"@id\":\"https:\/\/machineriesbst.com\/en\/catalogue\/mouluriere-holytek\/#webpage\",\"url\":\"https:\/\/machineriesbst.com\/en\/catalogue\/mouluriere-holytek\/\",\"name\":\"Mouluriere Holytek - Machineries BST\",\"isPartOf\":{\"@id\":\"https:\/\/machineriesbst.com\/en\/#website\"},\"primaryImageOfPage\":{\"@id\":\"https:\/\/machineriesbst.com\/en\/catalogue\/mouluriere-holytek\/#primaryimage\"},\"datePublished\":\"2021-06-08T13:57:15+00:00\",\"dateModified\":\"2023-12-01T01:22:50+00:00\",\"breadcrumb\":{\"@id\":\"https:\/\/machineriesbst.com\/en\/catalogue\/mouluriere-holytek\/#breadcrumb\"},\"inLanguage\":\"en-US\",\"potentialAction\":[{\"@type\":\"ReadAction\",\"target\":[\"https:\/\/machineriesbst.com\/en\/catalogue\/mouluriere-holytek\/\"]}]},{\"@type\":\"BreadcrumbList\",\"@id\":\"https:\/\/machineriesbst.com\/en\/catalogue\/mouluriere-holytek\/#breadcrumb\",\"itemListElement\":[{\"@type\":\"ListItem\",\"position\":1,\"name\":\"Accueil\",\"item\":\"https:\/\/machineriesbst.com\/en\/\"},{\"@type\":\"ListItem\",\"position\":2,\"name\":\"Catalogue\",\"item\":\"https:\/\/machineriesbst.com\/en\/catalog\/\"},{\"@type\":\"ListItem\",\"position\":3,\"name\":\"Mouluriere Holytek\"}]}]}<\/script>\n<!-- \/ Yoast SEO plugin. -->","yoast_head_json":{"title":"Mouluriere Holytek - Machineries BST","robots":{"index":"index","follow":"follow","max-snippet":"max-snippet:-1","max-image-preview":"max-image-preview:large","max-video-preview":"max-video-preview:-1"},"canonical":"https:\/\/machineriesbst.com\/en\/catalogue\/mouluriere-holytek\/","og_locale":"en_US","og_type":"article","og_title":"Mouluriere Holytek - Machineries BST","og_description":"Moteur du premier arbre horizontal inf\u00e9rieur 10CV\/600V\/60C\/3Ph Moteur de l'arbre vertical droit 10CV\/600V\/60C\/3Ph Moteur de l'arbre vertical gauche 15CV\/600V\/60C\/3Ph Moteur de l'arbre horizontal sup\u00e9rieur 15CV\/600V\/60C\/3Ph Moteur de l'arbre horizontal inf\u00e9rieur 15CV\/600V\/60C\/3Ph Moteur d'entra\u00eenement 10CV\/600V\/60C\/3Ph Moteur d'\u00e9l\u00e9vation 0,5CV\/600V\/60C\/3Ph Diam\u00e8tre des arbres 40 mm Vitesse des arbres 6000 RPM Diam\u00e8tre des t\u00eates de coupe 100 ~ 200 [&hellip;]","og_url":"https:\/\/machineriesbst.com\/en\/catalogue\/mouluriere-holytek\/","og_site_name":"Machineries BST","article_modified_time":"2023-12-01T01:22:50+00:00","og_image":[{"width":1024,"height":768,"url":"https:\/\/machineriesbst.com\/wp-content\/uploads\/2021\/05\/IMG-4306.jpg","path":"\/home\/jepeto\/public_html\/wp-content\/uploads\/2021\/05\/IMG-4306.jpg","size":"full","id":54488,"alt":"","pixels":786432,"type":"image\/jpeg"}],"twitter_card":"summary_large_image","twitter_misc":{"Est. reading time":"1 minute"},"schema":{"@context":"https:\/\/schema.org","@graph":[{"@type":"WebSite","@id":"https:\/\/machineriesbst.com\/en\/#website","url":"https:\/\/machineriesbst.com\/en\/","name":"Machineries BST","description":"Machines neuves &amp; usag\u00e9es","potentialAction":[{"@type":"SearchAction","target":{"@type":"EntryPoint","urlTemplate":"https:\/\/machineriesbst.com\/en\/?s={search_term_string}"},"query-input":"required name=search_term_string"}],"inLanguage":"en-US"},{"@type":"ImageObject","@id":"https:\/\/machineriesbst.com\/en\/catalogue\/mouluriere-holytek\/#primaryimage","inLanguage":"en-US","url":"https:\/\/machineriesbst.com\/wp-content\/uploads\/2021\/05\/IMG-4306.jpg","contentUrl":"https:\/\/machineriesbst.com\/wp-content\/uploads\/2021\/05\/IMG-4306.jpg","width":1024,"height":768},{"@type":"WebPage","@id":"https:\/\/machineriesbst.com\/en\/catalogue\/mouluriere-holytek\/#webpage","url":"https:\/\/machineriesbst.com\/en\/catalogue\/mouluriere-holytek\/","name":"Mouluriere Holytek - Machineries BST","isPartOf":{"@id":"https:\/\/machineriesbst.com\/en\/#website"},"primaryImageOfPage":{"@id":"https:\/\/machineriesbst.com\/en\/catalogue\/mouluriere-holytek\/#primaryimage"},"datePublished":"2021-06-08T13:57:15+00:00","dateModified":"2023-12-01T01:22:50+00:00","breadcrumb":{"@id":"https:\/\/machineriesbst.com\/en\/catalogue\/mouluriere-holytek\/#breadcrumb"},"inLanguage":"en-US","potentialAction":[{"@type":"ReadAction","target":["https:\/\/machineriesbst.com\/en\/catalogue\/mouluriere-holytek\/"]}]},{"@type":"BreadcrumbList","@id":"https:\/\/machineriesbst.com\/en\/catalogue\/mouluriere-holytek\/#breadcrumb","itemListElement":[{"@type":"ListItem","position":1,"name":"Accueil","item":"https:\/\/machineriesbst.com\/en\/"},{"@type":"ListItem","position":2,"name":"Catalogue","item":"https:\/\/machineriesbst.com\/en\/catalog\/"},{"@type":"ListItem","position":3,"name":"Mouluriere Holytek"}]}]}},"_links":{"self":[{"href":"https:\/\/machineriesbst.com\/en\/wp-json\/wp\/v2\/product\/58613"}],"collection":[{"href":"https:\/\/machineriesbst.com\/en\/wp-json\/wp\/v2\/product"}],"about":[{"href":"https:\/\/machineriesbst.com\/en\/wp-json\/wp\/v2\/types\/product"}],"author":[{"embeddable":true,"href":"https:\/\/machineriesbst.com\/en\/wp-json\/wp\/v2\/users\/3"}],"replies":[{"embeddable":true,"href":"https:\/\/machineriesbst.com\/en\/wp-json\/wp\/v2\/comments?post=58613"}],"wp:featuredmedia":[{"embeddable":true,"href":"https:\/\/machineriesbst.com\/en\/wp-json\/wp\/v2\/media\/54488"}],"wp:attachment":[{"href":"https:\/\/machineriesbst.com\/en\/wp-json\/wp\/v2\/media?parent=58613"}],"wp:term":[{"taxonomy":"product_cat","embeddable":true,"href":"https:\/\/machineriesbst.com\/en\/wp-json\/wp\/v2\/product_cat?post=58613"},{"taxonomy":"product_tag","embeddable":true,"href":"https:\/\/machineriesbst.com\/en\/wp-json\/wp\/v2\/product_tag?post=58613"}],"curies":[{"name":"wp","href":"https:\/\/api.w.org\/{rel}","templated":true}]}}