{"id":58612,"date":"2021-06-08T09:57:15","date_gmt":"2021-06-08T13:57:15","guid":{"rendered":"https:\/\/machineriesbst.com\/?post_type=product&#038;p=58612"},"modified":"2023-11-30T20:22:50","modified_gmt":"2023-12-01T01:22:50","slug":"pulverisateur-cefla-falcioni","status":"publish","type":"product","link":"https:\/\/machineriesbst.com\/en\/catalogue\/pulverisateur-cefla-falcioni\/","title":{"rendered":"C\u00e9fla Falcioni sprayer"},"content":{"rendered":"<p>AUTOMATIC FINISHING SPRAYER, 52 &quot;MOTORIZED ROLLER CONVEYOR, 4 HEAD SPRAYER WITH KREMLIN ATX HEADS, TROLLEY-MOUNTED PAPER REEL AND REWINDER, RLQ 500 2.2 KW FAN, ESA CONTROL PANEL,<\/p>\n<p>48 \u201dwide drying equipment available.<\/p>\n<p>&nbsp;<\/p>","protected":false},"excerpt":{"rendered":"<p>AUTOMATIC FINISHING SPRAYER, 52 &quot;MOTORIZED ROLLER CONVEYOR, 4-HEAD SPRAYER WITH KREMLIN ATX HEADS, TROLLEY-MOUNTED PAPER REEL AND REWINDER, RLQ 500 2.2 KW FAN, ESA CONTROL PANEL available from ESA, 48in wide. &nbsp;<\/p>","protected":false},"author":3,"featured_media":54480,"comment_status":"open","ping_status":"closed","template":"","meta":[],"product_cat":[3070,1731],"product_tag":[],"acf":[],"yoast_head":"<!-- This site is optimized with the Yoast SEO plugin v16.8 - https:\/\/yoast.com\/wordpress\/plugins\/seo\/ -->\n<title>Pulv\u00e9risateur C\u00e9fla Falcioni - Machineries BST<\/title>\n<meta name=\"robots\" content=\"index, follow, max-snippet:-1, max-image-preview:large, max-video-preview:-1\" \/>\n<link rel=\"canonical\" href=\"https:\/\/machineriesbst.com\/en\/catalogue\/pulverisateur-cefla-falcioni\/\" \/>\n<meta property=\"og:locale\" content=\"en_US\" \/>\n<meta property=\"og:type\" content=\"article\" \/>\n<meta property=\"og:title\" content=\"Pulv\u00e9risateur C\u00e9fla Falcioni - Machineries BST\" \/>\n<meta property=\"og:description\" content=\"PULV\u00c9RISATEUR DE FINITION AUTOMATIQUE, CONVOYEUR \u00c0 ROULEAUX MOTORIS\u00c9 52 &quot;, PULV\u00c9RISATEUR \u00c0 4 T\u00caTES AVEC T\u00caTES KREMLIN ATX,\u00a0 ENROULEUR ET REMBOBINEUR DE PAPIER MONT\u00c9 SUR CHARIOT, RLQ 500 VENTILATEUR DE 2,2 KW, PANNEAU DE CONTR\u00d4LE ESA, \u00c9quipement de s\u00e9chage de disponible de 48po de large . &nbsp;\" \/>\n<meta property=\"og:url\" content=\"https:\/\/machineriesbst.com\/en\/catalogue\/pulverisateur-cefla-falcioni\/\" \/>\n<meta property=\"og:site_name\" content=\"Machineries BST\" \/>\n<meta property=\"article:modified_time\" content=\"2023-12-01T01:22:50+00:00\" \/>\n<meta property=\"og:image\" content=\"https:\/\/machineriesbst.com\/wp-content\/uploads\/2021\/05\/IMG-0024-1.jpg\" \/>\n\t<meta property=\"og:image:width\" content=\"576\" \/>\n\t<meta property=\"og:image:height\" content=\"768\" \/>\n<meta name=\"twitter:card\" content=\"summary_large_image\" \/>\n<script type=\"application\/ld+json\" class=\"yoast-schema-graph\">{\"@context\":\"https:\/\/schema.org\",\"@graph\":[{\"@type\":\"WebSite\",\"@id\":\"https:\/\/machineriesbst.com\/en\/#website\",\"url\":\"https:\/\/machineriesbst.com\/en\/\",\"name\":\"Machineries BST\",\"description\":\"Machines neuves &amp; usag\\u00e9es\",\"potentialAction\":[{\"@type\":\"SearchAction\",\"target\":{\"@type\":\"EntryPoint\",\"urlTemplate\":\"https:\/\/machineriesbst.com\/en\/?s={search_term_string}\"},\"query-input\":\"required name=search_term_string\"}],\"inLanguage\":\"en-US\"},{\"@type\":\"ImageObject\",\"@id\":\"https:\/\/machineriesbst.com\/en\/catalogue\/pulverisateur-cefla-falcioni\/#primaryimage\",\"inLanguage\":\"en-US\",\"url\":\"https:\/\/machineriesbst.com\/wp-content\/uploads\/2021\/05\/IMG-0024-1.jpg\",\"contentUrl\":\"https:\/\/machineriesbst.com\/wp-content\/uploads\/2021\/05\/IMG-0024-1.jpg\",\"width\":576,\"height\":768},{\"@type\":\"WebPage\",\"@id\":\"https:\/\/machineriesbst.com\/en\/catalogue\/pulverisateur-cefla-falcioni\/#webpage\",\"url\":\"https:\/\/machineriesbst.com\/en\/catalogue\/pulverisateur-cefla-falcioni\/\",\"name\":\"Pulv\\u00e9risateur C\\u00e9fla Falcioni - Machineries BST\",\"isPartOf\":{\"@id\":\"https:\/\/machineriesbst.com\/en\/#website\"},\"primaryImageOfPage\":{\"@id\":\"https:\/\/machineriesbst.com\/en\/catalogue\/pulverisateur-cefla-falcioni\/#primaryimage\"},\"datePublished\":\"2021-06-08T13:57:15+00:00\",\"dateModified\":\"2023-12-01T01:22:50+00:00\",\"breadcrumb\":{\"@id\":\"https:\/\/machineriesbst.com\/en\/catalogue\/pulverisateur-cefla-falcioni\/#breadcrumb\"},\"inLanguage\":\"en-US\",\"potentialAction\":[{\"@type\":\"ReadAction\",\"target\":[\"https:\/\/machineriesbst.com\/en\/catalogue\/pulverisateur-cefla-falcioni\/\"]}]},{\"@type\":\"BreadcrumbList\",\"@id\":\"https:\/\/machineriesbst.com\/en\/catalogue\/pulverisateur-cefla-falcioni\/#breadcrumb\",\"itemListElement\":[{\"@type\":\"ListItem\",\"position\":1,\"name\":\"Accueil\",\"item\":\"https:\/\/machineriesbst.com\/en\/\"},{\"@type\":\"ListItem\",\"position\":2,\"name\":\"Catalogue\",\"item\":\"https:\/\/machineriesbst.com\/en\/catalog\/\"},{\"@type\":\"ListItem\",\"position\":3,\"name\":\"Pulv\\u00e9risateur C\\u00e9fla Falcioni\"}]}]}<\/script>\n<!-- \/ Yoast SEO plugin. -->","yoast_head_json":{"title":"Pulv\u00e9risateur C\u00e9fla Falcioni - Machineries BST","robots":{"index":"index","follow":"follow","max-snippet":"max-snippet:-1","max-image-preview":"max-image-preview:large","max-video-preview":"max-video-preview:-1"},"canonical":"https:\/\/machineriesbst.com\/en\/catalogue\/pulverisateur-cefla-falcioni\/","og_locale":"en_US","og_type":"article","og_title":"Pulv\u00e9risateur C\u00e9fla Falcioni - Machineries BST","og_description":"PULV\u00c9RISATEUR DE FINITION AUTOMATIQUE, CONVOYEUR \u00c0 ROULEAUX MOTORIS\u00c9 52 \", PULV\u00c9RISATEUR \u00c0 4 T\u00caTES AVEC T\u00caTES KREMLIN ATX,\u00a0 ENROULEUR ET REMBOBINEUR DE PAPIER MONT\u00c9 SUR CHARIOT, RLQ 500 VENTILATEUR DE 2,2 KW, PANNEAU DE CONTR\u00d4LE ESA, \u00c9quipement de s\u00e9chage de disponible de 48po de large . &nbsp;","og_url":"https:\/\/machineriesbst.com\/en\/catalogue\/pulverisateur-cefla-falcioni\/","og_site_name":"Machineries BST","article_modified_time":"2023-12-01T01:22:50+00:00","og_image":[{"width":576,"height":768,"url":"https:\/\/machineriesbst.com\/wp-content\/uploads\/2021\/05\/IMG-0024-1.jpg","path":"\/home\/jepeto\/public_html\/wp-content\/uploads\/2021\/05\/IMG-0024-1.jpg","size":"full","id":54480,"alt":"","pixels":442368,"type":"image\/jpeg"}],"twitter_card":"summary_large_image","schema":{"@context":"https:\/\/schema.org","@graph":[{"@type":"WebSite","@id":"https:\/\/machineriesbst.com\/en\/#website","url":"https:\/\/machineriesbst.com\/en\/","name":"Machineries BST","description":"Machines neuves &amp; usag\u00e9es","potentialAction":[{"@type":"SearchAction","target":{"@type":"EntryPoint","urlTemplate":"https:\/\/machineriesbst.com\/en\/?s={search_term_string}"},"query-input":"required name=search_term_string"}],"inLanguage":"en-US"},{"@type":"ImageObject","@id":"https:\/\/machineriesbst.com\/en\/catalogue\/pulverisateur-cefla-falcioni\/#primaryimage","inLanguage":"en-US","url":"https:\/\/machineriesbst.com\/wp-content\/uploads\/2021\/05\/IMG-0024-1.jpg","contentUrl":"https:\/\/machineriesbst.com\/wp-content\/uploads\/2021\/05\/IMG-0024-1.jpg","width":576,"height":768},{"@type":"WebPage","@id":"https:\/\/machineriesbst.com\/en\/catalogue\/pulverisateur-cefla-falcioni\/#webpage","url":"https:\/\/machineriesbst.com\/en\/catalogue\/pulverisateur-cefla-falcioni\/","name":"Pulv\u00e9risateur C\u00e9fla Falcioni - Machineries BST","isPartOf":{"@id":"https:\/\/machineriesbst.com\/en\/#website"},"primaryImageOfPage":{"@id":"https:\/\/machineriesbst.com\/en\/catalogue\/pulverisateur-cefla-falcioni\/#primaryimage"},"datePublished":"2021-06-08T13:57:15+00:00","dateModified":"2023-12-01T01:22:50+00:00","breadcrumb":{"@id":"https:\/\/machineriesbst.com\/en\/catalogue\/pulverisateur-cefla-falcioni\/#breadcrumb"},"inLanguage":"en-US","potentialAction":[{"@type":"ReadAction","target":["https:\/\/machineriesbst.com\/en\/catalogue\/pulverisateur-cefla-falcioni\/"]}]},{"@type":"BreadcrumbList","@id":"https:\/\/machineriesbst.com\/en\/catalogue\/pulverisateur-cefla-falcioni\/#breadcrumb","itemListElement":[{"@type":"ListItem","position":1,"name":"Accueil","item":"https:\/\/machineriesbst.com\/en\/"},{"@type":"ListItem","position":2,"name":"Catalogue","item":"https:\/\/machineriesbst.com\/en\/catalog\/"},{"@type":"ListItem","position":3,"name":"Pulv\u00e9risateur C\u00e9fla Falcioni"}]}]}},"_links":{"self":[{"href":"https:\/\/machineriesbst.com\/en\/wp-json\/wp\/v2\/product\/58612"}],"collection":[{"href":"https:\/\/machineriesbst.com\/en\/wp-json\/wp\/v2\/product"}],"about":[{"href":"https:\/\/machineriesbst.com\/en\/wp-json\/wp\/v2\/types\/product"}],"author":[{"embeddable":true,"href":"https:\/\/machineriesbst.com\/en\/wp-json\/wp\/v2\/users\/3"}],"replies":[{"embeddable":true,"href":"https:\/\/machineriesbst.com\/en\/wp-json\/wp\/v2\/comments?post=58612"}],"wp:featuredmedia":[{"embeddable":true,"href":"https:\/\/machineriesbst.com\/en\/wp-json\/wp\/v2\/media\/54480"}],"wp:attachment":[{"href":"https:\/\/machineriesbst.com\/en\/wp-json\/wp\/v2\/media?parent=58612"}],"wp:term":[{"taxonomy":"product_cat","embeddable":true,"href":"https:\/\/machineriesbst.com\/en\/wp-json\/wp\/v2\/product_cat?post=58612"},{"taxonomy":"product_tag","embeddable":true,"href":"https:\/\/machineriesbst.com\/en\/wp-json\/wp\/v2\/product_tag?post=58612"}],"curies":[{"name":"wp","href":"https:\/\/api.w.org\/{rel}","templated":true}]}}