{"id":58602,"date":"2021-06-08T09:56:50","date_gmt":"2021-06-08T13:56:50","guid":{"rendered":"https:\/\/machineriesbst.com\/?post_type=product&#038;p=58602"},"modified":"2023-11-30T20:22:50","modified_gmt":"2023-12-01T01:22:50","slug":"cnc-rover-22","status":"publish","type":"product","link":"https:\/\/machineriesbst.com\/en\/catalogue\/cnc-rover-22\/","title":{"rendered":"CNC Rover 22"},"content":{"rendered":"<p>Configuration: X Axis 120 &quot;Y Axis 42.5&quot; Z azis 6.1 &quot;Vertical drill bits: 14 L drill bits. (6) Horizontal drill bits. (6) Rails. Vacuum pump. Overall dimension: 1- 24 x 8 x 7 Weight: 10,000 lbs<\/p>\n<p><strong>AXIS STROKES MM<\/strong><\/p>\n<ul>\n<li>X AXIS mm 3436 MM<\/li>\n<li>Y AXIS mm 1470 MM<\/li>\n<li>Z AXIS mm 250 MM<\/li>\n<li>AXIS SPEEDS M \/ MIN<\/li>\n<li>X AXIS m \/ min 100 M \/ MIN<\/li>\n<li>Y AXIS m \/ min 95 M \/ MIN<\/li>\n<li>Z AXIS m \/ min 30 M \/ MIN<\/li>\n<\/ul>\n<p><strong>DRILLING HEAD CONFIG<\/strong><\/p>\n<ul>\n<li>VERTICAL SPINDLES IN X AXIS Qty 7 (SEVEN) SPINDLES<\/li>\n<li>VERTICAL SPINDLES IN Y AXIS Qty 7 (SEVEN) SPINDLES<\/li>\n<li>HORIZONTAL SPINDLE IN X AXIS Qty 2 + 2 SPINDLES<\/li>\n<li>HORIZONTAL SPINDLE IN YAXIS Qty 1 + 1 SPINDLES<\/li>\n<li>DRILLING HEAD HP Hp 3.5 HP \/2.5 KW<\/li>\n<li>SAW BLADE IN X AXIS (DIAM) mm 120 MM<\/li>\n<li>SAW UNIT MOTOR POWER Hp 3.5 HP \/ 2.5 KW<\/li>\n<\/ul>\n<p><strong>MAX BORING WORKING FIELD MM<\/strong><\/p>\n<ul>\n<li>VERTICAL BORING IN X AXIS (STROKE) mm 3436 MM<\/li>\n<li>ACTUAL VERTICAL BORING IN X AXIS mm 3060 MM<\/li>\n<li>VERTICAL BORING IN Y AXIS (STROKE) mm 1470 MM<\/li>\n<li>ACTUAL VERTICAL BORING IN Y AXIS mm 930 MM<\/li>\n<li>HORIZONTAL BORING IN X AXIS (STROKE) mm 3060 X 1470 MM<\/li>\n<li>ACTUAL HORIZONTAL BORING IN X AXIS mm 738 MM<\/li>\n<li>HORIZONTAL BORING IN Y AXIS (STROKE) mm 1470 MM<\/li>\n<li>ACTUAL HORIZONTAL BORING IN Y AXIS mm 770 MM<\/li>\n<li>MAX WORKING HEIGHT mm 155 MM<\/li>\n<li>ELECTROSPINDLE POWER Hp \/ Kw 10.5 HP \/ 7.8 KW<\/li>\n<li>MOTOR POWER @ 7000 RPM Hp APPROX 9 HP \/ 6 KW<\/li>\n<li>REVOLUTION SPEED Rpm 1000 - 24000<\/li>\n<\/ul>\n<p><strong>MAX ROUTING WORKING FIELD MM<\/strong><\/p>\n<ul>\n<li>ROUTING IN X AXIS (STROKE) mm 3436 MM<\/li>\n<li>ACTUAL ROUTING IN X AXIS mm 3060 MM<\/li>\n<li>ROUTING IN Y AXIS (STROKE) @ FRONT mm 1470 MM<\/li>\n<li>ROUTING IN Y AXIS (STROKE) @ REAR mm 1470 MM<\/li>\n<li>ACTUAL ROUTING IN Y AXIS @ FRONT mm 1070 MM<\/li>\n<li>ACTUAL ROUTING IN Y AXIS @ REAR mm 544 MM<\/li>\n<li>ACTUAL HORIZONTAL ROUTING IN Y AXIS mm 544 MM<\/li>\n<li>ACTUAL GROOVING IN X AXIS mm 3060 MM<\/li>\n<li>ACTUAL GROOVING IN Y AXIS mm 598 MMAVAILABLE TOOL CHANGER ON THE HEAD @ THE FRONT Qty \/ Diam 7 (SEVEN) 80 MM<\/li>\n<li>MAX DIAMETER OF TOOL mm 160 MM<\/li>\n<\/ul>\n<p><strong>WORKING TABLE SPECS<\/strong><\/p>\n<ul>\n<li>WORKABLE DIMENSION OF THE TABLE IN X &amp; Y AXIS mm 3060 X 1070 MM<\/li>\n<li>NUMBER OF PANEL SUPPORTS Qty 6 (SIX)<\/li>\n<li>LENGHT OF THE PANEL SUPPORTS mm 1100 MM<\/li>\n<li>PNEUMATIC JIGS OR SUCTION CUPS Type PNEUMATIC JIGS<\/li>\n<li>NUMBER OF HOLD DOWN DEVICES Qty 18 (EIGHTEEN)<\/li>\n<li>NUMBER OF SIDE STOPS Qty 2 (TWO) ON EACH SIDE<\/li>\n<li>WORKING FIELDS Qty 2 (TWO)<\/li>\n<li>SIZE OF EACH PANEL IN EACH FIELD mm 1400 MM<\/li>\n<li>CENTRAL STOPS Qty DOUBLE CENTRAL STOPS<\/li>\n<li>DIGITAL DISPLAY POSITIONAL DEVICE STANDARD<\/li>\n<li>VACUUM PUMP Qty \/ m3 100 M3<\/li>\n<\/ul>","protected":false},"excerpt":{"rendered":"<p>Configuration: X Axis 120 &quot;Y Axis 42.5&quot; Z azis 6.1 &quot;Vertical drill bits: 14 L drill bits. (6) Horizontal drill bits. (6) Rails. Vacuum pump. Overall dimension: 1- 24 x 8 x 7 Weight: 10,000 lbs AXIS STROKES MM X AXIS mm 3436 MM Y AXIS mm 1470 MM [\u2026]<\/p>","protected":false},"author":3,"featured_media":54415,"comment_status":"open","ping_status":"closed","template":"","meta":[],"product_cat":[221,2856],"product_tag":[],"acf":[],"yoast_head":"<!-- This site is optimized with the Yoast SEO plugin v16.8 - https:\/\/yoast.com\/wordpress\/plugins\/seo\/ -->\n<title>CNC Rover 22 - Machineries BST<\/title>\n<meta name=\"robots\" content=\"index, follow, max-snippet:-1, max-image-preview:large, max-video-preview:-1\" \/>\n<link rel=\"canonical\" href=\"https:\/\/machineriesbst.com\/en\/catalogue\/cnc-rover-22\/\" \/>\n<meta property=\"og:locale\" content=\"en_US\" \/>\n<meta property=\"og:type\" content=\"article\" \/>\n<meta property=\"og:title\" content=\"CNC Rover 22 - Machineries BST\" \/>\n<meta property=\"og:description\" content=\"Configuration :X Axis 120 &quot; Y Axis 42.5 &quot; Z azis 6.1 &quot; M\u00e8ches Verticals: 14 m\u00e8ches en L . (6) M\u00e8ches Horizontal . (6) Rails .\u00a0 Vacuum pump. Dimension hors tout : 1- 24 x 8 x 7\u00a0 Poids :10,000 lbs AXIS STROKES MM X AXIS mm 3436 MM Y AXIS mm 1470 MM [&hellip;]\" \/>\n<meta property=\"og:url\" content=\"https:\/\/machineriesbst.com\/en\/catalogue\/cnc-rover-22\/\" \/>\n<meta property=\"og:site_name\" content=\"Machineries BST\" \/>\n<meta property=\"article:modified_time\" content=\"2023-12-01T01:22:50+00:00\" \/>\n<meta property=\"og:image\" content=\"https:\/\/machineriesbst.com\/wp-content\/uploads\/2021\/05\/Rover-22.jpg\" \/>\n\t<meta property=\"og:image:width\" content=\"1632\" \/>\n\t<meta property=\"og:image:height\" content=\"1224\" \/>\n<meta name=\"twitter:card\" content=\"summary_large_image\" \/>\n<meta name=\"twitter:label1\" content=\"Est. reading time\" \/>\n\t<meta name=\"twitter:data1\" content=\"2 minutes\" \/>\n<script type=\"application\/ld+json\" class=\"yoast-schema-graph\">{\"@context\":\"https:\/\/schema.org\",\"@graph\":[{\"@type\":\"WebSite\",\"@id\":\"https:\/\/machineriesbst.com\/en\/#website\",\"url\":\"https:\/\/machineriesbst.com\/en\/\",\"name\":\"Machineries BST\",\"description\":\"Machines neuves &amp; usag\\u00e9es\",\"potentialAction\":[{\"@type\":\"SearchAction\",\"target\":{\"@type\":\"EntryPoint\",\"urlTemplate\":\"https:\/\/machineriesbst.com\/en\/?s={search_term_string}\"},\"query-input\":\"required name=search_term_string\"}],\"inLanguage\":\"en-US\"},{\"@type\":\"ImageObject\",\"@id\":\"https:\/\/machineriesbst.com\/en\/catalogue\/cnc-rover-22\/#primaryimage\",\"inLanguage\":\"en-US\",\"url\":\"https:\/\/machineriesbst.com\/wp-content\/uploads\/2021\/05\/Rover-22.jpg\",\"contentUrl\":\"https:\/\/machineriesbst.com\/wp-content\/uploads\/2021\/05\/Rover-22.jpg\",\"width\":1632,\"height\":1224},{\"@type\":\"WebPage\",\"@id\":\"https:\/\/machineriesbst.com\/en\/catalogue\/cnc-rover-22\/#webpage\",\"url\":\"https:\/\/machineriesbst.com\/en\/catalogue\/cnc-rover-22\/\",\"name\":\"CNC Rover 22 - Machineries BST\",\"isPartOf\":{\"@id\":\"https:\/\/machineriesbst.com\/en\/#website\"},\"primaryImageOfPage\":{\"@id\":\"https:\/\/machineriesbst.com\/en\/catalogue\/cnc-rover-22\/#primaryimage\"},\"datePublished\":\"2021-06-08T13:56:50+00:00\",\"dateModified\":\"2023-12-01T01:22:50+00:00\",\"breadcrumb\":{\"@id\":\"https:\/\/machineriesbst.com\/en\/catalogue\/cnc-rover-22\/#breadcrumb\"},\"inLanguage\":\"en-US\",\"potentialAction\":[{\"@type\":\"ReadAction\",\"target\":[\"https:\/\/machineriesbst.com\/en\/catalogue\/cnc-rover-22\/\"]}]},{\"@type\":\"BreadcrumbList\",\"@id\":\"https:\/\/machineriesbst.com\/en\/catalogue\/cnc-rover-22\/#breadcrumb\",\"itemListElement\":[{\"@type\":\"ListItem\",\"position\":1,\"name\":\"Accueil\",\"item\":\"https:\/\/machineriesbst.com\/en\/\"},{\"@type\":\"ListItem\",\"position\":2,\"name\":\"Catalogue\",\"item\":\"https:\/\/machineriesbst.com\/en\/catalog\/\"},{\"@type\":\"ListItem\",\"position\":3,\"name\":\"CNC Rover 22\"}]}]}<\/script>\n<!-- \/ Yoast SEO plugin. -->","yoast_head_json":{"title":"CNC Rover 22 - Machineries BST","robots":{"index":"index","follow":"follow","max-snippet":"max-snippet:-1","max-image-preview":"max-image-preview:large","max-video-preview":"max-video-preview:-1"},"canonical":"https:\/\/machineriesbst.com\/en\/catalogue\/cnc-rover-22\/","og_locale":"en_US","og_type":"article","og_title":"CNC Rover 22 - Machineries BST","og_description":"Configuration :X Axis 120 \" Y Axis 42.5 \" Z azis 6.1 \" M\u00e8ches Verticals: 14 m\u00e8ches en L . (6) M\u00e8ches Horizontal . (6) Rails .\u00a0 Vacuum pump. Dimension hors tout : 1- 24 x 8 x 7\u00a0 Poids :10,000 lbs AXIS STROKES MM X AXIS mm 3436 MM Y AXIS mm 1470 MM [&hellip;]","og_url":"https:\/\/machineriesbst.com\/en\/catalogue\/cnc-rover-22\/","og_site_name":"Machineries BST","article_modified_time":"2023-12-01T01:22:50+00:00","og_image":[{"width":1632,"height":1224,"url":"https:\/\/machineriesbst.com\/wp-content\/uploads\/2021\/05\/Rover-22.jpg","path":"\/home\/jepeto\/public_html\/wp-content\/uploads\/2021\/05\/Rover-22.jpg","size":"full","id":54415,"alt":"","pixels":1997568,"type":"image\/jpeg"}],"twitter_card":"summary_large_image","twitter_misc":{"Est. reading time":"2 minutes"},"schema":{"@context":"https:\/\/schema.org","@graph":[{"@type":"WebSite","@id":"https:\/\/machineriesbst.com\/en\/#website","url":"https:\/\/machineriesbst.com\/en\/","name":"Machineries BST","description":"Machines neuves &amp; usag\u00e9es","potentialAction":[{"@type":"SearchAction","target":{"@type":"EntryPoint","urlTemplate":"https:\/\/machineriesbst.com\/en\/?s={search_term_string}"},"query-input":"required name=search_term_string"}],"inLanguage":"en-US"},{"@type":"ImageObject","@id":"https:\/\/machineriesbst.com\/en\/catalogue\/cnc-rover-22\/#primaryimage","inLanguage":"en-US","url":"https:\/\/machineriesbst.com\/wp-content\/uploads\/2021\/05\/Rover-22.jpg","contentUrl":"https:\/\/machineriesbst.com\/wp-content\/uploads\/2021\/05\/Rover-22.jpg","width":1632,"height":1224},{"@type":"WebPage","@id":"https:\/\/machineriesbst.com\/en\/catalogue\/cnc-rover-22\/#webpage","url":"https:\/\/machineriesbst.com\/en\/catalogue\/cnc-rover-22\/","name":"CNC Rover 22 - Machineries BST","isPartOf":{"@id":"https:\/\/machineriesbst.com\/en\/#website"},"primaryImageOfPage":{"@id":"https:\/\/machineriesbst.com\/en\/catalogue\/cnc-rover-22\/#primaryimage"},"datePublished":"2021-06-08T13:56:50+00:00","dateModified":"2023-12-01T01:22:50+00:00","breadcrumb":{"@id":"https:\/\/machineriesbst.com\/en\/catalogue\/cnc-rover-22\/#breadcrumb"},"inLanguage":"en-US","potentialAction":[{"@type":"ReadAction","target":["https:\/\/machineriesbst.com\/en\/catalogue\/cnc-rover-22\/"]}]},{"@type":"BreadcrumbList","@id":"https:\/\/machineriesbst.com\/en\/catalogue\/cnc-rover-22\/#breadcrumb","itemListElement":[{"@type":"ListItem","position":1,"name":"Accueil","item":"https:\/\/machineriesbst.com\/en\/"},{"@type":"ListItem","position":2,"name":"Catalogue","item":"https:\/\/machineriesbst.com\/en\/catalog\/"},{"@type":"ListItem","position":3,"name":"CNC Rover 22"}]}]}},"_links":{"self":[{"href":"https:\/\/machineriesbst.com\/en\/wp-json\/wp\/v2\/product\/58602"}],"collection":[{"href":"https:\/\/machineriesbst.com\/en\/wp-json\/wp\/v2\/product"}],"about":[{"href":"https:\/\/machineriesbst.com\/en\/wp-json\/wp\/v2\/types\/product"}],"author":[{"embeddable":true,"href":"https:\/\/machineriesbst.com\/en\/wp-json\/wp\/v2\/users\/3"}],"replies":[{"embeddable":true,"href":"https:\/\/machineriesbst.com\/en\/wp-json\/wp\/v2\/comments?post=58602"}],"wp:featuredmedia":[{"embeddable":true,"href":"https:\/\/machineriesbst.com\/en\/wp-json\/wp\/v2\/media\/54415"}],"wp:attachment":[{"href":"https:\/\/machineriesbst.com\/en\/wp-json\/wp\/v2\/media?parent=58602"}],"wp:term":[{"taxonomy":"product_cat","embeddable":true,"href":"https:\/\/machineriesbst.com\/en\/wp-json\/wp\/v2\/product_cat?post=58602"},{"taxonomy":"product_tag","embeddable":true,"href":"https:\/\/machineriesbst.com\/en\/wp-json\/wp\/v2\/product_tag?post=58602"}],"curies":[{"name":"wp","href":"https:\/\/api.w.org\/{rel}","templated":true}]}}