{"id":58599,"date":"2021-06-08T09:56:49","date_gmt":"2021-06-08T13:56:49","guid":{"rendered":"https:\/\/machineriesbst.com\/?post_type=product&#038;p=58599"},"modified":"2023-11-30T20:22:51","modified_gmt":"2023-12-01T01:22:51","slug":"sableuse-loewer-discmaster","status":"publish","type":"product","link":"https:\/\/machineriesbst.com\/en\/catalogue\/sableuse-loewer-discmaster\/","title":{"rendered":"Loewer DiscMaster sandblaster"},"content":{"rendered":"<p>The DiscMaster 3DBB is a disc (bucket brush) and roller sander for large production lines. It is ideal for:<\/p>\n<p>Removal of fibers from wood, MDF and veneered parts.<br \/>\nSanding profiles, radii, crossings and surfaces.<br \/>\nPreparation of MDF for 3D film wrapping.<br \/>\nPreparation of the part for additional surface treatment.<br \/>\nPaint and lacquer denibbing.<br \/>\nThe DiscMaster works with 16 discs which no longer oscillate but rotate eccentrically. The advantages are firstly a significantly longer sanding time thanks to three rows of discs. This increased sanding intensity is of the utmost importance for sanding wood. Second, the eccentric rotation of the discs ensures that the sanding bands reach even the smallest of moldings. An additional blurring effect is also obtained on the surface. Last but not least, you get a uniform break of the side edges, regardless of the feed rate.<\/p>\n<p>The two large counter-rotating rollers which follow guarantee a uniform finish in the direction of feed.<\/p>\n<p>Loewer DiscMaster<br \/>\nLoewer DiscMaster display<br \/>\nLoewer DiscMaster options<br \/>\nStandard equipment<br \/>\nState-of-the-art eccentric disc technology.<br \/>\n16 large discs.<br \/>\n2 large counter-rotating sanding rollers.<br \/>\nIndividual motorized settings.<br \/>\nConstant crossing height.<br \/>\nWorking width 1350 mm (1850 mm available on request).<br \/>\nVariable speed advance.<\/p>","protected":false},"excerpt":{"rendered":"<p>The DiscMaster 3DBB is a disc (bucket brush) and roller sander for large production lines. It is ideal for: Removing fibers from wood, MDF and veneered pieces. Sanding profiles, radii, crossings and surfaces. Preparation of MDF for 3D film wrapping. Preparation of [\u2026]<\/p>","protected":false},"author":3,"featured_media":54394,"comment_status":"open","ping_status":"closed","template":"","meta":[],"product_cat":[1731],"product_tag":[],"acf":[],"yoast_head":"<!-- This site is optimized with the Yoast SEO plugin v16.8 - https:\/\/yoast.com\/wordpress\/plugins\/seo\/ -->\n<title>Sableuse Loewer DiscMaster - Machineries BST<\/title>\n<meta name=\"robots\" content=\"index, follow, max-snippet:-1, max-image-preview:large, max-video-preview:-1\" \/>\n<link rel=\"canonical\" href=\"https:\/\/machineriesbst.com\/en\/catalogue\/sableuse-loewer-discmaster\/\" \/>\n<meta property=\"og:locale\" content=\"en_US\" \/>\n<meta property=\"og:type\" content=\"article\" \/>\n<meta property=\"og:title\" content=\"Sableuse Loewer DiscMaster - Machineries BST\" \/>\n<meta property=\"og:description\" content=\"La DiscMaster 3DBB est une ponceuse \u00e0 disque (brosse \u00e0 godet) et \u00e0 rouleau pour les grandes lignes de production. Elle est id\u00e9ale pour: Enl\u00e8vement des fibres sur le bois, le MDF et les pi\u00e8ces plaqu\u00e9es. Profils de pon\u00e7age, rayons, croisements et surfaces. Pr\u00e9paration du MDF pour un emballage de film 3D. Pr\u00e9paration de la [&hellip;]\" \/>\n<meta property=\"og:url\" content=\"https:\/\/machineriesbst.com\/en\/catalogue\/sableuse-loewer-discmaster\/\" \/>\n<meta property=\"og:site_name\" content=\"Machineries BST\" \/>\n<meta property=\"article:modified_time\" content=\"2023-12-01T01:22:51+00:00\" \/>\n<meta property=\"og:image\" content=\"https:\/\/machineriesbst.com\/wp-content\/uploads\/2021\/05\/IMG_1082.jpg\" \/>\n\t<meta property=\"og:image:width\" content=\"640\" \/>\n\t<meta property=\"og:image:height\" content=\"480\" \/>\n<meta name=\"twitter:card\" content=\"summary_large_image\" \/>\n<meta name=\"twitter:label1\" content=\"Est. reading time\" \/>\n\t<meta name=\"twitter:data1\" content=\"1 minute\" \/>\n<script type=\"application\/ld+json\" class=\"yoast-schema-graph\">{\"@context\":\"https:\/\/schema.org\",\"@graph\":[{\"@type\":\"WebSite\",\"@id\":\"https:\/\/machineriesbst.com\/en\/#website\",\"url\":\"https:\/\/machineriesbst.com\/en\/\",\"name\":\"Machineries BST\",\"description\":\"Machines neuves &amp; usag\\u00e9es\",\"potentialAction\":[{\"@type\":\"SearchAction\",\"target\":{\"@type\":\"EntryPoint\",\"urlTemplate\":\"https:\/\/machineriesbst.com\/en\/?s={search_term_string}\"},\"query-input\":\"required name=search_term_string\"}],\"inLanguage\":\"en-US\"},{\"@type\":\"ImageObject\",\"@id\":\"https:\/\/machineriesbst.com\/en\/catalogue\/sableuse-loewer-discmaster\/#primaryimage\",\"inLanguage\":\"en-US\",\"url\":\"https:\/\/machineriesbst.com\/wp-content\/uploads\/2021\/05\/IMG_1082.jpg\",\"contentUrl\":\"https:\/\/machineriesbst.com\/wp-content\/uploads\/2021\/05\/IMG_1082.jpg\",\"width\":640,\"height\":480},{\"@type\":\"WebPage\",\"@id\":\"https:\/\/machineriesbst.com\/en\/catalogue\/sableuse-loewer-discmaster\/#webpage\",\"url\":\"https:\/\/machineriesbst.com\/en\/catalogue\/sableuse-loewer-discmaster\/\",\"name\":\"Sableuse Loewer DiscMaster - Machineries BST\",\"isPartOf\":{\"@id\":\"https:\/\/machineriesbst.com\/en\/#website\"},\"primaryImageOfPage\":{\"@id\":\"https:\/\/machineriesbst.com\/en\/catalogue\/sableuse-loewer-discmaster\/#primaryimage\"},\"datePublished\":\"2021-06-08T13:56:49+00:00\",\"dateModified\":\"2023-12-01T01:22:51+00:00\",\"breadcrumb\":{\"@id\":\"https:\/\/machineriesbst.com\/en\/catalogue\/sableuse-loewer-discmaster\/#breadcrumb\"},\"inLanguage\":\"en-US\",\"potentialAction\":[{\"@type\":\"ReadAction\",\"target\":[\"https:\/\/machineriesbst.com\/en\/catalogue\/sableuse-loewer-discmaster\/\"]}]},{\"@type\":\"BreadcrumbList\",\"@id\":\"https:\/\/machineriesbst.com\/en\/catalogue\/sableuse-loewer-discmaster\/#breadcrumb\",\"itemListElement\":[{\"@type\":\"ListItem\",\"position\":1,\"name\":\"Accueil\",\"item\":\"https:\/\/machineriesbst.com\/en\/\"},{\"@type\":\"ListItem\",\"position\":2,\"name\":\"Catalogue\",\"item\":\"https:\/\/machineriesbst.com\/en\/catalog\/\"},{\"@type\":\"ListItem\",\"position\":3,\"name\":\"Sableuse Loewer DiscMaster\"}]}]}<\/script>\n<!-- \/ Yoast SEO plugin. -->","yoast_head_json":{"title":"Sableuse Loewer DiscMaster - Machineries BST","robots":{"index":"index","follow":"follow","max-snippet":"max-snippet:-1","max-image-preview":"max-image-preview:large","max-video-preview":"max-video-preview:-1"},"canonical":"https:\/\/machineriesbst.com\/en\/catalogue\/sableuse-loewer-discmaster\/","og_locale":"en_US","og_type":"article","og_title":"Sableuse Loewer DiscMaster - Machineries BST","og_description":"La DiscMaster 3DBB est une ponceuse \u00e0 disque (brosse \u00e0 godet) et \u00e0 rouleau pour les grandes lignes de production. Elle est id\u00e9ale pour: Enl\u00e8vement des fibres sur le bois, le MDF et les pi\u00e8ces plaqu\u00e9es. Profils de pon\u00e7age, rayons, croisements et surfaces. Pr\u00e9paration du MDF pour un emballage de film 3D. Pr\u00e9paration de la [&hellip;]","og_url":"https:\/\/machineriesbst.com\/en\/catalogue\/sableuse-loewer-discmaster\/","og_site_name":"Machineries BST","article_modified_time":"2023-12-01T01:22:51+00:00","og_image":[{"width":640,"height":480,"url":"https:\/\/machineriesbst.com\/wp-content\/uploads\/2021\/05\/IMG_1082.jpg","path":"\/home\/jepeto\/public_html\/wp-content\/uploads\/2021\/05\/IMG_1082.jpg","size":"full","id":54394,"alt":"","pixels":307200,"type":"image\/jpeg"}],"twitter_card":"summary_large_image","twitter_misc":{"Est. reading time":"1 minute"},"schema":{"@context":"https:\/\/schema.org","@graph":[{"@type":"WebSite","@id":"https:\/\/machineriesbst.com\/en\/#website","url":"https:\/\/machineriesbst.com\/en\/","name":"Machineries BST","description":"Machines neuves &amp; usag\u00e9es","potentialAction":[{"@type":"SearchAction","target":{"@type":"EntryPoint","urlTemplate":"https:\/\/machineriesbst.com\/en\/?s={search_term_string}"},"query-input":"required name=search_term_string"}],"inLanguage":"en-US"},{"@type":"ImageObject","@id":"https:\/\/machineriesbst.com\/en\/catalogue\/sableuse-loewer-discmaster\/#primaryimage","inLanguage":"en-US","url":"https:\/\/machineriesbst.com\/wp-content\/uploads\/2021\/05\/IMG_1082.jpg","contentUrl":"https:\/\/machineriesbst.com\/wp-content\/uploads\/2021\/05\/IMG_1082.jpg","width":640,"height":480},{"@type":"WebPage","@id":"https:\/\/machineriesbst.com\/en\/catalogue\/sableuse-loewer-discmaster\/#webpage","url":"https:\/\/machineriesbst.com\/en\/catalogue\/sableuse-loewer-discmaster\/","name":"Sableuse Loewer DiscMaster - Machineries BST","isPartOf":{"@id":"https:\/\/machineriesbst.com\/en\/#website"},"primaryImageOfPage":{"@id":"https:\/\/machineriesbst.com\/en\/catalogue\/sableuse-loewer-discmaster\/#primaryimage"},"datePublished":"2021-06-08T13:56:49+00:00","dateModified":"2023-12-01T01:22:51+00:00","breadcrumb":{"@id":"https:\/\/machineriesbst.com\/en\/catalogue\/sableuse-loewer-discmaster\/#breadcrumb"},"inLanguage":"en-US","potentialAction":[{"@type":"ReadAction","target":["https:\/\/machineriesbst.com\/en\/catalogue\/sableuse-loewer-discmaster\/"]}]},{"@type":"BreadcrumbList","@id":"https:\/\/machineriesbst.com\/en\/catalogue\/sableuse-loewer-discmaster\/#breadcrumb","itemListElement":[{"@type":"ListItem","position":1,"name":"Accueil","item":"https:\/\/machineriesbst.com\/en\/"},{"@type":"ListItem","position":2,"name":"Catalogue","item":"https:\/\/machineriesbst.com\/en\/catalog\/"},{"@type":"ListItem","position":3,"name":"Sableuse Loewer DiscMaster"}]}]}},"_links":{"self":[{"href":"https:\/\/machineriesbst.com\/en\/wp-json\/wp\/v2\/product\/58599"}],"collection":[{"href":"https:\/\/machineriesbst.com\/en\/wp-json\/wp\/v2\/product"}],"about":[{"href":"https:\/\/machineriesbst.com\/en\/wp-json\/wp\/v2\/types\/product"}],"author":[{"embeddable":true,"href":"https:\/\/machineriesbst.com\/en\/wp-json\/wp\/v2\/users\/3"}],"replies":[{"embeddable":true,"href":"https:\/\/machineriesbst.com\/en\/wp-json\/wp\/v2\/comments?post=58599"}],"wp:featuredmedia":[{"embeddable":true,"href":"https:\/\/machineriesbst.com\/en\/wp-json\/wp\/v2\/media\/54394"}],"wp:attachment":[{"href":"https:\/\/machineriesbst.com\/en\/wp-json\/wp\/v2\/media?parent=58599"}],"wp:term":[{"taxonomy":"product_cat","embeddable":true,"href":"https:\/\/machineriesbst.com\/en\/wp-json\/wp\/v2\/product_cat?post=58599"},{"taxonomy":"product_tag","embeddable":true,"href":"https:\/\/machineriesbst.com\/en\/wp-json\/wp\/v2\/product_tag?post=58599"}],"curies":[{"name":"wp","href":"https:\/\/api.w.org\/{rel}","templated":true}]}}