{"id":58588,"date":"2021-06-08T09:56:23","date_gmt":"2021-06-08T13:56:23","guid":{"rendered":"https:\/\/machineriesbst.com\/?post_type=product&#038;p=58588"},"modified":"2023-11-30T20:22:51","modified_gmt":"2023-12-01T01:22:51","slug":"emballeuse-a-moulure-foil-wrapper-duspohl","status":"publish","type":"product","link":"https:\/\/machineriesbst.com\/en\/catalogue\/emballeuse-a-moulure-foil-wrapper-duspohl\/","title":{"rendered":"Duspohl Foil Wrapper Molding Wrapper"},"content":{"rendered":"<p>D\u00fcspohl is the world&#39;s most innovative company in the development of packaging and profile technologies, as well as laminating machines for the wood and plastics processing industries.<\/p>\n<p>Packaging machine for profile. In good condition. Nordson Pure Glue Unit.<\/p>","protected":false},"excerpt":{"rendered":"<p>D\u00fcspohl is the world&#39;s most innovative company in the development of packaging and profile technologies, as well as laminating machines for the wood and plastics processing industries. Packaging machine for profile. In good condition. Nordson Pure Glue Unit.<\/p>","protected":false},"author":3,"featured_media":54318,"comment_status":"open","ping_status":"closed","template":"","meta":[],"product_cat":[3038,579],"product_tag":[],"acf":[],"yoast_head":"<!-- This site is optimized with the Yoast SEO plugin v16.8 - https:\/\/yoast.com\/wordpress\/plugins\/seo\/ -->\n<title>Emballeuse \u00e0 Moulure Foil Wrapper Duspohl - Machineries BST<\/title>\n<meta name=\"robots\" content=\"index, follow, max-snippet:-1, max-image-preview:large, max-video-preview:-1\" \/>\n<link rel=\"canonical\" href=\"https:\/\/machineriesbst.com\/en\/catalogue\/emballeuse-a-moulure-foil-wrapper-duspohl\/\" \/>\n<meta property=\"og:locale\" content=\"en_US\" \/>\n<meta property=\"og:type\" content=\"article\" \/>\n<meta property=\"og:title\" content=\"Emballeuse \u00e0 Moulure Foil Wrapper Duspohl - Machineries BST\" \/>\n<meta property=\"og:description\" content=\"D\u00fcspohl est l&#039;entreprise la plus innovante au monde en ce qui concerne le d\u00e9veloppement de technologies d&#039;emballage et de profil\u00e9s, ainsi que des machines de laminage pour les industries de transformation du bois et des plastiques. Emballeuse pour profil\u00e9 . En bonne condition. Unit\u00e9 de Colle Nordson Pur .\" \/>\n<meta property=\"og:url\" content=\"https:\/\/machineriesbst.com\/en\/catalogue\/emballeuse-a-moulure-foil-wrapper-duspohl\/\" \/>\n<meta property=\"og:site_name\" content=\"Machineries BST\" \/>\n<meta property=\"article:modified_time\" content=\"2023-12-01T01:22:51+00:00\" \/>\n<meta property=\"og:image\" content=\"https:\/\/machineriesbst.com\/wp-content\/uploads\/2021\/05\/IMG_0923.jpg\" \/>\n\t<meta property=\"og:image:width\" content=\"480\" \/>\n\t<meta property=\"og:image:height\" content=\"640\" \/>\n<meta name=\"twitter:card\" content=\"summary_large_image\" \/>\n<script type=\"application\/ld+json\" class=\"yoast-schema-graph\">{\"@context\":\"https:\/\/schema.org\",\"@graph\":[{\"@type\":\"WebSite\",\"@id\":\"https:\/\/machineriesbst.com\/en\/#website\",\"url\":\"https:\/\/machineriesbst.com\/en\/\",\"name\":\"Machineries BST\",\"description\":\"Machines neuves &amp; usag\\u00e9es\",\"potentialAction\":[{\"@type\":\"SearchAction\",\"target\":{\"@type\":\"EntryPoint\",\"urlTemplate\":\"https:\/\/machineriesbst.com\/en\/?s={search_term_string}\"},\"query-input\":\"required name=search_term_string\"}],\"inLanguage\":\"en-US\"},{\"@type\":\"ImageObject\",\"@id\":\"https:\/\/machineriesbst.com\/en\/catalogue\/emballeuse-a-moulure-foil-wrapper-duspohl\/#primaryimage\",\"inLanguage\":\"en-US\",\"url\":\"https:\/\/machineriesbst.com\/wp-content\/uploads\/2021\/05\/IMG_0923.jpg\",\"contentUrl\":\"https:\/\/machineriesbst.com\/wp-content\/uploads\/2021\/05\/IMG_0923.jpg\",\"width\":480,\"height\":640},{\"@type\":\"WebPage\",\"@id\":\"https:\/\/machineriesbst.com\/en\/catalogue\/emballeuse-a-moulure-foil-wrapper-duspohl\/#webpage\",\"url\":\"https:\/\/machineriesbst.com\/en\/catalogue\/emballeuse-a-moulure-foil-wrapper-duspohl\/\",\"name\":\"Emballeuse \\u00e0 Moulure Foil Wrapper Duspohl - Machineries BST\",\"isPartOf\":{\"@id\":\"https:\/\/machineriesbst.com\/en\/#website\"},\"primaryImageOfPage\":{\"@id\":\"https:\/\/machineriesbst.com\/en\/catalogue\/emballeuse-a-moulure-foil-wrapper-duspohl\/#primaryimage\"},\"datePublished\":\"2021-06-08T13:56:23+00:00\",\"dateModified\":\"2023-12-01T01:22:51+00:00\",\"breadcrumb\":{\"@id\":\"https:\/\/machineriesbst.com\/en\/catalogue\/emballeuse-a-moulure-foil-wrapper-duspohl\/#breadcrumb\"},\"inLanguage\":\"en-US\",\"potentialAction\":[{\"@type\":\"ReadAction\",\"target\":[\"https:\/\/machineriesbst.com\/en\/catalogue\/emballeuse-a-moulure-foil-wrapper-duspohl\/\"]}]},{\"@type\":\"BreadcrumbList\",\"@id\":\"https:\/\/machineriesbst.com\/en\/catalogue\/emballeuse-a-moulure-foil-wrapper-duspohl\/#breadcrumb\",\"itemListElement\":[{\"@type\":\"ListItem\",\"position\":1,\"name\":\"Accueil\",\"item\":\"https:\/\/machineriesbst.com\/en\/\"},{\"@type\":\"ListItem\",\"position\":2,\"name\":\"Catalogue\",\"item\":\"https:\/\/machineriesbst.com\/en\/catalog\/\"},{\"@type\":\"ListItem\",\"position\":3,\"name\":\"Emballeuse \\u00e0 Moulure Foil Wrapper Duspohl\"}]}]}<\/script>\n<!-- \/ Yoast SEO plugin. -->","yoast_head_json":{"title":"Emballeuse \u00e0 Moulure Foil Wrapper Duspohl - Machineries BST","robots":{"index":"index","follow":"follow","max-snippet":"max-snippet:-1","max-image-preview":"max-image-preview:large","max-video-preview":"max-video-preview:-1"},"canonical":"https:\/\/machineriesbst.com\/en\/catalogue\/emballeuse-a-moulure-foil-wrapper-duspohl\/","og_locale":"en_US","og_type":"article","og_title":"Emballeuse \u00e0 Moulure Foil Wrapper Duspohl - Machineries BST","og_description":"D\u00fcspohl est l'entreprise la plus innovante au monde en ce qui concerne le d\u00e9veloppement de technologies d'emballage et de profil\u00e9s, ainsi que des machines de laminage pour les industries de transformation du bois et des plastiques. Emballeuse pour profil\u00e9 . En bonne condition. Unit\u00e9 de Colle Nordson Pur .","og_url":"https:\/\/machineriesbst.com\/en\/catalogue\/emballeuse-a-moulure-foil-wrapper-duspohl\/","og_site_name":"Machineries BST","article_modified_time":"2023-12-01T01:22:51+00:00","og_image":[{"width":480,"height":640,"url":"https:\/\/machineriesbst.com\/wp-content\/uploads\/2021\/05\/IMG_0923.jpg","path":"\/home\/jepeto\/public_html\/wp-content\/uploads\/2021\/05\/IMG_0923.jpg","size":"full","id":54318,"alt":"","pixels":307200,"type":"image\/jpeg"}],"twitter_card":"summary_large_image","schema":{"@context":"https:\/\/schema.org","@graph":[{"@type":"WebSite","@id":"https:\/\/machineriesbst.com\/en\/#website","url":"https:\/\/machineriesbst.com\/en\/","name":"Machineries BST","description":"Machines neuves &amp; usag\u00e9es","potentialAction":[{"@type":"SearchAction","target":{"@type":"EntryPoint","urlTemplate":"https:\/\/machineriesbst.com\/en\/?s={search_term_string}"},"query-input":"required name=search_term_string"}],"inLanguage":"en-US"},{"@type":"ImageObject","@id":"https:\/\/machineriesbst.com\/en\/catalogue\/emballeuse-a-moulure-foil-wrapper-duspohl\/#primaryimage","inLanguage":"en-US","url":"https:\/\/machineriesbst.com\/wp-content\/uploads\/2021\/05\/IMG_0923.jpg","contentUrl":"https:\/\/machineriesbst.com\/wp-content\/uploads\/2021\/05\/IMG_0923.jpg","width":480,"height":640},{"@type":"WebPage","@id":"https:\/\/machineriesbst.com\/en\/catalogue\/emballeuse-a-moulure-foil-wrapper-duspohl\/#webpage","url":"https:\/\/machineriesbst.com\/en\/catalogue\/emballeuse-a-moulure-foil-wrapper-duspohl\/","name":"Emballeuse \u00e0 Moulure Foil Wrapper Duspohl - Machineries BST","isPartOf":{"@id":"https:\/\/machineriesbst.com\/en\/#website"},"primaryImageOfPage":{"@id":"https:\/\/machineriesbst.com\/en\/catalogue\/emballeuse-a-moulure-foil-wrapper-duspohl\/#primaryimage"},"datePublished":"2021-06-08T13:56:23+00:00","dateModified":"2023-12-01T01:22:51+00:00","breadcrumb":{"@id":"https:\/\/machineriesbst.com\/en\/catalogue\/emballeuse-a-moulure-foil-wrapper-duspohl\/#breadcrumb"},"inLanguage":"en-US","potentialAction":[{"@type":"ReadAction","target":["https:\/\/machineriesbst.com\/en\/catalogue\/emballeuse-a-moulure-foil-wrapper-duspohl\/"]}]},{"@type":"BreadcrumbList","@id":"https:\/\/machineriesbst.com\/en\/catalogue\/emballeuse-a-moulure-foil-wrapper-duspohl\/#breadcrumb","itemListElement":[{"@type":"ListItem","position":1,"name":"Accueil","item":"https:\/\/machineriesbst.com\/en\/"},{"@type":"ListItem","position":2,"name":"Catalogue","item":"https:\/\/machineriesbst.com\/en\/catalog\/"},{"@type":"ListItem","position":3,"name":"Emballeuse \u00e0 Moulure Foil Wrapper Duspohl"}]}]}},"_links":{"self":[{"href":"https:\/\/machineriesbst.com\/en\/wp-json\/wp\/v2\/product\/58588"}],"collection":[{"href":"https:\/\/machineriesbst.com\/en\/wp-json\/wp\/v2\/product"}],"about":[{"href":"https:\/\/machineriesbst.com\/en\/wp-json\/wp\/v2\/types\/product"}],"author":[{"embeddable":true,"href":"https:\/\/machineriesbst.com\/en\/wp-json\/wp\/v2\/users\/3"}],"replies":[{"embeddable":true,"href":"https:\/\/machineriesbst.com\/en\/wp-json\/wp\/v2\/comments?post=58588"}],"wp:featuredmedia":[{"embeddable":true,"href":"https:\/\/machineriesbst.com\/en\/wp-json\/wp\/v2\/media\/54318"}],"wp:attachment":[{"href":"https:\/\/machineriesbst.com\/en\/wp-json\/wp\/v2\/media?parent=58588"}],"wp:term":[{"taxonomy":"product_cat","embeddable":true,"href":"https:\/\/machineriesbst.com\/en\/wp-json\/wp\/v2\/product_cat?post=58588"},{"taxonomy":"product_tag","embeddable":true,"href":"https:\/\/machineriesbst.com\/en\/wp-json\/wp\/v2\/product_tag?post=58588"}],"curies":[{"name":"wp","href":"https:\/\/api.w.org\/{rel}","templated":true}]}}