{"id":58584,"date":"2021-06-08T09:56:22","date_gmt":"2021-06-08T13:56:22","guid":{"rendered":"https:\/\/machineriesbst.com\/?post_type=product&#038;p=58584"},"modified":"2023-11-30T20:22:51","modified_gmt":"2023-12-01T01:22:51","slug":"biesse-spark-5-8-plaqueuse-de-chant","status":"publish","type":"product","link":"https:\/\/machineriesbst.com\/en\/catalogue\/biesse-spark-5-8-plaqueuse-de-chant\/","title":{"rendered":"Biesse Spark 5.8 Edgebander"},"content":{"rendered":"<p>BIESSE SPARK 5.8 EDGEBANDER<\/p>\n<p>User-friendly control panel<\/p>\n<p>Upper pressure beam with manual adjustment.<\/p>\n<p>Roller device with side support<\/p>\n<p>2 Liter Teflon Coated Glue Tank<\/p>\n<p>Rapid heating system.<\/p>\n<p>Automatic glue temperature settings<\/p>\n<p>Pneumatic Guillotine Knife<\/p>\n<p>Adjustable edge pressure unit<\/p>\n<p>Pre-milling unit<\/p>\n<p>Front and rear cutting units<\/p>\n<p>Upper and lower edge cutting unit<\/p>\n<p>Upper and lower profile scraping units<\/p>\n<p>Upper and lower polishing unit<\/p>\n<p>Wheels included for easy movement.<\/p>\n<p>Characteristics:<\/p>\n<p>Minimum panel width 3.2 \u201d\/ 80 mm<\/p>\n<p>Minimum panel length 11.8 \u201d\/ 300 mm<\/p>\n<p>Panel thickness max 1.8 \u201d\/ 45 mm<\/p>\n<p>Minimum panel thickness 0.39 \u201d\/ 10 mm<\/p>\n<p>Material thickness (rolls) 0.02 - 0.12 \u201d\/ 0.4 - 3 mm<\/p>\n<p>Material thickness (strips) 0.02 - 0.32 \u201d\/ 0.4 - 8 mm<\/p>\n<p>Feed speed 39-53 ft \/ min \/ 12-16 m \/ min<\/p>\n<p>Air pressure 6 bar Weight: 3550 lb \/ 1610 Kg<\/p>\n<p>CE standards<\/p>\n<p>Multi-socket transformer 220V, 480V, 575V, three-phase 60Hz<\/p>","protected":false},"excerpt":{"rendered":"<p>BIESSE SPARK 5.8 EDGEBANDER User-friendly control panel Top pressure beam with manual adjustment. Roller device with side support 2 liter Teflon coated glue tank Fast heating system. Automatic glue temperature settings Pneumatic guillotine knife Adjustable edge pressure unit Pre-milling unit [\u2026] units<\/p>","protected":false},"author":3,"featured_media":54293,"comment_status":"open","ping_status":"closed","template":"","meta":[],"product_cat":[363],"product_tag":[],"acf":[],"yoast_head":"<!-- This site is optimized with the Yoast SEO plugin v16.8 - https:\/\/yoast.com\/wordpress\/plugins\/seo\/ -->\n<title>Biesse Spark 5.8 Plaqueuse de chant - Machineries BST<\/title>\n<meta name=\"robots\" content=\"index, follow, max-snippet:-1, max-image-preview:large, max-video-preview:-1\" \/>\n<link rel=\"canonical\" href=\"https:\/\/machineriesbst.com\/en\/catalogue\/biesse-spark-5-8-plaqueuse-de-chant\/\" \/>\n<meta property=\"og:locale\" content=\"en_US\" \/>\n<meta property=\"og:type\" content=\"article\" \/>\n<meta property=\"og:title\" content=\"Biesse Spark 5.8 Plaqueuse de chant - Machineries BST\" \/>\n<meta property=\"og:description\" content=\"BIESSE SPARK 5.8 EDGEBANDER Panneau de configuration convivial Poutre de pression sup\u00e9rieure avec r\u00e9glage manuel. Dispositif \u00e0 rouleaux avec support lat\u00e9ral R\u00e9servoir de colle enduit de t\u00e9flon de 2 litres Syst\u00e8me de chauffage rapide. Param\u00e8tres de temp\u00e9rature de colle automatiques Couteau \u00e0 guillotine pneumatique Unit\u00e9 de pression de bord r\u00e9glable Unit\u00e9 de pr\u00e9-fraisage Unit\u00e9s de [&hellip;]\" \/>\n<meta property=\"og:url\" content=\"https:\/\/machineriesbst.com\/en\/catalogue\/biesse-spark-5-8-plaqueuse-de-chant\/\" \/>\n<meta property=\"og:site_name\" content=\"Machineries BST\" \/>\n<meta property=\"article:modified_time\" content=\"2023-12-01T01:22:51+00:00\" \/>\n<meta property=\"og:image\" content=\"https:\/\/machineriesbst.com\/wp-content\/uploads\/2021\/05\/Biesse-Spark-5.8-Edgebander_01.jpg\" \/>\n\t<meta property=\"og:image:width\" content=\"800\" \/>\n\t<meta property=\"og:image:height\" content=\"600\" \/>\n<meta name=\"twitter:card\" content=\"summary_large_image\" \/>\n<meta name=\"twitter:label1\" content=\"Est. reading time\" \/>\n\t<meta name=\"twitter:data1\" content=\"1 minute\" \/>\n<script type=\"application\/ld+json\" class=\"yoast-schema-graph\">{\"@context\":\"https:\/\/schema.org\",\"@graph\":[{\"@type\":\"WebSite\",\"@id\":\"https:\/\/machineriesbst.com\/en\/#website\",\"url\":\"https:\/\/machineriesbst.com\/en\/\",\"name\":\"Machineries BST\",\"description\":\"Machines neuves &amp; usag\\u00e9es\",\"potentialAction\":[{\"@type\":\"SearchAction\",\"target\":{\"@type\":\"EntryPoint\",\"urlTemplate\":\"https:\/\/machineriesbst.com\/en\/?s={search_term_string}\"},\"query-input\":\"required name=search_term_string\"}],\"inLanguage\":\"en-US\"},{\"@type\":\"ImageObject\",\"@id\":\"https:\/\/machineriesbst.com\/en\/catalogue\/biesse-spark-5-8-plaqueuse-de-chant\/#primaryimage\",\"inLanguage\":\"en-US\",\"url\":\"https:\/\/machineriesbst.com\/wp-content\/uploads\/2021\/05\/Biesse-Spark-5.8-Edgebander_01.jpg\",\"contentUrl\":\"https:\/\/machineriesbst.com\/wp-content\/uploads\/2021\/05\/Biesse-Spark-5.8-Edgebander_01.jpg\",\"width\":800,\"height\":600},{\"@type\":\"WebPage\",\"@id\":\"https:\/\/machineriesbst.com\/en\/catalogue\/biesse-spark-5-8-plaqueuse-de-chant\/#webpage\",\"url\":\"https:\/\/machineriesbst.com\/en\/catalogue\/biesse-spark-5-8-plaqueuse-de-chant\/\",\"name\":\"Biesse Spark 5.8 Plaqueuse de chant - Machineries BST\",\"isPartOf\":{\"@id\":\"https:\/\/machineriesbst.com\/en\/#website\"},\"primaryImageOfPage\":{\"@id\":\"https:\/\/machineriesbst.com\/en\/catalogue\/biesse-spark-5-8-plaqueuse-de-chant\/#primaryimage\"},\"datePublished\":\"2021-06-08T13:56:22+00:00\",\"dateModified\":\"2023-12-01T01:22:51+00:00\",\"breadcrumb\":{\"@id\":\"https:\/\/machineriesbst.com\/en\/catalogue\/biesse-spark-5-8-plaqueuse-de-chant\/#breadcrumb\"},\"inLanguage\":\"en-US\",\"potentialAction\":[{\"@type\":\"ReadAction\",\"target\":[\"https:\/\/machineriesbst.com\/en\/catalogue\/biesse-spark-5-8-plaqueuse-de-chant\/\"]}]},{\"@type\":\"BreadcrumbList\",\"@id\":\"https:\/\/machineriesbst.com\/en\/catalogue\/biesse-spark-5-8-plaqueuse-de-chant\/#breadcrumb\",\"itemListElement\":[{\"@type\":\"ListItem\",\"position\":1,\"name\":\"Accueil\",\"item\":\"https:\/\/machineriesbst.com\/en\/\"},{\"@type\":\"ListItem\",\"position\":2,\"name\":\"Catalogue\",\"item\":\"https:\/\/machineriesbst.com\/en\/catalog\/\"},{\"@type\":\"ListItem\",\"position\":3,\"name\":\"Biesse Spark 5.8 Plaqueuse de chant\"}]}]}<\/script>\n<!-- \/ Yoast SEO plugin. -->","yoast_head_json":{"title":"Biesse Spark 5.8 Plaqueuse de chant - Machineries BST","robots":{"index":"index","follow":"follow","max-snippet":"max-snippet:-1","max-image-preview":"max-image-preview:large","max-video-preview":"max-video-preview:-1"},"canonical":"https:\/\/machineriesbst.com\/en\/catalogue\/biesse-spark-5-8-plaqueuse-de-chant\/","og_locale":"en_US","og_type":"article","og_title":"Biesse Spark 5.8 Plaqueuse de chant - Machineries BST","og_description":"BIESSE SPARK 5.8 EDGEBANDER Panneau de configuration convivial Poutre de pression sup\u00e9rieure avec r\u00e9glage manuel. Dispositif \u00e0 rouleaux avec support lat\u00e9ral R\u00e9servoir de colle enduit de t\u00e9flon de 2 litres Syst\u00e8me de chauffage rapide. Param\u00e8tres de temp\u00e9rature de colle automatiques Couteau \u00e0 guillotine pneumatique Unit\u00e9 de pression de bord r\u00e9glable Unit\u00e9 de pr\u00e9-fraisage Unit\u00e9s de [&hellip;]","og_url":"https:\/\/machineriesbst.com\/en\/catalogue\/biesse-spark-5-8-plaqueuse-de-chant\/","og_site_name":"Machineries BST","article_modified_time":"2023-12-01T01:22:51+00:00","og_image":[{"width":800,"height":600,"url":"https:\/\/machineriesbst.com\/wp-content\/uploads\/2021\/05\/Biesse-Spark-5.8-Edgebander_01.jpg","path":"\/home\/jepeto\/public_html\/wp-content\/uploads\/2021\/05\/Biesse-Spark-5.8-Edgebander_01.jpg","size":"full","id":54293,"alt":"","pixels":480000,"type":"image\/jpeg"}],"twitter_card":"summary_large_image","twitter_misc":{"Est. reading time":"1 minute"},"schema":{"@context":"https:\/\/schema.org","@graph":[{"@type":"WebSite","@id":"https:\/\/machineriesbst.com\/en\/#website","url":"https:\/\/machineriesbst.com\/en\/","name":"Machineries BST","description":"Machines neuves &amp; usag\u00e9es","potentialAction":[{"@type":"SearchAction","target":{"@type":"EntryPoint","urlTemplate":"https:\/\/machineriesbst.com\/en\/?s={search_term_string}"},"query-input":"required name=search_term_string"}],"inLanguage":"en-US"},{"@type":"ImageObject","@id":"https:\/\/machineriesbst.com\/en\/catalogue\/biesse-spark-5-8-plaqueuse-de-chant\/#primaryimage","inLanguage":"en-US","url":"https:\/\/machineriesbst.com\/wp-content\/uploads\/2021\/05\/Biesse-Spark-5.8-Edgebander_01.jpg","contentUrl":"https:\/\/machineriesbst.com\/wp-content\/uploads\/2021\/05\/Biesse-Spark-5.8-Edgebander_01.jpg","width":800,"height":600},{"@type":"WebPage","@id":"https:\/\/machineriesbst.com\/en\/catalogue\/biesse-spark-5-8-plaqueuse-de-chant\/#webpage","url":"https:\/\/machineriesbst.com\/en\/catalogue\/biesse-spark-5-8-plaqueuse-de-chant\/","name":"Biesse Spark 5.8 Plaqueuse de chant - Machineries BST","isPartOf":{"@id":"https:\/\/machineriesbst.com\/en\/#website"},"primaryImageOfPage":{"@id":"https:\/\/machineriesbst.com\/en\/catalogue\/biesse-spark-5-8-plaqueuse-de-chant\/#primaryimage"},"datePublished":"2021-06-08T13:56:22+00:00","dateModified":"2023-12-01T01:22:51+00:00","breadcrumb":{"@id":"https:\/\/machineriesbst.com\/en\/catalogue\/biesse-spark-5-8-plaqueuse-de-chant\/#breadcrumb"},"inLanguage":"en-US","potentialAction":[{"@type":"ReadAction","target":["https:\/\/machineriesbst.com\/en\/catalogue\/biesse-spark-5-8-plaqueuse-de-chant\/"]}]},{"@type":"BreadcrumbList","@id":"https:\/\/machineriesbst.com\/en\/catalogue\/biesse-spark-5-8-plaqueuse-de-chant\/#breadcrumb","itemListElement":[{"@type":"ListItem","position":1,"name":"Accueil","item":"https:\/\/machineriesbst.com\/en\/"},{"@type":"ListItem","position":2,"name":"Catalogue","item":"https:\/\/machineriesbst.com\/en\/catalog\/"},{"@type":"ListItem","position":3,"name":"Biesse Spark 5.8 Plaqueuse de chant"}]}]}},"_links":{"self":[{"href":"https:\/\/machineriesbst.com\/en\/wp-json\/wp\/v2\/product\/58584"}],"collection":[{"href":"https:\/\/machineriesbst.com\/en\/wp-json\/wp\/v2\/product"}],"about":[{"href":"https:\/\/machineriesbst.com\/en\/wp-json\/wp\/v2\/types\/product"}],"author":[{"embeddable":true,"href":"https:\/\/machineriesbst.com\/en\/wp-json\/wp\/v2\/users\/3"}],"replies":[{"embeddable":true,"href":"https:\/\/machineriesbst.com\/en\/wp-json\/wp\/v2\/comments?post=58584"}],"wp:featuredmedia":[{"embeddable":true,"href":"https:\/\/machineriesbst.com\/en\/wp-json\/wp\/v2\/media\/54293"}],"wp:attachment":[{"href":"https:\/\/machineriesbst.com\/en\/wp-json\/wp\/v2\/media?parent=58584"}],"wp:term":[{"taxonomy":"product_cat","embeddable":true,"href":"https:\/\/machineriesbst.com\/en\/wp-json\/wp\/v2\/product_cat?post=58584"},{"taxonomy":"product_tag","embeddable":true,"href":"https:\/\/machineriesbst.com\/en\/wp-json\/wp\/v2\/product_tag?post=58584"}],"curies":[{"name":"wp","href":"https:\/\/api.w.org\/{rel}","templated":true}]}}