{"id":58572,"date":"2021-06-08T09:55:57","date_gmt":"2021-06-08T13:55:57","guid":{"rendered":"https:\/\/machineriesbst.com\/?post_type=product&#038;p=58572"},"modified":"2023-11-30T20:22:51","modified_gmt":"2023-12-01T01:22:51","slug":"end-matcher-fabrication-ry","status":"publish","type":"product","link":"https:\/\/machineriesbst.com\/en\/catalogue\/end-matcher-fabrication-ry\/","title":{"rendered":"End Matcher Manufacturing RY"},"content":{"rendered":"<p>End Matcher in excellent condition. Maximum board width of 9 inches. Quantity from 3,000 to 15,000 square feet per shift. Turnkey project with training and start-up of the bouveteuse.<\/p>","protected":false},"excerpt":{"rendered":"<p>End Matcher in excellent condition. Maximum board width of 9 inches. Quantity from 3,000 to 15,000 square feet per shift. Turnkey project with training and start-up of the bouveteuse.<\/p>","protected":false},"author":3,"featured_media":54201,"comment_status":"open","ping_status":"closed","template":"","meta":[],"product_cat":[303],"product_tag":[],"acf":[],"yoast_head":"<!-- This site is optimized with the Yoast SEO plugin v16.8 - https:\/\/yoast.com\/wordpress\/plugins\/seo\/ -->\n<title>End Matcher Fabrication RY - Machineries BST<\/title>\n<meta name=\"robots\" content=\"index, follow, max-snippet:-1, max-image-preview:large, max-video-preview:-1\" \/>\n<link rel=\"canonical\" href=\"https:\/\/machineriesbst.com\/en\/catalogue\/end-matcher-fabrication-ry\/\" \/>\n<meta property=\"og:locale\" content=\"en_US\" \/>\n<meta property=\"og:type\" content=\"article\" \/>\n<meta property=\"og:title\" content=\"End Matcher Fabrication RY - Machineries BST\" \/>\n<meta property=\"og:description\" content=\"End Matcher en excellente condition. Largeur de planche maximum de 9 pouces. Quantit\u00e9 de 3,000 \u00e0 15,000 pied carr\u00e9 par quart de travail. Projet cl\u00e9 en main avec formation et d\u00e9marrage de la bouveteuse.\" \/>\n<meta property=\"og:url\" content=\"https:\/\/machineriesbst.com\/en\/catalogue\/end-matcher-fabrication-ry\/\" \/>\n<meta property=\"og:site_name\" content=\"Machineries BST\" \/>\n<meta property=\"article:modified_time\" content=\"2023-12-01T01:22:51+00:00\" \/>\n<meta property=\"og:image\" content=\"https:\/\/machineriesbst.com\/wp-content\/uploads\/2021\/05\/IMG_20190501_0734166.jpg\" \/>\n\t<meta property=\"og:image:width\" content=\"511\" \/>\n\t<meta property=\"og:image:height\" content=\"768\" \/>\n<meta name=\"twitter:card\" content=\"summary_large_image\" \/>\n<script type=\"application\/ld+json\" class=\"yoast-schema-graph\">{\"@context\":\"https:\/\/schema.org\",\"@graph\":[{\"@type\":\"WebSite\",\"@id\":\"https:\/\/machineriesbst.com\/en\/#website\",\"url\":\"https:\/\/machineriesbst.com\/en\/\",\"name\":\"Machineries BST\",\"description\":\"Machines neuves &amp; usag\\u00e9es\",\"potentialAction\":[{\"@type\":\"SearchAction\",\"target\":{\"@type\":\"EntryPoint\",\"urlTemplate\":\"https:\/\/machineriesbst.com\/en\/?s={search_term_string}\"},\"query-input\":\"required name=search_term_string\"}],\"inLanguage\":\"en-US\"},{\"@type\":\"ImageObject\",\"@id\":\"https:\/\/machineriesbst.com\/en\/catalogue\/end-matcher-fabrication-ry\/#primaryimage\",\"inLanguage\":\"en-US\",\"url\":\"https:\/\/machineriesbst.com\/wp-content\/uploads\/2021\/05\/IMG_20190501_0734166.jpg\",\"contentUrl\":\"https:\/\/machineriesbst.com\/wp-content\/uploads\/2021\/05\/IMG_20190501_0734166.jpg\",\"width\":511,\"height\":768},{\"@type\":\"WebPage\",\"@id\":\"https:\/\/machineriesbst.com\/en\/catalogue\/end-matcher-fabrication-ry\/#webpage\",\"url\":\"https:\/\/machineriesbst.com\/en\/catalogue\/end-matcher-fabrication-ry\/\",\"name\":\"End Matcher Fabrication RY - Machineries BST\",\"isPartOf\":{\"@id\":\"https:\/\/machineriesbst.com\/en\/#website\"},\"primaryImageOfPage\":{\"@id\":\"https:\/\/machineriesbst.com\/en\/catalogue\/end-matcher-fabrication-ry\/#primaryimage\"},\"datePublished\":\"2021-06-08T13:55:57+00:00\",\"dateModified\":\"2023-12-01T01:22:51+00:00\",\"breadcrumb\":{\"@id\":\"https:\/\/machineriesbst.com\/en\/catalogue\/end-matcher-fabrication-ry\/#breadcrumb\"},\"inLanguage\":\"en-US\",\"potentialAction\":[{\"@type\":\"ReadAction\",\"target\":[\"https:\/\/machineriesbst.com\/en\/catalogue\/end-matcher-fabrication-ry\/\"]}]},{\"@type\":\"BreadcrumbList\",\"@id\":\"https:\/\/machineriesbst.com\/en\/catalogue\/end-matcher-fabrication-ry\/#breadcrumb\",\"itemListElement\":[{\"@type\":\"ListItem\",\"position\":1,\"name\":\"Accueil\",\"item\":\"https:\/\/machineriesbst.com\/en\/\"},{\"@type\":\"ListItem\",\"position\":2,\"name\":\"Catalogue\",\"item\":\"https:\/\/machineriesbst.com\/en\/catalog\/\"},{\"@type\":\"ListItem\",\"position\":3,\"name\":\"End Matcher Fabrication RY\"}]}]}<\/script>\n<!-- \/ Yoast SEO plugin. -->","yoast_head_json":{"title":"End Matcher Fabrication RY - Machineries BST","robots":{"index":"index","follow":"follow","max-snippet":"max-snippet:-1","max-image-preview":"max-image-preview:large","max-video-preview":"max-video-preview:-1"},"canonical":"https:\/\/machineriesbst.com\/en\/catalogue\/end-matcher-fabrication-ry\/","og_locale":"en_US","og_type":"article","og_title":"End Matcher Fabrication RY - Machineries BST","og_description":"End Matcher en excellente condition. Largeur de planche maximum de 9 pouces. Quantit\u00e9 de 3,000 \u00e0 15,000 pied carr\u00e9 par quart de travail. Projet cl\u00e9 en main avec formation et d\u00e9marrage de la bouveteuse.","og_url":"https:\/\/machineriesbst.com\/en\/catalogue\/end-matcher-fabrication-ry\/","og_site_name":"Machineries BST","article_modified_time":"2023-12-01T01:22:51+00:00","og_image":[{"width":511,"height":768,"url":"https:\/\/machineriesbst.com\/wp-content\/uploads\/2021\/05\/IMG_20190501_0734166.jpg","path":"\/home\/jepeto\/public_html\/wp-content\/uploads\/2021\/05\/IMG_20190501_0734166.jpg","size":"full","id":54201,"alt":"","pixels":392448,"type":"image\/jpeg"}],"twitter_card":"summary_large_image","schema":{"@context":"https:\/\/schema.org","@graph":[{"@type":"WebSite","@id":"https:\/\/machineriesbst.com\/en\/#website","url":"https:\/\/machineriesbst.com\/en\/","name":"Machineries BST","description":"Machines neuves &amp; usag\u00e9es","potentialAction":[{"@type":"SearchAction","target":{"@type":"EntryPoint","urlTemplate":"https:\/\/machineriesbst.com\/en\/?s={search_term_string}"},"query-input":"required name=search_term_string"}],"inLanguage":"en-US"},{"@type":"ImageObject","@id":"https:\/\/machineriesbst.com\/en\/catalogue\/end-matcher-fabrication-ry\/#primaryimage","inLanguage":"en-US","url":"https:\/\/machineriesbst.com\/wp-content\/uploads\/2021\/05\/IMG_20190501_0734166.jpg","contentUrl":"https:\/\/machineriesbst.com\/wp-content\/uploads\/2021\/05\/IMG_20190501_0734166.jpg","width":511,"height":768},{"@type":"WebPage","@id":"https:\/\/machineriesbst.com\/en\/catalogue\/end-matcher-fabrication-ry\/#webpage","url":"https:\/\/machineriesbst.com\/en\/catalogue\/end-matcher-fabrication-ry\/","name":"End Matcher Fabrication RY - Machineries BST","isPartOf":{"@id":"https:\/\/machineriesbst.com\/en\/#website"},"primaryImageOfPage":{"@id":"https:\/\/machineriesbst.com\/en\/catalogue\/end-matcher-fabrication-ry\/#primaryimage"},"datePublished":"2021-06-08T13:55:57+00:00","dateModified":"2023-12-01T01:22:51+00:00","breadcrumb":{"@id":"https:\/\/machineriesbst.com\/en\/catalogue\/end-matcher-fabrication-ry\/#breadcrumb"},"inLanguage":"en-US","potentialAction":[{"@type":"ReadAction","target":["https:\/\/machineriesbst.com\/en\/catalogue\/end-matcher-fabrication-ry\/"]}]},{"@type":"BreadcrumbList","@id":"https:\/\/machineriesbst.com\/en\/catalogue\/end-matcher-fabrication-ry\/#breadcrumb","itemListElement":[{"@type":"ListItem","position":1,"name":"Accueil","item":"https:\/\/machineriesbst.com\/en\/"},{"@type":"ListItem","position":2,"name":"Catalogue","item":"https:\/\/machineriesbst.com\/en\/catalog\/"},{"@type":"ListItem","position":3,"name":"End Matcher Fabrication RY"}]}]}},"_links":{"self":[{"href":"https:\/\/machineriesbst.com\/en\/wp-json\/wp\/v2\/product\/58572"}],"collection":[{"href":"https:\/\/machineriesbst.com\/en\/wp-json\/wp\/v2\/product"}],"about":[{"href":"https:\/\/machineriesbst.com\/en\/wp-json\/wp\/v2\/types\/product"}],"author":[{"embeddable":true,"href":"https:\/\/machineriesbst.com\/en\/wp-json\/wp\/v2\/users\/3"}],"replies":[{"embeddable":true,"href":"https:\/\/machineriesbst.com\/en\/wp-json\/wp\/v2\/comments?post=58572"}],"wp:featuredmedia":[{"embeddable":true,"href":"https:\/\/machineriesbst.com\/en\/wp-json\/wp\/v2\/media\/54201"}],"wp:attachment":[{"href":"https:\/\/machineriesbst.com\/en\/wp-json\/wp\/v2\/media?parent=58572"}],"wp:term":[{"taxonomy":"product_cat","embeddable":true,"href":"https:\/\/machineriesbst.com\/en\/wp-json\/wp\/v2\/product_cat?post=58572"},{"taxonomy":"product_tag","embeddable":true,"href":"https:\/\/machineriesbst.com\/en\/wp-json\/wp\/v2\/product_tag?post=58572"}],"curies":[{"name":"wp","href":"https:\/\/api.w.org\/{rel}","templated":true}]}}