{"id":58568,"date":"2021-06-08T09:55:56","date_gmt":"2021-06-08T13:55:56","guid":{"rendered":"https:\/\/machineriesbst.com\/?post_type=product&#038;p=58568"},"modified":"2023-11-30T20:22:52","modified_gmt":"2023-12-01T01:22:52","slug":"plaqueuse-de-chant-biesse-akron-artech-435-avec-premilling","status":"publish","type":"product","link":"https:\/\/machineriesbst.com\/en\/catalogue\/plaqueuse-de-chant-biesse-akron-artech-435-avec-premilling\/","title":{"rendered":"Biesse Akron Artech 435 edgebander with Premilling"},"content":{"rendered":"<p class=\"tw-data-text tw-text-large tw-ta\" dir=\"ltr\" data-placeholder=\"Translation\"><span lang=\"fr\" tabindex=\"0\">Biesse Edgebander <\/span><\/p>\n<p class=\"tw-data-text tw-text-large tw-ta\" dir=\"ltr\" data-placeholder=\"Translation\"><span lang=\"fr\" tabindex=\"0\">DESCRIPTION Type: one-sided edgebander <\/span><\/p>\n<p class=\"tw-data-text tw-text-large tw-ta\" dir=\"ltr\" data-placeholder=\"Translation\"><span lang=\"fr\" tabindex=\"0\">Year 2009\u00a0 <\/span><\/p>\n<p class=\"tw-data-text tw-text-large tw-ta\" dir=\"ltr\" data-placeholder=\"Translation\"><span lang=\"fr\" tabindex=\"0\">Panel height (mm): 60 <\/span><\/p>\n<p class=\"tw-data-text tw-text-large tw-ta\" dir=\"ltr\" data-placeholder=\"Translation\"><span lang=\"fr\" tabindex=\"0\">PVC \/ ABS thickness: 3mm <\/span><\/p>\n<p class=\"tw-data-text tw-text-large tw-ta\" dir=\"ltr\" data-placeholder=\"Translation\"><span lang=\"fr\" tabindex=\"0\">Speed: Infra-meters \/ min: 12 <\/span><\/p>\n<p class=\"tw-data-text tw-text-large tw-ta\" dir=\"ltr\" data-placeholder=\"Translation\"><span lang=\"fr\" tabindex=\"0\">Tape spool holder: Yes <\/span><\/p>\n<p class=\"tw-data-text tw-text-large tw-ta\" dir=\"ltr\" data-placeholder=\"Translation\"><span lang=\"fr\" tabindex=\"0\">Final cutting unit: YES <\/span><\/p>\n<p class=\"tw-data-text tw-text-large tw-ta\" dir=\"ltr\" data-placeholder=\"Translation\"><span lang=\"fr\" tabindex=\"0\">Fine cutting unit: Tilt <\/span><\/p>\n<p class=\"tw-data-text tw-text-large tw-ta\" dir=\"ltr\" data-placeholder=\"Translation\"><span lang=\"fr\" tabindex=\"0\">Corner rounding unit: NO<\/span><\/p>\n<p dir=\"ltr\" data-placeholder=\"Translation\">Premilling: YES<\/p>\n<p class=\"tw-data-text tw-text-large tw-ta\" dir=\"ltr\" data-placeholder=\"Translation\"><span lang=\"fr\" tabindex=\"0\">Edge scraping unit: YES <\/span><\/p>\n<p class=\"tw-data-text tw-text-large tw-ta\" dir=\"ltr\" data-placeholder=\"Translation\"><span lang=\"fr\" tabindex=\"0\">Glue scraping unit: YES <\/span><\/p>\n<p class=\"tw-data-text tw-text-large tw-ta\" dir=\"ltr\" data-placeholder=\"Translation\"><span lang=\"fr\" tabindex=\"0\">Polishing unit: yes<\/span><\/p>\n<p class=\"tw-data-text tw-text-large tw-ta\" dir=\"ltr\" data-placeholder=\"Translation\">","protected":false},"excerpt":{"rendered":"<p>Biesse Edgebander DESCRIPTION Type: one-sided edgebander Year 2009 Panel height (mm): 60 PVC \/ ABS thickness: 3mm Speed: Infra-meters \/ min: 12 Tape spool support: Yes Final cutting unit: YES Fine cutting unit: Tilt Corner rounding unit: NO Premilling: YES Scraping unit [\u2026]<\/p>","protected":false},"author":3,"featured_media":54170,"comment_status":"open","ping_status":"closed","template":"","meta":[],"product_cat":[363],"product_tag":[],"acf":[],"yoast_head":"<!-- This site is optimized with the Yoast SEO plugin v16.8 - https:\/\/yoast.com\/wordpress\/plugins\/seo\/ -->\n<title>Plaqueuse de chant Biesse Akron Artech 435 avec Premilling - Machineries BST<\/title>\n<meta name=\"robots\" content=\"index, follow, max-snippet:-1, max-image-preview:large, max-video-preview:-1\" \/>\n<link rel=\"canonical\" href=\"https:\/\/machineriesbst.com\/en\/catalogue\/plaqueuse-de-chant-biesse-akron-artech-435-avec-premilling\/\" \/>\n<meta property=\"og:locale\" content=\"en_US\" \/>\n<meta property=\"og:type\" content=\"article\" \/>\n<meta property=\"og:title\" content=\"Plaqueuse de chant Biesse Akron Artech 435 avec Premilling - Machineries BST\" \/>\n<meta property=\"og:description\" content=\"Biesse Plaqueuse de chants DESCRIPTION Type: plaqueuse de chants unilat\u00e9rale Ann\u00e9e 2009\u00a0 Hauteur du panneau (mm): 60 \u00c9paisseur de PVC \/ ABS: 3mm Vitesse : Infra-m\u00e8tres \/ min: 12 Support de bobine de bande: Oui Unit\u00e9 de coupe finale: OUI Unit\u00e9 de coupe fine: Inclinaison Unit\u00e9 d&#039;arrondi d&#039;angle: NON Premilling : OUI Unit\u00e9 de raclage [&hellip;]\" \/>\n<meta property=\"og:url\" content=\"https:\/\/machineriesbst.com\/en\/catalogue\/plaqueuse-de-chant-biesse-akron-artech-435-avec-premilling\/\" \/>\n<meta property=\"og:site_name\" content=\"Machineries BST\" \/>\n<meta property=\"article:modified_time\" content=\"2023-12-01T01:22:52+00:00\" \/>\n<meta property=\"og:image\" content=\"https:\/\/machineriesbst.com\/wp-content\/uploads\/2021\/05\/IMG_20191002_134735-e1571853768921-scaled.jpg\" \/>\n\t<meta property=\"og:image:width\" content=\"1920\" \/>\n\t<meta property=\"og:image:height\" content=\"2560\" \/>\n<meta name=\"twitter:card\" content=\"summary_large_image\" \/>\n<script type=\"application\/ld+json\" class=\"yoast-schema-graph\">{\"@context\":\"https:\/\/schema.org\",\"@graph\":[{\"@type\":\"WebSite\",\"@id\":\"https:\/\/machineriesbst.com\/en\/#website\",\"url\":\"https:\/\/machineriesbst.com\/en\/\",\"name\":\"Machineries BST\",\"description\":\"Machines neuves &amp; usag\\u00e9es\",\"potentialAction\":[{\"@type\":\"SearchAction\",\"target\":{\"@type\":\"EntryPoint\",\"urlTemplate\":\"https:\/\/machineriesbst.com\/en\/?s={search_term_string}\"},\"query-input\":\"required name=search_term_string\"}],\"inLanguage\":\"en-US\"},{\"@type\":\"ImageObject\",\"@id\":\"https:\/\/machineriesbst.com\/en\/catalogue\/plaqueuse-de-chant-biesse-akron-artech-435-avec-premilling\/#primaryimage\",\"inLanguage\":\"en-US\",\"url\":\"https:\/\/machineriesbst.com\/wp-content\/uploads\/2021\/05\/IMG_20191002_134735-e1571853768921-scaled.jpg\",\"contentUrl\":\"https:\/\/machineriesbst.com\/wp-content\/uploads\/2021\/05\/IMG_20191002_134735-e1571853768921-scaled.jpg\",\"width\":1920,\"height\":2560},{\"@type\":\"WebPage\",\"@id\":\"https:\/\/machineriesbst.com\/en\/catalogue\/plaqueuse-de-chant-biesse-akron-artech-435-avec-premilling\/#webpage\",\"url\":\"https:\/\/machineriesbst.com\/en\/catalogue\/plaqueuse-de-chant-biesse-akron-artech-435-avec-premilling\/\",\"name\":\"Plaqueuse de chant Biesse Akron Artech 435 avec Premilling - Machineries BST\",\"isPartOf\":{\"@id\":\"https:\/\/machineriesbst.com\/en\/#website\"},\"primaryImageOfPage\":{\"@id\":\"https:\/\/machineriesbst.com\/en\/catalogue\/plaqueuse-de-chant-biesse-akron-artech-435-avec-premilling\/#primaryimage\"},\"datePublished\":\"2021-06-08T13:55:56+00:00\",\"dateModified\":\"2023-12-01T01:22:52+00:00\",\"breadcrumb\":{\"@id\":\"https:\/\/machineriesbst.com\/en\/catalogue\/plaqueuse-de-chant-biesse-akron-artech-435-avec-premilling\/#breadcrumb\"},\"inLanguage\":\"en-US\",\"potentialAction\":[{\"@type\":\"ReadAction\",\"target\":[\"https:\/\/machineriesbst.com\/en\/catalogue\/plaqueuse-de-chant-biesse-akron-artech-435-avec-premilling\/\"]}]},{\"@type\":\"BreadcrumbList\",\"@id\":\"https:\/\/machineriesbst.com\/en\/catalogue\/plaqueuse-de-chant-biesse-akron-artech-435-avec-premilling\/#breadcrumb\",\"itemListElement\":[{\"@type\":\"ListItem\",\"position\":1,\"name\":\"Accueil\",\"item\":\"https:\/\/machineriesbst.com\/en\/\"},{\"@type\":\"ListItem\",\"position\":2,\"name\":\"Catalogue\",\"item\":\"https:\/\/machineriesbst.com\/en\/catalog\/\"},{\"@type\":\"ListItem\",\"position\":3,\"name\":\"Plaqueuse de chant Biesse Akron Artech 435 avec Premilling\"}]}]}<\/script>\n<!-- \/ Yoast SEO plugin. -->","yoast_head_json":{"title":"Plaqueuse de chant Biesse Akron Artech 435 avec Premilling - Machineries BST","robots":{"index":"index","follow":"follow","max-snippet":"max-snippet:-1","max-image-preview":"max-image-preview:large","max-video-preview":"max-video-preview:-1"},"canonical":"https:\/\/machineriesbst.com\/en\/catalogue\/plaqueuse-de-chant-biesse-akron-artech-435-avec-premilling\/","og_locale":"en_US","og_type":"article","og_title":"Plaqueuse de chant Biesse Akron Artech 435 avec Premilling - Machineries BST","og_description":"Biesse Plaqueuse de chants DESCRIPTION Type: plaqueuse de chants unilat\u00e9rale Ann\u00e9e 2009\u00a0 Hauteur du panneau (mm): 60 \u00c9paisseur de PVC \/ ABS: 3mm Vitesse : Infra-m\u00e8tres \/ min: 12 Support de bobine de bande: Oui Unit\u00e9 de coupe finale: OUI Unit\u00e9 de coupe fine: Inclinaison Unit\u00e9 d'arrondi d'angle: NON Premilling : OUI Unit\u00e9 de raclage [&hellip;]","og_url":"https:\/\/machineriesbst.com\/en\/catalogue\/plaqueuse-de-chant-biesse-akron-artech-435-avec-premilling\/","og_site_name":"Machineries BST","article_modified_time":"2023-12-01T01:22:52+00:00","og_image":[{"width":1920,"height":2560,"url":"https:\/\/machineriesbst.com\/wp-content\/uploads\/2021\/05\/IMG_20191002_134735-e1571853768921-scaled.jpg","path":"\/home\/jepeto\/public_html\/wp-content\/uploads\/2021\/05\/IMG_20191002_134735-e1571853768921-scaled.jpg","size":"full","id":54170,"alt":"","pixels":4915200,"type":"image\/jpeg"}],"twitter_card":"summary_large_image","schema":{"@context":"https:\/\/schema.org","@graph":[{"@type":"WebSite","@id":"https:\/\/machineriesbst.com\/en\/#website","url":"https:\/\/machineriesbst.com\/en\/","name":"Machineries BST","description":"Machines neuves &amp; usag\u00e9es","potentialAction":[{"@type":"SearchAction","target":{"@type":"EntryPoint","urlTemplate":"https:\/\/machineriesbst.com\/en\/?s={search_term_string}"},"query-input":"required name=search_term_string"}],"inLanguage":"en-US"},{"@type":"ImageObject","@id":"https:\/\/machineriesbst.com\/en\/catalogue\/plaqueuse-de-chant-biesse-akron-artech-435-avec-premilling\/#primaryimage","inLanguage":"en-US","url":"https:\/\/machineriesbst.com\/wp-content\/uploads\/2021\/05\/IMG_20191002_134735-e1571853768921-scaled.jpg","contentUrl":"https:\/\/machineriesbst.com\/wp-content\/uploads\/2021\/05\/IMG_20191002_134735-e1571853768921-scaled.jpg","width":1920,"height":2560},{"@type":"WebPage","@id":"https:\/\/machineriesbst.com\/en\/catalogue\/plaqueuse-de-chant-biesse-akron-artech-435-avec-premilling\/#webpage","url":"https:\/\/machineriesbst.com\/en\/catalogue\/plaqueuse-de-chant-biesse-akron-artech-435-avec-premilling\/","name":"Plaqueuse de chant Biesse Akron Artech 435 avec Premilling - Machineries BST","isPartOf":{"@id":"https:\/\/machineriesbst.com\/en\/#website"},"primaryImageOfPage":{"@id":"https:\/\/machineriesbst.com\/en\/catalogue\/plaqueuse-de-chant-biesse-akron-artech-435-avec-premilling\/#primaryimage"},"datePublished":"2021-06-08T13:55:56+00:00","dateModified":"2023-12-01T01:22:52+00:00","breadcrumb":{"@id":"https:\/\/machineriesbst.com\/en\/catalogue\/plaqueuse-de-chant-biesse-akron-artech-435-avec-premilling\/#breadcrumb"},"inLanguage":"en-US","potentialAction":[{"@type":"ReadAction","target":["https:\/\/machineriesbst.com\/en\/catalogue\/plaqueuse-de-chant-biesse-akron-artech-435-avec-premilling\/"]}]},{"@type":"BreadcrumbList","@id":"https:\/\/machineriesbst.com\/en\/catalogue\/plaqueuse-de-chant-biesse-akron-artech-435-avec-premilling\/#breadcrumb","itemListElement":[{"@type":"ListItem","position":1,"name":"Accueil","item":"https:\/\/machineriesbst.com\/en\/"},{"@type":"ListItem","position":2,"name":"Catalogue","item":"https:\/\/machineriesbst.com\/en\/catalog\/"},{"@type":"ListItem","position":3,"name":"Plaqueuse de chant Biesse Akron Artech 435 avec Premilling"}]}]}},"_links":{"self":[{"href":"https:\/\/machineriesbst.com\/en\/wp-json\/wp\/v2\/product\/58568"}],"collection":[{"href":"https:\/\/machineriesbst.com\/en\/wp-json\/wp\/v2\/product"}],"about":[{"href":"https:\/\/machineriesbst.com\/en\/wp-json\/wp\/v2\/types\/product"}],"author":[{"embeddable":true,"href":"https:\/\/machineriesbst.com\/en\/wp-json\/wp\/v2\/users\/3"}],"replies":[{"embeddable":true,"href":"https:\/\/machineriesbst.com\/en\/wp-json\/wp\/v2\/comments?post=58568"}],"wp:featuredmedia":[{"embeddable":true,"href":"https:\/\/machineriesbst.com\/en\/wp-json\/wp\/v2\/media\/54170"}],"wp:attachment":[{"href":"https:\/\/machineriesbst.com\/en\/wp-json\/wp\/v2\/media?parent=58568"}],"wp:term":[{"taxonomy":"product_cat","embeddable":true,"href":"https:\/\/machineriesbst.com\/en\/wp-json\/wp\/v2\/product_cat?post=58568"},{"taxonomy":"product_tag","embeddable":true,"href":"https:\/\/machineriesbst.com\/en\/wp-json\/wp\/v2\/product_tag?post=58568"}],"curies":[{"name":"wp","href":"https:\/\/api.w.org\/{rel}","templated":true}]}}