{"id":58567,"date":"2021-06-08T09:55:56","date_gmt":"2021-06-08T13:55:56","guid":{"rendered":"https:\/\/machineriesbst.com\/?post_type=product&#038;p=58567"},"modified":"2023-11-30T20:22:52","modified_gmt":"2023-12-01T01:22:52","slug":"convoyeur-de-retour-doucet-bt-2024","status":"publish","type":"product","link":"https:\/\/machineriesbst.com\/en\/catalogue\/convoyeur-de-retour-doucet-bt-2024\/","title":{"rendered":"Doucet BT 2024 return conveyor"},"content":{"rendered":"<p class=\"tw-data-text tw-text-large tw-ta\" dir=\"ltr\" data-placeholder=\"Translation\"><span lang=\"fr\" tabindex=\"0\"><strong>DOUCET BT 2024 return conveyor<\/strong> for &quot;left&quot; edge banders like Homag &amp; Biesse: <\/span><\/p>\n<p class=\"tw-data-text tw-text-large tw-ta\" dir=\"ltr\" data-placeholder=\"Translation\"><span lang=\"fr\" tabindex=\"0\">Characteristics: Line shaft drive with motorized rollers covered with PVC; <\/span><\/p>\n<p class=\"tw-data-text tw-text-large tw-ta\" dir=\"ltr\" data-placeholder=\"Translation\"><span lang=\"fr\" tabindex=\"0\">The overall dimensions of the receiving \/ transferring section are approx. 68 &quot;long x 63&quot; wide. <\/span><\/p>\n<p class=\"tw-data-text tw-text-large tw-ta\" dir=\"ltr\" data-placeholder=\"Translation\"><span lang=\"fr\" tabindex=\"0\">The return conveyor measures 30 &quot;x 150&quot;. <\/span><\/p>\n<p class=\"tw-data-text tw-text-large tw-ta\" dir=\"ltr\" data-placeholder=\"Translation\"><span lang=\"fr\" tabindex=\"0\">Includes: (1) Motorized Belt Conveyor Section - 32 &quot;wide x 200&quot; long added to the DOUCET system. <\/span><\/p>\n<p id=\"tw-target-text\" class=\"tw-data-text tw-text-large tw-ta\" dir=\"ltr\" data-placeholder=\"Translation\"><strong><span lang=\"fr\" tabindex=\"0\">- DISCLAIMER - THIS ARTICLE IS LINKED TO OTHER ARTICLES\u00a0<\/span><\/strong><\/p>\n<p class=\"tw-data-text tw-text-large tw-ta\" dir=\"ltr\" data-placeholder=\"Translation\"><span lang=\"fr\" tabindex=\"0\"><strong>Scenario 1:<\/strong> Edgebander and return conveyor are sold <strong>TOGETHER<\/strong>: If the SUM of the highest bids on items BST #38314 and BST # 38319 is lower than that of item BST # 38321, these two items are sold together. Offers on item BST #38314 and item BST #38319 will be considered as not applicable and canceled. <\/span><\/p>\n<p class=\"tw-data-text tw-text-large tw-ta\" dir=\"ltr\" data-placeholder=\"Translation\"><span lang=\"fr\" tabindex=\"0\"><strong>Scenario 2:<\/strong> Edgebander and return conveyor are sold <strong>SEPARATELY<\/strong>: If the SUM of the highest bids on items BST #38314 and BST # 38319 is greater than that of item BST # 38321, these two items are sold separately. Offers on item BST #38321 will be considered as not applicable and canceled.<\/span><\/p>\n<p id=\"tw-target-text\" class=\"tw-data-text tw-text-large tw-ta\" dir=\"ltr\" data-placeholder=\"Translation\"><span lang=\"fr\" tabindex=\"0\"><strong>Inspection period:<\/strong>\u00a0Wednesday October 30 from 10 a.m. to 4 p.m. You can make an appointment to come and view the equipment before the auction by calling your BST expert.<\/span><\/p>\n<p class=\"tw-data-text tw-text-large tw-ta\" dir=\"ltr\" data-placeholder=\"Translation\"><span lang=\"fr\" tabindex=\"0\"><strong>The sale ends:<\/strong>\u00a0November 5 at 2 p.m.<\/span><\/p>\n<p class=\"tw-data-text tw-text-large tw-ta\" dir=\"ltr\" data-placeholder=\"Translation\"><span lang=\"fr\" tabindex=\"0\"><strong>Address:<\/strong>\u00a0240 Enterprise Street, Unit 6, Vars, Ontario, Canada, K0A 3H0 (Ottawa area)<\/span><\/p>\n<p class=\"tw-data-text tw-text-large tw-ta\" dir=\"ltr\" data-placeholder=\"Translation\"><span lang=\"fr\" tabindex=\"0\"><strong>Pickup period:<\/strong>\u00a0From November 6 to 13, 8 a.m. to 4 p.m., by appointment.<\/span><\/p>\n<p class=\"tw-data-text tw-text-large tw-ta\" dir=\"ltr\" data-placeholder=\"Translation\"><span lang=\"fr\" tabindex=\"0\"><strong>15% Premium Auction Fee:<\/strong>\u00a0A fee of 15% will be added to the winning bid as an auctioneer fee.<\/span><\/p>\n<p class=\"tw-data-text tw-text-large tw-ta\" dir=\"ltr\" data-placeholder=\"Translation\"><span lang=\"fr\" tabindex=\"0\"><strong>Loading available on site:<\/strong>\u00a0just make an arrangement with your BST expert.<\/span><\/p>\n<p class=\"tw-data-text tw-text-large tw-ta\" dir=\"ltr\" data-placeholder=\"Translation\"><span lang=\"fr\" tabindex=\"0\">Call your BST expert to schedule a visit or send an email to ask your questions:<\/span><\/p>\n<p class=\"tw-data-text tw-text-large tw-ta\" dir=\"ltr\" data-placeholder=\"Translation\"><span lang=\"fr\" tabindex=\"0\"><strong>Alain Beland<\/strong>,<\/span><\/p>\n<p class=\"tw-data-text tw-text-large tw-ta\" dir=\"ltr\" data-placeholder=\"Translation\"><span lang=\"fr\" tabindex=\"0\">Salesperson, MachineriesBST<\/span><\/p>\n<p class=\"tw-data-text tw-text-large tw-ta\" dir=\"ltr\" data-placeholder=\"Translation\"><span lang=\"fr\" tabindex=\"0\">Cell. : 514-969-4725<\/span><\/p>\n<p class=\"tw-data-text tw-text-large tw-ta\" dir=\"ltr\" data-placeholder=\"Translation\"><span lang=\"fr\" tabindex=\"0\">Email: abeland1908@gmail.com<\/span><\/p>\n<p class=\"tw-data-text tw-text-large tw-ta\" dir=\"ltr\" data-placeholder=\"Translation\"><span lang=\"fr\" tabindex=\"0\"><strong>Auctioneer&#39;s Note:\u00a0<\/strong>\u00a0\u00a0Specifications were taken from manufacturer and on-site observation, original literature as well as our own visual inspection. They are believed to be accurate but not guaranteed. As always, interested bidders should take the inspection period to verify the accuracy and completeness of specifications before bidding. The buyer will bear all costs to collect and load this lot. The buyer must take the entire lot purchased.<\/span><\/p>\n<p class=\"tw-data-text tw-text-large tw-ta\" dir=\"ltr\" data-placeholder=\"Translation\"><span lang=\"fr\" tabindex=\"0\"><strong>YOUR OFFER IS A CONTRACT:<\/strong>\u00a0Your offers are not retractable for any reason. When the auction is over for an auctioned item and the final highest bid meets or exceeds the reserve amount for that lot, the bidder with the highest bid is the contract buyer and, in as such, has entered into a legally binding contract with MachineriesBST to purchase said auction.<\/span><\/p>\n<p class=\"tw-data-text tw-text-large tw-ta\" dir=\"ltr\" data-placeholder=\"Translation\"><span lang=\"fr\" tabindex=\"0\">Lot (s) in accordance with these auction conditions.<\/span><\/p>\n<p id=\"tw-target-text\" class=\"tw-data-text tw-text-large tw-ta\" dir=\"ltr\" data-placeholder=\"Translation\"><span lang=\"fr\" tabindex=\"0\">\u00a0<\/span><\/p>","protected":false},"excerpt":{"rendered":"<p>DOUCET BT 2024 return conveyor for &quot;left-hand&quot; edge banders like Homag &amp; Biesse: Features: Line shaft drive with motorized rollers covered with PVC; The overall dimensions of the receiving \/ transferring section are approx. 68 &quot;long x 63&quot; wide. The return conveyor measures 30 &quot;x [\u2026]<\/p>","protected":false},"author":3,"featured_media":54168,"comment_status":"open","ping_status":"closed","template":"","meta":[],"product_cat":[388,363],"product_tag":[],"acf":[],"yoast_head":"<!-- This site is optimized with the Yoast SEO plugin v16.8 - https:\/\/yoast.com\/wordpress\/plugins\/seo\/ -->\n<title>Convoyeur de retour Doucet BT 2024 - Machineries BST<\/title>\n<meta name=\"robots\" content=\"index, follow, max-snippet:-1, max-image-preview:large, max-video-preview:-1\" \/>\n<link rel=\"canonical\" href=\"https:\/\/machineriesbst.com\/en\/catalogue\/convoyeur-de-retour-doucet-bt-2024\/\" \/>\n<meta property=\"og:locale\" content=\"en_US\" \/>\n<meta property=\"og:type\" content=\"article\" \/>\n<meta property=\"og:title\" content=\"Convoyeur de retour Doucet BT 2024 - Machineries BST\" \/>\n<meta property=\"og:description\" content=\"Convoyeur de retour DOUCET BT 2024 pour les plaqueuses de chants &quot;de la gauche&quot; comme Homag &amp; Biesse: Caract\u00e9ristiques: Line shaft drive avec des rouleaux motoris\u00e9s couverts de PVC; Les dimensions globales de la section de r\u00e9ception \/ transfert sont d\u2019env. 68 &quot;de long x 63&quot; de large. Le convoyeur de retour mesure 30 &quot;x [&hellip;]\" \/>\n<meta property=\"og:url\" content=\"https:\/\/machineriesbst.com\/en\/catalogue\/convoyeur-de-retour-doucet-bt-2024\/\" \/>\n<meta property=\"og:site_name\" content=\"Machineries BST\" \/>\n<meta property=\"article:modified_time\" content=\"2023-12-01T01:22:52+00:00\" \/>\n<meta property=\"og:image\" content=\"https:\/\/machineriesbst.com\/wp-content\/uploads\/2021\/05\/IMG_20191002_135313-e1571853419927-scaled.jpg\" \/>\n\t<meta property=\"og:image:width\" content=\"1920\" \/>\n\t<meta property=\"og:image:height\" content=\"2560\" \/>\n<meta name=\"twitter:card\" content=\"summary_large_image\" \/>\n<meta name=\"twitter:label1\" content=\"Est. reading time\" \/>\n\t<meta name=\"twitter:data1\" content=\"3 minutes\" \/>\n<script type=\"application\/ld+json\" class=\"yoast-schema-graph\">{\"@context\":\"https:\/\/schema.org\",\"@graph\":[{\"@type\":\"WebSite\",\"@id\":\"https:\/\/machineriesbst.com\/en\/#website\",\"url\":\"https:\/\/machineriesbst.com\/en\/\",\"name\":\"Machineries BST\",\"description\":\"Machines neuves &amp; usag\\u00e9es\",\"potentialAction\":[{\"@type\":\"SearchAction\",\"target\":{\"@type\":\"EntryPoint\",\"urlTemplate\":\"https:\/\/machineriesbst.com\/en\/?s={search_term_string}\"},\"query-input\":\"required name=search_term_string\"}],\"inLanguage\":\"en-US\"},{\"@type\":\"ImageObject\",\"@id\":\"https:\/\/machineriesbst.com\/en\/catalogue\/convoyeur-de-retour-doucet-bt-2024\/#primaryimage\",\"inLanguage\":\"en-US\",\"url\":\"https:\/\/machineriesbst.com\/wp-content\/uploads\/2021\/05\/IMG_20191002_135313-e1571853419927-scaled.jpg\",\"contentUrl\":\"https:\/\/machineriesbst.com\/wp-content\/uploads\/2021\/05\/IMG_20191002_135313-e1571853419927-scaled.jpg\",\"width\":1920,\"height\":2560},{\"@type\":\"WebPage\",\"@id\":\"https:\/\/machineriesbst.com\/en\/catalogue\/convoyeur-de-retour-doucet-bt-2024\/#webpage\",\"url\":\"https:\/\/machineriesbst.com\/en\/catalogue\/convoyeur-de-retour-doucet-bt-2024\/\",\"name\":\"Convoyeur de retour Doucet BT 2024 - Machineries BST\",\"isPartOf\":{\"@id\":\"https:\/\/machineriesbst.com\/en\/#website\"},\"primaryImageOfPage\":{\"@id\":\"https:\/\/machineriesbst.com\/en\/catalogue\/convoyeur-de-retour-doucet-bt-2024\/#primaryimage\"},\"datePublished\":\"2021-06-08T13:55:56+00:00\",\"dateModified\":\"2023-12-01T01:22:52+00:00\",\"breadcrumb\":{\"@id\":\"https:\/\/machineriesbst.com\/en\/catalogue\/convoyeur-de-retour-doucet-bt-2024\/#breadcrumb\"},\"inLanguage\":\"en-US\",\"potentialAction\":[{\"@type\":\"ReadAction\",\"target\":[\"https:\/\/machineriesbst.com\/en\/catalogue\/convoyeur-de-retour-doucet-bt-2024\/\"]}]},{\"@type\":\"BreadcrumbList\",\"@id\":\"https:\/\/machineriesbst.com\/en\/catalogue\/convoyeur-de-retour-doucet-bt-2024\/#breadcrumb\",\"itemListElement\":[{\"@type\":\"ListItem\",\"position\":1,\"name\":\"Accueil\",\"item\":\"https:\/\/machineriesbst.com\/en\/\"},{\"@type\":\"ListItem\",\"position\":2,\"name\":\"Catalogue\",\"item\":\"https:\/\/machineriesbst.com\/en\/catalog\/\"},{\"@type\":\"ListItem\",\"position\":3,\"name\":\"Convoyeur de retour Doucet BT 2024\"}]}]}<\/script>\n<!-- \/ Yoast SEO plugin. -->","yoast_head_json":{"title":"Convoyeur de retour Doucet BT 2024 - Machineries BST","robots":{"index":"index","follow":"follow","max-snippet":"max-snippet:-1","max-image-preview":"max-image-preview:large","max-video-preview":"max-video-preview:-1"},"canonical":"https:\/\/machineriesbst.com\/en\/catalogue\/convoyeur-de-retour-doucet-bt-2024\/","og_locale":"en_US","og_type":"article","og_title":"Convoyeur de retour Doucet BT 2024 - Machineries BST","og_description":"Convoyeur de retour DOUCET BT 2024 pour les plaqueuses de chants \"de la gauche\" comme Homag &amp; Biesse: Caract\u00e9ristiques: Line shaft drive avec des rouleaux motoris\u00e9s couverts de PVC; Les dimensions globales de la section de r\u00e9ception \/ transfert sont d\u2019env. 68 \"de long x 63\" de large. Le convoyeur de retour mesure 30 \"x [&hellip;]","og_url":"https:\/\/machineriesbst.com\/en\/catalogue\/convoyeur-de-retour-doucet-bt-2024\/","og_site_name":"Machineries BST","article_modified_time":"2023-12-01T01:22:52+00:00","og_image":[{"width":1920,"height":2560,"url":"https:\/\/machineriesbst.com\/wp-content\/uploads\/2021\/05\/IMG_20191002_135313-e1571853419927-scaled.jpg","path":"\/home\/jepeto\/public_html\/wp-content\/uploads\/2021\/05\/IMG_20191002_135313-e1571853419927-scaled.jpg","size":"full","id":54168,"alt":"","pixels":4915200,"type":"image\/jpeg"}],"twitter_card":"summary_large_image","twitter_misc":{"Est. reading time":"3 minutes"},"schema":{"@context":"https:\/\/schema.org","@graph":[{"@type":"WebSite","@id":"https:\/\/machineriesbst.com\/en\/#website","url":"https:\/\/machineriesbst.com\/en\/","name":"Machineries BST","description":"Machines neuves &amp; usag\u00e9es","potentialAction":[{"@type":"SearchAction","target":{"@type":"EntryPoint","urlTemplate":"https:\/\/machineriesbst.com\/en\/?s={search_term_string}"},"query-input":"required name=search_term_string"}],"inLanguage":"en-US"},{"@type":"ImageObject","@id":"https:\/\/machineriesbst.com\/en\/catalogue\/convoyeur-de-retour-doucet-bt-2024\/#primaryimage","inLanguage":"en-US","url":"https:\/\/machineriesbst.com\/wp-content\/uploads\/2021\/05\/IMG_20191002_135313-e1571853419927-scaled.jpg","contentUrl":"https:\/\/machineriesbst.com\/wp-content\/uploads\/2021\/05\/IMG_20191002_135313-e1571853419927-scaled.jpg","width":1920,"height":2560},{"@type":"WebPage","@id":"https:\/\/machineriesbst.com\/en\/catalogue\/convoyeur-de-retour-doucet-bt-2024\/#webpage","url":"https:\/\/machineriesbst.com\/en\/catalogue\/convoyeur-de-retour-doucet-bt-2024\/","name":"Convoyeur de retour Doucet BT 2024 - Machineries BST","isPartOf":{"@id":"https:\/\/machineriesbst.com\/en\/#website"},"primaryImageOfPage":{"@id":"https:\/\/machineriesbst.com\/en\/catalogue\/convoyeur-de-retour-doucet-bt-2024\/#primaryimage"},"datePublished":"2021-06-08T13:55:56+00:00","dateModified":"2023-12-01T01:22:52+00:00","breadcrumb":{"@id":"https:\/\/machineriesbst.com\/en\/catalogue\/convoyeur-de-retour-doucet-bt-2024\/#breadcrumb"},"inLanguage":"en-US","potentialAction":[{"@type":"ReadAction","target":["https:\/\/machineriesbst.com\/en\/catalogue\/convoyeur-de-retour-doucet-bt-2024\/"]}]},{"@type":"BreadcrumbList","@id":"https:\/\/machineriesbst.com\/en\/catalogue\/convoyeur-de-retour-doucet-bt-2024\/#breadcrumb","itemListElement":[{"@type":"ListItem","position":1,"name":"Accueil","item":"https:\/\/machineriesbst.com\/en\/"},{"@type":"ListItem","position":2,"name":"Catalogue","item":"https:\/\/machineriesbst.com\/en\/catalog\/"},{"@type":"ListItem","position":3,"name":"Convoyeur de retour Doucet BT 2024"}]}]}},"_links":{"self":[{"href":"https:\/\/machineriesbst.com\/en\/wp-json\/wp\/v2\/product\/58567"}],"collection":[{"href":"https:\/\/machineriesbst.com\/en\/wp-json\/wp\/v2\/product"}],"about":[{"href":"https:\/\/machineriesbst.com\/en\/wp-json\/wp\/v2\/types\/product"}],"author":[{"embeddable":true,"href":"https:\/\/machineriesbst.com\/en\/wp-json\/wp\/v2\/users\/3"}],"replies":[{"embeddable":true,"href":"https:\/\/machineriesbst.com\/en\/wp-json\/wp\/v2\/comments?post=58567"}],"wp:featuredmedia":[{"embeddable":true,"href":"https:\/\/machineriesbst.com\/en\/wp-json\/wp\/v2\/media\/54168"}],"wp:attachment":[{"href":"https:\/\/machineriesbst.com\/en\/wp-json\/wp\/v2\/media?parent=58567"}],"wp:term":[{"taxonomy":"product_cat","embeddable":true,"href":"https:\/\/machineriesbst.com\/en\/wp-json\/wp\/v2\/product_cat?post=58567"},{"taxonomy":"product_tag","embeddable":true,"href":"https:\/\/machineriesbst.com\/en\/wp-json\/wp\/v2\/product_tag?post=58567"}],"curies":[{"name":"wp","href":"https:\/\/api.w.org\/{rel}","templated":true}]}}