{"id":58564,"date":"2021-06-08T09:55:55","date_gmt":"2021-06-08T13:55:55","guid":{"rendered":"https:\/\/machineriesbst.com\/?post_type=product&#038;p=58564"},"modified":"2023-11-30T20:22:52","modified_gmt":"2023-12-01T01:22:52","slug":"sableuse-a-bande-large-timesaver-52-pouces","status":"publish","type":"product","link":"https:\/\/machineriesbst.com\/en\/catalogue\/sableuse-a-bande-large-timesaver-52-pouces\/","title":{"rendered":"52-inch Timesaver Wide Belt Sandblaster"},"content":{"rendered":"<p align=\"center\">52 &quot;working width with a 6&quot; thick opening. 52 &quot;x75&quot; sandblasting belt. 30 &quot;front apron. 11&quot; diameter first head with a 40HP motor. Second head with a diameter of 11 &quot;and a 30HP motor. Third combi head of 7&quot; with adjustable 3 &quot;plate. Digital dial reading. With only 2.443 hrs in excellent condition.<\/p>","protected":false},"excerpt":{"rendered":"<p>52&quot; working width with a 6&quot; opening on the thickness. 52&quot;x75&quot; sanding belt. 30&quot; front apron. 11&quot; diameter first head with a 40HP motor. Second head with 11&quot; diameter and 30HP motor. 7&quot; third combi head with 3&quot; adjustable platen. Digital dial reading. with only [\u2026]<\/p>","protected":false},"author":3,"featured_media":54155,"comment_status":"open","ping_status":"closed","template":"","meta":[],"product_cat":[1731,3055],"product_tag":[],"acf":[],"yoast_head":"<!-- This site is optimized with the Yoast SEO plugin v16.8 - https:\/\/yoast.com\/wordpress\/plugins\/seo\/ -->\n<title>Sableuse \u00e0 bande Large Timesaver 52 pouces - Machineries BST<\/title>\n<meta name=\"robots\" content=\"index, follow, max-snippet:-1, max-image-preview:large, max-video-preview:-1\" \/>\n<link rel=\"canonical\" href=\"https:\/\/machineriesbst.com\/en\/catalogue\/sableuse-a-bande-large-timesaver-52-pouces\/\" \/>\n<meta property=\"og:locale\" content=\"en_US\" \/>\n<meta property=\"og:type\" content=\"article\" \/>\n<meta property=\"og:title\" content=\"Sableuse \u00e0 bande Large Timesaver 52 pouces - Machineries BST\" \/>\n<meta property=\"og:description\" content=\"Largeur de travail 52&quot; avec une ouverture de 6&quot; sur l\u00e9paisseur .Bande de sablage 52&quot;x75&quot;.Tablier \u00e0 l&#039;avant de 30&quot;.Premi\u00e8re t\u00eate de 11&quot; de diam\u00eatre avec un moteur de 40HP. Deuxi\u00e8me t\u00eate avec un diam\u00eatre de 11&quot;et un moteur de 30HP .Troisi\u00e8me t\u00eate combi de 7&quot; avec plateau de 3&quot; ajustable .Lecture de cadran digitale.avec seulement [&hellip;]\" \/>\n<meta property=\"og:url\" content=\"https:\/\/machineriesbst.com\/en\/catalogue\/sableuse-a-bande-large-timesaver-52-pouces\/\" \/>\n<meta property=\"og:site_name\" content=\"Machineries BST\" \/>\n<meta property=\"article:modified_time\" content=\"2023-12-01T01:22:52+00:00\" \/>\n<meta property=\"og:image\" content=\"https:\/\/machineriesbst.com\/wp-content\/uploads\/2021\/05\/Timesave4.jpg\" \/>\n\t<meta property=\"og:image:width\" content=\"480\" \/>\n\t<meta property=\"og:image:height\" content=\"640\" \/>\n<meta name=\"twitter:card\" content=\"summary_large_image\" \/>\n<script type=\"application\/ld+json\" class=\"yoast-schema-graph\">{\"@context\":\"https:\/\/schema.org\",\"@graph\":[{\"@type\":\"WebSite\",\"@id\":\"https:\/\/machineriesbst.com\/en\/#website\",\"url\":\"https:\/\/machineriesbst.com\/en\/\",\"name\":\"Machineries BST\",\"description\":\"Machines neuves &amp; usag\\u00e9es\",\"potentialAction\":[{\"@type\":\"SearchAction\",\"target\":{\"@type\":\"EntryPoint\",\"urlTemplate\":\"https:\/\/machineriesbst.com\/en\/?s={search_term_string}\"},\"query-input\":\"required name=search_term_string\"}],\"inLanguage\":\"en-US\"},{\"@type\":\"ImageObject\",\"@id\":\"https:\/\/machineriesbst.com\/en\/catalogue\/sableuse-a-bande-large-timesaver-52-pouces\/#primaryimage\",\"inLanguage\":\"en-US\",\"url\":\"https:\/\/machineriesbst.com\/wp-content\/uploads\/2021\/05\/Timesave4.jpg\",\"contentUrl\":\"https:\/\/machineriesbst.com\/wp-content\/uploads\/2021\/05\/Timesave4.jpg\",\"width\":480,\"height\":640},{\"@type\":\"WebPage\",\"@id\":\"https:\/\/machineriesbst.com\/en\/catalogue\/sableuse-a-bande-large-timesaver-52-pouces\/#webpage\",\"url\":\"https:\/\/machineriesbst.com\/en\/catalogue\/sableuse-a-bande-large-timesaver-52-pouces\/\",\"name\":\"Sableuse \\u00e0 bande Large Timesaver 52 pouces - Machineries BST\",\"isPartOf\":{\"@id\":\"https:\/\/machineriesbst.com\/en\/#website\"},\"primaryImageOfPage\":{\"@id\":\"https:\/\/machineriesbst.com\/en\/catalogue\/sableuse-a-bande-large-timesaver-52-pouces\/#primaryimage\"},\"datePublished\":\"2021-06-08T13:55:55+00:00\",\"dateModified\":\"2023-12-01T01:22:52+00:00\",\"breadcrumb\":{\"@id\":\"https:\/\/machineriesbst.com\/en\/catalogue\/sableuse-a-bande-large-timesaver-52-pouces\/#breadcrumb\"},\"inLanguage\":\"en-US\",\"potentialAction\":[{\"@type\":\"ReadAction\",\"target\":[\"https:\/\/machineriesbst.com\/en\/catalogue\/sableuse-a-bande-large-timesaver-52-pouces\/\"]}]},{\"@type\":\"BreadcrumbList\",\"@id\":\"https:\/\/machineriesbst.com\/en\/catalogue\/sableuse-a-bande-large-timesaver-52-pouces\/#breadcrumb\",\"itemListElement\":[{\"@type\":\"ListItem\",\"position\":1,\"name\":\"Accueil\",\"item\":\"https:\/\/machineriesbst.com\/en\/\"},{\"@type\":\"ListItem\",\"position\":2,\"name\":\"Catalogue\",\"item\":\"https:\/\/machineriesbst.com\/en\/catalog\/\"},{\"@type\":\"ListItem\",\"position\":3,\"name\":\"Sableuse \\u00e0 bande Large Timesaver 52 pouces\"}]}]}<\/script>\n<!-- \/ Yoast SEO plugin. -->","yoast_head_json":{"title":"Sableuse \u00e0 bande Large Timesaver 52 pouces - Machineries BST","robots":{"index":"index","follow":"follow","max-snippet":"max-snippet:-1","max-image-preview":"max-image-preview:large","max-video-preview":"max-video-preview:-1"},"canonical":"https:\/\/machineriesbst.com\/en\/catalogue\/sableuse-a-bande-large-timesaver-52-pouces\/","og_locale":"en_US","og_type":"article","og_title":"Sableuse \u00e0 bande Large Timesaver 52 pouces - Machineries BST","og_description":"Largeur de travail 52\" avec une ouverture de 6\" sur l\u00e9paisseur .Bande de sablage 52\"x75\".Tablier \u00e0 l'avant de 30\".Premi\u00e8re t\u00eate de 11\" de diam\u00eatre avec un moteur de 40HP. Deuxi\u00e8me t\u00eate avec un diam\u00eatre de 11\"et un moteur de 30HP .Troisi\u00e8me t\u00eate combi de 7\" avec plateau de 3\" ajustable .Lecture de cadran digitale.avec seulement [&hellip;]","og_url":"https:\/\/machineriesbst.com\/en\/catalogue\/sableuse-a-bande-large-timesaver-52-pouces\/","og_site_name":"Machineries BST","article_modified_time":"2023-12-01T01:22:52+00:00","og_image":[{"width":480,"height":640,"url":"https:\/\/machineriesbst.com\/wp-content\/uploads\/2021\/05\/Timesave4.jpg","path":"\/home\/jepeto\/public_html\/wp-content\/uploads\/2021\/05\/Timesave4.jpg","size":"full","id":54155,"alt":"","pixels":307200,"type":"image\/jpeg"}],"twitter_card":"summary_large_image","schema":{"@context":"https:\/\/schema.org","@graph":[{"@type":"WebSite","@id":"https:\/\/machineriesbst.com\/en\/#website","url":"https:\/\/machineriesbst.com\/en\/","name":"Machineries BST","description":"Machines neuves &amp; usag\u00e9es","potentialAction":[{"@type":"SearchAction","target":{"@type":"EntryPoint","urlTemplate":"https:\/\/machineriesbst.com\/en\/?s={search_term_string}"},"query-input":"required name=search_term_string"}],"inLanguage":"en-US"},{"@type":"ImageObject","@id":"https:\/\/machineriesbst.com\/en\/catalogue\/sableuse-a-bande-large-timesaver-52-pouces\/#primaryimage","inLanguage":"en-US","url":"https:\/\/machineriesbst.com\/wp-content\/uploads\/2021\/05\/Timesave4.jpg","contentUrl":"https:\/\/machineriesbst.com\/wp-content\/uploads\/2021\/05\/Timesave4.jpg","width":480,"height":640},{"@type":"WebPage","@id":"https:\/\/machineriesbst.com\/en\/catalogue\/sableuse-a-bande-large-timesaver-52-pouces\/#webpage","url":"https:\/\/machineriesbst.com\/en\/catalogue\/sableuse-a-bande-large-timesaver-52-pouces\/","name":"Sableuse \u00e0 bande Large Timesaver 52 pouces - Machineries BST","isPartOf":{"@id":"https:\/\/machineriesbst.com\/en\/#website"},"primaryImageOfPage":{"@id":"https:\/\/machineriesbst.com\/en\/catalogue\/sableuse-a-bande-large-timesaver-52-pouces\/#primaryimage"},"datePublished":"2021-06-08T13:55:55+00:00","dateModified":"2023-12-01T01:22:52+00:00","breadcrumb":{"@id":"https:\/\/machineriesbst.com\/en\/catalogue\/sableuse-a-bande-large-timesaver-52-pouces\/#breadcrumb"},"inLanguage":"en-US","potentialAction":[{"@type":"ReadAction","target":["https:\/\/machineriesbst.com\/en\/catalogue\/sableuse-a-bande-large-timesaver-52-pouces\/"]}]},{"@type":"BreadcrumbList","@id":"https:\/\/machineriesbst.com\/en\/catalogue\/sableuse-a-bande-large-timesaver-52-pouces\/#breadcrumb","itemListElement":[{"@type":"ListItem","position":1,"name":"Accueil","item":"https:\/\/machineriesbst.com\/en\/"},{"@type":"ListItem","position":2,"name":"Catalogue","item":"https:\/\/machineriesbst.com\/en\/catalog\/"},{"@type":"ListItem","position":3,"name":"Sableuse \u00e0 bande Large Timesaver 52 pouces"}]}]}},"_links":{"self":[{"href":"https:\/\/machineriesbst.com\/en\/wp-json\/wp\/v2\/product\/58564"}],"collection":[{"href":"https:\/\/machineriesbst.com\/en\/wp-json\/wp\/v2\/product"}],"about":[{"href":"https:\/\/machineriesbst.com\/en\/wp-json\/wp\/v2\/types\/product"}],"author":[{"embeddable":true,"href":"https:\/\/machineriesbst.com\/en\/wp-json\/wp\/v2\/users\/3"}],"replies":[{"embeddable":true,"href":"https:\/\/machineriesbst.com\/en\/wp-json\/wp\/v2\/comments?post=58564"}],"wp:featuredmedia":[{"embeddable":true,"href":"https:\/\/machineriesbst.com\/en\/wp-json\/wp\/v2\/media\/54155"}],"wp:attachment":[{"href":"https:\/\/machineriesbst.com\/en\/wp-json\/wp\/v2\/media?parent=58564"}],"wp:term":[{"taxonomy":"product_cat","embeddable":true,"href":"https:\/\/machineriesbst.com\/en\/wp-json\/wp\/v2\/product_cat?post=58564"},{"taxonomy":"product_tag","embeddable":true,"href":"https:\/\/machineriesbst.com\/en\/wp-json\/wp\/v2\/product_tag?post=58564"}],"curies":[{"name":"wp","href":"https:\/\/api.w.org\/{rel}","templated":true}]}}