{"id":58536,"date":"2021-06-08T09:55:03","date_gmt":"2021-06-08T13:55:03","guid":{"rendered":"https:\/\/machineriesbst.com\/?post_type=product&#038;p=58536"},"modified":"2024-03-28T09:16:53","modified_gmt":"2024-03-28T13:16:53","slug":"perceuse-horizontale-pillar-h49-2015","status":"publish","type":"product","link":"https:\/\/machineriesbst.com\/en\/catalogue\/perceuse-horizontale-pillar-h49-2015\/","title":{"rendered":"Horizontal drilling machine Pillar H49 - 2015"},"content":{"rendered":"<ul>\n<li>The H49 is a horizontal point drilling insertion machining center.<\/li>\n<li>It is designed for the CNC to position the spindle, end in a hole, then CNC position the insert, inject glue or water (for pre-glued dowels), and pull the dowel into the hole.<\/li>\n<li>A part is placed in the work area with reference to the rear and side fences. The green palm button is pressed and the clamps secure the part in place. Machining is now ready to begin in the work area. There are 2 standard zones in the basic model H-49 allowing the treatment of the pendulum. While the part is being machined, the other zone can be loaded and queued for machining.<\/li>\n<\/ul>\n<p><strong>The H49 performs the following functions:<\/strong><\/p>\n<ul>\n<li>Horizontal Boring<\/li>\n<li>Glue insertion<\/li>\n<li>Insertion of ankles<\/li>\n<\/ul>\n<p><strong>Standard features:<\/strong><\/p>\n<ul>\n<li>CNC control X axis for positioning<\/li>\n<li>4 clamping units<\/li>\n<li>Digital mechanical readings for height and depth<\/li>\n<li>Our standard sealed glue injection system injects glue or water with little to no maintenance<\/li>\n<li>Small footprint to conserve floor space<\/li>\n<li>18,000 RPM High Frequency 1 HP Direct Drive Spindle<\/li>\n<li>2 zones<\/li>\n<li>1600 lb solid base<\/li>\n<li>10 &quot;color touchscreen PC for programming and program execution<\/li>\n<li>49 &quot;working field<\/li>\n<li>1\/2 &#39;&#39; machined aluminum worksurface<\/li>\n<\/ul>\n<p>Advantages of the H49:<\/p>\n<ul>\n<li>Elimination of complicated machine setup<\/li>\n<li>Quick and precise assembly<\/li>\n<li>Save production time on routers<\/li>\n<li>CNC and point to points by changing boredom and piloting to H49-H49 software<\/li>\n<\/ul>\n<p>&nbsp;<\/p>","protected":false},"excerpt":{"rendered":"<p>The H49 is a horizontal point drilling insertion machining center. It is designed for the CNC to position the spindle, terminate in a hole, then CNC position the insert, inject glue or water (for pre-glued dowels), and pull the dowel into the hole. A part is placed in the area of [\u2026]<\/p>","protected":false},"author":3,"featured_media":53975,"comment_status":"open","ping_status":"closed","template":"","meta":[],"product_cat":[86],"product_tag":[],"acf":[],"yoast_head":"<!-- This site is optimized with the Yoast SEO plugin v16.8 - https:\/\/yoast.com\/wordpress\/plugins\/seo\/ -->\n<title>Per\u00e7euse horizontale Pillar H49 - 2015 - Machineries BST<\/title>\n<meta name=\"robots\" content=\"index, follow, max-snippet:-1, max-image-preview:large, max-video-preview:-1\" \/>\n<link rel=\"canonical\" href=\"https:\/\/machineriesbst.com\/en\/catalogue\/perceuse-horizontale-pillar-h49-2015\/\" \/>\n<meta property=\"og:locale\" content=\"en_US\" \/>\n<meta property=\"og:type\" content=\"article\" \/>\n<meta property=\"og:title\" content=\"Per\u00e7euse horizontale Pillar H49 - 2015 - Machineries BST\" \/>\n<meta property=\"og:description\" content=\"Le H49 est un centre d&#039;usinage par insertion de per\u00e7age ponctuel horizontal. Il est con\u00e7u pour le CNC positionner la broche, aboutir \u00e0 un trou, puis CNC positionner l&#039;insert, injecter de la colle ou de l&#039;eau (pour les chevilles pr\u00e9-coll\u00e9es), et tirer le goujon dans le trou. Une partie est plac\u00e9e dans la zone de [&hellip;]\" \/>\n<meta property=\"og:url\" content=\"https:\/\/machineriesbst.com\/en\/catalogue\/perceuse-horizontale-pillar-h49-2015\/\" \/>\n<meta property=\"og:site_name\" content=\"Machineries BST\" \/>\n<meta property=\"article:modified_time\" content=\"2024-03-28T13:16:53+00:00\" \/>\n<meta property=\"og:image\" content=\"https:\/\/machineriesbst.com\/wp-content\/uploads\/2021\/05\/IMG-2912-scaled.jpg\" \/>\n\t<meta property=\"og:image:width\" content=\"2560\" \/>\n\t<meta property=\"og:image:height\" content=\"1920\" \/>\n<meta name=\"twitter:card\" content=\"summary_large_image\" \/>\n<meta name=\"twitter:label1\" content=\"Est. reading time\" \/>\n\t<meta name=\"twitter:data1\" content=\"1 minute\" \/>\n<script type=\"application\/ld+json\" class=\"yoast-schema-graph\">{\"@context\":\"https:\/\/schema.org\",\"@graph\":[{\"@type\":\"WebSite\",\"@id\":\"https:\/\/machineriesbst.com\/en\/#website\",\"url\":\"https:\/\/machineriesbst.com\/en\/\",\"name\":\"Machineries BST\",\"description\":\"Machines neuves &amp; usag\\u00e9es\",\"potentialAction\":[{\"@type\":\"SearchAction\",\"target\":{\"@type\":\"EntryPoint\",\"urlTemplate\":\"https:\/\/machineriesbst.com\/en\/?s={search_term_string}\"},\"query-input\":\"required name=search_term_string\"}],\"inLanguage\":\"en-US\"},{\"@type\":\"ImageObject\",\"@id\":\"https:\/\/machineriesbst.com\/en\/catalogue\/perceuse-horizontale-pillar-h49-2015\/#primaryimage\",\"inLanguage\":\"en-US\",\"url\":\"https:\/\/machineriesbst.com\/wp-content\/uploads\/2021\/05\/IMG-2912-scaled.jpg\",\"contentUrl\":\"https:\/\/machineriesbst.com\/wp-content\/uploads\/2021\/05\/IMG-2912-scaled.jpg\",\"width\":2560,\"height\":1920},{\"@type\":\"WebPage\",\"@id\":\"https:\/\/machineriesbst.com\/en\/catalogue\/perceuse-horizontale-pillar-h49-2015\/#webpage\",\"url\":\"https:\/\/machineriesbst.com\/en\/catalogue\/perceuse-horizontale-pillar-h49-2015\/\",\"name\":\"Per\\u00e7euse horizontale Pillar H49 - 2015 - Machineries BST\",\"isPartOf\":{\"@id\":\"https:\/\/machineriesbst.com\/en\/#website\"},\"primaryImageOfPage\":{\"@id\":\"https:\/\/machineriesbst.com\/en\/catalogue\/perceuse-horizontale-pillar-h49-2015\/#primaryimage\"},\"datePublished\":\"2021-06-08T13:55:03+00:00\",\"dateModified\":\"2024-03-28T13:16:53+00:00\",\"breadcrumb\":{\"@id\":\"https:\/\/machineriesbst.com\/en\/catalogue\/perceuse-horizontale-pillar-h49-2015\/#breadcrumb\"},\"inLanguage\":\"en-US\",\"potentialAction\":[{\"@type\":\"ReadAction\",\"target\":[\"https:\/\/machineriesbst.com\/en\/catalogue\/perceuse-horizontale-pillar-h49-2015\/\"]}]},{\"@type\":\"BreadcrumbList\",\"@id\":\"https:\/\/machineriesbst.com\/en\/catalogue\/perceuse-horizontale-pillar-h49-2015\/#breadcrumb\",\"itemListElement\":[{\"@type\":\"ListItem\",\"position\":1,\"name\":\"Accueil\",\"item\":\"https:\/\/machineriesbst.com\/en\/\"},{\"@type\":\"ListItem\",\"position\":2,\"name\":\"Catalogue\",\"item\":\"https:\/\/machineriesbst.com\/en\/catalog\/\"},{\"@type\":\"ListItem\",\"position\":3,\"name\":\"Per\\u00e7euse horizontale Pillar H49 - 2015\"}]}]}<\/script>\n<!-- \/ Yoast SEO plugin. -->","yoast_head_json":{"title":"Per\u00e7euse horizontale Pillar H49 - 2015 - Machineries BST","robots":{"index":"index","follow":"follow","max-snippet":"max-snippet:-1","max-image-preview":"max-image-preview:large","max-video-preview":"max-video-preview:-1"},"canonical":"https:\/\/machineriesbst.com\/en\/catalogue\/perceuse-horizontale-pillar-h49-2015\/","og_locale":"en_US","og_type":"article","og_title":"Per\u00e7euse horizontale Pillar H49 - 2015 - Machineries BST","og_description":"Le H49 est un centre d'usinage par insertion de per\u00e7age ponctuel horizontal. Il est con\u00e7u pour le CNC positionner la broche, aboutir \u00e0 un trou, puis CNC positionner l'insert, injecter de la colle ou de l'eau (pour les chevilles pr\u00e9-coll\u00e9es), et tirer le goujon dans le trou. Une partie est plac\u00e9e dans la zone de [&hellip;]","og_url":"https:\/\/machineriesbst.com\/en\/catalogue\/perceuse-horizontale-pillar-h49-2015\/","og_site_name":"Machineries BST","article_modified_time":"2024-03-28T13:16:53+00:00","og_image":[{"width":2560,"height":1920,"url":"https:\/\/machineriesbst.com\/wp-content\/uploads\/2021\/05\/IMG-2912-scaled.jpg","path":"\/home\/jepeto\/public_html\/wp-content\/uploads\/2021\/05\/IMG-2912-scaled.jpg","size":"full","id":53975,"alt":"","pixels":4915200,"type":"image\/jpeg"}],"twitter_card":"summary_large_image","twitter_misc":{"Est. reading time":"1 minute"},"schema":{"@context":"https:\/\/schema.org","@graph":[{"@type":"WebSite","@id":"https:\/\/machineriesbst.com\/en\/#website","url":"https:\/\/machineriesbst.com\/en\/","name":"Machineries BST","description":"Machines neuves &amp; usag\u00e9es","potentialAction":[{"@type":"SearchAction","target":{"@type":"EntryPoint","urlTemplate":"https:\/\/machineriesbst.com\/en\/?s={search_term_string}"},"query-input":"required name=search_term_string"}],"inLanguage":"en-US"},{"@type":"ImageObject","@id":"https:\/\/machineriesbst.com\/en\/catalogue\/perceuse-horizontale-pillar-h49-2015\/#primaryimage","inLanguage":"en-US","url":"https:\/\/machineriesbst.com\/wp-content\/uploads\/2021\/05\/IMG-2912-scaled.jpg","contentUrl":"https:\/\/machineriesbst.com\/wp-content\/uploads\/2021\/05\/IMG-2912-scaled.jpg","width":2560,"height":1920},{"@type":"WebPage","@id":"https:\/\/machineriesbst.com\/en\/catalogue\/perceuse-horizontale-pillar-h49-2015\/#webpage","url":"https:\/\/machineriesbst.com\/en\/catalogue\/perceuse-horizontale-pillar-h49-2015\/","name":"Per\u00e7euse horizontale Pillar H49 - 2015 - Machineries BST","isPartOf":{"@id":"https:\/\/machineriesbst.com\/en\/#website"},"primaryImageOfPage":{"@id":"https:\/\/machineriesbst.com\/en\/catalogue\/perceuse-horizontale-pillar-h49-2015\/#primaryimage"},"datePublished":"2021-06-08T13:55:03+00:00","dateModified":"2024-03-28T13:16:53+00:00","breadcrumb":{"@id":"https:\/\/machineriesbst.com\/en\/catalogue\/perceuse-horizontale-pillar-h49-2015\/#breadcrumb"},"inLanguage":"en-US","potentialAction":[{"@type":"ReadAction","target":["https:\/\/machineriesbst.com\/en\/catalogue\/perceuse-horizontale-pillar-h49-2015\/"]}]},{"@type":"BreadcrumbList","@id":"https:\/\/machineriesbst.com\/en\/catalogue\/perceuse-horizontale-pillar-h49-2015\/#breadcrumb","itemListElement":[{"@type":"ListItem","position":1,"name":"Accueil","item":"https:\/\/machineriesbst.com\/en\/"},{"@type":"ListItem","position":2,"name":"Catalogue","item":"https:\/\/machineriesbst.com\/en\/catalog\/"},{"@type":"ListItem","position":3,"name":"Per\u00e7euse horizontale Pillar H49 - 2015"}]}]}},"_links":{"self":[{"href":"https:\/\/machineriesbst.com\/en\/wp-json\/wp\/v2\/product\/58536"}],"collection":[{"href":"https:\/\/machineriesbst.com\/en\/wp-json\/wp\/v2\/product"}],"about":[{"href":"https:\/\/machineriesbst.com\/en\/wp-json\/wp\/v2\/types\/product"}],"author":[{"embeddable":true,"href":"https:\/\/machineriesbst.com\/en\/wp-json\/wp\/v2\/users\/3"}],"replies":[{"embeddable":true,"href":"https:\/\/machineriesbst.com\/en\/wp-json\/wp\/v2\/comments?post=58536"}],"wp:featuredmedia":[{"embeddable":true,"href":"https:\/\/machineriesbst.com\/en\/wp-json\/wp\/v2\/media\/53975"}],"wp:attachment":[{"href":"https:\/\/machineriesbst.com\/en\/wp-json\/wp\/v2\/media?parent=58536"}],"wp:term":[{"taxonomy":"product_cat","embeddable":true,"href":"https:\/\/machineriesbst.com\/en\/wp-json\/wp\/v2\/product_cat?post=58536"},{"taxonomy":"product_tag","embeddable":true,"href":"https:\/\/machineriesbst.com\/en\/wp-json\/wp\/v2\/product_tag?post=58536"}],"curies":[{"name":"wp","href":"https:\/\/api.w.org\/{rel}","templated":true}]}}