{"id":58529,"date":"2021-06-08T09:55:02","date_gmt":"2021-06-08T13:55:02","guid":{"rendered":"https:\/\/machineriesbst.com\/?post_type=product&#038;p=58529"},"modified":"2023-11-30T20:22:53","modified_gmt":"2023-12-01T01:22:53","slug":"chambre-a-peinture-lineaire-2015","status":"publish","type":"product","link":"https:\/\/machineriesbst.com\/en\/catalogue\/chambre-a-peinture-lineaire-2015\/","title":{"rendered":"Linear paint chamber 2015"},"content":{"rendered":"<p>Excellent condition, 4 head linear spray line with Kremlin Airmix guns and pumps. Can spray paint, lacquer, stain, poly, etc. Very few hours. 12 &quot;wide capacity. Possibility of adding 2 additional heads.<\/p>","protected":false},"excerpt":{"rendered":"<p>Excellent condition, 4 head linear spray line with Kremlin Airmix guns and pumps. Can spray paint, lacquer, stain, poly, etc. Very few hours. 12 &quot;wide capacity. Possibility of adding 2 additional heads.<\/p>","protected":false},"author":3,"featured_media":53918,"comment_status":"open","ping_status":"closed","template":"","meta":[],"product_cat":[3070,1731],"product_tag":[],"acf":[],"yoast_head":"<!-- This site is optimized with the Yoast SEO plugin v16.8 - https:\/\/yoast.com\/wordpress\/plugins\/seo\/ -->\n<title>Chambre \u00e0 peinture lin\u00e9aire 2015 - Machineries BST<\/title>\n<meta name=\"robots\" content=\"index, follow, max-snippet:-1, max-image-preview:large, max-video-preview:-1\" \/>\n<link rel=\"canonical\" href=\"https:\/\/machineriesbst.com\/en\/catalogue\/chambre-a-peinture-lineaire-2015\/\" \/>\n<meta property=\"og:locale\" content=\"en_US\" \/>\n<meta property=\"og:type\" content=\"article\" \/>\n<meta property=\"og:title\" content=\"Chambre \u00e0 peinture lin\u00e9aire 2015 - Machineries BST\" \/>\n<meta property=\"og:description\" content=\"Excellent \u00e9tat, ligne de pulv\u00e9risation lin\u00e9aire \u00e0 4 t\u00eates avec pistolets et pompes Kremlin Airmix. Peut vaporiser de la peinture, de la laque, Teinture , du poly, etc. Tr\u00e8s peu d\u2019heures. Capacit\u00e9 de 12 &quot;de large. Possibilit\u00e9 d&#039;ajouter 2 t\u00eates suppl\u00e9mentaires.\" \/>\n<meta property=\"og:url\" content=\"https:\/\/machineriesbst.com\/en\/catalogue\/chambre-a-peinture-lineaire-2015\/\" \/>\n<meta property=\"og:site_name\" content=\"Machineries BST\" \/>\n<meta property=\"article:modified_time\" content=\"2023-12-01T01:22:53+00:00\" \/>\n<meta property=\"og:image\" content=\"https:\/\/machineriesbst.com\/wp-content\/uploads\/2021\/05\/IPray_Main_Pic.jpg\" \/>\n\t<meta property=\"og:image:width\" content=\"1024\" \/>\n\t<meta property=\"og:image:height\" content=\"768\" \/>\n<meta name=\"twitter:card\" content=\"summary_large_image\" \/>\n<script type=\"application\/ld+json\" class=\"yoast-schema-graph\">{\"@context\":\"https:\/\/schema.org\",\"@graph\":[{\"@type\":\"WebSite\",\"@id\":\"https:\/\/machineriesbst.com\/en\/#website\",\"url\":\"https:\/\/machineriesbst.com\/en\/\",\"name\":\"Machineries BST\",\"description\":\"Machines neuves &amp; usag\\u00e9es\",\"potentialAction\":[{\"@type\":\"SearchAction\",\"target\":{\"@type\":\"EntryPoint\",\"urlTemplate\":\"https:\/\/machineriesbst.com\/en\/?s={search_term_string}\"},\"query-input\":\"required name=search_term_string\"}],\"inLanguage\":\"en-US\"},{\"@type\":\"ImageObject\",\"@id\":\"https:\/\/machineriesbst.com\/en\/catalogue\/chambre-a-peinture-lineaire-2015\/#primaryimage\",\"inLanguage\":\"en-US\",\"url\":\"https:\/\/machineriesbst.com\/wp-content\/uploads\/2021\/05\/IPray_Main_Pic.jpg\",\"contentUrl\":\"https:\/\/machineriesbst.com\/wp-content\/uploads\/2021\/05\/IPray_Main_Pic.jpg\",\"width\":1024,\"height\":768},{\"@type\":\"WebPage\",\"@id\":\"https:\/\/machineriesbst.com\/en\/catalogue\/chambre-a-peinture-lineaire-2015\/#webpage\",\"url\":\"https:\/\/machineriesbst.com\/en\/catalogue\/chambre-a-peinture-lineaire-2015\/\",\"name\":\"Chambre \\u00e0 peinture lin\\u00e9aire 2015 - Machineries BST\",\"isPartOf\":{\"@id\":\"https:\/\/machineriesbst.com\/en\/#website\"},\"primaryImageOfPage\":{\"@id\":\"https:\/\/machineriesbst.com\/en\/catalogue\/chambre-a-peinture-lineaire-2015\/#primaryimage\"},\"datePublished\":\"2021-06-08T13:55:02+00:00\",\"dateModified\":\"2023-12-01T01:22:53+00:00\",\"breadcrumb\":{\"@id\":\"https:\/\/machineriesbst.com\/en\/catalogue\/chambre-a-peinture-lineaire-2015\/#breadcrumb\"},\"inLanguage\":\"en-US\",\"potentialAction\":[{\"@type\":\"ReadAction\",\"target\":[\"https:\/\/machineriesbst.com\/en\/catalogue\/chambre-a-peinture-lineaire-2015\/\"]}]},{\"@type\":\"BreadcrumbList\",\"@id\":\"https:\/\/machineriesbst.com\/en\/catalogue\/chambre-a-peinture-lineaire-2015\/#breadcrumb\",\"itemListElement\":[{\"@type\":\"ListItem\",\"position\":1,\"name\":\"Accueil\",\"item\":\"https:\/\/machineriesbst.com\/en\/\"},{\"@type\":\"ListItem\",\"position\":2,\"name\":\"Catalogue\",\"item\":\"https:\/\/machineriesbst.com\/en\/catalog\/\"},{\"@type\":\"ListItem\",\"position\":3,\"name\":\"Chambre \\u00e0 peinture lin\\u00e9aire 2015\"}]}]}<\/script>\n<!-- \/ Yoast SEO plugin. -->","yoast_head_json":{"title":"Chambre \u00e0 peinture lin\u00e9aire 2015 - Machineries BST","robots":{"index":"index","follow":"follow","max-snippet":"max-snippet:-1","max-image-preview":"max-image-preview:large","max-video-preview":"max-video-preview:-1"},"canonical":"https:\/\/machineriesbst.com\/en\/catalogue\/chambre-a-peinture-lineaire-2015\/","og_locale":"en_US","og_type":"article","og_title":"Chambre \u00e0 peinture lin\u00e9aire 2015 - Machineries BST","og_description":"Excellent \u00e9tat, ligne de pulv\u00e9risation lin\u00e9aire \u00e0 4 t\u00eates avec pistolets et pompes Kremlin Airmix. Peut vaporiser de la peinture, de la laque, Teinture , du poly, etc. Tr\u00e8s peu d\u2019heures. Capacit\u00e9 de 12 \"de large. Possibilit\u00e9 d'ajouter 2 t\u00eates suppl\u00e9mentaires.","og_url":"https:\/\/machineriesbst.com\/en\/catalogue\/chambre-a-peinture-lineaire-2015\/","og_site_name":"Machineries BST","article_modified_time":"2023-12-01T01:22:53+00:00","og_image":[{"width":1024,"height":768,"url":"https:\/\/machineriesbst.com\/wp-content\/uploads\/2021\/05\/IPray_Main_Pic.jpg","path":"\/home\/jepeto\/public_html\/wp-content\/uploads\/2021\/05\/IPray_Main_Pic.jpg","size":"full","id":53918,"alt":"","pixels":786432,"type":"image\/jpeg"}],"twitter_card":"summary_large_image","schema":{"@context":"https:\/\/schema.org","@graph":[{"@type":"WebSite","@id":"https:\/\/machineriesbst.com\/en\/#website","url":"https:\/\/machineriesbst.com\/en\/","name":"Machineries BST","description":"Machines neuves &amp; usag\u00e9es","potentialAction":[{"@type":"SearchAction","target":{"@type":"EntryPoint","urlTemplate":"https:\/\/machineriesbst.com\/en\/?s={search_term_string}"},"query-input":"required name=search_term_string"}],"inLanguage":"en-US"},{"@type":"ImageObject","@id":"https:\/\/machineriesbst.com\/en\/catalogue\/chambre-a-peinture-lineaire-2015\/#primaryimage","inLanguage":"en-US","url":"https:\/\/machineriesbst.com\/wp-content\/uploads\/2021\/05\/IPray_Main_Pic.jpg","contentUrl":"https:\/\/machineriesbst.com\/wp-content\/uploads\/2021\/05\/IPray_Main_Pic.jpg","width":1024,"height":768},{"@type":"WebPage","@id":"https:\/\/machineriesbst.com\/en\/catalogue\/chambre-a-peinture-lineaire-2015\/#webpage","url":"https:\/\/machineriesbst.com\/en\/catalogue\/chambre-a-peinture-lineaire-2015\/","name":"Chambre \u00e0 peinture lin\u00e9aire 2015 - Machineries BST","isPartOf":{"@id":"https:\/\/machineriesbst.com\/en\/#website"},"primaryImageOfPage":{"@id":"https:\/\/machineriesbst.com\/en\/catalogue\/chambre-a-peinture-lineaire-2015\/#primaryimage"},"datePublished":"2021-06-08T13:55:02+00:00","dateModified":"2023-12-01T01:22:53+00:00","breadcrumb":{"@id":"https:\/\/machineriesbst.com\/en\/catalogue\/chambre-a-peinture-lineaire-2015\/#breadcrumb"},"inLanguage":"en-US","potentialAction":[{"@type":"ReadAction","target":["https:\/\/machineriesbst.com\/en\/catalogue\/chambre-a-peinture-lineaire-2015\/"]}]},{"@type":"BreadcrumbList","@id":"https:\/\/machineriesbst.com\/en\/catalogue\/chambre-a-peinture-lineaire-2015\/#breadcrumb","itemListElement":[{"@type":"ListItem","position":1,"name":"Accueil","item":"https:\/\/machineriesbst.com\/en\/"},{"@type":"ListItem","position":2,"name":"Catalogue","item":"https:\/\/machineriesbst.com\/en\/catalog\/"},{"@type":"ListItem","position":3,"name":"Chambre \u00e0 peinture lin\u00e9aire 2015"}]}]}},"_links":{"self":[{"href":"https:\/\/machineriesbst.com\/en\/wp-json\/wp\/v2\/product\/58529"}],"collection":[{"href":"https:\/\/machineriesbst.com\/en\/wp-json\/wp\/v2\/product"}],"about":[{"href":"https:\/\/machineriesbst.com\/en\/wp-json\/wp\/v2\/types\/product"}],"author":[{"embeddable":true,"href":"https:\/\/machineriesbst.com\/en\/wp-json\/wp\/v2\/users\/3"}],"replies":[{"embeddable":true,"href":"https:\/\/machineriesbst.com\/en\/wp-json\/wp\/v2\/comments?post=58529"}],"wp:featuredmedia":[{"embeddable":true,"href":"https:\/\/machineriesbst.com\/en\/wp-json\/wp\/v2\/media\/53918"}],"wp:attachment":[{"href":"https:\/\/machineriesbst.com\/en\/wp-json\/wp\/v2\/media?parent=58529"}],"wp:term":[{"taxonomy":"product_cat","embeddable":true,"href":"https:\/\/machineriesbst.com\/en\/wp-json\/wp\/v2\/product_cat?post=58529"},{"taxonomy":"product_tag","embeddable":true,"href":"https:\/\/machineriesbst.com\/en\/wp-json\/wp\/v2\/product_tag?post=58529"}],"curies":[{"name":"wp","href":"https:\/\/api.w.org\/{rel}","templated":true}]}}