{"id":58524,"date":"2021-06-08T09:55:00","date_gmt":"2021-06-08T13:55:00","guid":{"rendered":"https:\/\/machineriesbst.com\/?post_type=product&#038;p=58524"},"modified":"2023-11-30T20:22:53","modified_gmt":"2023-12-01T01:22:53","slug":"scelleuse-elantech","status":"publish","type":"product","link":"https:\/\/machineriesbst.com\/en\/catalogue\/scelleuse-elantech\/","title":{"rendered":"Elantech sealer"},"content":{"rendered":"<pre id=\"tw-target-text\" class=\"tw-data-text tw-ta tw-text-small\" dir=\"ltr\" data-placeholder=\"Translation\"><span lang=\"fr\" tabindex=\"0\">Elantech ELSMC 1720 L-Bar Sealer with Heat Tunnel: 43cm wide x 50cm long (16.93 x 19.69 inch) seal bar Max film width: 60cm (23.62 inch) the seal bar: 33 cm (12.99 inch) Hot wire sealing mechanism Tunnel opening: 45 cm wide x 54 cm high (17.72 x 21.26 inch) Nylon mesh tunnel conveyor<\/span><\/pre>","protected":false},"excerpt":{"rendered":"<p>Elantech ELSMC 1720 L-Bar Sealer with Heat Tunnel: Sealing bar 43 cm wide x 50 cm long (16.93 x 19.69 inch) Maximum film width: 60 cm (23.62 inch) sealing bar: 33 cm (12.99 inches) Hot wire sealing mechanism Tunnel opening: 45 [\u2026]<\/p>","protected":false},"author":3,"featured_media":53895,"comment_status":"open","ping_status":"closed","template":"","meta":[],"product_cat":[3027,237],"product_tag":[],"acf":[],"yoast_head":"<!-- This site is optimized with the Yoast SEO plugin v16.8 - https:\/\/yoast.com\/wordpress\/plugins\/seo\/ -->\n<title>Scelleuse Elantech - Machineries BST<\/title>\n<meta name=\"robots\" content=\"index, follow, max-snippet:-1, max-image-preview:large, max-video-preview:-1\" \/>\n<link rel=\"canonical\" href=\"https:\/\/machineriesbst.com\/en\/catalogue\/scelleuse-elantech\/\" \/>\n<meta property=\"og:locale\" content=\"en_US\" \/>\n<meta property=\"og:type\" content=\"article\" \/>\n<meta property=\"og:title\" content=\"Scelleuse Elantech - Machineries BST\" \/>\n<meta property=\"og:description\" content=\"Scelleuse de barres en L Elantech ELSMC 1720 avec tunnel thermique: Barre de soudure de 43 cm de large x 50 cm de long (16,93 x 19,69 pouces) Largeur maximale du film: 60 cm (23,62 pouces) Hauteur de la barre de soudure: 33 cm (12,99 pouces) M\u00e9canisme d&#039;\u00e9tanch\u00e9it\u00e9 \u00e0 fil chaud Ouverture du tunnel: 45 [&hellip;]\" \/>\n<meta property=\"og:url\" content=\"https:\/\/machineriesbst.com\/en\/catalogue\/scelleuse-elantech\/\" \/>\n<meta property=\"og:site_name\" content=\"Machineries BST\" \/>\n<meta property=\"article:modified_time\" content=\"2023-12-01T01:22:53+00:00\" \/>\n<meta property=\"og:image\" content=\"https:\/\/machineriesbst.com\/wp-content\/uploads\/2021\/05\/lantech-3-scaled.jpg\" \/>\n\t<meta property=\"og:image:width\" content=\"2560\" \/>\n\t<meta property=\"og:image:height\" content=\"1597\" \/>\n<meta name=\"twitter:card\" content=\"summary_large_image\" \/>\n<script type=\"application\/ld+json\" class=\"yoast-schema-graph\">{\"@context\":\"https:\/\/schema.org\",\"@graph\":[{\"@type\":\"WebSite\",\"@id\":\"https:\/\/machineriesbst.com\/en\/#website\",\"url\":\"https:\/\/machineriesbst.com\/en\/\",\"name\":\"Machineries BST\",\"description\":\"Machines neuves &amp; usag\\u00e9es\",\"potentialAction\":[{\"@type\":\"SearchAction\",\"target\":{\"@type\":\"EntryPoint\",\"urlTemplate\":\"https:\/\/machineriesbst.com\/en\/?s={search_term_string}\"},\"query-input\":\"required name=search_term_string\"}],\"inLanguage\":\"en-US\"},{\"@type\":\"ImageObject\",\"@id\":\"https:\/\/machineriesbst.com\/en\/catalogue\/scelleuse-elantech\/#primaryimage\",\"inLanguage\":\"en-US\",\"url\":\"https:\/\/machineriesbst.com\/wp-content\/uploads\/2021\/05\/lantech-3-scaled.jpg\",\"contentUrl\":\"https:\/\/machineriesbst.com\/wp-content\/uploads\/2021\/05\/lantech-3-scaled.jpg\",\"width\":2560,\"height\":1597},{\"@type\":\"WebPage\",\"@id\":\"https:\/\/machineriesbst.com\/en\/catalogue\/scelleuse-elantech\/#webpage\",\"url\":\"https:\/\/machineriesbst.com\/en\/catalogue\/scelleuse-elantech\/\",\"name\":\"Scelleuse Elantech - Machineries BST\",\"isPartOf\":{\"@id\":\"https:\/\/machineriesbst.com\/en\/#website\"},\"primaryImageOfPage\":{\"@id\":\"https:\/\/machineriesbst.com\/en\/catalogue\/scelleuse-elantech\/#primaryimage\"},\"datePublished\":\"2021-06-08T13:55:00+00:00\",\"dateModified\":\"2023-12-01T01:22:53+00:00\",\"breadcrumb\":{\"@id\":\"https:\/\/machineriesbst.com\/en\/catalogue\/scelleuse-elantech\/#breadcrumb\"},\"inLanguage\":\"en-US\",\"potentialAction\":[{\"@type\":\"ReadAction\",\"target\":[\"https:\/\/machineriesbst.com\/en\/catalogue\/scelleuse-elantech\/\"]}]},{\"@type\":\"BreadcrumbList\",\"@id\":\"https:\/\/machineriesbst.com\/en\/catalogue\/scelleuse-elantech\/#breadcrumb\",\"itemListElement\":[{\"@type\":\"ListItem\",\"position\":1,\"name\":\"Accueil\",\"item\":\"https:\/\/machineriesbst.com\/en\/\"},{\"@type\":\"ListItem\",\"position\":2,\"name\":\"Catalogue\",\"item\":\"https:\/\/machineriesbst.com\/en\/catalog\/\"},{\"@type\":\"ListItem\",\"position\":3,\"name\":\"Scelleuse Elantech\"}]}]}<\/script>\n<!-- \/ Yoast SEO plugin. -->","yoast_head_json":{"title":"Scelleuse Elantech - Machineries BST","robots":{"index":"index","follow":"follow","max-snippet":"max-snippet:-1","max-image-preview":"max-image-preview:large","max-video-preview":"max-video-preview:-1"},"canonical":"https:\/\/machineriesbst.com\/en\/catalogue\/scelleuse-elantech\/","og_locale":"en_US","og_type":"article","og_title":"Scelleuse Elantech - Machineries BST","og_description":"Scelleuse de barres en L Elantech ELSMC 1720 avec tunnel thermique: Barre de soudure de 43 cm de large x 50 cm de long (16,93 x 19,69 pouces) Largeur maximale du film: 60 cm (23,62 pouces) Hauteur de la barre de soudure: 33 cm (12,99 pouces) M\u00e9canisme d'\u00e9tanch\u00e9it\u00e9 \u00e0 fil chaud Ouverture du tunnel: 45 [&hellip;]","og_url":"https:\/\/machineriesbst.com\/en\/catalogue\/scelleuse-elantech\/","og_site_name":"Machineries BST","article_modified_time":"2023-12-01T01:22:53+00:00","og_image":[{"width":2560,"height":1597,"url":"https:\/\/machineriesbst.com\/wp-content\/uploads\/2021\/05\/lantech-3-scaled.jpg","path":"\/home\/jepeto\/public_html\/wp-content\/uploads\/2021\/05\/lantech-3-scaled.jpg","size":"full","id":53895,"alt":"","pixels":4088320,"type":"image\/jpeg"}],"twitter_card":"summary_large_image","schema":{"@context":"https:\/\/schema.org","@graph":[{"@type":"WebSite","@id":"https:\/\/machineriesbst.com\/en\/#website","url":"https:\/\/machineriesbst.com\/en\/","name":"Machineries BST","description":"Machines neuves &amp; usag\u00e9es","potentialAction":[{"@type":"SearchAction","target":{"@type":"EntryPoint","urlTemplate":"https:\/\/machineriesbst.com\/en\/?s={search_term_string}"},"query-input":"required name=search_term_string"}],"inLanguage":"en-US"},{"@type":"ImageObject","@id":"https:\/\/machineriesbst.com\/en\/catalogue\/scelleuse-elantech\/#primaryimage","inLanguage":"en-US","url":"https:\/\/machineriesbst.com\/wp-content\/uploads\/2021\/05\/lantech-3-scaled.jpg","contentUrl":"https:\/\/machineriesbst.com\/wp-content\/uploads\/2021\/05\/lantech-3-scaled.jpg","width":2560,"height":1597},{"@type":"WebPage","@id":"https:\/\/machineriesbst.com\/en\/catalogue\/scelleuse-elantech\/#webpage","url":"https:\/\/machineriesbst.com\/en\/catalogue\/scelleuse-elantech\/","name":"Scelleuse Elantech - Machineries BST","isPartOf":{"@id":"https:\/\/machineriesbst.com\/en\/#website"},"primaryImageOfPage":{"@id":"https:\/\/machineriesbst.com\/en\/catalogue\/scelleuse-elantech\/#primaryimage"},"datePublished":"2021-06-08T13:55:00+00:00","dateModified":"2023-12-01T01:22:53+00:00","breadcrumb":{"@id":"https:\/\/machineriesbst.com\/en\/catalogue\/scelleuse-elantech\/#breadcrumb"},"inLanguage":"en-US","potentialAction":[{"@type":"ReadAction","target":["https:\/\/machineriesbst.com\/en\/catalogue\/scelleuse-elantech\/"]}]},{"@type":"BreadcrumbList","@id":"https:\/\/machineriesbst.com\/en\/catalogue\/scelleuse-elantech\/#breadcrumb","itemListElement":[{"@type":"ListItem","position":1,"name":"Accueil","item":"https:\/\/machineriesbst.com\/en\/"},{"@type":"ListItem","position":2,"name":"Catalogue","item":"https:\/\/machineriesbst.com\/en\/catalog\/"},{"@type":"ListItem","position":3,"name":"Scelleuse Elantech"}]}]}},"_links":{"self":[{"href":"https:\/\/machineriesbst.com\/en\/wp-json\/wp\/v2\/product\/58524"}],"collection":[{"href":"https:\/\/machineriesbst.com\/en\/wp-json\/wp\/v2\/product"}],"about":[{"href":"https:\/\/machineriesbst.com\/en\/wp-json\/wp\/v2\/types\/product"}],"author":[{"embeddable":true,"href":"https:\/\/machineriesbst.com\/en\/wp-json\/wp\/v2\/users\/3"}],"replies":[{"embeddable":true,"href":"https:\/\/machineriesbst.com\/en\/wp-json\/wp\/v2\/comments?post=58524"}],"wp:featuredmedia":[{"embeddable":true,"href":"https:\/\/machineriesbst.com\/en\/wp-json\/wp\/v2\/media\/53895"}],"wp:attachment":[{"href":"https:\/\/machineriesbst.com\/en\/wp-json\/wp\/v2\/media?parent=58524"}],"wp:term":[{"taxonomy":"product_cat","embeddable":true,"href":"https:\/\/machineriesbst.com\/en\/wp-json\/wp\/v2\/product_cat?post=58524"},{"taxonomy":"product_tag","embeddable":true,"href":"https:\/\/machineriesbst.com\/en\/wp-json\/wp\/v2\/product_tag?post=58524"}],"curies":[{"name":"wp","href":"https:\/\/api.w.org\/{rel}","templated":true}]}}