{"id":58518,"date":"2021-06-08T09:54:35","date_gmt":"2021-06-08T13:54:35","guid":{"rendered":"https:\/\/machineriesbst.com\/?post_type=product&#038;p=58518"},"modified":"2023-11-30T20:22:53","modified_gmt":"2023-12-01T01:22:53","slug":"koch-perceuse-insereuse-gougeonneuse-48-pouces","status":"publish","type":"product","link":"https:\/\/machineriesbst.com\/en\/catalogue\/koch-perceuse-insereuse-gougeonneuse-48-pouces\/","title":{"rendered":"Koch 48 inch drill \/ inserter"},"content":{"rendered":"<p>MACHINE EQUIPMENT 4 working fields<\/p>\n<p>Max. workpiece width 1,300 mm<\/p>\n<p>Horizontal drilling station with 2 individually controlled drilling spindles Vertical drilling station from above with 3 individually controlled drilling spindles<\/p>\n<p>ELC glue injection and anchor insertion station -<\/p>\n<p>Electronic glue control<\/p>\n<p>Slatted safety curtain as protection against reaching a hazardous area NC-positioning in X, Y and Z KOCH WOP -<\/p>\n<p>Parametric programming 3 stops that can be lowered manually (central and side barriers)<\/p>\n<p>Centralized lubrication system<\/p>\n<p>Low voltage UPS power supply<\/p>\n<p>Options: Stock clamping system for small parts<\/p>\n<p>FEATURES Optimized for just-in-time manufacturing Flexible for all drilling \/ stud designs Little or no time required for set-up or program change Suitable for all variable size parts<\/p>","protected":false},"excerpt":{"rendered":"<p>MACHINE EQUIPMENT 4 working fields Max. workpiece width 1,300 mm Horizontal drilling station with 2 individually controlled drilling spindles Vertical drilling station from above with 3 individually controlled drilling spindles Glue injection and anchor insertion station ELC - Electronic control of [\u2026]<\/p>","protected":false},"author":3,"featured_media":53814,"comment_status":"open","ping_status":"closed","template":"","meta":[],"product_cat":[86],"product_tag":[],"acf":[],"yoast_head":"<!-- This site is optimized with the Yoast SEO plugin v16.8 - https:\/\/yoast.com\/wordpress\/plugins\/seo\/ -->\n<title>Koch per\u00e7euse\/ins\u00e9reuse gougeonneuse 48 pouces - Machineries BST<\/title>\n<meta name=\"robots\" content=\"index, follow, max-snippet:-1, max-image-preview:large, max-video-preview:-1\" \/>\n<link rel=\"canonical\" href=\"https:\/\/machineriesbst.com\/en\/catalogue\/koch-perceuse-insereuse-gougeonneuse-48-pouces\/\" \/>\n<meta property=\"og:locale\" content=\"en_US\" \/>\n<meta property=\"og:type\" content=\"article\" \/>\n<meta property=\"og:title\" content=\"Koch per\u00e7euse\/ins\u00e9reuse gougeonneuse 48 pouces - Machineries BST\" \/>\n<meta property=\"og:description\" content=\"EQUIPEMENT DE LA MACHINE 4 champs de travail Max. largeur de la pi\u00e8ce 1.300 mm Station de forage horizontale avec 2 broches de forage \u00e0 commande individuelle Station de forage verticale par le haut avec 3 broches de forage \u00e0 commande individuelle Station d&#039;injection de colle et d&#039;insertion de cheville ELC - Contr\u00f4le \u00e9lectronique de [&hellip;]\" \/>\n<meta property=\"og:url\" content=\"https:\/\/machineriesbst.com\/en\/catalogue\/koch-perceuse-insereuse-gougeonneuse-48-pouces\/\" \/>\n<meta property=\"og:site_name\" content=\"Machineries BST\" \/>\n<meta property=\"article:modified_time\" content=\"2023-12-01T01:22:53+00:00\" \/>\n<meta property=\"og:image\" content=\"https:\/\/machineriesbst.com\/wp-content\/uploads\/2021\/05\/IMG_20190710_085908058-scaled.jpg\" \/>\n\t<meta property=\"og:image:width\" content=\"2560\" \/>\n\t<meta property=\"og:image:height\" content=\"1920\" \/>\n<meta name=\"twitter:card\" content=\"summary_large_image\" \/>\n<meta name=\"twitter:label1\" content=\"Est. reading time\" \/>\n\t<meta name=\"twitter:data1\" content=\"1 minute\" \/>\n<script type=\"application\/ld+json\" class=\"yoast-schema-graph\">{\"@context\":\"https:\/\/schema.org\",\"@graph\":[{\"@type\":\"WebSite\",\"@id\":\"https:\/\/machineriesbst.com\/en\/#website\",\"url\":\"https:\/\/machineriesbst.com\/en\/\",\"name\":\"Machineries BST\",\"description\":\"Machines neuves &amp; usag\\u00e9es\",\"potentialAction\":[{\"@type\":\"SearchAction\",\"target\":{\"@type\":\"EntryPoint\",\"urlTemplate\":\"https:\/\/machineriesbst.com\/en\/?s={search_term_string}\"},\"query-input\":\"required name=search_term_string\"}],\"inLanguage\":\"en-US\"},{\"@type\":\"ImageObject\",\"@id\":\"https:\/\/machineriesbst.com\/en\/catalogue\/koch-perceuse-insereuse-gougeonneuse-48-pouces\/#primaryimage\",\"inLanguage\":\"en-US\",\"url\":\"https:\/\/machineriesbst.com\/wp-content\/uploads\/2021\/05\/IMG_20190710_085908058-scaled.jpg\",\"contentUrl\":\"https:\/\/machineriesbst.com\/wp-content\/uploads\/2021\/05\/IMG_20190710_085908058-scaled.jpg\",\"width\":2560,\"height\":1920},{\"@type\":\"WebPage\",\"@id\":\"https:\/\/machineriesbst.com\/en\/catalogue\/koch-perceuse-insereuse-gougeonneuse-48-pouces\/#webpage\",\"url\":\"https:\/\/machineriesbst.com\/en\/catalogue\/koch-perceuse-insereuse-gougeonneuse-48-pouces\/\",\"name\":\"Koch per\\u00e7euse\/ins\\u00e9reuse gougeonneuse 48 pouces - Machineries BST\",\"isPartOf\":{\"@id\":\"https:\/\/machineriesbst.com\/en\/#website\"},\"primaryImageOfPage\":{\"@id\":\"https:\/\/machineriesbst.com\/en\/catalogue\/koch-perceuse-insereuse-gougeonneuse-48-pouces\/#primaryimage\"},\"datePublished\":\"2021-06-08T13:54:35+00:00\",\"dateModified\":\"2023-12-01T01:22:53+00:00\",\"breadcrumb\":{\"@id\":\"https:\/\/machineriesbst.com\/en\/catalogue\/koch-perceuse-insereuse-gougeonneuse-48-pouces\/#breadcrumb\"},\"inLanguage\":\"en-US\",\"potentialAction\":[{\"@type\":\"ReadAction\",\"target\":[\"https:\/\/machineriesbst.com\/en\/catalogue\/koch-perceuse-insereuse-gougeonneuse-48-pouces\/\"]}]},{\"@type\":\"BreadcrumbList\",\"@id\":\"https:\/\/machineriesbst.com\/en\/catalogue\/koch-perceuse-insereuse-gougeonneuse-48-pouces\/#breadcrumb\",\"itemListElement\":[{\"@type\":\"ListItem\",\"position\":1,\"name\":\"Accueil\",\"item\":\"https:\/\/machineriesbst.com\/en\/\"},{\"@type\":\"ListItem\",\"position\":2,\"name\":\"Catalogue\",\"item\":\"https:\/\/machineriesbst.com\/en\/catalog\/\"},{\"@type\":\"ListItem\",\"position\":3,\"name\":\"Koch per\\u00e7euse\/ins\\u00e9reuse gougeonneuse 48 pouces\"}]}]}<\/script>\n<!-- \/ Yoast SEO plugin. -->","yoast_head_json":{"title":"Koch per\u00e7euse\/ins\u00e9reuse gougeonneuse 48 pouces - Machineries BST","robots":{"index":"index","follow":"follow","max-snippet":"max-snippet:-1","max-image-preview":"max-image-preview:large","max-video-preview":"max-video-preview:-1"},"canonical":"https:\/\/machineriesbst.com\/en\/catalogue\/koch-perceuse-insereuse-gougeonneuse-48-pouces\/","og_locale":"en_US","og_type":"article","og_title":"Koch per\u00e7euse\/ins\u00e9reuse gougeonneuse 48 pouces - Machineries BST","og_description":"EQUIPEMENT DE LA MACHINE 4 champs de travail Max. largeur de la pi\u00e8ce 1.300 mm Station de forage horizontale avec 2 broches de forage \u00e0 commande individuelle Station de forage verticale par le haut avec 3 broches de forage \u00e0 commande individuelle Station d'injection de colle et d'insertion de cheville ELC - Contr\u00f4le \u00e9lectronique de [&hellip;]","og_url":"https:\/\/machineriesbst.com\/en\/catalogue\/koch-perceuse-insereuse-gougeonneuse-48-pouces\/","og_site_name":"Machineries BST","article_modified_time":"2023-12-01T01:22:53+00:00","og_image":[{"width":2560,"height":1920,"url":"https:\/\/machineriesbst.com\/wp-content\/uploads\/2021\/05\/IMG_20190710_085908058-scaled.jpg","path":"\/home\/jepeto\/public_html\/wp-content\/uploads\/2021\/05\/IMG_20190710_085908058-scaled.jpg","size":"full","id":53814,"alt":"","pixels":4915200,"type":"image\/jpeg"}],"twitter_card":"summary_large_image","twitter_misc":{"Est. reading time":"1 minute"},"schema":{"@context":"https:\/\/schema.org","@graph":[{"@type":"WebSite","@id":"https:\/\/machineriesbst.com\/en\/#website","url":"https:\/\/machineriesbst.com\/en\/","name":"Machineries BST","description":"Machines neuves &amp; usag\u00e9es","potentialAction":[{"@type":"SearchAction","target":{"@type":"EntryPoint","urlTemplate":"https:\/\/machineriesbst.com\/en\/?s={search_term_string}"},"query-input":"required name=search_term_string"}],"inLanguage":"en-US"},{"@type":"ImageObject","@id":"https:\/\/machineriesbst.com\/en\/catalogue\/koch-perceuse-insereuse-gougeonneuse-48-pouces\/#primaryimage","inLanguage":"en-US","url":"https:\/\/machineriesbst.com\/wp-content\/uploads\/2021\/05\/IMG_20190710_085908058-scaled.jpg","contentUrl":"https:\/\/machineriesbst.com\/wp-content\/uploads\/2021\/05\/IMG_20190710_085908058-scaled.jpg","width":2560,"height":1920},{"@type":"WebPage","@id":"https:\/\/machineriesbst.com\/en\/catalogue\/koch-perceuse-insereuse-gougeonneuse-48-pouces\/#webpage","url":"https:\/\/machineriesbst.com\/en\/catalogue\/koch-perceuse-insereuse-gougeonneuse-48-pouces\/","name":"Koch per\u00e7euse\/ins\u00e9reuse gougeonneuse 48 pouces - Machineries BST","isPartOf":{"@id":"https:\/\/machineriesbst.com\/en\/#website"},"primaryImageOfPage":{"@id":"https:\/\/machineriesbst.com\/en\/catalogue\/koch-perceuse-insereuse-gougeonneuse-48-pouces\/#primaryimage"},"datePublished":"2021-06-08T13:54:35+00:00","dateModified":"2023-12-01T01:22:53+00:00","breadcrumb":{"@id":"https:\/\/machineriesbst.com\/en\/catalogue\/koch-perceuse-insereuse-gougeonneuse-48-pouces\/#breadcrumb"},"inLanguage":"en-US","potentialAction":[{"@type":"ReadAction","target":["https:\/\/machineriesbst.com\/en\/catalogue\/koch-perceuse-insereuse-gougeonneuse-48-pouces\/"]}]},{"@type":"BreadcrumbList","@id":"https:\/\/machineriesbst.com\/en\/catalogue\/koch-perceuse-insereuse-gougeonneuse-48-pouces\/#breadcrumb","itemListElement":[{"@type":"ListItem","position":1,"name":"Accueil","item":"https:\/\/machineriesbst.com\/en\/"},{"@type":"ListItem","position":2,"name":"Catalogue","item":"https:\/\/machineriesbst.com\/en\/catalog\/"},{"@type":"ListItem","position":3,"name":"Koch per\u00e7euse\/ins\u00e9reuse gougeonneuse 48 pouces"}]}]}},"_links":{"self":[{"href":"https:\/\/machineriesbst.com\/en\/wp-json\/wp\/v2\/product\/58518"}],"collection":[{"href":"https:\/\/machineriesbst.com\/en\/wp-json\/wp\/v2\/product"}],"about":[{"href":"https:\/\/machineriesbst.com\/en\/wp-json\/wp\/v2\/types\/product"}],"author":[{"embeddable":true,"href":"https:\/\/machineriesbst.com\/en\/wp-json\/wp\/v2\/users\/3"}],"replies":[{"embeddable":true,"href":"https:\/\/machineriesbst.com\/en\/wp-json\/wp\/v2\/comments?post=58518"}],"wp:featuredmedia":[{"embeddable":true,"href":"https:\/\/machineriesbst.com\/en\/wp-json\/wp\/v2\/media\/53814"}],"wp:attachment":[{"href":"https:\/\/machineriesbst.com\/en\/wp-json\/wp\/v2\/media?parent=58518"}],"wp:term":[{"taxonomy":"product_cat","embeddable":true,"href":"https:\/\/machineriesbst.com\/en\/wp-json\/wp\/v2\/product_cat?post=58518"},{"taxonomy":"product_tag","embeddable":true,"href":"https:\/\/machineriesbst.com\/en\/wp-json\/wp\/v2\/product_tag?post=58518"}],"curies":[{"name":"wp","href":"https:\/\/api.w.org\/{rel}","templated":true}]}}