{"id":58517,"date":"2021-06-08T09:54:35","date_gmt":"2021-06-08T13:54:35","guid":{"rendered":"https:\/\/machineriesbst.com\/?post_type=product&#038;p=58517"},"modified":"2023-11-30T20:22:53","modified_gmt":"2023-12-01T01:22:53","slug":"kremlin-rexson-cyclomix-multi-dosage","status":"publish","type":"product","link":"https:\/\/machineriesbst.com\/en\/catalogue\/kremlin-rexson-cyclomix-multi-dosage\/","title":{"rendered":"Kremlin Rexson Cyclomix Multi Dosage"},"content":{"rendered":"<p>The CYCLOMIXTM MULTI dosing machine is intended for the application of paints and varnishes in two<br \/>\nwater-soluble or solvent-based components. It is available for 3 application technologies:<br \/>\npneumatic spraying, AIRMIX \uf0e2 spraying, AIRLESS \uf0e2 spraying (pressure: 200 bar max).<br \/>\nIt comes in an autonomous and mobile form requiring only a compressed air supply.<br \/>\n(6 bar max) and an electrical supply (230 V). It includes: a control bay with a<br \/>\nPLC and electro-pneumatic control elements, a frame with a plate receiving the<br \/>\nvolumetric meters and automatic valves for products and solvents.<\/p>","protected":false},"excerpt":{"rendered":"<p>The CYCLOMIXTM MULTI dosing machine is intended for the application of water-based or solvent-based two-component paints and varnishes. It is available for 3 application technologies: pneumatic spraying, AIRMIX \uf0e2 spraying, AIRLESS \uf0e2 spraying (pressure: 200 bar max). It comes in an autonomous and mobile form requiring only a supply of [\u2026]<\/p>","protected":false},"author":3,"featured_media":53810,"comment_status":"open","ping_status":"closed","template":"","meta":[],"product_cat":[3061,1731],"product_tag":[],"acf":[],"yoast_head":"<!-- This site is optimized with the Yoast SEO plugin v16.8 - https:\/\/yoast.com\/wordpress\/plugins\/seo\/ -->\n<title>Kremlin Rexson Cyclomix Multi Dosage - Machineries BST<\/title>\n<meta name=\"robots\" content=\"index, follow, max-snippet:-1, max-image-preview:large, max-video-preview:-1\" \/>\n<link rel=\"canonical\" href=\"https:\/\/machineriesbst.com\/en\/catalogue\/kremlin-rexson-cyclomix-multi-dosage\/\" \/>\n<meta property=\"og:locale\" content=\"en_US\" \/>\n<meta property=\"og:type\" content=\"article\" \/>\n<meta property=\"og:title\" content=\"Kremlin Rexson Cyclomix Multi Dosage - Machineries BST\" \/>\n<meta property=\"og:description\" content=\"La machine de dosage CYCLOMIXTM MULTI est destin\u00e9e \u00e0 l&#039;application de peintures et vernis \u00e0 deux composants hydrodiluables ou solvant\u00e9es. Elle est disponible pour 3 technologies d&#039;application : pulv\u00e9risation pneumatique, pulv\u00e9risation AIRMIX \uf0e2, pulv\u00e9risation AIRLESS \uf0e2 (pression : 200 bar maxi). Elle se pr\u00e9sente sous une forme autonome et mobile ne n\u00e9cessitant qu&#039;une alimentation en [&hellip;]\" \/>\n<meta property=\"og:url\" content=\"https:\/\/machineriesbst.com\/en\/catalogue\/kremlin-rexson-cyclomix-multi-dosage\/\" \/>\n<meta property=\"og:site_name\" content=\"Machineries BST\" \/>\n<meta property=\"article:modified_time\" content=\"2023-12-01T01:22:53+00:00\" \/>\n<meta property=\"og:image\" content=\"https:\/\/machineriesbst.com\/wp-content\/uploads\/2021\/05\/IMG_9364-1.jpg\" \/>\n\t<meta property=\"og:image:width\" content=\"480\" \/>\n\t<meta property=\"og:image:height\" content=\"640\" \/>\n<meta name=\"twitter:card\" content=\"summary_large_image\" \/>\n<meta name=\"twitter:label1\" content=\"Est. reading time\" \/>\n\t<meta name=\"twitter:data1\" content=\"1 minute\" \/>\n<script type=\"application\/ld+json\" class=\"yoast-schema-graph\">{\"@context\":\"https:\/\/schema.org\",\"@graph\":[{\"@type\":\"WebSite\",\"@id\":\"https:\/\/machineriesbst.com\/en\/#website\",\"url\":\"https:\/\/machineriesbst.com\/en\/\",\"name\":\"Machineries BST\",\"description\":\"Machines neuves &amp; usag\\u00e9es\",\"potentialAction\":[{\"@type\":\"SearchAction\",\"target\":{\"@type\":\"EntryPoint\",\"urlTemplate\":\"https:\/\/machineriesbst.com\/en\/?s={search_term_string}\"},\"query-input\":\"required name=search_term_string\"}],\"inLanguage\":\"en-US\"},{\"@type\":\"ImageObject\",\"@id\":\"https:\/\/machineriesbst.com\/en\/catalogue\/kremlin-rexson-cyclomix-multi-dosage\/#primaryimage\",\"inLanguage\":\"en-US\",\"url\":\"https:\/\/machineriesbst.com\/wp-content\/uploads\/2021\/05\/IMG_9364-1.jpg\",\"contentUrl\":\"https:\/\/machineriesbst.com\/wp-content\/uploads\/2021\/05\/IMG_9364-1.jpg\",\"width\":480,\"height\":640},{\"@type\":\"WebPage\",\"@id\":\"https:\/\/machineriesbst.com\/en\/catalogue\/kremlin-rexson-cyclomix-multi-dosage\/#webpage\",\"url\":\"https:\/\/machineriesbst.com\/en\/catalogue\/kremlin-rexson-cyclomix-multi-dosage\/\",\"name\":\"Kremlin Rexson Cyclomix Multi Dosage - Machineries BST\",\"isPartOf\":{\"@id\":\"https:\/\/machineriesbst.com\/en\/#website\"},\"primaryImageOfPage\":{\"@id\":\"https:\/\/machineriesbst.com\/en\/catalogue\/kremlin-rexson-cyclomix-multi-dosage\/#primaryimage\"},\"datePublished\":\"2021-06-08T13:54:35+00:00\",\"dateModified\":\"2023-12-01T01:22:53+00:00\",\"breadcrumb\":{\"@id\":\"https:\/\/machineriesbst.com\/en\/catalogue\/kremlin-rexson-cyclomix-multi-dosage\/#breadcrumb\"},\"inLanguage\":\"en-US\",\"potentialAction\":[{\"@type\":\"ReadAction\",\"target\":[\"https:\/\/machineriesbst.com\/en\/catalogue\/kremlin-rexson-cyclomix-multi-dosage\/\"]}]},{\"@type\":\"BreadcrumbList\",\"@id\":\"https:\/\/machineriesbst.com\/en\/catalogue\/kremlin-rexson-cyclomix-multi-dosage\/#breadcrumb\",\"itemListElement\":[{\"@type\":\"ListItem\",\"position\":1,\"name\":\"Accueil\",\"item\":\"https:\/\/machineriesbst.com\/en\/\"},{\"@type\":\"ListItem\",\"position\":2,\"name\":\"Catalogue\",\"item\":\"https:\/\/machineriesbst.com\/en\/catalog\/\"},{\"@type\":\"ListItem\",\"position\":3,\"name\":\"Kremlin Rexson Cyclomix Multi Dosage\"}]}]}<\/script>\n<!-- \/ Yoast SEO plugin. -->","yoast_head_json":{"title":"Kremlin Rexson Cyclomix Multi Dosage - Machineries BST","robots":{"index":"index","follow":"follow","max-snippet":"max-snippet:-1","max-image-preview":"max-image-preview:large","max-video-preview":"max-video-preview:-1"},"canonical":"https:\/\/machineriesbst.com\/en\/catalogue\/kremlin-rexson-cyclomix-multi-dosage\/","og_locale":"en_US","og_type":"article","og_title":"Kremlin Rexson Cyclomix Multi Dosage - Machineries BST","og_description":"La machine de dosage CYCLOMIXTM MULTI est destin\u00e9e \u00e0 l'application de peintures et vernis \u00e0 deux composants hydrodiluables ou solvant\u00e9es. Elle est disponible pour 3 technologies d'application : pulv\u00e9risation pneumatique, pulv\u00e9risation AIRMIX \uf0e2, pulv\u00e9risation AIRLESS \uf0e2 (pression : 200 bar maxi). Elle se pr\u00e9sente sous une forme autonome et mobile ne n\u00e9cessitant qu'une alimentation en [&hellip;]","og_url":"https:\/\/machineriesbst.com\/en\/catalogue\/kremlin-rexson-cyclomix-multi-dosage\/","og_site_name":"Machineries BST","article_modified_time":"2023-12-01T01:22:53+00:00","og_image":[{"width":480,"height":640,"url":"https:\/\/machineriesbst.com\/wp-content\/uploads\/2021\/05\/IMG_9364-1.jpg","path":"\/home\/jepeto\/public_html\/wp-content\/uploads\/2021\/05\/IMG_9364-1.jpg","size":"full","id":53810,"alt":"","pixels":307200,"type":"image\/jpeg"}],"twitter_card":"summary_large_image","twitter_misc":{"Est. reading time":"1 minute"},"schema":{"@context":"https:\/\/schema.org","@graph":[{"@type":"WebSite","@id":"https:\/\/machineriesbst.com\/en\/#website","url":"https:\/\/machineriesbst.com\/en\/","name":"Machineries BST","description":"Machines neuves &amp; usag\u00e9es","potentialAction":[{"@type":"SearchAction","target":{"@type":"EntryPoint","urlTemplate":"https:\/\/machineriesbst.com\/en\/?s={search_term_string}"},"query-input":"required name=search_term_string"}],"inLanguage":"en-US"},{"@type":"ImageObject","@id":"https:\/\/machineriesbst.com\/en\/catalogue\/kremlin-rexson-cyclomix-multi-dosage\/#primaryimage","inLanguage":"en-US","url":"https:\/\/machineriesbst.com\/wp-content\/uploads\/2021\/05\/IMG_9364-1.jpg","contentUrl":"https:\/\/machineriesbst.com\/wp-content\/uploads\/2021\/05\/IMG_9364-1.jpg","width":480,"height":640},{"@type":"WebPage","@id":"https:\/\/machineriesbst.com\/en\/catalogue\/kremlin-rexson-cyclomix-multi-dosage\/#webpage","url":"https:\/\/machineriesbst.com\/en\/catalogue\/kremlin-rexson-cyclomix-multi-dosage\/","name":"Kremlin Rexson Cyclomix Multi Dosage - Machineries BST","isPartOf":{"@id":"https:\/\/machineriesbst.com\/en\/#website"},"primaryImageOfPage":{"@id":"https:\/\/machineriesbst.com\/en\/catalogue\/kremlin-rexson-cyclomix-multi-dosage\/#primaryimage"},"datePublished":"2021-06-08T13:54:35+00:00","dateModified":"2023-12-01T01:22:53+00:00","breadcrumb":{"@id":"https:\/\/machineriesbst.com\/en\/catalogue\/kremlin-rexson-cyclomix-multi-dosage\/#breadcrumb"},"inLanguage":"en-US","potentialAction":[{"@type":"ReadAction","target":["https:\/\/machineriesbst.com\/en\/catalogue\/kremlin-rexson-cyclomix-multi-dosage\/"]}]},{"@type":"BreadcrumbList","@id":"https:\/\/machineriesbst.com\/en\/catalogue\/kremlin-rexson-cyclomix-multi-dosage\/#breadcrumb","itemListElement":[{"@type":"ListItem","position":1,"name":"Accueil","item":"https:\/\/machineriesbst.com\/en\/"},{"@type":"ListItem","position":2,"name":"Catalogue","item":"https:\/\/machineriesbst.com\/en\/catalog\/"},{"@type":"ListItem","position":3,"name":"Kremlin Rexson Cyclomix Multi Dosage"}]}]}},"_links":{"self":[{"href":"https:\/\/machineriesbst.com\/en\/wp-json\/wp\/v2\/product\/58517"}],"collection":[{"href":"https:\/\/machineriesbst.com\/en\/wp-json\/wp\/v2\/product"}],"about":[{"href":"https:\/\/machineriesbst.com\/en\/wp-json\/wp\/v2\/types\/product"}],"author":[{"embeddable":true,"href":"https:\/\/machineriesbst.com\/en\/wp-json\/wp\/v2\/users\/3"}],"replies":[{"embeddable":true,"href":"https:\/\/machineriesbst.com\/en\/wp-json\/wp\/v2\/comments?post=58517"}],"wp:featuredmedia":[{"embeddable":true,"href":"https:\/\/machineriesbst.com\/en\/wp-json\/wp\/v2\/media\/53810"}],"wp:attachment":[{"href":"https:\/\/machineriesbst.com\/en\/wp-json\/wp\/v2\/media?parent=58517"}],"wp:term":[{"taxonomy":"product_cat","embeddable":true,"href":"https:\/\/machineriesbst.com\/en\/wp-json\/wp\/v2\/product_cat?post=58517"},{"taxonomy":"product_tag","embeddable":true,"href":"https:\/\/machineriesbst.com\/en\/wp-json\/wp\/v2\/product_tag?post=58517"}],"curies":[{"name":"wp","href":"https:\/\/api.w.org\/{rel}","templated":true}]}}