{"id":58514,"date":"2021-06-08T09:54:34","date_gmt":"2021-06-08T13:54:34","guid":{"rendered":"https:\/\/machineriesbst.com\/?post_type=product&#038;p=58514"},"modified":"2023-11-30T20:22:54","modified_gmt":"2023-12-01T01:22:54","slug":"mouluriere-weinig-powermat-1000","status":"publish","type":"product","link":"https:\/\/machineriesbst.com\/en\/catalogue\/mouluriere-weinig-powermat-1000\/","title":{"rendered":"Weinig Powermat 1000 moulder"},"content":{"rendered":"<p>This moulder is designed for cabinet doors, entry doors and carpentry.<\/p>\n<p>Variable speed tool carrier on 4.5 and 6, cassette system pressure unit for the second platen.<\/p>\n<p>Note: 260 mm working width.<\/p>\n<p>Spindle configuration: BRLTTBU<\/p>\n<p>Working dimensions: 4-3 \/ 4 &quot;x 10-1 \/ 4&quot;<\/p>\n<p>Engines: B-15 HP, R-15 HP, L-15 HP, T-30 HP, T-40 HP, B-30 HP and Univ. 15 HP.<\/p>\n<p>All engines with brakes.<\/p>\n<p>Tool holder \/ tool holder:<\/p>\n<p>First bottom 1 13\/16 &quot;with rebate cutter at 8000 rpm;<\/p>\n<p>Powerlock 2-7 tool holder.<\/p>\n<p>Tool 3-12,000 rpm; 4-6 variable speed tools 4,000 to 12,000 rpm and tool 7 to 8,000 rpm.<\/p>\n<p>Positioning of the spindle Radial and axial tools 2 to 6.<\/p>\n<p>Universal with 360 \u00b0 working rotation.<\/p>\n<p>CNC: WEINIG PowerCom with PowerCom Plus: management of profile and tool data; touch screen functions: 10,000 storage profiles and intragroup connection for linking the tool room.<\/p>\n<p>The PLUS includes linear measurements, a production link to the office and more.<\/p>\n<p>Tables \/ Fences: 6&#39;6 &quot;infeed table with lateral pressure roller: tables and chrome barriers:<\/p>\n<p>Electric rollers between top heads and at full width outlet.<\/p>\n<p>Includes: manual lubrication of the table; chrome tables: cassette system for profile shoes and support: centralized lubrication.<\/p>\n<p>Lights inside the enclosure.<\/p>\n<p>Note: The seller never used the universal spindle during its production time.<\/p>","protected":false},"excerpt":{"rendered":"<p>This moulder is designed for cabinet doors, entry doors and carpentry. Variable speed tool carrier on 4.5 and 6, cassette system pressure unit for the second platen. Note: 260 mm working width. Spindle configuration: BRLTTBU Working dimensions: 4-3 \/ 4 &quot;x 10-1 \/ 4&quot; [\u2026]<\/p>","protected":false},"author":3,"featured_media":53788,"comment_status":"open","ping_status":"closed","template":"","meta":[],"product_cat":[125],"product_tag":[],"acf":[],"yoast_head":"<!-- This site is optimized with the Yoast SEO plugin v16.8 - https:\/\/yoast.com\/wordpress\/plugins\/seo\/ -->\n<title>Mouluri\u00e8re Weinig Powermat 1000 - Machineries BST<\/title>\n<meta name=\"robots\" content=\"index, follow, max-snippet:-1, max-image-preview:large, max-video-preview:-1\" \/>\n<link rel=\"canonical\" href=\"https:\/\/machineriesbst.com\/en\/catalogue\/mouluriere-weinig-powermat-1000\/\" \/>\n<meta property=\"og:locale\" content=\"en_US\" \/>\n<meta property=\"og:type\" content=\"article\" \/>\n<meta property=\"og:title\" content=\"Mouluri\u00e8re Weinig Powermat 1000 - Machineries BST\" \/>\n<meta property=\"og:description\" content=\"Cette mouluri\u00e8re est con\u00e7ue pour les portes d\u2019armoires, les portes d\u2019entr\u00e9e et la menuiserie. Porte-outils \u00e0 vitesse variable sur 4,5 et 6, unit\u00e9 de pression du syst\u00e8me de cassette pour le deuxi\u00e8me plateau. Remarque: largeur de travail de 260 mm. Configuration de la broche: B-R-L-T-T-B-U Dimensions de travail: 4-3 \/ 4 &quot;x 10-1 \/ 4&quot; [&hellip;]\" \/>\n<meta property=\"og:url\" content=\"https:\/\/machineriesbst.com\/en\/catalogue\/mouluriere-weinig-powermat-1000\/\" \/>\n<meta property=\"og:site_name\" content=\"Machineries BST\" \/>\n<meta property=\"article:modified_time\" content=\"2023-12-01T01:22:54+00:00\" \/>\n<meta property=\"og:image\" content=\"https:\/\/machineriesbst.com\/wp-content\/uploads\/2021\/05\/WEINIG-POWERMAT-1000023-WUNIVERSAL-MOULDER-FEED-THROUGH-01.png\" \/>\n\t<meta property=\"og:image:width\" content=\"734\" \/>\n\t<meta property=\"og:image:height\" content=\"597\" \/>\n<meta name=\"twitter:card\" content=\"summary_large_image\" \/>\n<meta name=\"twitter:label1\" content=\"Est. reading time\" \/>\n\t<meta name=\"twitter:data1\" content=\"1 minute\" \/>\n<script type=\"application\/ld+json\" class=\"yoast-schema-graph\">{\"@context\":\"https:\/\/schema.org\",\"@graph\":[{\"@type\":\"WebSite\",\"@id\":\"https:\/\/machineriesbst.com\/en\/#website\",\"url\":\"https:\/\/machineriesbst.com\/en\/\",\"name\":\"Machineries BST\",\"description\":\"Machines neuves &amp; usag\\u00e9es\",\"potentialAction\":[{\"@type\":\"SearchAction\",\"target\":{\"@type\":\"EntryPoint\",\"urlTemplate\":\"https:\/\/machineriesbst.com\/en\/?s={search_term_string}\"},\"query-input\":\"required name=search_term_string\"}],\"inLanguage\":\"en-US\"},{\"@type\":\"ImageObject\",\"@id\":\"https:\/\/machineriesbst.com\/en\/catalogue\/mouluriere-weinig-powermat-1000\/#primaryimage\",\"inLanguage\":\"en-US\",\"url\":\"https:\/\/machineriesbst.com\/wp-content\/uploads\/2021\/05\/WEINIG-POWERMAT-1000023-WUNIVERSAL-MOULDER-FEED-THROUGH-01.png\",\"contentUrl\":\"https:\/\/machineriesbst.com\/wp-content\/uploads\/2021\/05\/WEINIG-POWERMAT-1000023-WUNIVERSAL-MOULDER-FEED-THROUGH-01.png\",\"width\":734,\"height\":597},{\"@type\":\"WebPage\",\"@id\":\"https:\/\/machineriesbst.com\/en\/catalogue\/mouluriere-weinig-powermat-1000\/#webpage\",\"url\":\"https:\/\/machineriesbst.com\/en\/catalogue\/mouluriere-weinig-powermat-1000\/\",\"name\":\"Mouluri\\u00e8re Weinig Powermat 1000 - Machineries BST\",\"isPartOf\":{\"@id\":\"https:\/\/machineriesbst.com\/en\/#website\"},\"primaryImageOfPage\":{\"@id\":\"https:\/\/machineriesbst.com\/en\/catalogue\/mouluriere-weinig-powermat-1000\/#primaryimage\"},\"datePublished\":\"2021-06-08T13:54:34+00:00\",\"dateModified\":\"2023-12-01T01:22:54+00:00\",\"breadcrumb\":{\"@id\":\"https:\/\/machineriesbst.com\/en\/catalogue\/mouluriere-weinig-powermat-1000\/#breadcrumb\"},\"inLanguage\":\"en-US\",\"potentialAction\":[{\"@type\":\"ReadAction\",\"target\":[\"https:\/\/machineriesbst.com\/en\/catalogue\/mouluriere-weinig-powermat-1000\/\"]}]},{\"@type\":\"BreadcrumbList\",\"@id\":\"https:\/\/machineriesbst.com\/en\/catalogue\/mouluriere-weinig-powermat-1000\/#breadcrumb\",\"itemListElement\":[{\"@type\":\"ListItem\",\"position\":1,\"name\":\"Accueil\",\"item\":\"https:\/\/machineriesbst.com\/en\/\"},{\"@type\":\"ListItem\",\"position\":2,\"name\":\"Catalogue\",\"item\":\"https:\/\/machineriesbst.com\/en\/catalog\/\"},{\"@type\":\"ListItem\",\"position\":3,\"name\":\"Mouluri\\u00e8re Weinig Powermat 1000\"}]}]}<\/script>\n<!-- \/ Yoast SEO plugin. -->","yoast_head_json":{"title":"Mouluri\u00e8re Weinig Powermat 1000 - Machineries BST","robots":{"index":"index","follow":"follow","max-snippet":"max-snippet:-1","max-image-preview":"max-image-preview:large","max-video-preview":"max-video-preview:-1"},"canonical":"https:\/\/machineriesbst.com\/en\/catalogue\/mouluriere-weinig-powermat-1000\/","og_locale":"en_US","og_type":"article","og_title":"Mouluri\u00e8re Weinig Powermat 1000 - Machineries BST","og_description":"Cette mouluri\u00e8re est con\u00e7ue pour les portes d\u2019armoires, les portes d\u2019entr\u00e9e et la menuiserie. Porte-outils \u00e0 vitesse variable sur 4,5 et 6, unit\u00e9 de pression du syst\u00e8me de cassette pour le deuxi\u00e8me plateau. Remarque: largeur de travail de 260 mm. Configuration de la broche: B-R-L-T-T-B-U Dimensions de travail: 4-3 \/ 4 \"x 10-1 \/ 4\" [&hellip;]","og_url":"https:\/\/machineriesbst.com\/en\/catalogue\/mouluriere-weinig-powermat-1000\/","og_site_name":"Machineries BST","article_modified_time":"2023-12-01T01:22:54+00:00","og_image":[{"width":734,"height":597,"url":"https:\/\/machineriesbst.com\/wp-content\/uploads\/2021\/05\/WEINIG-POWERMAT-1000023-WUNIVERSAL-MOULDER-FEED-THROUGH-01.png","path":"\/home\/jepeto\/public_html\/wp-content\/uploads\/2021\/05\/WEINIG-POWERMAT-1000023-WUNIVERSAL-MOULDER-FEED-THROUGH-01.png","size":"full","id":53788,"alt":"","pixels":438198,"type":"image\/png"}],"twitter_card":"summary_large_image","twitter_misc":{"Est. reading time":"1 minute"},"schema":{"@context":"https:\/\/schema.org","@graph":[{"@type":"WebSite","@id":"https:\/\/machineriesbst.com\/en\/#website","url":"https:\/\/machineriesbst.com\/en\/","name":"Machineries BST","description":"Machines neuves &amp; usag\u00e9es","potentialAction":[{"@type":"SearchAction","target":{"@type":"EntryPoint","urlTemplate":"https:\/\/machineriesbst.com\/en\/?s={search_term_string}"},"query-input":"required name=search_term_string"}],"inLanguage":"en-US"},{"@type":"ImageObject","@id":"https:\/\/machineriesbst.com\/en\/catalogue\/mouluriere-weinig-powermat-1000\/#primaryimage","inLanguage":"en-US","url":"https:\/\/machineriesbst.com\/wp-content\/uploads\/2021\/05\/WEINIG-POWERMAT-1000023-WUNIVERSAL-MOULDER-FEED-THROUGH-01.png","contentUrl":"https:\/\/machineriesbst.com\/wp-content\/uploads\/2021\/05\/WEINIG-POWERMAT-1000023-WUNIVERSAL-MOULDER-FEED-THROUGH-01.png","width":734,"height":597},{"@type":"WebPage","@id":"https:\/\/machineriesbst.com\/en\/catalogue\/mouluriere-weinig-powermat-1000\/#webpage","url":"https:\/\/machineriesbst.com\/en\/catalogue\/mouluriere-weinig-powermat-1000\/","name":"Mouluri\u00e8re Weinig Powermat 1000 - Machineries BST","isPartOf":{"@id":"https:\/\/machineriesbst.com\/en\/#website"},"primaryImageOfPage":{"@id":"https:\/\/machineriesbst.com\/en\/catalogue\/mouluriere-weinig-powermat-1000\/#primaryimage"},"datePublished":"2021-06-08T13:54:34+00:00","dateModified":"2023-12-01T01:22:54+00:00","breadcrumb":{"@id":"https:\/\/machineriesbst.com\/en\/catalogue\/mouluriere-weinig-powermat-1000\/#breadcrumb"},"inLanguage":"en-US","potentialAction":[{"@type":"ReadAction","target":["https:\/\/machineriesbst.com\/en\/catalogue\/mouluriere-weinig-powermat-1000\/"]}]},{"@type":"BreadcrumbList","@id":"https:\/\/machineriesbst.com\/en\/catalogue\/mouluriere-weinig-powermat-1000\/#breadcrumb","itemListElement":[{"@type":"ListItem","position":1,"name":"Accueil","item":"https:\/\/machineriesbst.com\/en\/"},{"@type":"ListItem","position":2,"name":"Catalogue","item":"https:\/\/machineriesbst.com\/en\/catalog\/"},{"@type":"ListItem","position":3,"name":"Mouluri\u00e8re Weinig Powermat 1000"}]}]}},"_links":{"self":[{"href":"https:\/\/machineriesbst.com\/en\/wp-json\/wp\/v2\/product\/58514"}],"collection":[{"href":"https:\/\/machineriesbst.com\/en\/wp-json\/wp\/v2\/product"}],"about":[{"href":"https:\/\/machineriesbst.com\/en\/wp-json\/wp\/v2\/types\/product"}],"author":[{"embeddable":true,"href":"https:\/\/machineriesbst.com\/en\/wp-json\/wp\/v2\/users\/3"}],"replies":[{"embeddable":true,"href":"https:\/\/machineriesbst.com\/en\/wp-json\/wp\/v2\/comments?post=58514"}],"wp:featuredmedia":[{"embeddable":true,"href":"https:\/\/machineriesbst.com\/en\/wp-json\/wp\/v2\/media\/53788"}],"wp:attachment":[{"href":"https:\/\/machineriesbst.com\/en\/wp-json\/wp\/v2\/media?parent=58514"}],"wp:term":[{"taxonomy":"product_cat","embeddable":true,"href":"https:\/\/machineriesbst.com\/en\/wp-json\/wp\/v2\/product_cat?post=58514"},{"taxonomy":"product_tag","embeddable":true,"href":"https:\/\/machineriesbst.com\/en\/wp-json\/wp\/v2\/product_tag?post=58514"}],"curies":[{"name":"wp","href":"https:\/\/api.w.org\/{rel}","templated":true}]}}