{"id":58505,"date":"2021-06-08T09:54:32","date_gmt":"2021-06-08T13:54:32","guid":{"rendered":"https:\/\/machineriesbst.com\/?post_type=product&#038;p=58505"},"modified":"2023-11-30T20:22:54","modified_gmt":"2023-12-01T01:22:54","slug":"machine-assemblage-cloueuse-decoupe-murs","status":"publish","type":"product","link":"https:\/\/machineriesbst.com\/en\/catalogue\/machine-assemblage-cloueuse-decoupe-murs\/","title":{"rendered":"Assembly machine Nailer Cutting Walls"},"content":{"rendered":"<p>Bridge nailer machine: Nails and hole cutter, door and window opening automate up to 12 &#39;height (3min. For 12ft linear capacity of 1800ft. Linear per 8h of work<\/p>\n<p>option:<br \/>\n-Fabricate wall framing up to 12 &#39;high (1min. 30sec. for 12ft linear capacity of 3600ft.linear per 8h of work.<br \/>\n-saw automate computer<br \/>\n-wall manipulator<\/p>\n<p>Wall extruder, Nailer bridge, Computer binder with wall extruder.<\/p>","protected":false},"excerpt":{"rendered":"<p>Bridge nailer machine: Nails and hole cutter to automate door and window openings up to 12 &#39;height (3min. For 12ft linear capacity of 1800ft. Linear per 8h of work option: - fabricate wall framing up to 12&#39; height ( 1min. 30sec. For 12ft linear 3600ft.linear capacity per 8h of work -saw automate computer -manipulator [\u2026]<\/p>","protected":false},"author":3,"featured_media":53722,"comment_status":"open","ping_status":"closed","template":"","meta":[],"product_cat":[237],"product_tag":[],"acf":[],"yoast_head":"<!-- This site is optimized with the Yoast SEO plugin v16.8 - https:\/\/yoast.com\/wordpress\/plugins\/seo\/ -->\n<title>Machine assemblage Cloueuse D\u00e9coupe Murs - Machineries BST<\/title>\n<meta name=\"robots\" content=\"index, follow, max-snippet:-1, max-image-preview:large, max-video-preview:-1\" \/>\n<link rel=\"canonical\" href=\"https:\/\/machineriesbst.com\/en\/catalogue\/machine-assemblage-cloueuse-decoupe-murs\/\" \/>\n<meta property=\"og:locale\" content=\"en_US\" \/>\n<meta property=\"og:type\" content=\"article\" \/>\n<meta property=\"og:title\" content=\"Machine assemblage Cloueuse D\u00e9coupe Murs - Machineries BST\" \/>\n<meta property=\"og:description\" content=\"Machine pont cloueur: Clous et d\u00e9coupeuse des trou ouverture de porte et fen\u00eatre automatiser jusqu&#039;\u00e0 12&#039; hauteur ( 3min. pour 12pi lin\u00e9aire capacit\u00e9 de 1800pi.lineaire par 8h de travail option : -fabrique ossature du mur jusqu&#039;\u00e0 12&#039; hauteur ( 1min. 30sec. pour 12pi lin\u00e9aire capacit\u00e9 de 3600pi.lineaire par 8h de travaille. -scie automatiser informatique -manipulateur [&hellip;]\" \/>\n<meta property=\"og:url\" content=\"https:\/\/machineriesbst.com\/en\/catalogue\/machine-assemblage-cloueuse-decoupe-murs\/\" \/>\n<meta property=\"og:site_name\" content=\"Machineries BST\" \/>\n<meta property=\"article:modified_time\" content=\"2023-12-01T01:22:54+00:00\" \/>\n<meta property=\"og:image\" content=\"https:\/\/machineriesbst.com\/wp-content\/uploads\/2021\/05\/M4-1.jpg\" \/>\n\t<meta property=\"og:image:width\" content=\"632\" \/>\n\t<meta property=\"og:image:height\" content=\"438\" \/>\n<meta name=\"twitter:card\" content=\"summary_large_image\" \/>\n<script type=\"application\/ld+json\" class=\"yoast-schema-graph\">{\"@context\":\"https:\/\/schema.org\",\"@graph\":[{\"@type\":\"WebSite\",\"@id\":\"https:\/\/machineriesbst.com\/en\/#website\",\"url\":\"https:\/\/machineriesbst.com\/en\/\",\"name\":\"Machineries BST\",\"description\":\"Machines neuves &amp; usag\\u00e9es\",\"potentialAction\":[{\"@type\":\"SearchAction\",\"target\":{\"@type\":\"EntryPoint\",\"urlTemplate\":\"https:\/\/machineriesbst.com\/en\/?s={search_term_string}\"},\"query-input\":\"required name=search_term_string\"}],\"inLanguage\":\"en-US\"},{\"@type\":\"ImageObject\",\"@id\":\"https:\/\/machineriesbst.com\/en\/catalogue\/machine-assemblage-cloueuse-decoupe-murs\/#primaryimage\",\"inLanguage\":\"en-US\",\"url\":\"https:\/\/machineriesbst.com\/wp-content\/uploads\/2021\/05\/M4-1.jpg\",\"contentUrl\":\"https:\/\/machineriesbst.com\/wp-content\/uploads\/2021\/05\/M4-1.jpg\",\"width\":632,\"height\":438},{\"@type\":\"WebPage\",\"@id\":\"https:\/\/machineriesbst.com\/en\/catalogue\/machine-assemblage-cloueuse-decoupe-murs\/#webpage\",\"url\":\"https:\/\/machineriesbst.com\/en\/catalogue\/machine-assemblage-cloueuse-decoupe-murs\/\",\"name\":\"Machine assemblage Cloueuse D\\u00e9coupe Murs - Machineries BST\",\"isPartOf\":{\"@id\":\"https:\/\/machineriesbst.com\/en\/#website\"},\"primaryImageOfPage\":{\"@id\":\"https:\/\/machineriesbst.com\/en\/catalogue\/machine-assemblage-cloueuse-decoupe-murs\/#primaryimage\"},\"datePublished\":\"2021-06-08T13:54:32+00:00\",\"dateModified\":\"2023-12-01T01:22:54+00:00\",\"breadcrumb\":{\"@id\":\"https:\/\/machineriesbst.com\/en\/catalogue\/machine-assemblage-cloueuse-decoupe-murs\/#breadcrumb\"},\"inLanguage\":\"en-US\",\"potentialAction\":[{\"@type\":\"ReadAction\",\"target\":[\"https:\/\/machineriesbst.com\/en\/catalogue\/machine-assemblage-cloueuse-decoupe-murs\/\"]}]},{\"@type\":\"BreadcrumbList\",\"@id\":\"https:\/\/machineriesbst.com\/en\/catalogue\/machine-assemblage-cloueuse-decoupe-murs\/#breadcrumb\",\"itemListElement\":[{\"@type\":\"ListItem\",\"position\":1,\"name\":\"Accueil\",\"item\":\"https:\/\/machineriesbst.com\/en\/\"},{\"@type\":\"ListItem\",\"position\":2,\"name\":\"Catalogue\",\"item\":\"https:\/\/machineriesbst.com\/en\/catalog\/\"},{\"@type\":\"ListItem\",\"position\":3,\"name\":\"Machine assemblage Cloueuse D\\u00e9coupe Murs\"}]}]}<\/script>\n<!-- \/ Yoast SEO plugin. -->","yoast_head_json":{"title":"Machine assemblage Cloueuse D\u00e9coupe Murs - Machineries BST","robots":{"index":"index","follow":"follow","max-snippet":"max-snippet:-1","max-image-preview":"max-image-preview:large","max-video-preview":"max-video-preview:-1"},"canonical":"https:\/\/machineriesbst.com\/en\/catalogue\/machine-assemblage-cloueuse-decoupe-murs\/","og_locale":"en_US","og_type":"article","og_title":"Machine assemblage Cloueuse D\u00e9coupe Murs - Machineries BST","og_description":"Machine pont cloueur: Clous et d\u00e9coupeuse des trou ouverture de porte et fen\u00eatre automatiser jusqu'\u00e0 12' hauteur ( 3min. pour 12pi lin\u00e9aire capacit\u00e9 de 1800pi.lineaire par 8h de travail option : -fabrique ossature du mur jusqu'\u00e0 12' hauteur ( 1min. 30sec. pour 12pi lin\u00e9aire capacit\u00e9 de 3600pi.lineaire par 8h de travaille. -scie automatiser informatique -manipulateur [&hellip;]","og_url":"https:\/\/machineriesbst.com\/en\/catalogue\/machine-assemblage-cloueuse-decoupe-murs\/","og_site_name":"Machineries BST","article_modified_time":"2023-12-01T01:22:54+00:00","og_image":[{"width":632,"height":438,"url":"https:\/\/machineriesbst.com\/wp-content\/uploads\/2021\/05\/M4-1.jpg","path":"\/home\/jepeto\/public_html\/wp-content\/uploads\/2021\/05\/M4-1.jpg","size":"full","id":53722,"alt":"","pixels":276816,"type":"image\/jpeg"}],"twitter_card":"summary_large_image","schema":{"@context":"https:\/\/schema.org","@graph":[{"@type":"WebSite","@id":"https:\/\/machineriesbst.com\/en\/#website","url":"https:\/\/machineriesbst.com\/en\/","name":"Machineries BST","description":"Machines neuves &amp; usag\u00e9es","potentialAction":[{"@type":"SearchAction","target":{"@type":"EntryPoint","urlTemplate":"https:\/\/machineriesbst.com\/en\/?s={search_term_string}"},"query-input":"required name=search_term_string"}],"inLanguage":"en-US"},{"@type":"ImageObject","@id":"https:\/\/machineriesbst.com\/en\/catalogue\/machine-assemblage-cloueuse-decoupe-murs\/#primaryimage","inLanguage":"en-US","url":"https:\/\/machineriesbst.com\/wp-content\/uploads\/2021\/05\/M4-1.jpg","contentUrl":"https:\/\/machineriesbst.com\/wp-content\/uploads\/2021\/05\/M4-1.jpg","width":632,"height":438},{"@type":"WebPage","@id":"https:\/\/machineriesbst.com\/en\/catalogue\/machine-assemblage-cloueuse-decoupe-murs\/#webpage","url":"https:\/\/machineriesbst.com\/en\/catalogue\/machine-assemblage-cloueuse-decoupe-murs\/","name":"Machine assemblage Cloueuse D\u00e9coupe Murs - Machineries BST","isPartOf":{"@id":"https:\/\/machineriesbst.com\/en\/#website"},"primaryImageOfPage":{"@id":"https:\/\/machineriesbst.com\/en\/catalogue\/machine-assemblage-cloueuse-decoupe-murs\/#primaryimage"},"datePublished":"2021-06-08T13:54:32+00:00","dateModified":"2023-12-01T01:22:54+00:00","breadcrumb":{"@id":"https:\/\/machineriesbst.com\/en\/catalogue\/machine-assemblage-cloueuse-decoupe-murs\/#breadcrumb"},"inLanguage":"en-US","potentialAction":[{"@type":"ReadAction","target":["https:\/\/machineriesbst.com\/en\/catalogue\/machine-assemblage-cloueuse-decoupe-murs\/"]}]},{"@type":"BreadcrumbList","@id":"https:\/\/machineriesbst.com\/en\/catalogue\/machine-assemblage-cloueuse-decoupe-murs\/#breadcrumb","itemListElement":[{"@type":"ListItem","position":1,"name":"Accueil","item":"https:\/\/machineriesbst.com\/en\/"},{"@type":"ListItem","position":2,"name":"Catalogue","item":"https:\/\/machineriesbst.com\/en\/catalog\/"},{"@type":"ListItem","position":3,"name":"Machine assemblage Cloueuse D\u00e9coupe Murs"}]}]}},"_links":{"self":[{"href":"https:\/\/machineriesbst.com\/en\/wp-json\/wp\/v2\/product\/58505"}],"collection":[{"href":"https:\/\/machineriesbst.com\/en\/wp-json\/wp\/v2\/product"}],"about":[{"href":"https:\/\/machineriesbst.com\/en\/wp-json\/wp\/v2\/types\/product"}],"author":[{"embeddable":true,"href":"https:\/\/machineriesbst.com\/en\/wp-json\/wp\/v2\/users\/3"}],"replies":[{"embeddable":true,"href":"https:\/\/machineriesbst.com\/en\/wp-json\/wp\/v2\/comments?post=58505"}],"wp:featuredmedia":[{"embeddable":true,"href":"https:\/\/machineriesbst.com\/en\/wp-json\/wp\/v2\/media\/53722"}],"wp:attachment":[{"href":"https:\/\/machineriesbst.com\/en\/wp-json\/wp\/v2\/media?parent=58505"}],"wp:term":[{"taxonomy":"product_cat","embeddable":true,"href":"https:\/\/machineriesbst.com\/en\/wp-json\/wp\/v2\/product_cat?post=58505"},{"taxonomy":"product_tag","embeddable":true,"href":"https:\/\/machineriesbst.com\/en\/wp-json\/wp\/v2\/product_tag?post=58505"}],"curies":[{"name":"wp","href":"https:\/\/api.w.org\/{rel}","templated":true}]}}