{"id":58497,"date":"2021-06-08T09:54:08","date_gmt":"2021-06-08T13:54:08","guid":{"rendered":"https:\/\/machineriesbst.com\/?post_type=product&#038;p=58497"},"modified":"2023-11-30T20:22:54","modified_gmt":"2023-12-01T01:22:54","slug":"mouluriere-weinig-powermat-1000-et-profileur","status":"publish","type":"product","link":"https:\/\/machineriesbst.com\/en\/catalogue\/mouluriere-weinig-powermat-1000-et-profileur\/","title":{"rendered":"Weinig Powermat 1000 MOLDER AND PROFILER"},"content":{"rendered":"<p>WEINIG POWERMAT 1000\/300 feed moulder:<\/p>\n<p>6 heads (BRLTTB), working cap. 230 x 160 MM (9 1\/16 &quot;x 6 1\/4&quot;).<\/p>\n<p>Head Sequence: 17.5 kW (24 HP) bottom, 11 kW (15 HP) right, 11 kW (15 HP) left, 22 kW top (22 kW), 30 HP), 30 kW motor upper (40 HP) and lower motor of 18 kW (25 HP). All motors with electronic brakes.<\/p>\n<p>Tool holder: 1st 13\/16 &quot;8000 rpm, 2 - 6 HSK tool holders n \u00b0 2 - 6 with tool rotation 8000 rpm;<\/p>\n<p>Digital adjustment for the digitally controlled controls of heads 3, 4 and 5;<\/p>\n<p>WEINIG POWERCOM software with POWERCOM touch screen; storage of (10,000 profiles). Electronic visualizations of all tool settings including chipbreakers and pressure elements, vertical tool adjustment 2-3 \/ 16 &quot;. Tool positioning Radial and axial tools # 3 - 8.<\/p>\n<p>Feed: Variable feed speed from 20 to 118 FPM, 5.5 kW (7-1 \/ 2 HP) controlled inverter drive drive; overhead drive wheels with pneumatic pressure. (4) Motorized table rollers in the bed.<\/p>\n<p>Tables: 1.05 m (40 &quot;) infeed table with rollers in the fence; automatic table lubrication pump; hard chrome&quot; Marathon &quot;coated table plates.<\/p>\n<p>Includes: central location of lubrication points, electromagnetic locking of the protective cover, (2) lights inside the sound<\/p>\n<p>The WEINIG &quot;Powermat 1000&quot; packaging includes: A WEINIG &quot;R 960&quot; profile grinder with various tools<\/p>\n<p>Working width: 3\/4 &quot;- 9-1 \/ 16&quot;<\/p>\n<p>Working height: 5\/16 &quot;- 6-1 \/ 4&quot;<\/p>\n<p>Variable speed: 20-118 FPM<\/p>","protected":false},"excerpt":{"rendered":"<p>WEINIG POWERMAT 1000\/300 feed moulder: 6 heads (BRLTTB), working cap. 230 x 160 MM (9 1\/16 &quot;x 6 1\/4&quot;). Head Sequence: 17.5 kW (24 HP) bottom, 11 kW (15 HP) right, 11 kW (15 HP) left, 22 kW top (22 kW), 30 HP), 30 kW motor superior [\u2026]<\/p>","protected":false},"author":3,"featured_media":53669,"comment_status":"open","ping_status":"closed","template":"","meta":[],"product_cat":[125],"product_tag":[],"acf":[],"yoast_head":"<!-- This site is optimized with the Yoast SEO plugin v16.8 - https:\/\/yoast.com\/wordpress\/plugins\/seo\/ -->\n<title>MOULURI\u00c8RE Weinig Powermat 1000 ET PROFILEUR - Machineries BST<\/title>\n<meta name=\"robots\" content=\"index, follow, max-snippet:-1, max-image-preview:large, max-video-preview:-1\" \/>\n<link rel=\"canonical\" href=\"https:\/\/machineriesbst.com\/en\/catalogue\/mouluriere-weinig-powermat-1000-et-profileur\/\" \/>\n<meta property=\"og:locale\" content=\"en_US\" \/>\n<meta property=\"og:type\" content=\"article\" \/>\n<meta property=\"og:title\" content=\"MOULURI\u00c8RE Weinig Powermat 1000 ET PROFILEUR - Machineries BST\" \/>\n<meta property=\"og:description\" content=\"Mouluri\u00e8re d\u2019alimentation WEINIG POWERMAT 1000\/300: 6 t\u00eates (B-R-L-T-T-B), capuchon de travail. de 230 x 160 MM (9 1\/16 &quot;x 6 1\/4&quot;). S\u00e9quence de t\u00eates: 17,5 kW (24 CV) en bas, 11 kW (15 CV) \u00e0 droite, 11 kW (15 CV) \u00e0 gauche, 22 kW en haut (22 kW), 30 HP), moteur de 30 kW sup\u00e9rieur [&hellip;]\" \/>\n<meta property=\"og:url\" content=\"https:\/\/machineriesbst.com\/en\/catalogue\/mouluriere-weinig-powermat-1000-et-profileur\/\" \/>\n<meta property=\"og:site_name\" content=\"Machineries BST\" \/>\n<meta property=\"article:modified_time\" content=\"2023-12-01T01:22:54+00:00\" \/>\n<meta property=\"og:image\" content=\"https:\/\/machineriesbst.com\/wp-content\/uploads\/2021\/05\/moulder-and-profile-grinder.jpg\" \/>\n\t<meta property=\"og:image:width\" content=\"471\" \/>\n\t<meta property=\"og:image:height\" content=\"469\" \/>\n<meta name=\"twitter:card\" content=\"summary_large_image\" \/>\n<meta name=\"twitter:label1\" content=\"Est. reading time\" \/>\n\t<meta name=\"twitter:data1\" content=\"1 minute\" \/>\n<script type=\"application\/ld+json\" class=\"yoast-schema-graph\">{\"@context\":\"https:\/\/schema.org\",\"@graph\":[{\"@type\":\"WebSite\",\"@id\":\"https:\/\/machineriesbst.com\/en\/#website\",\"url\":\"https:\/\/machineriesbst.com\/en\/\",\"name\":\"Machineries BST\",\"description\":\"Machines neuves &amp; usag\\u00e9es\",\"potentialAction\":[{\"@type\":\"SearchAction\",\"target\":{\"@type\":\"EntryPoint\",\"urlTemplate\":\"https:\/\/machineriesbst.com\/en\/?s={search_term_string}\"},\"query-input\":\"required name=search_term_string\"}],\"inLanguage\":\"en-US\"},{\"@type\":\"ImageObject\",\"@id\":\"https:\/\/machineriesbst.com\/en\/catalogue\/mouluriere-weinig-powermat-1000-et-profileur\/#primaryimage\",\"inLanguage\":\"en-US\",\"url\":\"https:\/\/machineriesbst.com\/wp-content\/uploads\/2021\/05\/moulder-and-profile-grinder.jpg\",\"contentUrl\":\"https:\/\/machineriesbst.com\/wp-content\/uploads\/2021\/05\/moulder-and-profile-grinder.jpg\",\"width\":471,\"height\":469},{\"@type\":\"WebPage\",\"@id\":\"https:\/\/machineriesbst.com\/en\/catalogue\/mouluriere-weinig-powermat-1000-et-profileur\/#webpage\",\"url\":\"https:\/\/machineriesbst.com\/en\/catalogue\/mouluriere-weinig-powermat-1000-et-profileur\/\",\"name\":\"MOULURI\\u00c8RE Weinig Powermat 1000 ET PROFILEUR - Machineries BST\",\"isPartOf\":{\"@id\":\"https:\/\/machineriesbst.com\/en\/#website\"},\"primaryImageOfPage\":{\"@id\":\"https:\/\/machineriesbst.com\/en\/catalogue\/mouluriere-weinig-powermat-1000-et-profileur\/#primaryimage\"},\"datePublished\":\"2021-06-08T13:54:08+00:00\",\"dateModified\":\"2023-12-01T01:22:54+00:00\",\"breadcrumb\":{\"@id\":\"https:\/\/machineriesbst.com\/en\/catalogue\/mouluriere-weinig-powermat-1000-et-profileur\/#breadcrumb\"},\"inLanguage\":\"en-US\",\"potentialAction\":[{\"@type\":\"ReadAction\",\"target\":[\"https:\/\/machineriesbst.com\/en\/catalogue\/mouluriere-weinig-powermat-1000-et-profileur\/\"]}]},{\"@type\":\"BreadcrumbList\",\"@id\":\"https:\/\/machineriesbst.com\/en\/catalogue\/mouluriere-weinig-powermat-1000-et-profileur\/#breadcrumb\",\"itemListElement\":[{\"@type\":\"ListItem\",\"position\":1,\"name\":\"Accueil\",\"item\":\"https:\/\/machineriesbst.com\/en\/\"},{\"@type\":\"ListItem\",\"position\":2,\"name\":\"Catalogue\",\"item\":\"https:\/\/machineriesbst.com\/en\/catalog\/\"},{\"@type\":\"ListItem\",\"position\":3,\"name\":\"MOULURI\\u00c8RE Weinig Powermat 1000 ET PROFILEUR\"}]}]}<\/script>\n<!-- \/ Yoast SEO plugin. -->","yoast_head_json":{"title":"MOULURI\u00c8RE Weinig Powermat 1000 ET PROFILEUR - Machineries BST","robots":{"index":"index","follow":"follow","max-snippet":"max-snippet:-1","max-image-preview":"max-image-preview:large","max-video-preview":"max-video-preview:-1"},"canonical":"https:\/\/machineriesbst.com\/en\/catalogue\/mouluriere-weinig-powermat-1000-et-profileur\/","og_locale":"en_US","og_type":"article","og_title":"MOULURI\u00c8RE Weinig Powermat 1000 ET PROFILEUR - Machineries BST","og_description":"Mouluri\u00e8re d\u2019alimentation WEINIG POWERMAT 1000\/300: 6 t\u00eates (B-R-L-T-T-B), capuchon de travail. de 230 x 160 MM (9 1\/16 \"x 6 1\/4\"). S\u00e9quence de t\u00eates: 17,5 kW (24 CV) en bas, 11 kW (15 CV) \u00e0 droite, 11 kW (15 CV) \u00e0 gauche, 22 kW en haut (22 kW), 30 HP), moteur de 30 kW sup\u00e9rieur [&hellip;]","og_url":"https:\/\/machineriesbst.com\/en\/catalogue\/mouluriere-weinig-powermat-1000-et-profileur\/","og_site_name":"Machineries BST","article_modified_time":"2023-12-01T01:22:54+00:00","og_image":[{"width":471,"height":469,"url":"https:\/\/machineriesbst.com\/wp-content\/uploads\/2021\/05\/moulder-and-profile-grinder.jpg","path":"\/home\/jepeto\/public_html\/wp-content\/uploads\/2021\/05\/moulder-and-profile-grinder.jpg","size":"full","id":53669,"alt":"","pixels":220899,"type":"image\/jpeg"}],"twitter_card":"summary_large_image","twitter_misc":{"Est. reading time":"1 minute"},"schema":{"@context":"https:\/\/schema.org","@graph":[{"@type":"WebSite","@id":"https:\/\/machineriesbst.com\/en\/#website","url":"https:\/\/machineriesbst.com\/en\/","name":"Machineries BST","description":"Machines neuves &amp; usag\u00e9es","potentialAction":[{"@type":"SearchAction","target":{"@type":"EntryPoint","urlTemplate":"https:\/\/machineriesbst.com\/en\/?s={search_term_string}"},"query-input":"required name=search_term_string"}],"inLanguage":"en-US"},{"@type":"ImageObject","@id":"https:\/\/machineriesbst.com\/en\/catalogue\/mouluriere-weinig-powermat-1000-et-profileur\/#primaryimage","inLanguage":"en-US","url":"https:\/\/machineriesbst.com\/wp-content\/uploads\/2021\/05\/moulder-and-profile-grinder.jpg","contentUrl":"https:\/\/machineriesbst.com\/wp-content\/uploads\/2021\/05\/moulder-and-profile-grinder.jpg","width":471,"height":469},{"@type":"WebPage","@id":"https:\/\/machineriesbst.com\/en\/catalogue\/mouluriere-weinig-powermat-1000-et-profileur\/#webpage","url":"https:\/\/machineriesbst.com\/en\/catalogue\/mouluriere-weinig-powermat-1000-et-profileur\/","name":"MOULURI\u00c8RE Weinig Powermat 1000 ET PROFILEUR - Machineries BST","isPartOf":{"@id":"https:\/\/machineriesbst.com\/en\/#website"},"primaryImageOfPage":{"@id":"https:\/\/machineriesbst.com\/en\/catalogue\/mouluriere-weinig-powermat-1000-et-profileur\/#primaryimage"},"datePublished":"2021-06-08T13:54:08+00:00","dateModified":"2023-12-01T01:22:54+00:00","breadcrumb":{"@id":"https:\/\/machineriesbst.com\/en\/catalogue\/mouluriere-weinig-powermat-1000-et-profileur\/#breadcrumb"},"inLanguage":"en-US","potentialAction":[{"@type":"ReadAction","target":["https:\/\/machineriesbst.com\/en\/catalogue\/mouluriere-weinig-powermat-1000-et-profileur\/"]}]},{"@type":"BreadcrumbList","@id":"https:\/\/machineriesbst.com\/en\/catalogue\/mouluriere-weinig-powermat-1000-et-profileur\/#breadcrumb","itemListElement":[{"@type":"ListItem","position":1,"name":"Accueil","item":"https:\/\/machineriesbst.com\/en\/"},{"@type":"ListItem","position":2,"name":"Catalogue","item":"https:\/\/machineriesbst.com\/en\/catalog\/"},{"@type":"ListItem","position":3,"name":"MOULURI\u00c8RE Weinig Powermat 1000 ET PROFILEUR"}]}]}},"_links":{"self":[{"href":"https:\/\/machineriesbst.com\/en\/wp-json\/wp\/v2\/product\/58497"}],"collection":[{"href":"https:\/\/machineriesbst.com\/en\/wp-json\/wp\/v2\/product"}],"about":[{"href":"https:\/\/machineriesbst.com\/en\/wp-json\/wp\/v2\/types\/product"}],"author":[{"embeddable":true,"href":"https:\/\/machineriesbst.com\/en\/wp-json\/wp\/v2\/users\/3"}],"replies":[{"embeddable":true,"href":"https:\/\/machineriesbst.com\/en\/wp-json\/wp\/v2\/comments?post=58497"}],"wp:featuredmedia":[{"embeddable":true,"href":"https:\/\/machineriesbst.com\/en\/wp-json\/wp\/v2\/media\/53669"}],"wp:attachment":[{"href":"https:\/\/machineriesbst.com\/en\/wp-json\/wp\/v2\/media?parent=58497"}],"wp:term":[{"taxonomy":"product_cat","embeddable":true,"href":"https:\/\/machineriesbst.com\/en\/wp-json\/wp\/v2\/product_cat?post=58497"},{"taxonomy":"product_tag","embeddable":true,"href":"https:\/\/machineriesbst.com\/en\/wp-json\/wp\/v2\/product_tag?post=58497"}],"curies":[{"name":"wp","href":"https:\/\/api.w.org\/{rel}","templated":true}]}}