{"id":58496,"date":"2021-06-08T09:54:08","date_gmt":"2021-06-08T13:54:08","guid":{"rendered":"https:\/\/machineriesbst.com\/?post_type=product&#038;p=58496"},"modified":"2023-11-30T20:22:54","modified_gmt":"2023-12-01T01:22:54","slug":"time-saver-52-inches","status":"publish","type":"product","link":"https:\/\/machineriesbst.com\/en\/catalogue\/time-saver-52-inches\/","title":{"rendered":"TIME SAVER 52 INCHES"},"content":{"rendered":"<p>SANDER TIME SANDER 52 MWT-DD-75 WIDE BELT MOLDED SANDER<\/p>\n<p>Dual head belt \/ abrasive belt deburring and finishing system 51 &quot;wide, 10&quot; minimum length and 0 &quot;to 6&quot; thick. Conveyor lifting and lowering power, with programmable thickness adjustment with digital readout display (stores up to ten thicknesses).<br \/>\nFirst sanding station: 8 &quot;diameter rubber coated contact sanding roller. 30 HP motor drive with motor load percentage display on main panel. 52&quot; x 75 &quot;sanding belt. Sanding belt tension pneumatic, electronic sanding belt tracking An adjusted contact sanding roller is provided to allow the use of fine sanding belts or ScotchBrite sanding belts without the need to adjust the material retaining rollers.<\/p>\n<p>Second sanding station: 8 &quot;diameter rubber coated contact sanding roller. 30 HP motor drive with motor load percentage display on main panel. 52&quot; x 75 &quot;sanding belt. Belt tension pneumatic sanding belt followed by electronic sanding belt A contact-adjusted sanding roller is provided to allow the use of fine sanding belts or ScotchBrite sanding belts without the need to adjust the material retaining rollers.<\/p>\n<p>About 500 hours of operation.<\/p>\n<p>Conveyor Feed: Variable speed conveyor drive, 15 to 45 FPM. The 27 &quot;infeed conveyor loading area with sheet metal emergency stop extends to the front of the sander for operator safety.<\/p>\n<p>Paper filtration: Closed loop cooling system with paper filter mounted under the sander for a small footprint<\/p>\n<p>Air knife dryer: Air knife dryer mounted at the outlet of the sander, equipped with (2) air knives, (3) sets of squeegee rollers and an automatic lubrication system.<\/p>","protected":false},"excerpt":{"rendered":"<p>TIME SANDER 52 MWT-DD-75 WIDE BELT SANDER MOLDED WIDE BELT Deburring and finishing system 51 &quot;wide, 10&quot; minimum length and 0 &quot;to 6&quot; d double head abrasive belt &#39;thickness. Conveyor lifting and lowering power, with programmable thickness adjustment with digital readout display (stores [\u2026]<\/p>","protected":false},"author":3,"featured_media":53668,"comment_status":"open","ping_status":"closed","template":"","meta":[],"product_cat":[3055],"product_tag":[],"acf":[],"yoast_head":"<!-- This site is optimized with the Yoast SEO plugin v16.8 - https:\/\/yoast.com\/wordpress\/plugins\/seo\/ -->\n<title>TIME SAVER 52 INCHES - Machineries BST<\/title>\n<meta name=\"robots\" content=\"index, follow, max-snippet:-1, max-image-preview:large, max-video-preview:-1\" \/>\n<link rel=\"canonical\" href=\"https:\/\/machineriesbst.com\/en\/catalogue\/time-saver-52-inches\/\" \/>\n<meta property=\"og:locale\" content=\"en_US\" \/>\n<meta property=\"og:type\" content=\"article\" \/>\n<meta property=\"og:title\" content=\"TIME SAVER 52 INCHES - Machineries BST\" \/>\n<meta property=\"og:description\" content=\"PONCE DE TEMPS PONCE 52 MWT-DD-75 PONCEUSE A COURROIE LARGE MOULEE Syst\u00e8me d&#039;\u00e9bavurage et de finition de courroie \/ courroie abrasive \u00e0 deux t\u00eates de 51 &quot;de largeur, de 10&quot; de longueur minimale et de 0 &quot;\u00e0 6&quot; d&#039;\u00e9paisseur. Puissance de levage et d&#039;abaissement du convoyeur, avec r\u00e9glage d&#039;\u00e9paisseur programmable avec affichage num\u00e9rique lecture (stocke [&hellip;]\" \/>\n<meta property=\"og:url\" content=\"https:\/\/machineriesbst.com\/en\/catalogue\/time-saver-52-inches\/\" \/>\n<meta property=\"og:site_name\" content=\"Machineries BST\" \/>\n<meta property=\"article:modified_time\" content=\"2023-12-01T01:22:54+00:00\" \/>\n<meta property=\"og:image\" content=\"https:\/\/machineriesbst.com\/wp-content\/uploads\/2021\/05\/TIME-SAVER-52-INCHES-.jpg\" \/>\n\t<meta property=\"og:image:width\" content=\"640\" \/>\n\t<meta property=\"og:image:height\" content=\"480\" \/>\n<meta name=\"twitter:card\" content=\"summary_large_image\" \/>\n<meta name=\"twitter:label1\" content=\"Est. reading time\" \/>\n\t<meta name=\"twitter:data1\" content=\"2 minutes\" \/>\n<script type=\"application\/ld+json\" class=\"yoast-schema-graph\">{\"@context\":\"https:\/\/schema.org\",\"@graph\":[{\"@type\":\"WebSite\",\"@id\":\"https:\/\/machineriesbst.com\/en\/#website\",\"url\":\"https:\/\/machineriesbst.com\/en\/\",\"name\":\"Machineries BST\",\"description\":\"Machines neuves &amp; usag\\u00e9es\",\"potentialAction\":[{\"@type\":\"SearchAction\",\"target\":{\"@type\":\"EntryPoint\",\"urlTemplate\":\"https:\/\/machineriesbst.com\/en\/?s={search_term_string}\"},\"query-input\":\"required name=search_term_string\"}],\"inLanguage\":\"en-US\"},{\"@type\":\"ImageObject\",\"@id\":\"https:\/\/machineriesbst.com\/en\/catalogue\/time-saver-52-inches\/#primaryimage\",\"inLanguage\":\"en-US\",\"url\":\"https:\/\/machineriesbst.com\/wp-content\/uploads\/2021\/05\/TIME-SAVER-52-INCHES-.jpg\",\"contentUrl\":\"https:\/\/machineriesbst.com\/wp-content\/uploads\/2021\/05\/TIME-SAVER-52-INCHES-.jpg\",\"width\":640,\"height\":480},{\"@type\":\"WebPage\",\"@id\":\"https:\/\/machineriesbst.com\/en\/catalogue\/time-saver-52-inches\/#webpage\",\"url\":\"https:\/\/machineriesbst.com\/en\/catalogue\/time-saver-52-inches\/\",\"name\":\"TIME SAVER 52 INCHES - Machineries BST\",\"isPartOf\":{\"@id\":\"https:\/\/machineriesbst.com\/en\/#website\"},\"primaryImageOfPage\":{\"@id\":\"https:\/\/machineriesbst.com\/en\/catalogue\/time-saver-52-inches\/#primaryimage\"},\"datePublished\":\"2021-06-08T13:54:08+00:00\",\"dateModified\":\"2023-12-01T01:22:54+00:00\",\"breadcrumb\":{\"@id\":\"https:\/\/machineriesbst.com\/en\/catalogue\/time-saver-52-inches\/#breadcrumb\"},\"inLanguage\":\"en-US\",\"potentialAction\":[{\"@type\":\"ReadAction\",\"target\":[\"https:\/\/machineriesbst.com\/en\/catalogue\/time-saver-52-inches\/\"]}]},{\"@type\":\"BreadcrumbList\",\"@id\":\"https:\/\/machineriesbst.com\/en\/catalogue\/time-saver-52-inches\/#breadcrumb\",\"itemListElement\":[{\"@type\":\"ListItem\",\"position\":1,\"name\":\"Accueil\",\"item\":\"https:\/\/machineriesbst.com\/en\/\"},{\"@type\":\"ListItem\",\"position\":2,\"name\":\"Catalogue\",\"item\":\"https:\/\/machineriesbst.com\/en\/catalog\/\"},{\"@type\":\"ListItem\",\"position\":3,\"name\":\"TIME SAVER 52 INCHES\"}]}]}<\/script>\n<!-- \/ Yoast SEO plugin. -->","yoast_head_json":{"title":"TIME SAVER 52 INCHES - Machineries BST","robots":{"index":"index","follow":"follow","max-snippet":"max-snippet:-1","max-image-preview":"max-image-preview:large","max-video-preview":"max-video-preview:-1"},"canonical":"https:\/\/machineriesbst.com\/en\/catalogue\/time-saver-52-inches\/","og_locale":"en_US","og_type":"article","og_title":"TIME SAVER 52 INCHES - Machineries BST","og_description":"PONCE DE TEMPS PONCE 52 MWT-DD-75 PONCEUSE A COURROIE LARGE MOULEE Syst\u00e8me d'\u00e9bavurage et de finition de courroie \/ courroie abrasive \u00e0 deux t\u00eates de 51 \"de largeur, de 10\" de longueur minimale et de 0 \"\u00e0 6\" d'\u00e9paisseur. Puissance de levage et d'abaissement du convoyeur, avec r\u00e9glage d'\u00e9paisseur programmable avec affichage num\u00e9rique lecture (stocke [&hellip;]","og_url":"https:\/\/machineriesbst.com\/en\/catalogue\/time-saver-52-inches\/","og_site_name":"Machineries BST","article_modified_time":"2023-12-01T01:22:54+00:00","og_image":[{"width":640,"height":480,"url":"https:\/\/machineriesbst.com\/wp-content\/uploads\/2021\/05\/TIME-SAVER-52-INCHES-.jpg","path":"\/home\/jepeto\/public_html\/wp-content\/uploads\/2021\/05\/TIME-SAVER-52-INCHES-.jpg","size":"full","id":53668,"alt":"","pixels":307200,"type":"image\/jpeg"}],"twitter_card":"summary_large_image","twitter_misc":{"Est. reading time":"2 minutes"},"schema":{"@context":"https:\/\/schema.org","@graph":[{"@type":"WebSite","@id":"https:\/\/machineriesbst.com\/en\/#website","url":"https:\/\/machineriesbst.com\/en\/","name":"Machineries BST","description":"Machines neuves &amp; usag\u00e9es","potentialAction":[{"@type":"SearchAction","target":{"@type":"EntryPoint","urlTemplate":"https:\/\/machineriesbst.com\/en\/?s={search_term_string}"},"query-input":"required name=search_term_string"}],"inLanguage":"en-US"},{"@type":"ImageObject","@id":"https:\/\/machineriesbst.com\/en\/catalogue\/time-saver-52-inches\/#primaryimage","inLanguage":"en-US","url":"https:\/\/machineriesbst.com\/wp-content\/uploads\/2021\/05\/TIME-SAVER-52-INCHES-.jpg","contentUrl":"https:\/\/machineriesbst.com\/wp-content\/uploads\/2021\/05\/TIME-SAVER-52-INCHES-.jpg","width":640,"height":480},{"@type":"WebPage","@id":"https:\/\/machineriesbst.com\/en\/catalogue\/time-saver-52-inches\/#webpage","url":"https:\/\/machineriesbst.com\/en\/catalogue\/time-saver-52-inches\/","name":"TIME SAVER 52 INCHES - Machineries BST","isPartOf":{"@id":"https:\/\/machineriesbst.com\/en\/#website"},"primaryImageOfPage":{"@id":"https:\/\/machineriesbst.com\/en\/catalogue\/time-saver-52-inches\/#primaryimage"},"datePublished":"2021-06-08T13:54:08+00:00","dateModified":"2023-12-01T01:22:54+00:00","breadcrumb":{"@id":"https:\/\/machineriesbst.com\/en\/catalogue\/time-saver-52-inches\/#breadcrumb"},"inLanguage":"en-US","potentialAction":[{"@type":"ReadAction","target":["https:\/\/machineriesbst.com\/en\/catalogue\/time-saver-52-inches\/"]}]},{"@type":"BreadcrumbList","@id":"https:\/\/machineriesbst.com\/en\/catalogue\/time-saver-52-inches\/#breadcrumb","itemListElement":[{"@type":"ListItem","position":1,"name":"Accueil","item":"https:\/\/machineriesbst.com\/en\/"},{"@type":"ListItem","position":2,"name":"Catalogue","item":"https:\/\/machineriesbst.com\/en\/catalog\/"},{"@type":"ListItem","position":3,"name":"TIME SAVER 52 INCHES"}]}]}},"_links":{"self":[{"href":"https:\/\/machineriesbst.com\/en\/wp-json\/wp\/v2\/product\/58496"}],"collection":[{"href":"https:\/\/machineriesbst.com\/en\/wp-json\/wp\/v2\/product"}],"about":[{"href":"https:\/\/machineriesbst.com\/en\/wp-json\/wp\/v2\/types\/product"}],"author":[{"embeddable":true,"href":"https:\/\/machineriesbst.com\/en\/wp-json\/wp\/v2\/users\/3"}],"replies":[{"embeddable":true,"href":"https:\/\/machineriesbst.com\/en\/wp-json\/wp\/v2\/comments?post=58496"}],"wp:featuredmedia":[{"embeddable":true,"href":"https:\/\/machineriesbst.com\/en\/wp-json\/wp\/v2\/media\/53668"}],"wp:attachment":[{"href":"https:\/\/machineriesbst.com\/en\/wp-json\/wp\/v2\/media?parent=58496"}],"wp:term":[{"taxonomy":"product_cat","embeddable":true,"href":"https:\/\/machineriesbst.com\/en\/wp-json\/wp\/v2\/product_cat?post=58496"},{"taxonomy":"product_tag","embeddable":true,"href":"https:\/\/machineriesbst.com\/en\/wp-json\/wp\/v2\/product_tag?post=58496"}],"curies":[{"name":"wp","href":"https:\/\/api.w.org\/{rel}","templated":true}]}}