{"id":58490,"date":"2021-06-08T09:54:06","date_gmt":"2021-06-08T13:54:06","guid":{"rendered":"https:\/\/machineriesbst.com\/?post_type=product&#038;p=58490"},"modified":"2023-11-30T20:22:54","modified_gmt":"2023-12-01T01:22:54","slug":"ligne-automatique-pour-dechargement-de-cnc","status":"publish","type":"product","link":"https:\/\/machineriesbst.com\/en\/catalogue\/ligne-automatique-pour-dechargement-de-cnc\/","title":{"rendered":"Automatic CNC unloading line"},"content":{"rendered":"<pre class=\"tw-data-text tw-ta tw-text-small\" dir=\"ltr\" data-placeholder=\"Traduction\" data-fulltext=\"\"><span lang=\"fr\" tabindex=\"0\">Automatic unloading line for CNC Was installed with a 5X10 Biesse CNC Automatic conveyor length of 40 feet of robust construction Belt width: 60 &#39;&#39; (rubber type) The belt slides on a sheet of 1\/8 &#39;&#39; thickness Rake in aluminum which unloads the leaves - Dimensions: 5 &#39;X 10&#39; Excellent condition. Ready to go.\r\n\r\n<\/span><\/pre>\n<p style=\"font-weight: 400;\">\u00a0 - conveyor length: 40 &#39;(robust construction)<\/p>\n<p style=\"font-weight: 400;\">\u00a0\u00a0\u00a0\u00a0\u00a0\u00a0\u00a0\u00a0\u00a0\u00a0\u00a0\u00a0\u00a0\u00a0\u00a0 - belt width: 60 &#39;&#39; (rubber type)<\/p>\n<p style=\"font-weight: 400;\">\u00a0\u00a0\u00a0\u00a0\u00a0\u00a0\u00a0\u00a0\u00a0\u00a0\u00a0\u00a0\u00a0\u00a0\u00a0 - The belt slides on a 1\/8 &#39;&#39; thick sheet metal.<\/p>\n<p style=\"font-weight: 400;\">\u00a0\u00a0\u00a0\u00a0\u00a0\u00a0\u00a0\u00a0\u00a0\u00a0\u00a0\u00a0\u00a0\u00a0\u00a0 - Aluminum rakes (the one that unloads the leaves): 5 &#39;x 10&#39;<\/p>\n<pre id=\"tw-target-text\" class=\"tw-data-text tw-ta tw-text-small\" dir=\"ltr\" data-placeholder=\"Traduction\" data-fulltext=\"\"><span lang=\"fr\" tabindex=\"0\">\u00a0<\/span><\/pre>","protected":false},"excerpt":{"rendered":"<p>Automatic unloading line for CNC Was installed with a 5X10 Biesse CNC Automatic conveyor length of 40 feet of robust construction Belt width: 60 &#39;&#39; (rubber type) The belt slides on a sheet of 1\/8 &#39;&#39; thickness Rake in aluminum which unloads the leaves - Dimensions: 5 &#39;X 10&#39; Excellent condition. [\u2026]<\/p>","protected":false},"author":3,"featured_media":53625,"comment_status":"open","ping_status":"closed","template":"","meta":[],"product_cat":[237],"product_tag":[],"acf":[],"yoast_head":"<!-- This site is optimized with the Yoast SEO plugin v16.8 - https:\/\/yoast.com\/wordpress\/plugins\/seo\/ -->\n<title>Ligne automatique pour d\u00e9chargement de CNC - Machineries BST<\/title>\n<meta name=\"robots\" content=\"index, follow, max-snippet:-1, max-image-preview:large, max-video-preview:-1\" \/>\n<link rel=\"canonical\" href=\"https:\/\/machineriesbst.com\/en\/catalogue\/ligne-automatique-pour-dechargement-de-cnc\/\" \/>\n<meta property=\"og:locale\" content=\"en_US\" \/>\n<meta property=\"og:type\" content=\"article\" \/>\n<meta property=\"og:title\" content=\"Ligne automatique pour d\u00e9chargement de CNC - Machineries BST\" \/>\n<meta property=\"og:description\" content=\"Ligne de d\u00e9chargement automatique pour CNC A \u00e9t\u00e9 install\u00e9 avec une CNC 5X10 Biesse Longueur du convoyeur automatique de 40 pieds de construction robuste Largeur de courroie : 60&#039;&#039; (type rubber) La courroie glisse sur une t\u00f4le de 1\/8&#039;&#039; \u00e9paisseur Rateau en aluminium qui d\u00e9charge les feuilles - Dimensions : 5&#039; X 10&#039; Condition excellente. [&hellip;]\" \/>\n<meta property=\"og:url\" content=\"https:\/\/machineriesbst.com\/en\/catalogue\/ligne-automatique-pour-dechargement-de-cnc\/\" \/>\n<meta property=\"og:site_name\" content=\"Machineries BST\" \/>\n<meta property=\"article:modified_time\" content=\"2023-12-01T01:22:54+00:00\" \/>\n<meta property=\"og:image\" content=\"https:\/\/machineriesbst.com\/wp-content\/uploads\/2021\/05\/loading-unloading-convoyeur-04.jpg\" \/>\n\t<meta property=\"og:image:width\" content=\"404\" \/>\n\t<meta property=\"og:image:height\" content=\"506\" \/>\n<meta name=\"twitter:card\" content=\"summary_large_image\" \/>\n<script type=\"application\/ld+json\" class=\"yoast-schema-graph\">{\"@context\":\"https:\/\/schema.org\",\"@graph\":[{\"@type\":\"WebSite\",\"@id\":\"https:\/\/machineriesbst.com\/en\/#website\",\"url\":\"https:\/\/machineriesbst.com\/en\/\",\"name\":\"Machineries BST\",\"description\":\"Machines neuves &amp; usag\\u00e9es\",\"potentialAction\":[{\"@type\":\"SearchAction\",\"target\":{\"@type\":\"EntryPoint\",\"urlTemplate\":\"https:\/\/machineriesbst.com\/en\/?s={search_term_string}\"},\"query-input\":\"required name=search_term_string\"}],\"inLanguage\":\"en-US\"},{\"@type\":\"ImageObject\",\"@id\":\"https:\/\/machineriesbst.com\/en\/catalogue\/ligne-automatique-pour-dechargement-de-cnc\/#primaryimage\",\"inLanguage\":\"en-US\",\"url\":\"https:\/\/machineriesbst.com\/wp-content\/uploads\/2021\/05\/loading-unloading-convoyeur-04.jpg\",\"contentUrl\":\"https:\/\/machineriesbst.com\/wp-content\/uploads\/2021\/05\/loading-unloading-convoyeur-04.jpg\",\"width\":404,\"height\":506},{\"@type\":\"WebPage\",\"@id\":\"https:\/\/machineriesbst.com\/en\/catalogue\/ligne-automatique-pour-dechargement-de-cnc\/#webpage\",\"url\":\"https:\/\/machineriesbst.com\/en\/catalogue\/ligne-automatique-pour-dechargement-de-cnc\/\",\"name\":\"Ligne automatique pour d\\u00e9chargement de CNC - Machineries BST\",\"isPartOf\":{\"@id\":\"https:\/\/machineriesbst.com\/en\/#website\"},\"primaryImageOfPage\":{\"@id\":\"https:\/\/machineriesbst.com\/en\/catalogue\/ligne-automatique-pour-dechargement-de-cnc\/#primaryimage\"},\"datePublished\":\"2021-06-08T13:54:06+00:00\",\"dateModified\":\"2023-12-01T01:22:54+00:00\",\"breadcrumb\":{\"@id\":\"https:\/\/machineriesbst.com\/en\/catalogue\/ligne-automatique-pour-dechargement-de-cnc\/#breadcrumb\"},\"inLanguage\":\"en-US\",\"potentialAction\":[{\"@type\":\"ReadAction\",\"target\":[\"https:\/\/machineriesbst.com\/en\/catalogue\/ligne-automatique-pour-dechargement-de-cnc\/\"]}]},{\"@type\":\"BreadcrumbList\",\"@id\":\"https:\/\/machineriesbst.com\/en\/catalogue\/ligne-automatique-pour-dechargement-de-cnc\/#breadcrumb\",\"itemListElement\":[{\"@type\":\"ListItem\",\"position\":1,\"name\":\"Accueil\",\"item\":\"https:\/\/machineriesbst.com\/en\/\"},{\"@type\":\"ListItem\",\"position\":2,\"name\":\"Catalogue\",\"item\":\"https:\/\/machineriesbst.com\/en\/catalog\/\"},{\"@type\":\"ListItem\",\"position\":3,\"name\":\"Ligne automatique pour d\\u00e9chargement de CNC\"}]}]}<\/script>\n<!-- \/ Yoast SEO plugin. -->","yoast_head_json":{"title":"Ligne automatique pour d\u00e9chargement de CNC - Machineries BST","robots":{"index":"index","follow":"follow","max-snippet":"max-snippet:-1","max-image-preview":"max-image-preview:large","max-video-preview":"max-video-preview:-1"},"canonical":"https:\/\/machineriesbst.com\/en\/catalogue\/ligne-automatique-pour-dechargement-de-cnc\/","og_locale":"en_US","og_type":"article","og_title":"Ligne automatique pour d\u00e9chargement de CNC - Machineries BST","og_description":"Ligne de d\u00e9chargement automatique pour CNC A \u00e9t\u00e9 install\u00e9 avec une CNC 5X10 Biesse Longueur du convoyeur automatique de 40 pieds de construction robuste Largeur de courroie : 60'' (type rubber) La courroie glisse sur une t\u00f4le de 1\/8'' \u00e9paisseur Rateau en aluminium qui d\u00e9charge les feuilles - Dimensions : 5' X 10' Condition excellente. [&hellip;]","og_url":"https:\/\/machineriesbst.com\/en\/catalogue\/ligne-automatique-pour-dechargement-de-cnc\/","og_site_name":"Machineries BST","article_modified_time":"2023-12-01T01:22:54+00:00","og_image":[{"width":404,"height":506,"url":"https:\/\/machineriesbst.com\/wp-content\/uploads\/2021\/05\/loading-unloading-convoyeur-04.jpg","path":"\/home\/jepeto\/public_html\/wp-content\/uploads\/2021\/05\/loading-unloading-convoyeur-04.jpg","size":"full","id":53625,"alt":"","pixels":204424,"type":"image\/jpeg"}],"twitter_card":"summary_large_image","schema":{"@context":"https:\/\/schema.org","@graph":[{"@type":"WebSite","@id":"https:\/\/machineriesbst.com\/en\/#website","url":"https:\/\/machineriesbst.com\/en\/","name":"Machineries BST","description":"Machines neuves &amp; usag\u00e9es","potentialAction":[{"@type":"SearchAction","target":{"@type":"EntryPoint","urlTemplate":"https:\/\/machineriesbst.com\/en\/?s={search_term_string}"},"query-input":"required name=search_term_string"}],"inLanguage":"en-US"},{"@type":"ImageObject","@id":"https:\/\/machineriesbst.com\/en\/catalogue\/ligne-automatique-pour-dechargement-de-cnc\/#primaryimage","inLanguage":"en-US","url":"https:\/\/machineriesbst.com\/wp-content\/uploads\/2021\/05\/loading-unloading-convoyeur-04.jpg","contentUrl":"https:\/\/machineriesbst.com\/wp-content\/uploads\/2021\/05\/loading-unloading-convoyeur-04.jpg","width":404,"height":506},{"@type":"WebPage","@id":"https:\/\/machineriesbst.com\/en\/catalogue\/ligne-automatique-pour-dechargement-de-cnc\/#webpage","url":"https:\/\/machineriesbst.com\/en\/catalogue\/ligne-automatique-pour-dechargement-de-cnc\/","name":"Ligne automatique pour d\u00e9chargement de CNC - Machineries BST","isPartOf":{"@id":"https:\/\/machineriesbst.com\/en\/#website"},"primaryImageOfPage":{"@id":"https:\/\/machineriesbst.com\/en\/catalogue\/ligne-automatique-pour-dechargement-de-cnc\/#primaryimage"},"datePublished":"2021-06-08T13:54:06+00:00","dateModified":"2023-12-01T01:22:54+00:00","breadcrumb":{"@id":"https:\/\/machineriesbst.com\/en\/catalogue\/ligne-automatique-pour-dechargement-de-cnc\/#breadcrumb"},"inLanguage":"en-US","potentialAction":[{"@type":"ReadAction","target":["https:\/\/machineriesbst.com\/en\/catalogue\/ligne-automatique-pour-dechargement-de-cnc\/"]}]},{"@type":"BreadcrumbList","@id":"https:\/\/machineriesbst.com\/en\/catalogue\/ligne-automatique-pour-dechargement-de-cnc\/#breadcrumb","itemListElement":[{"@type":"ListItem","position":1,"name":"Accueil","item":"https:\/\/machineriesbst.com\/en\/"},{"@type":"ListItem","position":2,"name":"Catalogue","item":"https:\/\/machineriesbst.com\/en\/catalog\/"},{"@type":"ListItem","position":3,"name":"Ligne automatique pour d\u00e9chargement de CNC"}]}]}},"_links":{"self":[{"href":"https:\/\/machineriesbst.com\/en\/wp-json\/wp\/v2\/product\/58490"}],"collection":[{"href":"https:\/\/machineriesbst.com\/en\/wp-json\/wp\/v2\/product"}],"about":[{"href":"https:\/\/machineriesbst.com\/en\/wp-json\/wp\/v2\/types\/product"}],"author":[{"embeddable":true,"href":"https:\/\/machineriesbst.com\/en\/wp-json\/wp\/v2\/users\/3"}],"replies":[{"embeddable":true,"href":"https:\/\/machineriesbst.com\/en\/wp-json\/wp\/v2\/comments?post=58490"}],"wp:featuredmedia":[{"embeddable":true,"href":"https:\/\/machineriesbst.com\/en\/wp-json\/wp\/v2\/media\/53625"}],"wp:attachment":[{"href":"https:\/\/machineriesbst.com\/en\/wp-json\/wp\/v2\/media?parent=58490"}],"wp:term":[{"taxonomy":"product_cat","embeddable":true,"href":"https:\/\/machineriesbst.com\/en\/wp-json\/wp\/v2\/product_cat?post=58490"},{"taxonomy":"product_tag","embeddable":true,"href":"https:\/\/machineriesbst.com\/en\/wp-json\/wp\/v2\/product_tag?post=58490"}],"curies":[{"name":"wp","href":"https:\/\/api.w.org\/{rel}","templated":true}]}}