{"id":58475,"date":"2021-06-08T09:53:40","date_gmt":"2021-06-08T13:53:40","guid":{"rendered":"https:\/\/machineriesbst.com\/?post_type=product&#038;p=58475"},"modified":"2023-11-30T20:22:54","modified_gmt":"2023-12-01T01:22:54","slug":"depoussiereur-cyclone-20hp-avec-agitateur-de-filtre-et-ventilateur-de-chargement","status":"publish","type":"product","link":"https:\/\/machineriesbst.com\/en\/catalogue\/depoussiereur-cyclone-20hp-avec-agitateur-de-filtre-et-ventilateur-de-chargement\/","title":{"rendered":"20hp Cyclone Dust Collector with Filter Agitator and Charging Fan"},"content":{"rendered":"<p>Cyclone 20hp dust collector with Aget Dustkop bag filter - 40 bags.<\/p>\n<p>Includes additional charger fan, all new filter bags<\/p>\n<p>Cyclone 20hp dust collector<\/p>\n<p>Bag filter bag filter Dustkop 40 with shaker.<\/p>\n<p>All filter bags are new, just replaced<\/p>\n<p>The cyclone measures 50 &quot;in diameter and 13 &#39;6&quot; in total height without legs.<\/p>\n<p>An additional set of feet is included which lifts the cyclone 10 &#39;for easy loading of particle debris from below.<\/p>\n<p>Does not have an airlock.<\/p>\n<p>Cyclone inlet size: 14 &quot;<\/p>\n<p>Cyclone footprint: 42 &quot;x 42&quot;<\/p>\n<p>Champion Charger Fan, Exhaust Particulate Blower<\/p>\n<p>208-230v 60hz 3ph<\/p>","protected":false},"excerpt":{"rendered":"<p>Cyclone 20hp dust collector with Aget Dustkop bag filter - 40 bags. Includes extra charger fan, all new filter bags Cyclone 20hp Dust Collector Dustkop 40 Bag Filter Bag Filter with Shaker. All filter bags are new, just replaced Cyclone is 50&quot; in diameter and 13&#39; 6&quot; [\u2026]<\/p>","protected":false},"author":3,"featured_media":53527,"comment_status":"open","ping_status":"closed","template":"","meta":[],"product_cat":[320,3028],"product_tag":[],"acf":[],"yoast_head":"<!-- This site is optimized with the Yoast SEO plugin v16.8 - https:\/\/yoast.com\/wordpress\/plugins\/seo\/ -->\n<title>D\u00e9poussi\u00e9reur cyclone 20hp avec agitateur de filtre et ventilateur de chargement - Machineries BST<\/title>\n<meta name=\"robots\" content=\"index, follow, max-snippet:-1, max-image-preview:large, max-video-preview:-1\" \/>\n<link rel=\"canonical\" href=\"https:\/\/machineriesbst.com\/en\/catalogue\/depoussiereur-cyclone-20hp-avec-agitateur-de-filtre-et-ventilateur-de-chargement\/\" \/>\n<meta property=\"og:locale\" content=\"en_US\" \/>\n<meta property=\"og:type\" content=\"article\" \/>\n<meta property=\"og:title\" content=\"D\u00e9poussi\u00e9reur cyclone 20hp avec agitateur de filtre et ventilateur de chargement - Machineries BST\" \/>\n<meta property=\"og:description\" content=\"D\u00e9poussi\u00e9reur Cyclone 20hp avec filtre \u00e0 manches Aget Dustkop - 40 sacs. Comprend un ventilateur de chargeur suppl\u00e9mentaire, tous les nouveaux sacs filtrants D\u00e9poussi\u00e9reur Cyclone 20hp Filtre \u00e0 manches \u00e0 filtre \u00e0 manches Dustkop 40 avec shaker. Tous les sacs filtrants sont neufs, viennent d&#039;\u00eatre remplac\u00e9s Le cyclone mesure 50 &quot;de diam\u00e8tre et 13 &#039;6&quot; [&hellip;]\" \/>\n<meta property=\"og:url\" content=\"https:\/\/machineriesbst.com\/en\/catalogue\/depoussiereur-cyclone-20hp-avec-agitateur-de-filtre-et-ventilateur-de-chargement\/\" \/>\n<meta property=\"og:site_name\" content=\"Machineries BST\" \/>\n<meta property=\"article:modified_time\" content=\"2023-12-01T01:22:54+00:00\" \/>\n<meta property=\"og:image\" content=\"https:\/\/machineriesbst.com\/wp-content\/uploads\/2021\/05\/20hp-Cyclone-Dust-Collector-with-Baghouse-Filter-Shaker-and-Loader-Fan-01.jpg\" \/>\n\t<meta property=\"og:image:width\" content=\"600\" \/>\n\t<meta property=\"og:image:height\" content=\"800\" \/>\n<meta name=\"twitter:card\" content=\"summary_large_image\" \/>\n<meta name=\"twitter:label1\" content=\"Est. reading time\" \/>\n\t<meta name=\"twitter:data1\" content=\"1 minute\" \/>\n<script type=\"application\/ld+json\" class=\"yoast-schema-graph\">{\"@context\":\"https:\/\/schema.org\",\"@graph\":[{\"@type\":\"WebSite\",\"@id\":\"https:\/\/machineriesbst.com\/en\/#website\",\"url\":\"https:\/\/machineriesbst.com\/en\/\",\"name\":\"Machineries BST\",\"description\":\"Machines neuves &amp; usag\\u00e9es\",\"potentialAction\":[{\"@type\":\"SearchAction\",\"target\":{\"@type\":\"EntryPoint\",\"urlTemplate\":\"https:\/\/machineriesbst.com\/en\/?s={search_term_string}\"},\"query-input\":\"required name=search_term_string\"}],\"inLanguage\":\"en-US\"},{\"@type\":\"ImageObject\",\"@id\":\"https:\/\/machineriesbst.com\/en\/catalogue\/depoussiereur-cyclone-20hp-avec-agitateur-de-filtre-et-ventilateur-de-chargement\/#primaryimage\",\"inLanguage\":\"en-US\",\"url\":\"https:\/\/machineriesbst.com\/wp-content\/uploads\/2021\/05\/20hp-Cyclone-Dust-Collector-with-Baghouse-Filter-Shaker-and-Loader-Fan-01.jpg\",\"contentUrl\":\"https:\/\/machineriesbst.com\/wp-content\/uploads\/2021\/05\/20hp-Cyclone-Dust-Collector-with-Baghouse-Filter-Shaker-and-Loader-Fan-01.jpg\",\"width\":600,\"height\":800},{\"@type\":\"WebPage\",\"@id\":\"https:\/\/machineriesbst.com\/en\/catalogue\/depoussiereur-cyclone-20hp-avec-agitateur-de-filtre-et-ventilateur-de-chargement\/#webpage\",\"url\":\"https:\/\/machineriesbst.com\/en\/catalogue\/depoussiereur-cyclone-20hp-avec-agitateur-de-filtre-et-ventilateur-de-chargement\/\",\"name\":\"D\\u00e9poussi\\u00e9reur cyclone 20hp avec agitateur de filtre et ventilateur de chargement - Machineries BST\",\"isPartOf\":{\"@id\":\"https:\/\/machineriesbst.com\/en\/#website\"},\"primaryImageOfPage\":{\"@id\":\"https:\/\/machineriesbst.com\/en\/catalogue\/depoussiereur-cyclone-20hp-avec-agitateur-de-filtre-et-ventilateur-de-chargement\/#primaryimage\"},\"datePublished\":\"2021-06-08T13:53:40+00:00\",\"dateModified\":\"2023-12-01T01:22:54+00:00\",\"breadcrumb\":{\"@id\":\"https:\/\/machineriesbst.com\/en\/catalogue\/depoussiereur-cyclone-20hp-avec-agitateur-de-filtre-et-ventilateur-de-chargement\/#breadcrumb\"},\"inLanguage\":\"en-US\",\"potentialAction\":[{\"@type\":\"ReadAction\",\"target\":[\"https:\/\/machineriesbst.com\/en\/catalogue\/depoussiereur-cyclone-20hp-avec-agitateur-de-filtre-et-ventilateur-de-chargement\/\"]}]},{\"@type\":\"BreadcrumbList\",\"@id\":\"https:\/\/machineriesbst.com\/en\/catalogue\/depoussiereur-cyclone-20hp-avec-agitateur-de-filtre-et-ventilateur-de-chargement\/#breadcrumb\",\"itemListElement\":[{\"@type\":\"ListItem\",\"position\":1,\"name\":\"Accueil\",\"item\":\"https:\/\/machineriesbst.com\/en\/\"},{\"@type\":\"ListItem\",\"position\":2,\"name\":\"Catalogue\",\"item\":\"https:\/\/machineriesbst.com\/en\/catalog\/\"},{\"@type\":\"ListItem\",\"position\":3,\"name\":\"D\\u00e9poussi\\u00e9reur cyclone 20hp avec agitateur de filtre et ventilateur de chargement\"}]}]}<\/script>\n<!-- \/ Yoast SEO plugin. -->","yoast_head_json":{"title":"D\u00e9poussi\u00e9reur cyclone 20hp avec agitateur de filtre et ventilateur de chargement - Machineries BST","robots":{"index":"index","follow":"follow","max-snippet":"max-snippet:-1","max-image-preview":"max-image-preview:large","max-video-preview":"max-video-preview:-1"},"canonical":"https:\/\/machineriesbst.com\/en\/catalogue\/depoussiereur-cyclone-20hp-avec-agitateur-de-filtre-et-ventilateur-de-chargement\/","og_locale":"en_US","og_type":"article","og_title":"D\u00e9poussi\u00e9reur cyclone 20hp avec agitateur de filtre et ventilateur de chargement - Machineries BST","og_description":"D\u00e9poussi\u00e9reur Cyclone 20hp avec filtre \u00e0 manches Aget Dustkop - 40 sacs. Comprend un ventilateur de chargeur suppl\u00e9mentaire, tous les nouveaux sacs filtrants D\u00e9poussi\u00e9reur Cyclone 20hp Filtre \u00e0 manches \u00e0 filtre \u00e0 manches Dustkop 40 avec shaker. Tous les sacs filtrants sont neufs, viennent d'\u00eatre remplac\u00e9s Le cyclone mesure 50 \"de diam\u00e8tre et 13 '6\" [&hellip;]","og_url":"https:\/\/machineriesbst.com\/en\/catalogue\/depoussiereur-cyclone-20hp-avec-agitateur-de-filtre-et-ventilateur-de-chargement\/","og_site_name":"Machineries BST","article_modified_time":"2023-12-01T01:22:54+00:00","og_image":[{"width":600,"height":800,"url":"https:\/\/machineriesbst.com\/wp-content\/uploads\/2021\/05\/20hp-Cyclone-Dust-Collector-with-Baghouse-Filter-Shaker-and-Loader-Fan-01.jpg","path":"\/home\/jepeto\/public_html\/wp-content\/uploads\/2021\/05\/20hp-Cyclone-Dust-Collector-with-Baghouse-Filter-Shaker-and-Loader-Fan-01.jpg","size":"full","id":53527,"alt":"","pixels":480000,"type":"image\/jpeg"}],"twitter_card":"summary_large_image","twitter_misc":{"Est. reading time":"1 minute"},"schema":{"@context":"https:\/\/schema.org","@graph":[{"@type":"WebSite","@id":"https:\/\/machineriesbst.com\/en\/#website","url":"https:\/\/machineriesbst.com\/en\/","name":"Machineries BST","description":"Machines neuves &amp; usag\u00e9es","potentialAction":[{"@type":"SearchAction","target":{"@type":"EntryPoint","urlTemplate":"https:\/\/machineriesbst.com\/en\/?s={search_term_string}"},"query-input":"required name=search_term_string"}],"inLanguage":"en-US"},{"@type":"ImageObject","@id":"https:\/\/machineriesbst.com\/en\/catalogue\/depoussiereur-cyclone-20hp-avec-agitateur-de-filtre-et-ventilateur-de-chargement\/#primaryimage","inLanguage":"en-US","url":"https:\/\/machineriesbst.com\/wp-content\/uploads\/2021\/05\/20hp-Cyclone-Dust-Collector-with-Baghouse-Filter-Shaker-and-Loader-Fan-01.jpg","contentUrl":"https:\/\/machineriesbst.com\/wp-content\/uploads\/2021\/05\/20hp-Cyclone-Dust-Collector-with-Baghouse-Filter-Shaker-and-Loader-Fan-01.jpg","width":600,"height":800},{"@type":"WebPage","@id":"https:\/\/machineriesbst.com\/en\/catalogue\/depoussiereur-cyclone-20hp-avec-agitateur-de-filtre-et-ventilateur-de-chargement\/#webpage","url":"https:\/\/machineriesbst.com\/en\/catalogue\/depoussiereur-cyclone-20hp-avec-agitateur-de-filtre-et-ventilateur-de-chargement\/","name":"D\u00e9poussi\u00e9reur cyclone 20hp avec agitateur de filtre et ventilateur de chargement - Machineries BST","isPartOf":{"@id":"https:\/\/machineriesbst.com\/en\/#website"},"primaryImageOfPage":{"@id":"https:\/\/machineriesbst.com\/en\/catalogue\/depoussiereur-cyclone-20hp-avec-agitateur-de-filtre-et-ventilateur-de-chargement\/#primaryimage"},"datePublished":"2021-06-08T13:53:40+00:00","dateModified":"2023-12-01T01:22:54+00:00","breadcrumb":{"@id":"https:\/\/machineriesbst.com\/en\/catalogue\/depoussiereur-cyclone-20hp-avec-agitateur-de-filtre-et-ventilateur-de-chargement\/#breadcrumb"},"inLanguage":"en-US","potentialAction":[{"@type":"ReadAction","target":["https:\/\/machineriesbst.com\/en\/catalogue\/depoussiereur-cyclone-20hp-avec-agitateur-de-filtre-et-ventilateur-de-chargement\/"]}]},{"@type":"BreadcrumbList","@id":"https:\/\/machineriesbst.com\/en\/catalogue\/depoussiereur-cyclone-20hp-avec-agitateur-de-filtre-et-ventilateur-de-chargement\/#breadcrumb","itemListElement":[{"@type":"ListItem","position":1,"name":"Accueil","item":"https:\/\/machineriesbst.com\/en\/"},{"@type":"ListItem","position":2,"name":"Catalogue","item":"https:\/\/machineriesbst.com\/en\/catalog\/"},{"@type":"ListItem","position":3,"name":"D\u00e9poussi\u00e9reur cyclone 20hp avec agitateur de filtre et ventilateur de chargement"}]}]}},"_links":{"self":[{"href":"https:\/\/machineriesbst.com\/en\/wp-json\/wp\/v2\/product\/58475"}],"collection":[{"href":"https:\/\/machineriesbst.com\/en\/wp-json\/wp\/v2\/product"}],"about":[{"href":"https:\/\/machineriesbst.com\/en\/wp-json\/wp\/v2\/types\/product"}],"author":[{"embeddable":true,"href":"https:\/\/machineriesbst.com\/en\/wp-json\/wp\/v2\/users\/3"}],"replies":[{"embeddable":true,"href":"https:\/\/machineriesbst.com\/en\/wp-json\/wp\/v2\/comments?post=58475"}],"wp:featuredmedia":[{"embeddable":true,"href":"https:\/\/machineriesbst.com\/en\/wp-json\/wp\/v2\/media\/53527"}],"wp:attachment":[{"href":"https:\/\/machineriesbst.com\/en\/wp-json\/wp\/v2\/media?parent=58475"}],"wp:term":[{"taxonomy":"product_cat","embeddable":true,"href":"https:\/\/machineriesbst.com\/en\/wp-json\/wp\/v2\/product_cat?post=58475"},{"taxonomy":"product_tag","embeddable":true,"href":"https:\/\/machineriesbst.com\/en\/wp-json\/wp\/v2\/product_tag?post=58475"}],"curies":[{"name":"wp","href":"https:\/\/api.w.org\/{rel}","templated":true}]}}