{"id":58469,"date":"2021-06-08T09:53:39","date_gmt":"2021-06-08T13:53:39","guid":{"rendered":"https:\/\/machineriesbst.com\/?post_type=product&#038;p=58469"},"modified":"2023-11-30T20:22:54","modified_gmt":"2023-12-01T01:22:54","slug":"vernisseuse-makor-spray-boot","status":"publish","type":"product","link":"https:\/\/machineriesbst.com\/en\/catalogue\/vernisseuse-makor-spray-boot\/","title":{"rendered":"Makor Spray Boot Coater"},"content":{"rendered":"<p>Ideal machine for companies that need to spray small amounts of water-based or solvent-based paint, or glue for clad or PVC components. Also for companies who are embarking on the automatic painting process for the first time. Its peculiarities: increased productivity, less paint, uniformity of the coating and superior and constant quality. Touch screen monitor, paper or plastic transport (makes the machine self-cleaning by eliminating management and maintenance costs). The spray system is equipped with an electronically controlled reciprocating arm. 4 guns, 2 product supply circuits. &quot;Quick coupling&quot; system.<\/p>\n<p>Suitable for medium and just-in-time production volumes<\/p>\n<p>Large filters with dual filter stage<\/p>\n<p>Paper transport, large autonomy 3000 m<\/p>\n<p>2 liter tank for small quantities<\/p>\n<p>High precision reading bar<\/p>\n<p>7 &#39;&#39; touchscreen control panel<\/p>\n<p>&nbsp;<\/p>","protected":false},"excerpt":{"rendered":"<p>Ideal machine for companies that need to spray small amounts of water-based or solvent-based paint, or glue for clad or PVC components. Also for companies who are embarking on the automatic painting process for the first time. Its peculiarities: increased productivity, less paint, uniformity of the coating [\u2026]<\/p>","protected":false},"author":3,"featured_media":53489,"comment_status":"open","ping_status":"closed","template":"","meta":[],"product_cat":[3070,1731],"product_tag":[],"acf":[],"yoast_head":"<!-- This site is optimized with the Yoast SEO plugin v16.8 - https:\/\/yoast.com\/wordpress\/plugins\/seo\/ -->\n<title>Vernisseuse Makor Spray Boot - Machineries BST<\/title>\n<meta name=\"robots\" content=\"index, follow, max-snippet:-1, max-image-preview:large, max-video-preview:-1\" \/>\n<link rel=\"canonical\" href=\"https:\/\/machineriesbst.com\/en\/catalogue\/vernisseuse-makor-spray-boot\/\" \/>\n<meta property=\"og:locale\" content=\"en_US\" \/>\n<meta property=\"og:type\" content=\"article\" \/>\n<meta property=\"og:title\" content=\"Vernisseuse Makor Spray Boot - Machineries BST\" \/>\n<meta property=\"og:description\" content=\"Machine id\u00e9ale pour les entreprises qui doivent pulv\u00e9riser de petites quantit\u00e9s de peinture \u00e0 base d\u2019eau ou de solvant, ou de colle pour composants plaqu\u00e9s ou de PVC. \u00c9galement pour les entreprises qui, pour la premi\u00e8re fois, se lancent dans le processus de peinture automatique. Ses particularit\u00e9s: productivit\u00e9 accrue, \u00e9conomie de peinture, uniformit\u00e9 du rev\u00eatement [&hellip;]\" \/>\n<meta property=\"og:url\" content=\"https:\/\/machineriesbst.com\/en\/catalogue\/vernisseuse-makor-spray-boot\/\" \/>\n<meta property=\"og:site_name\" content=\"Machineries BST\" \/>\n<meta property=\"article:modified_time\" content=\"2023-12-01T01:22:54+00:00\" \/>\n<meta property=\"og:image\" content=\"https:\/\/machineriesbst.com\/wp-content\/uploads\/2021\/05\/0222191419a-scaled.jpg\" \/>\n\t<meta property=\"og:image:width\" content=\"2560\" \/>\n\t<meta property=\"og:image:height\" content=\"1920\" \/>\n<meta name=\"twitter:card\" content=\"summary_large_image\" \/>\n<meta name=\"twitter:label1\" content=\"Est. reading time\" \/>\n\t<meta name=\"twitter:data1\" content=\"1 minute\" \/>\n<script type=\"application\/ld+json\" class=\"yoast-schema-graph\">{\"@context\":\"https:\/\/schema.org\",\"@graph\":[{\"@type\":\"WebSite\",\"@id\":\"https:\/\/machineriesbst.com\/en\/#website\",\"url\":\"https:\/\/machineriesbst.com\/en\/\",\"name\":\"Machineries BST\",\"description\":\"Machines neuves &amp; usag\\u00e9es\",\"potentialAction\":[{\"@type\":\"SearchAction\",\"target\":{\"@type\":\"EntryPoint\",\"urlTemplate\":\"https:\/\/machineriesbst.com\/en\/?s={search_term_string}\"},\"query-input\":\"required name=search_term_string\"}],\"inLanguage\":\"en-US\"},{\"@type\":\"ImageObject\",\"@id\":\"https:\/\/machineriesbst.com\/en\/catalogue\/vernisseuse-makor-spray-boot\/#primaryimage\",\"inLanguage\":\"en-US\",\"url\":\"https:\/\/machineriesbst.com\/wp-content\/uploads\/2021\/05\/0222191419a-scaled.jpg\",\"contentUrl\":\"https:\/\/machineriesbst.com\/wp-content\/uploads\/2021\/05\/0222191419a-scaled.jpg\",\"width\":2560,\"height\":1920},{\"@type\":\"WebPage\",\"@id\":\"https:\/\/machineriesbst.com\/en\/catalogue\/vernisseuse-makor-spray-boot\/#webpage\",\"url\":\"https:\/\/machineriesbst.com\/en\/catalogue\/vernisseuse-makor-spray-boot\/\",\"name\":\"Vernisseuse Makor Spray Boot - Machineries BST\",\"isPartOf\":{\"@id\":\"https:\/\/machineriesbst.com\/en\/#website\"},\"primaryImageOfPage\":{\"@id\":\"https:\/\/machineriesbst.com\/en\/catalogue\/vernisseuse-makor-spray-boot\/#primaryimage\"},\"datePublished\":\"2021-06-08T13:53:39+00:00\",\"dateModified\":\"2023-12-01T01:22:54+00:00\",\"breadcrumb\":{\"@id\":\"https:\/\/machineriesbst.com\/en\/catalogue\/vernisseuse-makor-spray-boot\/#breadcrumb\"},\"inLanguage\":\"en-US\",\"potentialAction\":[{\"@type\":\"ReadAction\",\"target\":[\"https:\/\/machineriesbst.com\/en\/catalogue\/vernisseuse-makor-spray-boot\/\"]}]},{\"@type\":\"BreadcrumbList\",\"@id\":\"https:\/\/machineriesbst.com\/en\/catalogue\/vernisseuse-makor-spray-boot\/#breadcrumb\",\"itemListElement\":[{\"@type\":\"ListItem\",\"position\":1,\"name\":\"Accueil\",\"item\":\"https:\/\/machineriesbst.com\/en\/\"},{\"@type\":\"ListItem\",\"position\":2,\"name\":\"Catalogue\",\"item\":\"https:\/\/machineriesbst.com\/en\/catalog\/\"},{\"@type\":\"ListItem\",\"position\":3,\"name\":\"Vernisseuse Makor Spray Boot\"}]}]}<\/script>\n<!-- \/ Yoast SEO plugin. -->","yoast_head_json":{"title":"Vernisseuse Makor Spray Boot - Machineries BST","robots":{"index":"index","follow":"follow","max-snippet":"max-snippet:-1","max-image-preview":"max-image-preview:large","max-video-preview":"max-video-preview:-1"},"canonical":"https:\/\/machineriesbst.com\/en\/catalogue\/vernisseuse-makor-spray-boot\/","og_locale":"en_US","og_type":"article","og_title":"Vernisseuse Makor Spray Boot - Machineries BST","og_description":"Machine id\u00e9ale pour les entreprises qui doivent pulv\u00e9riser de petites quantit\u00e9s de peinture \u00e0 base d\u2019eau ou de solvant, ou de colle pour composants plaqu\u00e9s ou de PVC. \u00c9galement pour les entreprises qui, pour la premi\u00e8re fois, se lancent dans le processus de peinture automatique. Ses particularit\u00e9s: productivit\u00e9 accrue, \u00e9conomie de peinture, uniformit\u00e9 du rev\u00eatement [&hellip;]","og_url":"https:\/\/machineriesbst.com\/en\/catalogue\/vernisseuse-makor-spray-boot\/","og_site_name":"Machineries BST","article_modified_time":"2023-12-01T01:22:54+00:00","og_image":[{"width":2560,"height":1920,"url":"https:\/\/machineriesbst.com\/wp-content\/uploads\/2021\/05\/0222191419a-scaled.jpg","path":"\/home\/jepeto\/public_html\/wp-content\/uploads\/2021\/05\/0222191419a-scaled.jpg","size":"full","id":53489,"alt":"","pixels":4915200,"type":"image\/jpeg"}],"twitter_card":"summary_large_image","twitter_misc":{"Est. reading time":"1 minute"},"schema":{"@context":"https:\/\/schema.org","@graph":[{"@type":"WebSite","@id":"https:\/\/machineriesbst.com\/en\/#website","url":"https:\/\/machineriesbst.com\/en\/","name":"Machineries BST","description":"Machines neuves &amp; usag\u00e9es","potentialAction":[{"@type":"SearchAction","target":{"@type":"EntryPoint","urlTemplate":"https:\/\/machineriesbst.com\/en\/?s={search_term_string}"},"query-input":"required name=search_term_string"}],"inLanguage":"en-US"},{"@type":"ImageObject","@id":"https:\/\/machineriesbst.com\/en\/catalogue\/vernisseuse-makor-spray-boot\/#primaryimage","inLanguage":"en-US","url":"https:\/\/machineriesbst.com\/wp-content\/uploads\/2021\/05\/0222191419a-scaled.jpg","contentUrl":"https:\/\/machineriesbst.com\/wp-content\/uploads\/2021\/05\/0222191419a-scaled.jpg","width":2560,"height":1920},{"@type":"WebPage","@id":"https:\/\/machineriesbst.com\/en\/catalogue\/vernisseuse-makor-spray-boot\/#webpage","url":"https:\/\/machineriesbst.com\/en\/catalogue\/vernisseuse-makor-spray-boot\/","name":"Vernisseuse Makor Spray Boot - Machineries BST","isPartOf":{"@id":"https:\/\/machineriesbst.com\/en\/#website"},"primaryImageOfPage":{"@id":"https:\/\/machineriesbst.com\/en\/catalogue\/vernisseuse-makor-spray-boot\/#primaryimage"},"datePublished":"2021-06-08T13:53:39+00:00","dateModified":"2023-12-01T01:22:54+00:00","breadcrumb":{"@id":"https:\/\/machineriesbst.com\/en\/catalogue\/vernisseuse-makor-spray-boot\/#breadcrumb"},"inLanguage":"en-US","potentialAction":[{"@type":"ReadAction","target":["https:\/\/machineriesbst.com\/en\/catalogue\/vernisseuse-makor-spray-boot\/"]}]},{"@type":"BreadcrumbList","@id":"https:\/\/machineriesbst.com\/en\/catalogue\/vernisseuse-makor-spray-boot\/#breadcrumb","itemListElement":[{"@type":"ListItem","position":1,"name":"Accueil","item":"https:\/\/machineriesbst.com\/en\/"},{"@type":"ListItem","position":2,"name":"Catalogue","item":"https:\/\/machineriesbst.com\/en\/catalog\/"},{"@type":"ListItem","position":3,"name":"Vernisseuse Makor Spray Boot"}]}]}},"_links":{"self":[{"href":"https:\/\/machineriesbst.com\/en\/wp-json\/wp\/v2\/product\/58469"}],"collection":[{"href":"https:\/\/machineriesbst.com\/en\/wp-json\/wp\/v2\/product"}],"about":[{"href":"https:\/\/machineriesbst.com\/en\/wp-json\/wp\/v2\/types\/product"}],"author":[{"embeddable":true,"href":"https:\/\/machineriesbst.com\/en\/wp-json\/wp\/v2\/users\/3"}],"replies":[{"embeddable":true,"href":"https:\/\/machineriesbst.com\/en\/wp-json\/wp\/v2\/comments?post=58469"}],"wp:featuredmedia":[{"embeddable":true,"href":"https:\/\/machineriesbst.com\/en\/wp-json\/wp\/v2\/media\/53489"}],"wp:attachment":[{"href":"https:\/\/machineriesbst.com\/en\/wp-json\/wp\/v2\/media?parent=58469"}],"wp:term":[{"taxonomy":"product_cat","embeddable":true,"href":"https:\/\/machineriesbst.com\/en\/wp-json\/wp\/v2\/product_cat?post=58469"},{"taxonomy":"product_tag","embeddable":true,"href":"https:\/\/machineriesbst.com\/en\/wp-json\/wp\/v2\/product_tag?post=58469"}],"curies":[{"name":"wp","href":"https:\/\/api.w.org\/{rel}","templated":true}]}}