{"id":58468,"date":"2021-06-08T09:53:39","date_gmt":"2021-06-08T13:53:39","guid":{"rendered":"https:\/\/machineriesbst.com\/?post_type=product&#038;p=58468"},"modified":"2023-11-30T20:22:54","modified_gmt":"2023-12-01T01:22:54","slug":"plaqueuse-de-chant-holz-her-pre-milling-2014","status":"publish","type":"product","link":"https:\/\/machineriesbst.com\/en\/catalogue\/plaqueuse-de-chant-holz-her-pre-milling-2014\/","title":{"rendered":"Holz-Her Pre-Milling 2014 edgebander"},"content":{"rendered":"<p>Model Arcus 1334-3<\/p>\n<p>Spray unit.<\/p>\n<p>Pre-milling unit.<\/p>\n<p>Song store.<\/p>\n<p>Multi-system gluing unit.<\/p>\n<p>Pneumatic pressure unit.<\/p>\n<p>End cutting unit.<\/p>\n<p>Top and bottom trimming unit.<\/p>\n<p>Unit for copying shapes.<\/p>\n<p>PVC finish scraper unit.<\/p>\n<p>Surface scraper unit.<\/p>\n<p>Polishing unit.<\/p>","protected":false},"excerpt":{"rendered":"<p>Model Arcus 1334-3 Spray unit. Pre-milling unit. Song store. Multi-system gluing unit. Pneumatic pressure unit. End cutting unit. Top and bottom trimming unit. Unit for copying shapes. PVC finish scraper unit. Surface scraper unit. [\u2026]<\/p>","protected":false},"author":3,"featured_media":53482,"comment_status":"open","ping_status":"closed","template":"","meta":[],"product_cat":[363],"product_tag":[],"acf":[],"yoast_head":"<!-- This site is optimized with the Yoast SEO plugin v16.8 - https:\/\/yoast.com\/wordpress\/plugins\/seo\/ -->\n<title>Plaqueuse de chant Holz-Her Pr\u00e9-Milling 2014 - Machineries BST<\/title>\n<meta name=\"robots\" content=\"index, follow, max-snippet:-1, max-image-preview:large, max-video-preview:-1\" \/>\n<link rel=\"canonical\" href=\"https:\/\/machineriesbst.com\/en\/catalogue\/plaqueuse-de-chant-holz-her-pre-milling-2014\/\" \/>\n<meta property=\"og:locale\" content=\"en_US\" \/>\n<meta property=\"og:type\" content=\"article\" \/>\n<meta property=\"og:title\" content=\"Plaqueuse de chant Holz-Her Pr\u00e9-Milling 2014 - Machineries BST\" \/>\n<meta property=\"og:description\" content=\"Mod\u00e8le Arcus 1334-3 Unit\u00e9 de pulv\u00e9risation . Unit\u00e9 de pr\u00e9fraisage . Magasin \u00e0 chant . Unit\u00e9 d&#039;encollage multi-syst\u00e8me . Unit\u00e9 de pression pneumatique. Unit\u00e9 de coupe en bouts. Unit\u00e9 d&#039;affleurage du haut et du bas . Unit\u00e9 de copiage des formes . Unit\u00e9 de grattoir de finition de PVC. Unit\u00e9 de grattoir de surface . [&hellip;]\" \/>\n<meta property=\"og:url\" content=\"https:\/\/machineriesbst.com\/en\/catalogue\/plaqueuse-de-chant-holz-her-pre-milling-2014\/\" \/>\n<meta property=\"og:site_name\" content=\"Machineries BST\" \/>\n<meta property=\"article:modified_time\" content=\"2023-12-01T01:22:54+00:00\" \/>\n<meta property=\"og:image\" content=\"https:\/\/machineriesbst.com\/wp-content\/uploads\/2021\/05\/IMG_9009.jpg\" \/>\n\t<meta property=\"og:image:width\" content=\"640\" \/>\n\t<meta property=\"og:image:height\" content=\"480\" \/>\n<meta name=\"twitter:card\" content=\"summary_large_image\" \/>\n<script type=\"application\/ld+json\" class=\"yoast-schema-graph\">{\"@context\":\"https:\/\/schema.org\",\"@graph\":[{\"@type\":\"WebSite\",\"@id\":\"https:\/\/machineriesbst.com\/en\/#website\",\"url\":\"https:\/\/machineriesbst.com\/en\/\",\"name\":\"Machineries BST\",\"description\":\"Machines neuves &amp; usag\\u00e9es\",\"potentialAction\":[{\"@type\":\"SearchAction\",\"target\":{\"@type\":\"EntryPoint\",\"urlTemplate\":\"https:\/\/machineriesbst.com\/en\/?s={search_term_string}\"},\"query-input\":\"required name=search_term_string\"}],\"inLanguage\":\"en-US\"},{\"@type\":\"ImageObject\",\"@id\":\"https:\/\/machineriesbst.com\/en\/catalogue\/plaqueuse-de-chant-holz-her-pre-milling-2014\/#primaryimage\",\"inLanguage\":\"en-US\",\"url\":\"https:\/\/machineriesbst.com\/wp-content\/uploads\/2021\/05\/IMG_9009.jpg\",\"contentUrl\":\"https:\/\/machineriesbst.com\/wp-content\/uploads\/2021\/05\/IMG_9009.jpg\",\"width\":640,\"height\":480},{\"@type\":\"WebPage\",\"@id\":\"https:\/\/machineriesbst.com\/en\/catalogue\/plaqueuse-de-chant-holz-her-pre-milling-2014\/#webpage\",\"url\":\"https:\/\/machineriesbst.com\/en\/catalogue\/plaqueuse-de-chant-holz-her-pre-milling-2014\/\",\"name\":\"Plaqueuse de chant Holz-Her Pr\\u00e9-Milling 2014 - Machineries BST\",\"isPartOf\":{\"@id\":\"https:\/\/machineriesbst.com\/en\/#website\"},\"primaryImageOfPage\":{\"@id\":\"https:\/\/machineriesbst.com\/en\/catalogue\/plaqueuse-de-chant-holz-her-pre-milling-2014\/#primaryimage\"},\"datePublished\":\"2021-06-08T13:53:39+00:00\",\"dateModified\":\"2023-12-01T01:22:54+00:00\",\"breadcrumb\":{\"@id\":\"https:\/\/machineriesbst.com\/en\/catalogue\/plaqueuse-de-chant-holz-her-pre-milling-2014\/#breadcrumb\"},\"inLanguage\":\"en-US\",\"potentialAction\":[{\"@type\":\"ReadAction\",\"target\":[\"https:\/\/machineriesbst.com\/en\/catalogue\/plaqueuse-de-chant-holz-her-pre-milling-2014\/\"]}]},{\"@type\":\"BreadcrumbList\",\"@id\":\"https:\/\/machineriesbst.com\/en\/catalogue\/plaqueuse-de-chant-holz-her-pre-milling-2014\/#breadcrumb\",\"itemListElement\":[{\"@type\":\"ListItem\",\"position\":1,\"name\":\"Accueil\",\"item\":\"https:\/\/machineriesbst.com\/en\/\"},{\"@type\":\"ListItem\",\"position\":2,\"name\":\"Catalogue\",\"item\":\"https:\/\/machineriesbst.com\/en\/catalog\/\"},{\"@type\":\"ListItem\",\"position\":3,\"name\":\"Plaqueuse de chant Holz-Her Pr\\u00e9-Milling 2014\"}]}]}<\/script>\n<!-- \/ Yoast SEO plugin. -->","yoast_head_json":{"title":"Plaqueuse de chant Holz-Her Pr\u00e9-Milling 2014 - Machineries BST","robots":{"index":"index","follow":"follow","max-snippet":"max-snippet:-1","max-image-preview":"max-image-preview:large","max-video-preview":"max-video-preview:-1"},"canonical":"https:\/\/machineriesbst.com\/en\/catalogue\/plaqueuse-de-chant-holz-her-pre-milling-2014\/","og_locale":"en_US","og_type":"article","og_title":"Plaqueuse de chant Holz-Her Pr\u00e9-Milling 2014 - Machineries BST","og_description":"Mod\u00e8le Arcus 1334-3 Unit\u00e9 de pulv\u00e9risation . Unit\u00e9 de pr\u00e9fraisage . Magasin \u00e0 chant . Unit\u00e9 d'encollage multi-syst\u00e8me . Unit\u00e9 de pression pneumatique. Unit\u00e9 de coupe en bouts. Unit\u00e9 d'affleurage du haut et du bas . Unit\u00e9 de copiage des formes . Unit\u00e9 de grattoir de finition de PVC. Unit\u00e9 de grattoir de surface . [&hellip;]","og_url":"https:\/\/machineriesbst.com\/en\/catalogue\/plaqueuse-de-chant-holz-her-pre-milling-2014\/","og_site_name":"Machineries BST","article_modified_time":"2023-12-01T01:22:54+00:00","og_image":[{"width":640,"height":480,"url":"https:\/\/machineriesbst.com\/wp-content\/uploads\/2021\/05\/IMG_9009.jpg","path":"\/home\/jepeto\/public_html\/wp-content\/uploads\/2021\/05\/IMG_9009.jpg","size":"full","id":53482,"alt":"","pixels":307200,"type":"image\/jpeg"}],"twitter_card":"summary_large_image","schema":{"@context":"https:\/\/schema.org","@graph":[{"@type":"WebSite","@id":"https:\/\/machineriesbst.com\/en\/#website","url":"https:\/\/machineriesbst.com\/en\/","name":"Machineries BST","description":"Machines neuves &amp; usag\u00e9es","potentialAction":[{"@type":"SearchAction","target":{"@type":"EntryPoint","urlTemplate":"https:\/\/machineriesbst.com\/en\/?s={search_term_string}"},"query-input":"required name=search_term_string"}],"inLanguage":"en-US"},{"@type":"ImageObject","@id":"https:\/\/machineriesbst.com\/en\/catalogue\/plaqueuse-de-chant-holz-her-pre-milling-2014\/#primaryimage","inLanguage":"en-US","url":"https:\/\/machineriesbst.com\/wp-content\/uploads\/2021\/05\/IMG_9009.jpg","contentUrl":"https:\/\/machineriesbst.com\/wp-content\/uploads\/2021\/05\/IMG_9009.jpg","width":640,"height":480},{"@type":"WebPage","@id":"https:\/\/machineriesbst.com\/en\/catalogue\/plaqueuse-de-chant-holz-her-pre-milling-2014\/#webpage","url":"https:\/\/machineriesbst.com\/en\/catalogue\/plaqueuse-de-chant-holz-her-pre-milling-2014\/","name":"Plaqueuse de chant Holz-Her Pr\u00e9-Milling 2014 - Machineries BST","isPartOf":{"@id":"https:\/\/machineriesbst.com\/en\/#website"},"primaryImageOfPage":{"@id":"https:\/\/machineriesbst.com\/en\/catalogue\/plaqueuse-de-chant-holz-her-pre-milling-2014\/#primaryimage"},"datePublished":"2021-06-08T13:53:39+00:00","dateModified":"2023-12-01T01:22:54+00:00","breadcrumb":{"@id":"https:\/\/machineriesbst.com\/en\/catalogue\/plaqueuse-de-chant-holz-her-pre-milling-2014\/#breadcrumb"},"inLanguage":"en-US","potentialAction":[{"@type":"ReadAction","target":["https:\/\/machineriesbst.com\/en\/catalogue\/plaqueuse-de-chant-holz-her-pre-milling-2014\/"]}]},{"@type":"BreadcrumbList","@id":"https:\/\/machineriesbst.com\/en\/catalogue\/plaqueuse-de-chant-holz-her-pre-milling-2014\/#breadcrumb","itemListElement":[{"@type":"ListItem","position":1,"name":"Accueil","item":"https:\/\/machineriesbst.com\/en\/"},{"@type":"ListItem","position":2,"name":"Catalogue","item":"https:\/\/machineriesbst.com\/en\/catalog\/"},{"@type":"ListItem","position":3,"name":"Plaqueuse de chant Holz-Her Pr\u00e9-Milling 2014"}]}]}},"_links":{"self":[{"href":"https:\/\/machineriesbst.com\/en\/wp-json\/wp\/v2\/product\/58468"}],"collection":[{"href":"https:\/\/machineriesbst.com\/en\/wp-json\/wp\/v2\/product"}],"about":[{"href":"https:\/\/machineriesbst.com\/en\/wp-json\/wp\/v2\/types\/product"}],"author":[{"embeddable":true,"href":"https:\/\/machineriesbst.com\/en\/wp-json\/wp\/v2\/users\/3"}],"replies":[{"embeddable":true,"href":"https:\/\/machineriesbst.com\/en\/wp-json\/wp\/v2\/comments?post=58468"}],"wp:featuredmedia":[{"embeddable":true,"href":"https:\/\/machineriesbst.com\/en\/wp-json\/wp\/v2\/media\/53482"}],"wp:attachment":[{"href":"https:\/\/machineriesbst.com\/en\/wp-json\/wp\/v2\/media?parent=58468"}],"wp:term":[{"taxonomy":"product_cat","embeddable":true,"href":"https:\/\/machineriesbst.com\/en\/wp-json\/wp\/v2\/product_cat?post=58468"},{"taxonomy":"product_tag","embeddable":true,"href":"https:\/\/machineriesbst.com\/en\/wp-json\/wp\/v2\/product_tag?post=58468"}],"curies":[{"name":"wp","href":"https:\/\/api.w.org\/{rel}","templated":true}]}}