{"id":58467,"date":"2021-06-08T09:53:38","date_gmt":"2021-06-08T13:53:38","guid":{"rendered":"https:\/\/machineriesbst.com\/?post_type=product&#038;p=58467"},"modified":"2023-11-30T20:22:54","modified_gmt":"2023-12-01T01:22:54","slug":"sableuse-quickwood-modele-pro-1400","status":"publish","type":"product","link":"https:\/\/machineriesbst.com\/en\/catalogue\/sableuse-quickwood-modele-pro-1400\/","title":{"rendered":"Quickwood Model Pro-1400 Sandblaster"},"content":{"rendered":"<p>This machine is currently energized in Montreal.<\/p>\n<p>Quickwood Pro 1400 Sander \/ Sander: replacement cost of 125,000 $<\/p>\n<p>Characteristics<\/p>\n<p>Includes Quick Change Tooling, Reversible Heads, Dual Pumps, Panel Upgrades, and Flexiheads.<\/p>\n<p>Description: Brushing \/ loading head 8 with 55 max. width,<\/p>\n<p>(1) carousel head with (4) double shaft heads made up of (8) counter-rotating spindles<\/p>\n<p>Specifications<\/p>\n<p>Maximum working size H: 4 &quot;W: 55&quot; L:<\/p>\n<p>Feeding speed: 6&#39;-36 &#39;<\/p>\n<p>FPMS spindle speed 300-1150 rpm<\/p>\n<p>Rotation speed 3-16 rpm<\/p>\n<p>Pin length 21.3 &quot;<\/p>\n<p>Number of spindles 8 Max.<\/p>\n<p>Tool diameter 14 \u201d<\/p>\n<p>Total number of high speed discs \/ QN 344\/168<\/p>\n<p>Power: 460V 60Hz 3Ph<\/p>\n<p>Main word: 1.84kw (2.5hp) X 4 motors<\/p>\n<p>Alternator Frequency: 11kw (14.7 hp)<\/p>\n<p>Conveyor motor: 1.5kw (2hp)<\/p>\n<p>Rotation motor: 1.5kw (2hp)<\/p>\n<p>Vacuum pump: 7.5kw (10.0577hp) X 2 motors<\/p>\n<p>Height adjustment: .45kw (0.6hp)<\/p>\n<p>Dust Collector Dust Size: 5.5 &quot;X 6<\/p>\n<p>Sheaths delivered with a manifold<\/p>\n<p>Power of extraction 8000 CMHN<\/p>\n<p>Weight 4,600 lbs<\/p>\n<p>Carousel heads: offset left \/ right and mounted in the center for carousel operation;<\/p>\n<p>each head with 2 HP motors,<\/p>\n<p>variable speed of rotation from 300 to 1150 rpm,<\/p>\n<p>control by speed variator with keypad and LED display,<\/p>\n<p>21-1 \/ 2 long pins extend from each side of the drive head<\/p>\n<p>Rotation speed of the carousel from 3 to 16 rpm,<\/p>\n<p>2 HP drive motor,<\/p>\n<p>inverter controlled with keypad and LED display.<\/p>\n<p>The pins hold approx. (344) Discs or a combination of QUICK abrasive discs, nylon brushes or nylon impregnated discs.<\/p>\n<p>14 max. disc dia.,<\/p>\n<p>brush loads mounted at a slight angle to create an oscillating motion<\/p>\n<p>&quot;Vactronic&quot; vacuum bed conveyor feed system,<\/p>\n<p>(2) 10 HP fan \/ vacuum assembly,<\/p>\n<p>variable feed speed from 6 to 36 fpm,<\/p>\n<p>2 HP training drive<\/p>\n<p>Motorized opening inverter of 4 thicknesses controlled with keypad.<\/p>\n<p>&nbsp;<\/p>\n<p><strong>Inspection period<\/strong>: Thursday May 9, from 10 a.m. to 4 p.m. Possibility to make an appointment at another time by contacting your BST representative.<\/p>\n<p><strong>End of auction: <\/strong>Thursday May 16 at 2 p.m.<\/p>\n<p><strong>Address<\/strong> : 9800 Boulevard Maurice-Duplessis, Montreal, QC, H1C 1G1<\/p>\n<p><strong>Taking possession<\/strong> : From May 17 at 9 a.m. to May 23 at 4 p.m., by appointment.<\/p>\n<p><strong>Auction fees (Premium): <\/strong>An auction fee of 15% will be added to the winning bid.<\/p>\n<p>Contact your BST expert to schedule a visit or send an email to ask your questions:<\/p>\n<p><strong>Alain B\u00e9land, President, MachineriesBST<\/strong><br \/>\n514-969-4795<br \/>\ninfo@machineriesbst.com<\/p>\n<p><strong>Auctioneer Note<\/strong>\u00a0:<\/p>\n<p>Specifications are taken from the manufacturer and original literature when available as well as our own visual inspection. They are believed to be accurate but not guaranteed. Buyers should take advantage of the inspection period to verify the accuracy and completeness of specifications before entering the auction. MachineriesBST can in no way be held responsible for any inaccuracies in this description.<\/p>\n<p>The buyer will bear all costs to collect and load this lot.<br \/>\nThe buyer must collect the entire lot.<\/p>\n<p><strong>YOUR OFFER IS A CONTRACT:<\/strong>\u00a0Your offers are not retractable for any reason.<br \/>\nWhen the auction ends for an auctioned item and the highest bid meets or exceeds the reserve amount for that lot, the buyer with the highest bid becomes bound by a legally binding contract with MachineriesBST to purchase said item. In accordance with these terms and conditions of auction.<\/p>","protected":false},"excerpt":{"rendered":"<p>This machine is currently under power in Montreal. Quickwood Pro 1400 Sander\/Sander: 125,000 $ Replacement Cost Features Includes Quick Change Tooling, Reversible Heads, Dual Pumps, Panel Upgrades and Flexiheads. Description: 8 brush head \/ load with 55 max. width, (1) [\u2026]<\/p>","protected":false},"author":3,"featured_media":53465,"comment_status":"open","ping_status":"closed","template":"","meta":[],"product_cat":[1731],"product_tag":[],"acf":[],"yoast_head":"<!-- This site is optimized with the Yoast SEO plugin v16.8 - https:\/\/yoast.com\/wordpress\/plugins\/seo\/ -->\n<title>Sableuse Quickwood Mod\u00e8le Pro-1400 - Machineries BST<\/title>\n<meta name=\"robots\" content=\"index, follow, max-snippet:-1, max-image-preview:large, max-video-preview:-1\" \/>\n<link rel=\"canonical\" href=\"https:\/\/machineriesbst.com\/en\/catalogue\/sableuse-quickwood-modele-pro-1400\/\" \/>\n<meta property=\"og:locale\" content=\"en_US\" \/>\n<meta property=\"og:type\" content=\"article\" \/>\n<meta property=\"og:title\" content=\"Sableuse Quickwood Mod\u00e8le Pro-1400 - Machineries BST\" \/>\n<meta property=\"og:description\" content=\"Cette machine est actuellement sous tension \u00e0 Montr\u00e9al. Ponceuse \/ Ponceuse Quickwood Pro 1400 : co\u00fbt de remplacement de 125 000 $ Caract\u00e9ristiques Inclut l\u2019outillage \u00e0 changement rapide, les t\u00eates r\u00e9versibles, les pompes doubles, les mises \u00e0 niveau de panneau et les Flexihead. Description: T\u00eate de brossage \/ chargement 8 avec 55 max. largeur, (1) [&hellip;]\" \/>\n<meta property=\"og:url\" content=\"https:\/\/machineriesbst.com\/en\/catalogue\/sableuse-quickwood-modele-pro-1400\/\" \/>\n<meta property=\"og:site_name\" content=\"Machineries BST\" \/>\n<meta property=\"article:modified_time\" content=\"2023-12-01T01:22:54+00:00\" \/>\n<meta property=\"og:image\" content=\"https:\/\/machineriesbst.com\/wp-content\/uploads\/2021\/05\/IMG_0547-scaled.jpg\" \/>\n\t<meta property=\"og:image:width\" content=\"2560\" \/>\n\t<meta property=\"og:image:height\" content=\"1920\" \/>\n<meta name=\"twitter:card\" content=\"summary_large_image\" \/>\n<meta name=\"twitter:label1\" content=\"Est. reading time\" \/>\n\t<meta name=\"twitter:data1\" content=\"3 minutes\" \/>\n<script type=\"application\/ld+json\" class=\"yoast-schema-graph\">{\"@context\":\"https:\/\/schema.org\",\"@graph\":[{\"@type\":\"WebSite\",\"@id\":\"https:\/\/machineriesbst.com\/en\/#website\",\"url\":\"https:\/\/machineriesbst.com\/en\/\",\"name\":\"Machineries BST\",\"description\":\"Machines neuves &amp; usag\\u00e9es\",\"potentialAction\":[{\"@type\":\"SearchAction\",\"target\":{\"@type\":\"EntryPoint\",\"urlTemplate\":\"https:\/\/machineriesbst.com\/en\/?s={search_term_string}\"},\"query-input\":\"required name=search_term_string\"}],\"inLanguage\":\"en-US\"},{\"@type\":\"ImageObject\",\"@id\":\"https:\/\/machineriesbst.com\/en\/catalogue\/sableuse-quickwood-modele-pro-1400\/#primaryimage\",\"inLanguage\":\"en-US\",\"url\":\"https:\/\/machineriesbst.com\/wp-content\/uploads\/2021\/05\/IMG_0547-scaled.jpg\",\"contentUrl\":\"https:\/\/machineriesbst.com\/wp-content\/uploads\/2021\/05\/IMG_0547-scaled.jpg\",\"width\":2560,\"height\":1920},{\"@type\":\"WebPage\",\"@id\":\"https:\/\/machineriesbst.com\/en\/catalogue\/sableuse-quickwood-modele-pro-1400\/#webpage\",\"url\":\"https:\/\/machineriesbst.com\/en\/catalogue\/sableuse-quickwood-modele-pro-1400\/\",\"name\":\"Sableuse Quickwood Mod\\u00e8le Pro-1400 - Machineries BST\",\"isPartOf\":{\"@id\":\"https:\/\/machineriesbst.com\/en\/#website\"},\"primaryImageOfPage\":{\"@id\":\"https:\/\/machineriesbst.com\/en\/catalogue\/sableuse-quickwood-modele-pro-1400\/#primaryimage\"},\"datePublished\":\"2021-06-08T13:53:38+00:00\",\"dateModified\":\"2023-12-01T01:22:54+00:00\",\"breadcrumb\":{\"@id\":\"https:\/\/machineriesbst.com\/en\/catalogue\/sableuse-quickwood-modele-pro-1400\/#breadcrumb\"},\"inLanguage\":\"en-US\",\"potentialAction\":[{\"@type\":\"ReadAction\",\"target\":[\"https:\/\/machineriesbst.com\/en\/catalogue\/sableuse-quickwood-modele-pro-1400\/\"]}]},{\"@type\":\"BreadcrumbList\",\"@id\":\"https:\/\/machineriesbst.com\/en\/catalogue\/sableuse-quickwood-modele-pro-1400\/#breadcrumb\",\"itemListElement\":[{\"@type\":\"ListItem\",\"position\":1,\"name\":\"Accueil\",\"item\":\"https:\/\/machineriesbst.com\/en\/\"},{\"@type\":\"ListItem\",\"position\":2,\"name\":\"Catalogue\",\"item\":\"https:\/\/machineriesbst.com\/en\/catalog\/\"},{\"@type\":\"ListItem\",\"position\":3,\"name\":\"Sableuse Quickwood Mod\\u00e8le Pro-1400\"}]}]}<\/script>\n<!-- \/ Yoast SEO plugin. -->","yoast_head_json":{"title":"Sableuse Quickwood Mod\u00e8le Pro-1400 - Machineries BST","robots":{"index":"index","follow":"follow","max-snippet":"max-snippet:-1","max-image-preview":"max-image-preview:large","max-video-preview":"max-video-preview:-1"},"canonical":"https:\/\/machineriesbst.com\/en\/catalogue\/sableuse-quickwood-modele-pro-1400\/","og_locale":"en_US","og_type":"article","og_title":"Sableuse Quickwood Mod\u00e8le Pro-1400 - Machineries BST","og_description":"Cette machine est actuellement sous tension \u00e0 Montr\u00e9al. Ponceuse \/ Ponceuse Quickwood Pro 1400 : co\u00fbt de remplacement de 125 000 $ Caract\u00e9ristiques Inclut l\u2019outillage \u00e0 changement rapide, les t\u00eates r\u00e9versibles, les pompes doubles, les mises \u00e0 niveau de panneau et les Flexihead. Description: T\u00eate de brossage \/ chargement 8 avec 55 max. largeur, (1) [&hellip;]","og_url":"https:\/\/machineriesbst.com\/en\/catalogue\/sableuse-quickwood-modele-pro-1400\/","og_site_name":"Machineries BST","article_modified_time":"2023-12-01T01:22:54+00:00","og_image":[{"width":2560,"height":1920,"url":"https:\/\/machineriesbst.com\/wp-content\/uploads\/2021\/05\/IMG_0547-scaled.jpg","path":"\/home\/jepeto\/public_html\/wp-content\/uploads\/2021\/05\/IMG_0547-scaled.jpg","size":"full","id":53465,"alt":"","pixels":4915200,"type":"image\/jpeg"}],"twitter_card":"summary_large_image","twitter_misc":{"Est. reading time":"3 minutes"},"schema":{"@context":"https:\/\/schema.org","@graph":[{"@type":"WebSite","@id":"https:\/\/machineriesbst.com\/en\/#website","url":"https:\/\/machineriesbst.com\/en\/","name":"Machineries BST","description":"Machines neuves &amp; usag\u00e9es","potentialAction":[{"@type":"SearchAction","target":{"@type":"EntryPoint","urlTemplate":"https:\/\/machineriesbst.com\/en\/?s={search_term_string}"},"query-input":"required name=search_term_string"}],"inLanguage":"en-US"},{"@type":"ImageObject","@id":"https:\/\/machineriesbst.com\/en\/catalogue\/sableuse-quickwood-modele-pro-1400\/#primaryimage","inLanguage":"en-US","url":"https:\/\/machineriesbst.com\/wp-content\/uploads\/2021\/05\/IMG_0547-scaled.jpg","contentUrl":"https:\/\/machineriesbst.com\/wp-content\/uploads\/2021\/05\/IMG_0547-scaled.jpg","width":2560,"height":1920},{"@type":"WebPage","@id":"https:\/\/machineriesbst.com\/en\/catalogue\/sableuse-quickwood-modele-pro-1400\/#webpage","url":"https:\/\/machineriesbst.com\/en\/catalogue\/sableuse-quickwood-modele-pro-1400\/","name":"Sableuse Quickwood Mod\u00e8le Pro-1400 - Machineries BST","isPartOf":{"@id":"https:\/\/machineriesbst.com\/en\/#website"},"primaryImageOfPage":{"@id":"https:\/\/machineriesbst.com\/en\/catalogue\/sableuse-quickwood-modele-pro-1400\/#primaryimage"},"datePublished":"2021-06-08T13:53:38+00:00","dateModified":"2023-12-01T01:22:54+00:00","breadcrumb":{"@id":"https:\/\/machineriesbst.com\/en\/catalogue\/sableuse-quickwood-modele-pro-1400\/#breadcrumb"},"inLanguage":"en-US","potentialAction":[{"@type":"ReadAction","target":["https:\/\/machineriesbst.com\/en\/catalogue\/sableuse-quickwood-modele-pro-1400\/"]}]},{"@type":"BreadcrumbList","@id":"https:\/\/machineriesbst.com\/en\/catalogue\/sableuse-quickwood-modele-pro-1400\/#breadcrumb","itemListElement":[{"@type":"ListItem","position":1,"name":"Accueil","item":"https:\/\/machineriesbst.com\/en\/"},{"@type":"ListItem","position":2,"name":"Catalogue","item":"https:\/\/machineriesbst.com\/en\/catalog\/"},{"@type":"ListItem","position":3,"name":"Sableuse Quickwood Mod\u00e8le Pro-1400"}]}]}},"_links":{"self":[{"href":"https:\/\/machineriesbst.com\/en\/wp-json\/wp\/v2\/product\/58467"}],"collection":[{"href":"https:\/\/machineriesbst.com\/en\/wp-json\/wp\/v2\/product"}],"about":[{"href":"https:\/\/machineriesbst.com\/en\/wp-json\/wp\/v2\/types\/product"}],"author":[{"embeddable":true,"href":"https:\/\/machineriesbst.com\/en\/wp-json\/wp\/v2\/users\/3"}],"replies":[{"embeddable":true,"href":"https:\/\/machineriesbst.com\/en\/wp-json\/wp\/v2\/comments?post=58467"}],"wp:featuredmedia":[{"embeddable":true,"href":"https:\/\/machineriesbst.com\/en\/wp-json\/wp\/v2\/media\/53465"}],"wp:attachment":[{"href":"https:\/\/machineriesbst.com\/en\/wp-json\/wp\/v2\/media?parent=58467"}],"wp:term":[{"taxonomy":"product_cat","embeddable":true,"href":"https:\/\/machineriesbst.com\/en\/wp-json\/wp\/v2\/product_cat?post=58467"},{"taxonomy":"product_tag","embeddable":true,"href":"https:\/\/machineriesbst.com\/en\/wp-json\/wp\/v2\/product_tag?post=58467"}],"curies":[{"name":"wp","href":"https:\/\/api.w.org\/{rel}","templated":true}]}}