{"id":58461,"date":"2021-06-08T09:53:16","date_gmt":"2021-06-08T13:53:16","guid":{"rendered":"https:\/\/machineriesbst.com\/?post_type=product&#038;p=58461"},"modified":"2023-11-30T20:22:55","modified_gmt":"2023-12-01T01:22:55","slug":"weima-broyeur-avec-convoyeur-vibrant","status":"publish","type":"product","link":"https:\/\/machineriesbst.com\/en\/catalogue\/weima-broyeur-avec-convoyeur-vibrant\/","title":{"rendered":"Weima Shredder with vibrating conveyor"},"content":{"rendered":"<pre id=\"tw-target-text\" class=\"tw-data-text tw-ta tw-text-small\" dir=\"ltr\" data-placeholder=\"Translation\" data-fulltext=\"\"><span lang=\"fr\" tabindex=\"0\">Large waste wood chipper ideal for edging, cutouts and small blocks. Working dimensions: 24 &quot;x 6&quot; Rotor: 14 &quot;in diameter with interchangeable insert style knives. 40 HP motor 12 &#39;vibrating conveyor<\/span><\/pre>","protected":false},"excerpt":{"rendered":"<p>Large scrap wood chipper ideal for edging, cutting and small blocks. Working dimensions: 24&quot; x 6&quot; Rotor: 14&quot; diameter with interchangeable insert style cutters. 40 HP motor 12&#39; vibrating conveyor<\/p>","protected":false},"author":3,"featured_media":53432,"comment_status":"open","ping_status":"closed","template":"","meta":[],"product_cat":[229,3016],"product_tag":[],"acf":[],"yoast_head":"<!-- This site is optimized with the Yoast SEO plugin v16.8 - https:\/\/yoast.com\/wordpress\/plugins\/seo\/ -->\n<title>Weima Broyeur avec convoyeur vibrant - Machineries BST<\/title>\n<meta name=\"robots\" content=\"index, follow, max-snippet:-1, max-image-preview:large, max-video-preview:-1\" \/>\n<link rel=\"canonical\" href=\"https:\/\/machineriesbst.com\/en\/catalogue\/weima-broyeur-avec-convoyeur-vibrant\/\" \/>\n<meta property=\"og:locale\" content=\"en_US\" \/>\n<meta property=\"og:type\" content=\"article\" \/>\n<meta property=\"og:title\" content=\"Weima Broyeur avec convoyeur vibrant - Machineries BST\" \/>\n<meta property=\"og:description\" content=\"Grand broyeur de d\u00e9chets de bois id\u00e9al pour les bordures, les d\u00e9coupes et les petits blocs. Dimensions de travail: 24 &quot;x 6&quot; Rotor: 14 &quot;de diam\u00e8tre avec des couteaux interchangeables de style insert. Moteur 40 HP Convoyeur vibrant de 12&#039;\" \/>\n<meta property=\"og:url\" content=\"https:\/\/machineriesbst.com\/en\/catalogue\/weima-broyeur-avec-convoyeur-vibrant\/\" \/>\n<meta property=\"og:site_name\" content=\"Machineries BST\" \/>\n<meta property=\"article:modified_time\" content=\"2023-12-01T01:22:55+00:00\" \/>\n<meta property=\"og:image\" content=\"https:\/\/machineriesbst.com\/wp-content\/uploads\/2021\/05\/WEIMA-WLH600-WOOD-WASTE-GRINDER-02.jpg\" \/>\n\t<meta property=\"og:image:width\" content=\"800\" \/>\n\t<meta property=\"og:image:height\" content=\"600\" \/>\n<meta name=\"twitter:card\" content=\"summary_large_image\" \/>\n<script type=\"application\/ld+json\" class=\"yoast-schema-graph\">{\"@context\":\"https:\/\/schema.org\",\"@graph\":[{\"@type\":\"WebSite\",\"@id\":\"https:\/\/machineriesbst.com\/en\/#website\",\"url\":\"https:\/\/machineriesbst.com\/en\/\",\"name\":\"Machineries BST\",\"description\":\"Machines neuves &amp; usag\\u00e9es\",\"potentialAction\":[{\"@type\":\"SearchAction\",\"target\":{\"@type\":\"EntryPoint\",\"urlTemplate\":\"https:\/\/machineriesbst.com\/en\/?s={search_term_string}\"},\"query-input\":\"required name=search_term_string\"}],\"inLanguage\":\"en-US\"},{\"@type\":\"ImageObject\",\"@id\":\"https:\/\/machineriesbst.com\/en\/catalogue\/weima-broyeur-avec-convoyeur-vibrant\/#primaryimage\",\"inLanguage\":\"en-US\",\"url\":\"https:\/\/machineriesbst.com\/wp-content\/uploads\/2021\/05\/WEIMA-WLH600-WOOD-WASTE-GRINDER-02.jpg\",\"contentUrl\":\"https:\/\/machineriesbst.com\/wp-content\/uploads\/2021\/05\/WEIMA-WLH600-WOOD-WASTE-GRINDER-02.jpg\",\"width\":800,\"height\":600},{\"@type\":\"WebPage\",\"@id\":\"https:\/\/machineriesbst.com\/en\/catalogue\/weima-broyeur-avec-convoyeur-vibrant\/#webpage\",\"url\":\"https:\/\/machineriesbst.com\/en\/catalogue\/weima-broyeur-avec-convoyeur-vibrant\/\",\"name\":\"Weima Broyeur avec convoyeur vibrant - Machineries BST\",\"isPartOf\":{\"@id\":\"https:\/\/machineriesbst.com\/en\/#website\"},\"primaryImageOfPage\":{\"@id\":\"https:\/\/machineriesbst.com\/en\/catalogue\/weima-broyeur-avec-convoyeur-vibrant\/#primaryimage\"},\"datePublished\":\"2021-06-08T13:53:16+00:00\",\"dateModified\":\"2023-12-01T01:22:55+00:00\",\"breadcrumb\":{\"@id\":\"https:\/\/machineriesbst.com\/en\/catalogue\/weima-broyeur-avec-convoyeur-vibrant\/#breadcrumb\"},\"inLanguage\":\"en-US\",\"potentialAction\":[{\"@type\":\"ReadAction\",\"target\":[\"https:\/\/machineriesbst.com\/en\/catalogue\/weima-broyeur-avec-convoyeur-vibrant\/\"]}]},{\"@type\":\"BreadcrumbList\",\"@id\":\"https:\/\/machineriesbst.com\/en\/catalogue\/weima-broyeur-avec-convoyeur-vibrant\/#breadcrumb\",\"itemListElement\":[{\"@type\":\"ListItem\",\"position\":1,\"name\":\"Accueil\",\"item\":\"https:\/\/machineriesbst.com\/en\/\"},{\"@type\":\"ListItem\",\"position\":2,\"name\":\"Catalogue\",\"item\":\"https:\/\/machineriesbst.com\/en\/catalog\/\"},{\"@type\":\"ListItem\",\"position\":3,\"name\":\"Weima Broyeur avec convoyeur vibrant\"}]}]}<\/script>\n<!-- \/ Yoast SEO plugin. -->","yoast_head_json":{"title":"Weima Broyeur avec convoyeur vibrant - Machineries BST","robots":{"index":"index","follow":"follow","max-snippet":"max-snippet:-1","max-image-preview":"max-image-preview:large","max-video-preview":"max-video-preview:-1"},"canonical":"https:\/\/machineriesbst.com\/en\/catalogue\/weima-broyeur-avec-convoyeur-vibrant\/","og_locale":"en_US","og_type":"article","og_title":"Weima Broyeur avec convoyeur vibrant - Machineries BST","og_description":"Grand broyeur de d\u00e9chets de bois id\u00e9al pour les bordures, les d\u00e9coupes et les petits blocs. Dimensions de travail: 24 \"x 6\" Rotor: 14 \"de diam\u00e8tre avec des couteaux interchangeables de style insert. Moteur 40 HP Convoyeur vibrant de 12'","og_url":"https:\/\/machineriesbst.com\/en\/catalogue\/weima-broyeur-avec-convoyeur-vibrant\/","og_site_name":"Machineries BST","article_modified_time":"2023-12-01T01:22:55+00:00","og_image":[{"width":800,"height":600,"url":"https:\/\/machineriesbst.com\/wp-content\/uploads\/2021\/05\/WEIMA-WLH600-WOOD-WASTE-GRINDER-02.jpg","path":"\/home\/jepeto\/public_html\/wp-content\/uploads\/2021\/05\/WEIMA-WLH600-WOOD-WASTE-GRINDER-02.jpg","size":"full","id":53432,"alt":"","pixels":480000,"type":"image\/jpeg"}],"twitter_card":"summary_large_image","schema":{"@context":"https:\/\/schema.org","@graph":[{"@type":"WebSite","@id":"https:\/\/machineriesbst.com\/en\/#website","url":"https:\/\/machineriesbst.com\/en\/","name":"Machineries BST","description":"Machines neuves &amp; usag\u00e9es","potentialAction":[{"@type":"SearchAction","target":{"@type":"EntryPoint","urlTemplate":"https:\/\/machineriesbst.com\/en\/?s={search_term_string}"},"query-input":"required name=search_term_string"}],"inLanguage":"en-US"},{"@type":"ImageObject","@id":"https:\/\/machineriesbst.com\/en\/catalogue\/weima-broyeur-avec-convoyeur-vibrant\/#primaryimage","inLanguage":"en-US","url":"https:\/\/machineriesbst.com\/wp-content\/uploads\/2021\/05\/WEIMA-WLH600-WOOD-WASTE-GRINDER-02.jpg","contentUrl":"https:\/\/machineriesbst.com\/wp-content\/uploads\/2021\/05\/WEIMA-WLH600-WOOD-WASTE-GRINDER-02.jpg","width":800,"height":600},{"@type":"WebPage","@id":"https:\/\/machineriesbst.com\/en\/catalogue\/weima-broyeur-avec-convoyeur-vibrant\/#webpage","url":"https:\/\/machineriesbst.com\/en\/catalogue\/weima-broyeur-avec-convoyeur-vibrant\/","name":"Weima Broyeur avec convoyeur vibrant - Machineries BST","isPartOf":{"@id":"https:\/\/machineriesbst.com\/en\/#website"},"primaryImageOfPage":{"@id":"https:\/\/machineriesbst.com\/en\/catalogue\/weima-broyeur-avec-convoyeur-vibrant\/#primaryimage"},"datePublished":"2021-06-08T13:53:16+00:00","dateModified":"2023-12-01T01:22:55+00:00","breadcrumb":{"@id":"https:\/\/machineriesbst.com\/en\/catalogue\/weima-broyeur-avec-convoyeur-vibrant\/#breadcrumb"},"inLanguage":"en-US","potentialAction":[{"@type":"ReadAction","target":["https:\/\/machineriesbst.com\/en\/catalogue\/weima-broyeur-avec-convoyeur-vibrant\/"]}]},{"@type":"BreadcrumbList","@id":"https:\/\/machineriesbst.com\/en\/catalogue\/weima-broyeur-avec-convoyeur-vibrant\/#breadcrumb","itemListElement":[{"@type":"ListItem","position":1,"name":"Accueil","item":"https:\/\/machineriesbst.com\/en\/"},{"@type":"ListItem","position":2,"name":"Catalogue","item":"https:\/\/machineriesbst.com\/en\/catalog\/"},{"@type":"ListItem","position":3,"name":"Weima Broyeur avec convoyeur vibrant"}]}]}},"_links":{"self":[{"href":"https:\/\/machineriesbst.com\/en\/wp-json\/wp\/v2\/product\/58461"}],"collection":[{"href":"https:\/\/machineriesbst.com\/en\/wp-json\/wp\/v2\/product"}],"about":[{"href":"https:\/\/machineriesbst.com\/en\/wp-json\/wp\/v2\/types\/product"}],"author":[{"embeddable":true,"href":"https:\/\/machineriesbst.com\/en\/wp-json\/wp\/v2\/users\/3"}],"replies":[{"embeddable":true,"href":"https:\/\/machineriesbst.com\/en\/wp-json\/wp\/v2\/comments?post=58461"}],"wp:featuredmedia":[{"embeddable":true,"href":"https:\/\/machineriesbst.com\/en\/wp-json\/wp\/v2\/media\/53432"}],"wp:attachment":[{"href":"https:\/\/machineriesbst.com\/en\/wp-json\/wp\/v2\/media?parent=58461"}],"wp:term":[{"taxonomy":"product_cat","embeddable":true,"href":"https:\/\/machineriesbst.com\/en\/wp-json\/wp\/v2\/product_cat?post=58461"},{"taxonomy":"product_tag","embeddable":true,"href":"https:\/\/machineriesbst.com\/en\/wp-json\/wp\/v2\/product_tag?post=58461"}],"curies":[{"name":"wp","href":"https:\/\/api.w.org\/{rel}","templated":true}]}}