{"id":58454,"date":"2021-06-08T09:53:14","date_gmt":"2021-06-08T13:53:14","guid":{"rendered":"https:\/\/machineriesbst.com\/?post_type=product&#038;p=58454"},"modified":"2023-11-30T20:22:55","modified_gmt":"2023-12-01T01:22:55","slug":"viet-s3-443-tm-sableuse-a-bande-large-et-a-tambour","status":"publish","type":"product","link":"https:\/\/machineriesbst.com\/en\/catalogue\/viet-s3-443-tm-sableuse-a-bande-large-et-a-tambour\/","title":{"rendered":"VIET S3 443 TM WIDE BELT DRUM SANDBLASTER"},"content":{"rendered":"<p>The art of sanding is truly on display with this Viet S3 series wide belt sander. The high specialization of the S3 series guarantees machining and results far superior to expectations: the panels are finely calibrated, while the sanding gives the surfaces a perfect touch.<\/p>\n<p>Characteristics<\/p>\n<p>15 &#39;&#39; touchscreen with color display<br \/>\nAnti-recoil device<br \/>\nAbrasive belt blowers - units 2 to 4<br \/>\nCharacteristics<\/p>\n<p>Working width: 1350 mm (53 \u2033)<br \/>\nBelt size: 1380mm x 2620mm (54 &quot;x 103&quot;)<br \/>\nMaterial thickness: 3 mm - 200 mm<br \/>\nFeeding belt speed 3-20 m \/ min<br \/>\n1st unit Steel calibration drum 240 mm \/ 30 KW<br \/>\n2nd unit rubber drum of 320 millimeters of 60 shore \/ 18.5 KW<br \/>\n3rd unit 320mm \/ 15KW 40 shore rubber drum<br \/>\n4th unit Super finished pneumatic buffer \/ 11 KW inverter<br \/>\nThe machine includes a 4 lumen inspection system.<\/p>\n<p>Scope of delivery: 122 (length) x 88 (width) x 89.5 (height)<br \/>\nWeight: 14,000 lbs<br \/>\nRigger: not required<\/p>","protected":false},"excerpt":{"rendered":"<p>The art of sanding is truly on display with this Viet S3 series wide belt sander. The high specialization of the S3 series guarantees machining and results far superior to expectations: the panels are finely calibrated, while the sanding gives the surfaces a perfect touch. Features 15 \u201dtouch screen [\u2026]<\/p>","protected":false},"author":3,"featured_media":53407,"comment_status":"open","ping_status":"closed","template":"","meta":[],"product_cat":[3055],"product_tag":[],"acf":[],"yoast_head":"<!-- This site is optimized with the Yoast SEO plugin v16.8 - https:\/\/yoast.com\/wordpress\/plugins\/seo\/ -->\n<title>VIET S3 443 TM SABLEUSE \u00c0 BANDE LARGE ET \u00c0 TAMBOUR - Machineries BST<\/title>\n<meta name=\"robots\" content=\"index, follow, max-snippet:-1, max-image-preview:large, max-video-preview:-1\" \/>\n<link rel=\"canonical\" href=\"https:\/\/machineriesbst.com\/en\/catalogue\/viet-s3-443-tm-sableuse-a-bande-large-et-a-tambour\/\" \/>\n<meta property=\"og:locale\" content=\"en_US\" \/>\n<meta property=\"og:type\" content=\"article\" \/>\n<meta property=\"og:title\" content=\"VIET S3 443 TM SABLEUSE \u00c0 BANDE LARGE ET \u00c0 TAMBOUR - Machineries BST\" \/>\n<meta property=\"og:description\" content=\"L&#039;art du pon\u00e7age est vraiment expos\u00e9 avec cette ponceuse \u00e0 bande large de la s\u00e9rie Viet S3. La haute sp\u00e9cialisation de la s\u00e9rie S3 garantit des usinages et des r\u00e9sultats bien sup\u00e9rieurs aux attentes: les panneaux sont finement calibr\u00e9s, tandis que le pon\u00e7age donne aux surfaces un toucher parfait. Caract\u00e9ristiques \u00c9cran tactile de 15 po [&hellip;]\" \/>\n<meta property=\"og:url\" content=\"https:\/\/machineriesbst.com\/en\/catalogue\/viet-s3-443-tm-sableuse-a-bande-large-et-a-tambour\/\" \/>\n<meta property=\"og:site_name\" content=\"Machineries BST\" \/>\n<meta property=\"article:modified_time\" content=\"2023-12-01T01:22:55+00:00\" \/>\n<meta property=\"og:image\" content=\"https:\/\/machineriesbst.com\/wp-content\/uploads\/2021\/05\/Viet-S3-443-TM-Wide-Belt-and-Drum-Sander_01.jpg\" \/>\n\t<meta property=\"og:image:width\" content=\"276\" \/>\n\t<meta property=\"og:image:height\" content=\"276\" \/>\n<meta name=\"twitter:card\" content=\"summary_large_image\" \/>\n<meta name=\"twitter:label1\" content=\"Est. reading time\" \/>\n\t<meta name=\"twitter:data1\" content=\"1 minute\" \/>\n<script type=\"application\/ld+json\" class=\"yoast-schema-graph\">{\"@context\":\"https:\/\/schema.org\",\"@graph\":[{\"@type\":\"WebSite\",\"@id\":\"https:\/\/machineriesbst.com\/en\/#website\",\"url\":\"https:\/\/machineriesbst.com\/en\/\",\"name\":\"Machineries BST\",\"description\":\"Machines neuves &amp; usag\\u00e9es\",\"potentialAction\":[{\"@type\":\"SearchAction\",\"target\":{\"@type\":\"EntryPoint\",\"urlTemplate\":\"https:\/\/machineriesbst.com\/en\/?s={search_term_string}\"},\"query-input\":\"required name=search_term_string\"}],\"inLanguage\":\"en-US\"},{\"@type\":\"ImageObject\",\"@id\":\"https:\/\/machineriesbst.com\/en\/catalogue\/viet-s3-443-tm-sableuse-a-bande-large-et-a-tambour\/#primaryimage\",\"inLanguage\":\"en-US\",\"url\":\"https:\/\/machineriesbst.com\/wp-content\/uploads\/2021\/05\/Viet-S3-443-TM-Wide-Belt-and-Drum-Sander_01.jpg\",\"contentUrl\":\"https:\/\/machineriesbst.com\/wp-content\/uploads\/2021\/05\/Viet-S3-443-TM-Wide-Belt-and-Drum-Sander_01.jpg\",\"width\":276,\"height\":276},{\"@type\":\"WebPage\",\"@id\":\"https:\/\/machineriesbst.com\/en\/catalogue\/viet-s3-443-tm-sableuse-a-bande-large-et-a-tambour\/#webpage\",\"url\":\"https:\/\/machineriesbst.com\/en\/catalogue\/viet-s3-443-tm-sableuse-a-bande-large-et-a-tambour\/\",\"name\":\"VIET S3 443 TM SABLEUSE \\u00c0 BANDE LARGE ET \\u00c0 TAMBOUR - Machineries BST\",\"isPartOf\":{\"@id\":\"https:\/\/machineriesbst.com\/en\/#website\"},\"primaryImageOfPage\":{\"@id\":\"https:\/\/machineriesbst.com\/en\/catalogue\/viet-s3-443-tm-sableuse-a-bande-large-et-a-tambour\/#primaryimage\"},\"datePublished\":\"2021-06-08T13:53:14+00:00\",\"dateModified\":\"2023-12-01T01:22:55+00:00\",\"breadcrumb\":{\"@id\":\"https:\/\/machineriesbst.com\/en\/catalogue\/viet-s3-443-tm-sableuse-a-bande-large-et-a-tambour\/#breadcrumb\"},\"inLanguage\":\"en-US\",\"potentialAction\":[{\"@type\":\"ReadAction\",\"target\":[\"https:\/\/machineriesbst.com\/en\/catalogue\/viet-s3-443-tm-sableuse-a-bande-large-et-a-tambour\/\"]}]},{\"@type\":\"BreadcrumbList\",\"@id\":\"https:\/\/machineriesbst.com\/en\/catalogue\/viet-s3-443-tm-sableuse-a-bande-large-et-a-tambour\/#breadcrumb\",\"itemListElement\":[{\"@type\":\"ListItem\",\"position\":1,\"name\":\"Accueil\",\"item\":\"https:\/\/machineriesbst.com\/en\/\"},{\"@type\":\"ListItem\",\"position\":2,\"name\":\"Catalogue\",\"item\":\"https:\/\/machineriesbst.com\/en\/catalog\/\"},{\"@type\":\"ListItem\",\"position\":3,\"name\":\"VIET S3 443 TM SABLEUSE \\u00c0 BANDE LARGE ET \\u00c0 TAMBOUR\"}]}]}<\/script>\n<!-- \/ Yoast SEO plugin. -->","yoast_head_json":{"title":"VIET S3 443 TM SABLEUSE \u00c0 BANDE LARGE ET \u00c0 TAMBOUR - Machineries BST","robots":{"index":"index","follow":"follow","max-snippet":"max-snippet:-1","max-image-preview":"max-image-preview:large","max-video-preview":"max-video-preview:-1"},"canonical":"https:\/\/machineriesbst.com\/en\/catalogue\/viet-s3-443-tm-sableuse-a-bande-large-et-a-tambour\/","og_locale":"en_US","og_type":"article","og_title":"VIET S3 443 TM SABLEUSE \u00c0 BANDE LARGE ET \u00c0 TAMBOUR - Machineries BST","og_description":"L'art du pon\u00e7age est vraiment expos\u00e9 avec cette ponceuse \u00e0 bande large de la s\u00e9rie Viet S3. La haute sp\u00e9cialisation de la s\u00e9rie S3 garantit des usinages et des r\u00e9sultats bien sup\u00e9rieurs aux attentes: les panneaux sont finement calibr\u00e9s, tandis que le pon\u00e7age donne aux surfaces un toucher parfait. Caract\u00e9ristiques \u00c9cran tactile de 15 po [&hellip;]","og_url":"https:\/\/machineriesbst.com\/en\/catalogue\/viet-s3-443-tm-sableuse-a-bande-large-et-a-tambour\/","og_site_name":"Machineries BST","article_modified_time":"2023-12-01T01:22:55+00:00","og_image":[{"width":276,"height":276,"url":"https:\/\/machineriesbst.com\/wp-content\/uploads\/2021\/05\/Viet-S3-443-TM-Wide-Belt-and-Drum-Sander_01.jpg","path":"\/home\/jepeto\/public_html\/wp-content\/uploads\/2021\/05\/Viet-S3-443-TM-Wide-Belt-and-Drum-Sander_01.jpg","size":"full","id":53407,"alt":"","pixels":76176,"type":"image\/jpeg"}],"twitter_card":"summary_large_image","twitter_misc":{"Est. reading time":"1 minute"},"schema":{"@context":"https:\/\/schema.org","@graph":[{"@type":"WebSite","@id":"https:\/\/machineriesbst.com\/en\/#website","url":"https:\/\/machineriesbst.com\/en\/","name":"Machineries BST","description":"Machines neuves &amp; usag\u00e9es","potentialAction":[{"@type":"SearchAction","target":{"@type":"EntryPoint","urlTemplate":"https:\/\/machineriesbst.com\/en\/?s={search_term_string}"},"query-input":"required name=search_term_string"}],"inLanguage":"en-US"},{"@type":"ImageObject","@id":"https:\/\/machineriesbst.com\/en\/catalogue\/viet-s3-443-tm-sableuse-a-bande-large-et-a-tambour\/#primaryimage","inLanguage":"en-US","url":"https:\/\/machineriesbst.com\/wp-content\/uploads\/2021\/05\/Viet-S3-443-TM-Wide-Belt-and-Drum-Sander_01.jpg","contentUrl":"https:\/\/machineriesbst.com\/wp-content\/uploads\/2021\/05\/Viet-S3-443-TM-Wide-Belt-and-Drum-Sander_01.jpg","width":276,"height":276},{"@type":"WebPage","@id":"https:\/\/machineriesbst.com\/en\/catalogue\/viet-s3-443-tm-sableuse-a-bande-large-et-a-tambour\/#webpage","url":"https:\/\/machineriesbst.com\/en\/catalogue\/viet-s3-443-tm-sableuse-a-bande-large-et-a-tambour\/","name":"VIET S3 443 TM SABLEUSE \u00c0 BANDE LARGE ET \u00c0 TAMBOUR - Machineries BST","isPartOf":{"@id":"https:\/\/machineriesbst.com\/en\/#website"},"primaryImageOfPage":{"@id":"https:\/\/machineriesbst.com\/en\/catalogue\/viet-s3-443-tm-sableuse-a-bande-large-et-a-tambour\/#primaryimage"},"datePublished":"2021-06-08T13:53:14+00:00","dateModified":"2023-12-01T01:22:55+00:00","breadcrumb":{"@id":"https:\/\/machineriesbst.com\/en\/catalogue\/viet-s3-443-tm-sableuse-a-bande-large-et-a-tambour\/#breadcrumb"},"inLanguage":"en-US","potentialAction":[{"@type":"ReadAction","target":["https:\/\/machineriesbst.com\/en\/catalogue\/viet-s3-443-tm-sableuse-a-bande-large-et-a-tambour\/"]}]},{"@type":"BreadcrumbList","@id":"https:\/\/machineriesbst.com\/en\/catalogue\/viet-s3-443-tm-sableuse-a-bande-large-et-a-tambour\/#breadcrumb","itemListElement":[{"@type":"ListItem","position":1,"name":"Accueil","item":"https:\/\/machineriesbst.com\/en\/"},{"@type":"ListItem","position":2,"name":"Catalogue","item":"https:\/\/machineriesbst.com\/en\/catalog\/"},{"@type":"ListItem","position":3,"name":"VIET S3 443 TM SABLEUSE \u00c0 BANDE LARGE ET \u00c0 TAMBOUR"}]}]}},"_links":{"self":[{"href":"https:\/\/machineriesbst.com\/en\/wp-json\/wp\/v2\/product\/58454"}],"collection":[{"href":"https:\/\/machineriesbst.com\/en\/wp-json\/wp\/v2\/product"}],"about":[{"href":"https:\/\/machineriesbst.com\/en\/wp-json\/wp\/v2\/types\/product"}],"author":[{"embeddable":true,"href":"https:\/\/machineriesbst.com\/en\/wp-json\/wp\/v2\/users\/3"}],"replies":[{"embeddable":true,"href":"https:\/\/machineriesbst.com\/en\/wp-json\/wp\/v2\/comments?post=58454"}],"wp:featuredmedia":[{"embeddable":true,"href":"https:\/\/machineriesbst.com\/en\/wp-json\/wp\/v2\/media\/53407"}],"wp:attachment":[{"href":"https:\/\/machineriesbst.com\/en\/wp-json\/wp\/v2\/media?parent=58454"}],"wp:term":[{"taxonomy":"product_cat","embeddable":true,"href":"https:\/\/machineriesbst.com\/en\/wp-json\/wp\/v2\/product_cat?post=58454"},{"taxonomy":"product_tag","embeddable":true,"href":"https:\/\/machineriesbst.com\/en\/wp-json\/wp\/v2\/product_tag?post=58454"}],"curies":[{"name":"wp","href":"https:\/\/api.w.org\/{rel}","templated":true}]}}