{"id":58447,"date":"2021-06-08T09:53:13","date_gmt":"2021-06-08T13:53:13","guid":{"rendered":"https:\/\/machineriesbst.com\/?post_type=product&#038;p=58447"},"modified":"2023-11-30T20:22:55","modified_gmt":"2023-12-01T01:22:55","slug":"perceuse-ima-thru-feed-2002-cnc","status":"publish","type":"product","link":"https:\/\/machineriesbst.com\/en\/catalogue\/perceuse-ima-thru-feed-2002-cnc\/","title":{"rendered":"Ima Thru Feed 2002 CNC drilling machine"},"content":{"rendered":"<p>IMA NOTT MEYER LINE BORING MACH. (CNC CONTINUOUS FEEDING)<\/p>\n<p>AUTOMATIC BAR CODE SYSTEM<\/p>\n<p>INFEED CONVEYOR<\/p>\n<p>MACHINE -IMA (CNC OPENING)<br \/>\nHORIZONTAL DRILLING UNITS ON EACH SIDE<br \/>\nTOP BORING VERTICAL UNITS<\/p>\n<p>IMA MACHINE (CNC OPENING)<br \/>\nVERTICAL LOWER DRILLING UNITS<br \/>\nTOP BORING UNITS VERTICAL<\/p>\n<p>CLEANING UNIT.<\/p>\n<p>Max length 2300 mm<\/p>\n<p>Length min 300 mm<\/p>\n<p>Width max. 870 mm<\/p>\n<p>Width min. 120 mm<\/p>\n<p>Thickness max 42 mm<\/p>\n<p>Thickness min. 16 mm<\/p>","protected":false},"excerpt":{"rendered":"<p>IMA NOTT MEYER LINE BORING MACH. (CNC CONTINUOUS FEEDING) AUTOMATIC BARCODE SYSTEM INFEED MACHINE -IMA CONVEYOR (CNC OPENING) HORIZONTAL DRILLING UNITS ON EACH SIDE VERTICAL UNITS TOP BORING MACHINE IMA (CNC OPENING) DRILLING UNITS VERTICAL BITAGEING UNITS . Length max. 2300 mm Length min [\u2026]<\/p>","protected":false},"author":3,"featured_media":53348,"comment_status":"open","ping_status":"closed","template":"","meta":[],"product_cat":[86],"product_tag":[],"acf":[],"yoast_head":"<!-- This site is optimized with the Yoast SEO plugin v16.8 - https:\/\/yoast.com\/wordpress\/plugins\/seo\/ -->\n<title>Perceuse Ima Thru Feed 2002 CNC - Machineries BST<\/title>\n<meta name=\"robots\" content=\"index, follow, max-snippet:-1, max-image-preview:large, max-video-preview:-1\" \/>\n<link rel=\"canonical\" href=\"https:\/\/machineriesbst.com\/en\/catalogue\/perceuse-ima-thru-feed-2002-cnc\/\" \/>\n<meta property=\"og:locale\" content=\"en_US\" \/>\n<meta property=\"og:type\" content=\"article\" \/>\n<meta property=\"og:title\" content=\"Perceuse Ima Thru Feed 2002 CNC - Machineries BST\" \/>\n<meta property=\"og:description\" content=\"IMA NOTT MEYER LINE BORING MACH. (ALIMENTATION EN CONTINU\u00a0 CNC) SYST\u00c8ME DE CODE \u00c0 BARRES AUTOMATIQUE CONVOYEUR\u00a0 INFEED MACHINE -IMA (OUVERTURE CNC) UNIT\u00c9S DE FORAGE HORIZONTALE DE CHAQUE C\u00d4T\u00c9 UNIT\u00c9S VERTICALES TOP BORING MACHINE IMA (OUVERTURE CNC) UNIT\u00c9S DE FORAGE INFERIEURES VERTICALE TOP BORING UNITS VERTICAL UNIT\u00c9 DE NETTOYAGE . Length max.2300 mm Length min [&hellip;]\" \/>\n<meta property=\"og:url\" content=\"https:\/\/machineriesbst.com\/en\/catalogue\/perceuse-ima-thru-feed-2002-cnc\/\" \/>\n<meta property=\"og:site_name\" content=\"Machineries BST\" \/>\n<meta property=\"article:modified_time\" content=\"2023-12-01T01:22:55+00:00\" \/>\n<meta property=\"og:image\" content=\"https:\/\/machineriesbst.com\/wp-content\/uploads\/2021\/05\/image1_2-1.jpeg\" \/>\n\t<meta property=\"og:image:width\" content=\"640\" \/>\n\t<meta property=\"og:image:height\" content=\"480\" \/>\n<meta name=\"twitter:card\" content=\"summary_large_image\" \/>\n<script type=\"application\/ld+json\" class=\"yoast-schema-graph\">{\"@context\":\"https:\/\/schema.org\",\"@graph\":[{\"@type\":\"WebSite\",\"@id\":\"https:\/\/machineriesbst.com\/en\/#website\",\"url\":\"https:\/\/machineriesbst.com\/en\/\",\"name\":\"Machineries BST\",\"description\":\"Machines neuves &amp; usag\\u00e9es\",\"potentialAction\":[{\"@type\":\"SearchAction\",\"target\":{\"@type\":\"EntryPoint\",\"urlTemplate\":\"https:\/\/machineriesbst.com\/en\/?s={search_term_string}\"},\"query-input\":\"required name=search_term_string\"}],\"inLanguage\":\"en-US\"},{\"@type\":\"ImageObject\",\"@id\":\"https:\/\/machineriesbst.com\/en\/catalogue\/perceuse-ima-thru-feed-2002-cnc\/#primaryimage\",\"inLanguage\":\"en-US\",\"url\":\"https:\/\/machineriesbst.com\/wp-content\/uploads\/2021\/05\/image1_2-1.jpeg\",\"contentUrl\":\"https:\/\/machineriesbst.com\/wp-content\/uploads\/2021\/05\/image1_2-1.jpeg\",\"width\":640,\"height\":480},{\"@type\":\"WebPage\",\"@id\":\"https:\/\/machineriesbst.com\/en\/catalogue\/perceuse-ima-thru-feed-2002-cnc\/#webpage\",\"url\":\"https:\/\/machineriesbst.com\/en\/catalogue\/perceuse-ima-thru-feed-2002-cnc\/\",\"name\":\"Perceuse Ima Thru Feed 2002 CNC - Machineries BST\",\"isPartOf\":{\"@id\":\"https:\/\/machineriesbst.com\/en\/#website\"},\"primaryImageOfPage\":{\"@id\":\"https:\/\/machineriesbst.com\/en\/catalogue\/perceuse-ima-thru-feed-2002-cnc\/#primaryimage\"},\"datePublished\":\"2021-06-08T13:53:13+00:00\",\"dateModified\":\"2023-12-01T01:22:55+00:00\",\"breadcrumb\":{\"@id\":\"https:\/\/machineriesbst.com\/en\/catalogue\/perceuse-ima-thru-feed-2002-cnc\/#breadcrumb\"},\"inLanguage\":\"en-US\",\"potentialAction\":[{\"@type\":\"ReadAction\",\"target\":[\"https:\/\/machineriesbst.com\/en\/catalogue\/perceuse-ima-thru-feed-2002-cnc\/\"]}]},{\"@type\":\"BreadcrumbList\",\"@id\":\"https:\/\/machineriesbst.com\/en\/catalogue\/perceuse-ima-thru-feed-2002-cnc\/#breadcrumb\",\"itemListElement\":[{\"@type\":\"ListItem\",\"position\":1,\"name\":\"Accueil\",\"item\":\"https:\/\/machineriesbst.com\/en\/\"},{\"@type\":\"ListItem\",\"position\":2,\"name\":\"Catalogue\",\"item\":\"https:\/\/machineriesbst.com\/en\/catalog\/\"},{\"@type\":\"ListItem\",\"position\":3,\"name\":\"Perceuse Ima Thru Feed 2002 CNC\"}]}]}<\/script>\n<!-- \/ Yoast SEO plugin. -->","yoast_head_json":{"title":"Perceuse Ima Thru Feed 2002 CNC - Machineries BST","robots":{"index":"index","follow":"follow","max-snippet":"max-snippet:-1","max-image-preview":"max-image-preview:large","max-video-preview":"max-video-preview:-1"},"canonical":"https:\/\/machineriesbst.com\/en\/catalogue\/perceuse-ima-thru-feed-2002-cnc\/","og_locale":"en_US","og_type":"article","og_title":"Perceuse Ima Thru Feed 2002 CNC - Machineries BST","og_description":"IMA NOTT MEYER LINE BORING MACH. (ALIMENTATION EN CONTINU\u00a0 CNC) SYST\u00c8ME DE CODE \u00c0 BARRES AUTOMATIQUE CONVOYEUR\u00a0 INFEED MACHINE -IMA (OUVERTURE CNC) UNIT\u00c9S DE FORAGE HORIZONTALE DE CHAQUE C\u00d4T\u00c9 UNIT\u00c9S VERTICALES TOP BORING MACHINE IMA (OUVERTURE CNC) UNIT\u00c9S DE FORAGE INFERIEURES VERTICALE TOP BORING UNITS VERTICAL UNIT\u00c9 DE NETTOYAGE . Length max.2300 mm Length min [&hellip;]","og_url":"https:\/\/machineriesbst.com\/en\/catalogue\/perceuse-ima-thru-feed-2002-cnc\/","og_site_name":"Machineries BST","article_modified_time":"2023-12-01T01:22:55+00:00","og_image":[{"width":640,"height":480,"url":"https:\/\/machineriesbst.com\/wp-content\/uploads\/2021\/05\/image1_2-1.jpeg","path":"\/home\/jepeto\/public_html\/wp-content\/uploads\/2021\/05\/image1_2-1.jpeg","size":"full","id":53348,"alt":"","pixels":307200,"type":"image\/jpeg"}],"twitter_card":"summary_large_image","schema":{"@context":"https:\/\/schema.org","@graph":[{"@type":"WebSite","@id":"https:\/\/machineriesbst.com\/en\/#website","url":"https:\/\/machineriesbst.com\/en\/","name":"Machineries BST","description":"Machines neuves &amp; usag\u00e9es","potentialAction":[{"@type":"SearchAction","target":{"@type":"EntryPoint","urlTemplate":"https:\/\/machineriesbst.com\/en\/?s={search_term_string}"},"query-input":"required name=search_term_string"}],"inLanguage":"en-US"},{"@type":"ImageObject","@id":"https:\/\/machineriesbst.com\/en\/catalogue\/perceuse-ima-thru-feed-2002-cnc\/#primaryimage","inLanguage":"en-US","url":"https:\/\/machineriesbst.com\/wp-content\/uploads\/2021\/05\/image1_2-1.jpeg","contentUrl":"https:\/\/machineriesbst.com\/wp-content\/uploads\/2021\/05\/image1_2-1.jpeg","width":640,"height":480},{"@type":"WebPage","@id":"https:\/\/machineriesbst.com\/en\/catalogue\/perceuse-ima-thru-feed-2002-cnc\/#webpage","url":"https:\/\/machineriesbst.com\/en\/catalogue\/perceuse-ima-thru-feed-2002-cnc\/","name":"Perceuse Ima Thru Feed 2002 CNC - Machineries BST","isPartOf":{"@id":"https:\/\/machineriesbst.com\/en\/#website"},"primaryImageOfPage":{"@id":"https:\/\/machineriesbst.com\/en\/catalogue\/perceuse-ima-thru-feed-2002-cnc\/#primaryimage"},"datePublished":"2021-06-08T13:53:13+00:00","dateModified":"2023-12-01T01:22:55+00:00","breadcrumb":{"@id":"https:\/\/machineriesbst.com\/en\/catalogue\/perceuse-ima-thru-feed-2002-cnc\/#breadcrumb"},"inLanguage":"en-US","potentialAction":[{"@type":"ReadAction","target":["https:\/\/machineriesbst.com\/en\/catalogue\/perceuse-ima-thru-feed-2002-cnc\/"]}]},{"@type":"BreadcrumbList","@id":"https:\/\/machineriesbst.com\/en\/catalogue\/perceuse-ima-thru-feed-2002-cnc\/#breadcrumb","itemListElement":[{"@type":"ListItem","position":1,"name":"Accueil","item":"https:\/\/machineriesbst.com\/en\/"},{"@type":"ListItem","position":2,"name":"Catalogue","item":"https:\/\/machineriesbst.com\/en\/catalog\/"},{"@type":"ListItem","position":3,"name":"Perceuse Ima Thru Feed 2002 CNC"}]}]}},"_links":{"self":[{"href":"https:\/\/machineriesbst.com\/en\/wp-json\/wp\/v2\/product\/58447"}],"collection":[{"href":"https:\/\/machineriesbst.com\/en\/wp-json\/wp\/v2\/product"}],"about":[{"href":"https:\/\/machineriesbst.com\/en\/wp-json\/wp\/v2\/types\/product"}],"author":[{"embeddable":true,"href":"https:\/\/machineriesbst.com\/en\/wp-json\/wp\/v2\/users\/3"}],"replies":[{"embeddable":true,"href":"https:\/\/machineriesbst.com\/en\/wp-json\/wp\/v2\/comments?post=58447"}],"wp:featuredmedia":[{"embeddable":true,"href":"https:\/\/machineriesbst.com\/en\/wp-json\/wp\/v2\/media\/53348"}],"wp:attachment":[{"href":"https:\/\/machineriesbst.com\/en\/wp-json\/wp\/v2\/media?parent=58447"}],"wp:term":[{"taxonomy":"product_cat","embeddable":true,"href":"https:\/\/machineriesbst.com\/en\/wp-json\/wp\/v2\/product_cat?post=58447"},{"taxonomy":"product_tag","embeddable":true,"href":"https:\/\/machineriesbst.com\/en\/wp-json\/wp\/v2\/product_tag?post=58447"}],"curies":[{"name":"wp","href":"https:\/\/api.w.org\/{rel}","templated":true}]}}