{"id":58439,"date":"2021-06-08T09:52:49","date_gmt":"2021-06-08T13:52:49","guid":{"rendered":"https:\/\/machineriesbst.com\/?post_type=product&#038;p=58439"},"modified":"2023-11-30T20:23:48","modified_gmt":"2023-12-01T01:23:48","slug":"beam-saw-mayer-12-2013","status":"publish","type":"product","link":"https:\/\/machineriesbst.com\/en\/catalogue\/beam-saw-mayer-12-2013\/","title":{"rendered":"Beam Saw Mayer 12 &#39;2013"},"content":{"rendered":"<p>Mayer Front Loading Panel Saw, Model: PS 100<br \/>\nYear 2013<br \/>\nCutting length (3800 mm) 149 &quot;<br \/>\nMaximum saw projection (105 mm) 4.1 &quot;<br \/>\n30 hp motor Quick change of main saw blade<br \/>\nQuick change of the 3 HP scoring blade<br \/>\nElectronically controlled saw blade height adjustment<br \/>\nAutomatic cutting length adjustment<br \/>\n6 Grips for the panels<br \/>\n3 front air flotation tables<br \/>\nMayer Windows PC 5400 operating system with live graphics<br \/>\n14 &quot;color monitor<br \/>\nOnly 4000 hours<br \/>\n230 Volts 60 Cycles<\/p>\n<p>Ready to load.<\/p>\n<p>&nbsp;<\/p>","protected":false},"excerpt":{"rendered":"<p>Mayer front loading panel saw, model: PS 100 Year 2013 Cutting length (3,800 mm) 149&quot; Maximum saw projection (105 mm) 4.1&quot; 30 hp motor Quick change main saw blade Quick change saw blade the blade scoring 3 HP Adjustment of the height of the [\u2026]<\/p>","protected":false},"author":3,"featured_media":53295,"comment_status":"open","ping_status":"closed","template":"","meta":[],"product_cat":[3093,214,3092],"product_tag":[],"acf":[],"yoast_head":"<!-- This site is optimized with the Yoast SEO plugin v16.8 - https:\/\/yoast.com\/wordpress\/plugins\/seo\/ -->\n<title>Beam Saw Mayer 12 &#039;  2013 - Machineries BST<\/title>\n<meta name=\"robots\" content=\"index, follow, max-snippet:-1, max-image-preview:large, max-video-preview:-1\" \/>\n<link rel=\"canonical\" href=\"https:\/\/machineriesbst.com\/en\/catalogue\/beam-saw-mayer-12-2013\/\" \/>\n<meta property=\"og:locale\" content=\"en_US\" \/>\n<meta property=\"og:type\" content=\"article\" \/>\n<meta property=\"og:title\" content=\"Beam Saw Mayer 12 &#039;  2013 - Machineries BST\" \/>\n<meta property=\"og:description\" content=\"Scie \u00e0 panneaux \u00e0 chargement frontal Mayer, mod\u00e8le: PS 100 Ann\u00e9e 2013 Longueur de coupe (3 800 mm) 149 &quot; Projection maximale de la scie (105 mm) 4.1 &quot; Moteur de 30 hp Changement rapide de la lame de scie principale Changement rapide de la lame scoring\u00a0 3 H.P R\u00e9glage de la hauteur de la [&hellip;]\" \/>\n<meta property=\"og:url\" content=\"https:\/\/machineriesbst.com\/en\/catalogue\/beam-saw-mayer-12-2013\/\" \/>\n<meta property=\"og:site_name\" content=\"Machineries BST\" \/>\n<meta property=\"article:modified_time\" content=\"2023-12-01T01:23:48+00:00\" \/>\n<meta property=\"og:image\" content=\"https:\/\/machineriesbst.com\/wp-content\/uploads\/2021\/05\/Saw-1.jpg\" \/>\n\t<meta property=\"og:image:width\" content=\"576\" \/>\n\t<meta property=\"og:image:height\" content=\"768\" \/>\n<meta name=\"twitter:card\" content=\"summary_large_image\" \/>\n<script type=\"application\/ld+json\" class=\"yoast-schema-graph\">{\"@context\":\"https:\/\/schema.org\",\"@graph\":[{\"@type\":\"WebSite\",\"@id\":\"https:\/\/machineriesbst.com\/en\/#website\",\"url\":\"https:\/\/machineriesbst.com\/en\/\",\"name\":\"Machineries BST\",\"description\":\"Machines neuves &amp; usag\\u00e9es\",\"potentialAction\":[{\"@type\":\"SearchAction\",\"target\":{\"@type\":\"EntryPoint\",\"urlTemplate\":\"https:\/\/machineriesbst.com\/en\/?s={search_term_string}\"},\"query-input\":\"required name=search_term_string\"}],\"inLanguage\":\"en-US\"},{\"@type\":\"ImageObject\",\"@id\":\"https:\/\/machineriesbst.com\/en\/catalogue\/beam-saw-mayer-12-2013\/#primaryimage\",\"inLanguage\":\"en-US\",\"url\":\"https:\/\/machineriesbst.com\/wp-content\/uploads\/2021\/05\/Saw-1.jpg\",\"contentUrl\":\"https:\/\/machineriesbst.com\/wp-content\/uploads\/2021\/05\/Saw-1.jpg\",\"width\":576,\"height\":768},{\"@type\":\"WebPage\",\"@id\":\"https:\/\/machineriesbst.com\/en\/catalogue\/beam-saw-mayer-12-2013\/#webpage\",\"url\":\"https:\/\/machineriesbst.com\/en\/catalogue\/beam-saw-mayer-12-2013\/\",\"name\":\"Beam Saw Mayer 12 ' 2013 - Machineries BST\",\"isPartOf\":{\"@id\":\"https:\/\/machineriesbst.com\/en\/#website\"},\"primaryImageOfPage\":{\"@id\":\"https:\/\/machineriesbst.com\/en\/catalogue\/beam-saw-mayer-12-2013\/#primaryimage\"},\"datePublished\":\"2021-06-08T13:52:49+00:00\",\"dateModified\":\"2023-12-01T01:23:48+00:00\",\"breadcrumb\":{\"@id\":\"https:\/\/machineriesbst.com\/en\/catalogue\/beam-saw-mayer-12-2013\/#breadcrumb\"},\"inLanguage\":\"en-US\",\"potentialAction\":[{\"@type\":\"ReadAction\",\"target\":[\"https:\/\/machineriesbst.com\/en\/catalogue\/beam-saw-mayer-12-2013\/\"]}]},{\"@type\":\"BreadcrumbList\",\"@id\":\"https:\/\/machineriesbst.com\/en\/catalogue\/beam-saw-mayer-12-2013\/#breadcrumb\",\"itemListElement\":[{\"@type\":\"ListItem\",\"position\":1,\"name\":\"Accueil\",\"item\":\"https:\/\/machineriesbst.com\/en\/\"},{\"@type\":\"ListItem\",\"position\":2,\"name\":\"Catalogue\",\"item\":\"https:\/\/machineriesbst.com\/en\/catalog\/\"},{\"@type\":\"ListItem\",\"position\":3,\"name\":\"Beam Saw Mayer 12 ' 2013\"}]}]}<\/script>\n<!-- \/ Yoast SEO plugin. -->","yoast_head_json":{"title":"Beam Saw Mayer 12 '  2013 - Machineries BST","robots":{"index":"index","follow":"follow","max-snippet":"max-snippet:-1","max-image-preview":"max-image-preview:large","max-video-preview":"max-video-preview:-1"},"canonical":"https:\/\/machineriesbst.com\/en\/catalogue\/beam-saw-mayer-12-2013\/","og_locale":"en_US","og_type":"article","og_title":"Beam Saw Mayer 12 '  2013 - Machineries BST","og_description":"Scie \u00e0 panneaux \u00e0 chargement frontal Mayer, mod\u00e8le: PS 100 Ann\u00e9e 2013 Longueur de coupe (3 800 mm) 149 \" Projection maximale de la scie (105 mm) 4.1 \" Moteur de 30 hp Changement rapide de la lame de scie principale Changement rapide de la lame scoring\u00a0 3 H.P R\u00e9glage de la hauteur de la [&hellip;]","og_url":"https:\/\/machineriesbst.com\/en\/catalogue\/beam-saw-mayer-12-2013\/","og_site_name":"Machineries BST","article_modified_time":"2023-12-01T01:23:48+00:00","og_image":[{"width":576,"height":768,"url":"https:\/\/machineriesbst.com\/wp-content\/uploads\/2021\/05\/Saw-1.jpg","path":"\/home\/jepeto\/public_html\/wp-content\/uploads\/2021\/05\/Saw-1.jpg","size":"full","id":53295,"alt":"","pixels":442368,"type":"image\/jpeg"}],"twitter_card":"summary_large_image","schema":{"@context":"https:\/\/schema.org","@graph":[{"@type":"WebSite","@id":"https:\/\/machineriesbst.com\/en\/#website","url":"https:\/\/machineriesbst.com\/en\/","name":"Machineries BST","description":"Machines neuves &amp; usag\u00e9es","potentialAction":[{"@type":"SearchAction","target":{"@type":"EntryPoint","urlTemplate":"https:\/\/machineriesbst.com\/en\/?s={search_term_string}"},"query-input":"required name=search_term_string"}],"inLanguage":"en-US"},{"@type":"ImageObject","@id":"https:\/\/machineriesbst.com\/en\/catalogue\/beam-saw-mayer-12-2013\/#primaryimage","inLanguage":"en-US","url":"https:\/\/machineriesbst.com\/wp-content\/uploads\/2021\/05\/Saw-1.jpg","contentUrl":"https:\/\/machineriesbst.com\/wp-content\/uploads\/2021\/05\/Saw-1.jpg","width":576,"height":768},{"@type":"WebPage","@id":"https:\/\/machineriesbst.com\/en\/catalogue\/beam-saw-mayer-12-2013\/#webpage","url":"https:\/\/machineriesbst.com\/en\/catalogue\/beam-saw-mayer-12-2013\/","name":"Beam Saw Mayer 12 ' 2013 - Machineries BST","isPartOf":{"@id":"https:\/\/machineriesbst.com\/en\/#website"},"primaryImageOfPage":{"@id":"https:\/\/machineriesbst.com\/en\/catalogue\/beam-saw-mayer-12-2013\/#primaryimage"},"datePublished":"2021-06-08T13:52:49+00:00","dateModified":"2023-12-01T01:23:48+00:00","breadcrumb":{"@id":"https:\/\/machineriesbst.com\/en\/catalogue\/beam-saw-mayer-12-2013\/#breadcrumb"},"inLanguage":"en-US","potentialAction":[{"@type":"ReadAction","target":["https:\/\/machineriesbst.com\/en\/catalogue\/beam-saw-mayer-12-2013\/"]}]},{"@type":"BreadcrumbList","@id":"https:\/\/machineriesbst.com\/en\/catalogue\/beam-saw-mayer-12-2013\/#breadcrumb","itemListElement":[{"@type":"ListItem","position":1,"name":"Accueil","item":"https:\/\/machineriesbst.com\/en\/"},{"@type":"ListItem","position":2,"name":"Catalogue","item":"https:\/\/machineriesbst.com\/en\/catalog\/"},{"@type":"ListItem","position":3,"name":"Beam Saw Mayer 12 ' 2013"}]}]}},"_links":{"self":[{"href":"https:\/\/machineriesbst.com\/en\/wp-json\/wp\/v2\/product\/58439"}],"collection":[{"href":"https:\/\/machineriesbst.com\/en\/wp-json\/wp\/v2\/product"}],"about":[{"href":"https:\/\/machineriesbst.com\/en\/wp-json\/wp\/v2\/types\/product"}],"author":[{"embeddable":true,"href":"https:\/\/machineriesbst.com\/en\/wp-json\/wp\/v2\/users\/3"}],"replies":[{"embeddable":true,"href":"https:\/\/machineriesbst.com\/en\/wp-json\/wp\/v2\/comments?post=58439"}],"wp:featuredmedia":[{"embeddable":true,"href":"https:\/\/machineriesbst.com\/en\/wp-json\/wp\/v2\/media\/53295"}],"wp:attachment":[{"href":"https:\/\/machineriesbst.com\/en\/wp-json\/wp\/v2\/media?parent=58439"}],"wp:term":[{"taxonomy":"product_cat","embeddable":true,"href":"https:\/\/machineriesbst.com\/en\/wp-json\/wp\/v2\/product_cat?post=58439"},{"taxonomy":"product_tag","embeddable":true,"href":"https:\/\/machineriesbst.com\/en\/wp-json\/wp\/v2\/product_tag?post=58439"}],"curies":[{"name":"wp","href":"https:\/\/api.w.org\/{rel}","templated":true}]}}