{"id":58421,"date":"2021-06-08T09:52:22","date_gmt":"2021-06-08T13:52:22","guid":{"rendered":"https:\/\/machineriesbst.com\/?post_type=product&#038;p=58421"},"modified":"2023-12-18T14:21:24","modified_gmt":"2023-12-18T19:21:24","slug":"mouluriere-weinig-haute-vitesse-300pmp","status":"publish","type":"product","link":"https:\/\/machineriesbst.com\/en\/catalogue\/mouluriere-weinig-haute-vitesse-300pmp\/","title":{"rendered":"Weinig High Speed 300pmp Moulder"},"content":{"rendered":"<p>High speed 300 FPM moulder with 5 heads.<\/p>\n<p>5&quot; thick x 9&quot; wide with 2-1\/8&quot; chuck. Lock at the end of the chucks with chrome table and pneumatic pressure.<\/p>\n<p><span class=\"style16\">Head Down\/15 KW . Straight head\/11KW . Left Heads\/11KW. High\/11KW.<\/span><\/p>","protected":false},"excerpt":{"rendered":"<p>High speed 300 feet per minute moulder with 5 heads. 5&quot; thick x 9&quot; wide with 2-1\/8&quot; chuck . Lock at the end of the chucks with chrome table and pneumatic pressure . Low head\/15 KW . Right head\/11KW . Left heads\/11KW. Up\/11KW .<\/p>","protected":false},"author":3,"featured_media":53215,"comment_status":"open","ping_status":"closed","template":"","meta":[],"product_cat":[125],"product_tag":[],"acf":[],"yoast_head":"<!-- This site is optimized with the Yoast SEO plugin v16.8 - https:\/\/yoast.com\/wordpress\/plugins\/seo\/ -->\n<title>Mouluri\u00e8re Weinig Haute Vitesse 300pmp - Machineries BST<\/title>\n<meta name=\"robots\" content=\"index, follow, max-snippet:-1, max-image-preview:large, max-video-preview:-1\" \/>\n<link rel=\"canonical\" href=\"https:\/\/machineriesbst.com\/en\/catalogue\/mouluriere-weinig-haute-vitesse-300pmp\/\" \/>\n<meta property=\"og:locale\" content=\"en_US\" \/>\n<meta property=\"og:type\" content=\"article\" \/>\n<meta property=\"og:title\" content=\"Mouluri\u00e8re Weinig Haute Vitesse 300pmp - Machineries BST\" \/>\n<meta property=\"og:description\" content=\"Mouluri\u00e8re haute vitesse 300 Pied par minute avec 5 t\u00eates . \u00c9paisseur de 5&quot; x 9&quot; de large avec mandrin de 2-1\/8&quot; . Barrure au bout des Mandrins avec table chrom\u00e9 et pression pneumatique . T\u00eate Bas\/15 KW . T\u00eate droite\/11KW . T\u00eates Gauche\/11KW. Haut\/11KW.\" \/>\n<meta property=\"og:url\" content=\"https:\/\/machineriesbst.com\/en\/catalogue\/mouluriere-weinig-haute-vitesse-300pmp\/\" \/>\n<meta property=\"og:site_name\" content=\"Machineries BST\" \/>\n<meta property=\"article:modified_time\" content=\"2023-12-18T19:21:24+00:00\" \/>\n<meta property=\"og:image\" content=\"https:\/\/machineriesbst.com\/wp-content\/uploads\/2021\/05\/IMG_8811.jpg\" \/>\n\t<meta property=\"og:image:width\" content=\"640\" \/>\n\t<meta property=\"og:image:height\" content=\"480\" \/>\n<meta name=\"twitter:card\" content=\"summary_large_image\" \/>\n<script type=\"application\/ld+json\" class=\"yoast-schema-graph\">{\"@context\":\"https:\/\/schema.org\",\"@graph\":[{\"@type\":\"WebSite\",\"@id\":\"https:\/\/machineriesbst.com\/en\/#website\",\"url\":\"https:\/\/machineriesbst.com\/en\/\",\"name\":\"Machineries BST\",\"description\":\"Machines neuves &amp; usag\\u00e9es\",\"potentialAction\":[{\"@type\":\"SearchAction\",\"target\":{\"@type\":\"EntryPoint\",\"urlTemplate\":\"https:\/\/machineriesbst.com\/en\/?s={search_term_string}\"},\"query-input\":\"required name=search_term_string\"}],\"inLanguage\":\"en-US\"},{\"@type\":\"ImageObject\",\"@id\":\"https:\/\/machineriesbst.com\/en\/catalogue\/mouluriere-weinig-haute-vitesse-300pmp\/#primaryimage\",\"inLanguage\":\"en-US\",\"url\":\"https:\/\/machineriesbst.com\/wp-content\/uploads\/2021\/05\/IMG_8811.jpg\",\"contentUrl\":\"https:\/\/machineriesbst.com\/wp-content\/uploads\/2021\/05\/IMG_8811.jpg\",\"width\":640,\"height\":480},{\"@type\":\"WebPage\",\"@id\":\"https:\/\/machineriesbst.com\/en\/catalogue\/mouluriere-weinig-haute-vitesse-300pmp\/#webpage\",\"url\":\"https:\/\/machineriesbst.com\/en\/catalogue\/mouluriere-weinig-haute-vitesse-300pmp\/\",\"name\":\"Mouluri\\u00e8re Weinig Haute Vitesse 300pmp - Machineries BST\",\"isPartOf\":{\"@id\":\"https:\/\/machineriesbst.com\/en\/#website\"},\"primaryImageOfPage\":{\"@id\":\"https:\/\/machineriesbst.com\/en\/catalogue\/mouluriere-weinig-haute-vitesse-300pmp\/#primaryimage\"},\"datePublished\":\"2021-06-08T13:52:22+00:00\",\"dateModified\":\"2023-12-18T19:21:24+00:00\",\"breadcrumb\":{\"@id\":\"https:\/\/machineriesbst.com\/en\/catalogue\/mouluriere-weinig-haute-vitesse-300pmp\/#breadcrumb\"},\"inLanguage\":\"en-US\",\"potentialAction\":[{\"@type\":\"ReadAction\",\"target\":[\"https:\/\/machineriesbst.com\/en\/catalogue\/mouluriere-weinig-haute-vitesse-300pmp\/\"]}]},{\"@type\":\"BreadcrumbList\",\"@id\":\"https:\/\/machineriesbst.com\/en\/catalogue\/mouluriere-weinig-haute-vitesse-300pmp\/#breadcrumb\",\"itemListElement\":[{\"@type\":\"ListItem\",\"position\":1,\"name\":\"Accueil\",\"item\":\"https:\/\/machineriesbst.com\/en\/\"},{\"@type\":\"ListItem\",\"position\":2,\"name\":\"Catalogue\",\"item\":\"https:\/\/machineriesbst.com\/en\/catalog\/\"},{\"@type\":\"ListItem\",\"position\":3,\"name\":\"Mouluri\\u00e8re Weinig Haute Vitesse 300pmp\"}]}]}<\/script>\n<!-- \/ Yoast SEO plugin. -->","yoast_head_json":{"title":"Mouluri\u00e8re Weinig Haute Vitesse 300pmp - Machineries BST","robots":{"index":"index","follow":"follow","max-snippet":"max-snippet:-1","max-image-preview":"max-image-preview:large","max-video-preview":"max-video-preview:-1"},"canonical":"https:\/\/machineriesbst.com\/en\/catalogue\/mouluriere-weinig-haute-vitesse-300pmp\/","og_locale":"en_US","og_type":"article","og_title":"Mouluri\u00e8re Weinig Haute Vitesse 300pmp - Machineries BST","og_description":"Mouluri\u00e8re haute vitesse 300 Pied par minute avec 5 t\u00eates . \u00c9paisseur de 5\" x 9\" de large avec mandrin de 2-1\/8\" . Barrure au bout des Mandrins avec table chrom\u00e9 et pression pneumatique . T\u00eate Bas\/15 KW . T\u00eate droite\/11KW . T\u00eates Gauche\/11KW. Haut\/11KW.","og_url":"https:\/\/machineriesbst.com\/en\/catalogue\/mouluriere-weinig-haute-vitesse-300pmp\/","og_site_name":"Machineries BST","article_modified_time":"2023-12-18T19:21:24+00:00","og_image":[{"width":640,"height":480,"url":"https:\/\/machineriesbst.com\/wp-content\/uploads\/2021\/05\/IMG_8811.jpg","path":"\/home\/jepeto\/public_html\/wp-content\/uploads\/2021\/05\/IMG_8811.jpg","size":"full","id":53215,"alt":"","pixels":307200,"type":"image\/jpeg"}],"twitter_card":"summary_large_image","schema":{"@context":"https:\/\/schema.org","@graph":[{"@type":"WebSite","@id":"https:\/\/machineriesbst.com\/en\/#website","url":"https:\/\/machineriesbst.com\/en\/","name":"Machineries BST","description":"Machines neuves &amp; usag\u00e9es","potentialAction":[{"@type":"SearchAction","target":{"@type":"EntryPoint","urlTemplate":"https:\/\/machineriesbst.com\/en\/?s={search_term_string}"},"query-input":"required name=search_term_string"}],"inLanguage":"en-US"},{"@type":"ImageObject","@id":"https:\/\/machineriesbst.com\/en\/catalogue\/mouluriere-weinig-haute-vitesse-300pmp\/#primaryimage","inLanguage":"en-US","url":"https:\/\/machineriesbst.com\/wp-content\/uploads\/2021\/05\/IMG_8811.jpg","contentUrl":"https:\/\/machineriesbst.com\/wp-content\/uploads\/2021\/05\/IMG_8811.jpg","width":640,"height":480},{"@type":"WebPage","@id":"https:\/\/machineriesbst.com\/en\/catalogue\/mouluriere-weinig-haute-vitesse-300pmp\/#webpage","url":"https:\/\/machineriesbst.com\/en\/catalogue\/mouluriere-weinig-haute-vitesse-300pmp\/","name":"Mouluri\u00e8re Weinig Haute Vitesse 300pmp - Machineries BST","isPartOf":{"@id":"https:\/\/machineriesbst.com\/en\/#website"},"primaryImageOfPage":{"@id":"https:\/\/machineriesbst.com\/en\/catalogue\/mouluriere-weinig-haute-vitesse-300pmp\/#primaryimage"},"datePublished":"2021-06-08T13:52:22+00:00","dateModified":"2023-12-18T19:21:24+00:00","breadcrumb":{"@id":"https:\/\/machineriesbst.com\/en\/catalogue\/mouluriere-weinig-haute-vitesse-300pmp\/#breadcrumb"},"inLanguage":"en-US","potentialAction":[{"@type":"ReadAction","target":["https:\/\/machineriesbst.com\/en\/catalogue\/mouluriere-weinig-haute-vitesse-300pmp\/"]}]},{"@type":"BreadcrumbList","@id":"https:\/\/machineriesbst.com\/en\/catalogue\/mouluriere-weinig-haute-vitesse-300pmp\/#breadcrumb","itemListElement":[{"@type":"ListItem","position":1,"name":"Accueil","item":"https:\/\/machineriesbst.com\/en\/"},{"@type":"ListItem","position":2,"name":"Catalogue","item":"https:\/\/machineriesbst.com\/en\/catalog\/"},{"@type":"ListItem","position":3,"name":"Mouluri\u00e8re Weinig Haute Vitesse 300pmp"}]}]}},"_links":{"self":[{"href":"https:\/\/machineriesbst.com\/en\/wp-json\/wp\/v2\/product\/58421"}],"collection":[{"href":"https:\/\/machineriesbst.com\/en\/wp-json\/wp\/v2\/product"}],"about":[{"href":"https:\/\/machineriesbst.com\/en\/wp-json\/wp\/v2\/types\/product"}],"author":[{"embeddable":true,"href":"https:\/\/machineriesbst.com\/en\/wp-json\/wp\/v2\/users\/3"}],"replies":[{"embeddable":true,"href":"https:\/\/machineriesbst.com\/en\/wp-json\/wp\/v2\/comments?post=58421"}],"wp:featuredmedia":[{"embeddable":true,"href":"https:\/\/machineriesbst.com\/en\/wp-json\/wp\/v2\/media\/53215"}],"wp:attachment":[{"href":"https:\/\/machineriesbst.com\/en\/wp-json\/wp\/v2\/media?parent=58421"}],"wp:term":[{"taxonomy":"product_cat","embeddable":true,"href":"https:\/\/machineriesbst.com\/en\/wp-json\/wp\/v2\/product_cat?post=58421"},{"taxonomy":"product_tag","embeddable":true,"href":"https:\/\/machineriesbst.com\/en\/wp-json\/wp\/v2\/product_tag?post=58421"}],"curies":[{"name":"wp","href":"https:\/\/api.w.org\/{rel}","templated":true}]}}