{"id":58420,"date":"2021-06-08T09:52:22","date_gmt":"2021-06-08T13:52:22","guid":{"rendered":"https:\/\/machineriesbst.com\/?post_type=product&#038;p=58420"},"modified":"2023-11-30T20:23:49","modified_gmt":"2023-12-01T01:23:49","slug":"scaner-woodeye-cross-cut-optimiser-paul","status":"publish","type":"product","link":"https:\/\/machineriesbst.com\/en\/catalogue\/scaner-woodeye-cross-cut-optimiser-paul\/","title":{"rendered":"WoodEye Cross Cut Optimize Paul Scanner"},"content":{"rendered":"<p>Complete feed line with an unraveler at the entrance to feed a WoodEye cross cut Scanner which transfers its material to two optimize Paul with exit conveyor with several push cylinder at the exit. All inclusive .<\/p>","protected":false},"excerpt":{"rendered":"<p>Complete feed line with an unraveler at the entrance to feed a WoodEye cross cut Scanner which transfers its material to two optimize Paul with exit conveyor with several push cylinder at the exit. All inclusive .<\/p>","protected":false},"author":3,"featured_media":53182,"comment_status":"open","ping_status":"closed","template":"","meta":[],"product_cat":[214,3074],"product_tag":[],"acf":[],"yoast_head":"<!-- This site is optimized with the Yoast SEO plugin v16.8 - https:\/\/yoast.com\/wordpress\/plugins\/seo\/ -->\n<title>Scaner WoodEye Cross Cut Optimiser Paul - Machineries BST<\/title>\n<meta name=\"robots\" content=\"index, follow, max-snippet:-1, max-image-preview:large, max-video-preview:-1\" \/>\n<link rel=\"canonical\" href=\"https:\/\/machineriesbst.com\/en\/catalogue\/scaner-woodeye-cross-cut-optimiser-paul\/\" \/>\n<meta property=\"og:locale\" content=\"en_US\" \/>\n<meta property=\"og:type\" content=\"article\" \/>\n<meta property=\"og:title\" content=\"Scaner WoodEye Cross Cut Optimiser Paul - Machineries BST\" \/>\n<meta property=\"og:description\" content=\"Ligne compl\u00e8te d&#039;alimentation avec un d\u00e9m\u00ealeur \u00e0 l&#039;entr\u00e9e pour alimenter un Scanner WoodEye cross cut qui transf\u00e8re son mat\u00e9riel \u00e0 deux optimiser Paul avec convoyeur de sortie avec plusieurs cylindre poussoir\u00a0 \u00e0 la sortie . Tout inclus .\" \/>\n<meta property=\"og:url\" content=\"https:\/\/machineriesbst.com\/en\/catalogue\/scaner-woodeye-cross-cut-optimiser-paul\/\" \/>\n<meta property=\"og:site_name\" content=\"Machineries BST\" \/>\n<meta property=\"article:modified_time\" content=\"2023-12-01T01:23:49+00:00\" \/>\n<meta property=\"og:image\" content=\"https:\/\/machineriesbst.com\/wp-content\/uploads\/2021\/05\/IMG_8895.jpg\" \/>\n\t<meta property=\"og:image:width\" content=\"480\" \/>\n\t<meta property=\"og:image:height\" content=\"640\" \/>\n<meta name=\"twitter:card\" content=\"summary_large_image\" \/>\n<script type=\"application\/ld+json\" class=\"yoast-schema-graph\">{\"@context\":\"https:\/\/schema.org\",\"@graph\":[{\"@type\":\"WebSite\",\"@id\":\"https:\/\/machineriesbst.com\/en\/#website\",\"url\":\"https:\/\/machineriesbst.com\/en\/\",\"name\":\"Machineries BST\",\"description\":\"Machines neuves &amp; usag\\u00e9es\",\"potentialAction\":[{\"@type\":\"SearchAction\",\"target\":{\"@type\":\"EntryPoint\",\"urlTemplate\":\"https:\/\/machineriesbst.com\/en\/?s={search_term_string}\"},\"query-input\":\"required name=search_term_string\"}],\"inLanguage\":\"en-US\"},{\"@type\":\"ImageObject\",\"@id\":\"https:\/\/machineriesbst.com\/en\/catalogue\/scaner-woodeye-cross-cut-optimiser-paul\/#primaryimage\",\"inLanguage\":\"en-US\",\"url\":\"https:\/\/machineriesbst.com\/wp-content\/uploads\/2021\/05\/IMG_8895.jpg\",\"contentUrl\":\"https:\/\/machineriesbst.com\/wp-content\/uploads\/2021\/05\/IMG_8895.jpg\",\"width\":480,\"height\":640},{\"@type\":\"WebPage\",\"@id\":\"https:\/\/machineriesbst.com\/en\/catalogue\/scaner-woodeye-cross-cut-optimiser-paul\/#webpage\",\"url\":\"https:\/\/machineriesbst.com\/en\/catalogue\/scaner-woodeye-cross-cut-optimiser-paul\/\",\"name\":\"Scaner WoodEye Cross Cut Optimiser Paul - Machineries BST\",\"isPartOf\":{\"@id\":\"https:\/\/machineriesbst.com\/en\/#website\"},\"primaryImageOfPage\":{\"@id\":\"https:\/\/machineriesbst.com\/en\/catalogue\/scaner-woodeye-cross-cut-optimiser-paul\/#primaryimage\"},\"datePublished\":\"2021-06-08T13:52:22+00:00\",\"dateModified\":\"2023-12-01T01:23:49+00:00\",\"breadcrumb\":{\"@id\":\"https:\/\/machineriesbst.com\/en\/catalogue\/scaner-woodeye-cross-cut-optimiser-paul\/#breadcrumb\"},\"inLanguage\":\"en-US\",\"potentialAction\":[{\"@type\":\"ReadAction\",\"target\":[\"https:\/\/machineriesbst.com\/en\/catalogue\/scaner-woodeye-cross-cut-optimiser-paul\/\"]}]},{\"@type\":\"BreadcrumbList\",\"@id\":\"https:\/\/machineriesbst.com\/en\/catalogue\/scaner-woodeye-cross-cut-optimiser-paul\/#breadcrumb\",\"itemListElement\":[{\"@type\":\"ListItem\",\"position\":1,\"name\":\"Accueil\",\"item\":\"https:\/\/machineriesbst.com\/en\/\"},{\"@type\":\"ListItem\",\"position\":2,\"name\":\"Catalogue\",\"item\":\"https:\/\/machineriesbst.com\/en\/catalog\/\"},{\"@type\":\"ListItem\",\"position\":3,\"name\":\"Scaner WoodEye Cross Cut Optimiser Paul\"}]}]}<\/script>\n<!-- \/ Yoast SEO plugin. -->","yoast_head_json":{"title":"Scaner WoodEye Cross Cut Optimiser Paul - Machineries BST","robots":{"index":"index","follow":"follow","max-snippet":"max-snippet:-1","max-image-preview":"max-image-preview:large","max-video-preview":"max-video-preview:-1"},"canonical":"https:\/\/machineriesbst.com\/en\/catalogue\/scaner-woodeye-cross-cut-optimiser-paul\/","og_locale":"en_US","og_type":"article","og_title":"Scaner WoodEye Cross Cut Optimiser Paul - Machineries BST","og_description":"Ligne compl\u00e8te d'alimentation avec un d\u00e9m\u00ealeur \u00e0 l'entr\u00e9e pour alimenter un Scanner WoodEye cross cut qui transf\u00e8re son mat\u00e9riel \u00e0 deux optimiser Paul avec convoyeur de sortie avec plusieurs cylindre poussoir\u00a0 \u00e0 la sortie . Tout inclus .","og_url":"https:\/\/machineriesbst.com\/en\/catalogue\/scaner-woodeye-cross-cut-optimiser-paul\/","og_site_name":"Machineries BST","article_modified_time":"2023-12-01T01:23:49+00:00","og_image":[{"width":480,"height":640,"url":"https:\/\/machineriesbst.com\/wp-content\/uploads\/2021\/05\/IMG_8895.jpg","path":"\/home\/jepeto\/public_html\/wp-content\/uploads\/2021\/05\/IMG_8895.jpg","size":"full","id":53182,"alt":"","pixels":307200,"type":"image\/jpeg"}],"twitter_card":"summary_large_image","schema":{"@context":"https:\/\/schema.org","@graph":[{"@type":"WebSite","@id":"https:\/\/machineriesbst.com\/en\/#website","url":"https:\/\/machineriesbst.com\/en\/","name":"Machineries BST","description":"Machines neuves &amp; usag\u00e9es","potentialAction":[{"@type":"SearchAction","target":{"@type":"EntryPoint","urlTemplate":"https:\/\/machineriesbst.com\/en\/?s={search_term_string}"},"query-input":"required name=search_term_string"}],"inLanguage":"en-US"},{"@type":"ImageObject","@id":"https:\/\/machineriesbst.com\/en\/catalogue\/scaner-woodeye-cross-cut-optimiser-paul\/#primaryimage","inLanguage":"en-US","url":"https:\/\/machineriesbst.com\/wp-content\/uploads\/2021\/05\/IMG_8895.jpg","contentUrl":"https:\/\/machineriesbst.com\/wp-content\/uploads\/2021\/05\/IMG_8895.jpg","width":480,"height":640},{"@type":"WebPage","@id":"https:\/\/machineriesbst.com\/en\/catalogue\/scaner-woodeye-cross-cut-optimiser-paul\/#webpage","url":"https:\/\/machineriesbst.com\/en\/catalogue\/scaner-woodeye-cross-cut-optimiser-paul\/","name":"Scaner WoodEye Cross Cut Optimiser Paul - Machineries BST","isPartOf":{"@id":"https:\/\/machineriesbst.com\/en\/#website"},"primaryImageOfPage":{"@id":"https:\/\/machineriesbst.com\/en\/catalogue\/scaner-woodeye-cross-cut-optimiser-paul\/#primaryimage"},"datePublished":"2021-06-08T13:52:22+00:00","dateModified":"2023-12-01T01:23:49+00:00","breadcrumb":{"@id":"https:\/\/machineriesbst.com\/en\/catalogue\/scaner-woodeye-cross-cut-optimiser-paul\/#breadcrumb"},"inLanguage":"en-US","potentialAction":[{"@type":"ReadAction","target":["https:\/\/machineriesbst.com\/en\/catalogue\/scaner-woodeye-cross-cut-optimiser-paul\/"]}]},{"@type":"BreadcrumbList","@id":"https:\/\/machineriesbst.com\/en\/catalogue\/scaner-woodeye-cross-cut-optimiser-paul\/#breadcrumb","itemListElement":[{"@type":"ListItem","position":1,"name":"Accueil","item":"https:\/\/machineriesbst.com\/en\/"},{"@type":"ListItem","position":2,"name":"Catalogue","item":"https:\/\/machineriesbst.com\/en\/catalog\/"},{"@type":"ListItem","position":3,"name":"Scaner WoodEye Cross Cut Optimiser Paul"}]}]}},"_links":{"self":[{"href":"https:\/\/machineriesbst.com\/en\/wp-json\/wp\/v2\/product\/58420"}],"collection":[{"href":"https:\/\/machineriesbst.com\/en\/wp-json\/wp\/v2\/product"}],"about":[{"href":"https:\/\/machineriesbst.com\/en\/wp-json\/wp\/v2\/types\/product"}],"author":[{"embeddable":true,"href":"https:\/\/machineriesbst.com\/en\/wp-json\/wp\/v2\/users\/3"}],"replies":[{"embeddable":true,"href":"https:\/\/machineriesbst.com\/en\/wp-json\/wp\/v2\/comments?post=58420"}],"wp:featuredmedia":[{"embeddable":true,"href":"https:\/\/machineriesbst.com\/en\/wp-json\/wp\/v2\/media\/53182"}],"wp:attachment":[{"href":"https:\/\/machineriesbst.com\/en\/wp-json\/wp\/v2\/media?parent=58420"}],"wp:term":[{"taxonomy":"product_cat","embeddable":true,"href":"https:\/\/machineriesbst.com\/en\/wp-json\/wp\/v2\/product_cat?post=58420"},{"taxonomy":"product_tag","embeddable":true,"href":"https:\/\/machineriesbst.com\/en\/wp-json\/wp\/v2\/product_tag?post=58420"}],"curies":[{"name":"wp","href":"https:\/\/api.w.org\/{rel}","templated":true}]}}