{"id":58419,"date":"2021-06-08T09:52:22","date_gmt":"2021-06-08T13:52:22","guid":{"rendered":"https:\/\/machineriesbst.com\/?post_type=product&#038;p=58419"},"modified":"2023-11-30T20:23:49","modified_gmt":"2023-12-01T01:23:49","slug":"beam-saw-gabbiani-a-chargement-arriere-robotise-5-x-8","status":"publish","type":"product","link":"https:\/\/machineriesbst.com\/en\/catalogue\/beam-saw-gabbiani-a-chargement-arriere-robotise-5-x-8\/","title":{"rendered":"Beam Saw Gabbiani Robotic Rear Loading - 5 X 8"},"content":{"rendered":"<p>Working height: 950mm<br \/>\n-Maximum panel dimension: 3200 x 1850<br \/>\nBlade protrusion: 105mm<br \/>\nMaximum main blade diameter: 380mm<br \/>\n-Main blade motor: 20 HP - 15Kw<br \/>\n- Main blade speed: 3900<br \/>\n-The blade diameter: 160mm<br \/>\n- Blade motor power: 2HP - 1.5Kw<br \/>\n- Remote adjustment of the saw from the controller<br \/>\n-Scoring Controller blade exclusion<br \/>\n-Transmission: rack on THK guides<br \/>\n-The transport cart advancing 1-150m \/ m<br \/>\n-Return carriage return 150m \/ m<br \/>\n-Pusher advancing 1-25 m \/ m (factory set at 25 m \/ m maximum for safety standards)<br \/>\nReturn speed of the pusher: 90 m \/ min<br \/>\n-Motor pusher: brushless<br \/>\n-Number of clamp: 7<br \/>\n-Air speed: 35 m \/ sec<br \/>\n-Suction openings: 2x 120mm diameter, 1x 150mm diameter<br \/>\n- Sampling requirement: 4500 m3 \/ h<br \/>\n- Compressed air: 1\/4 \u2033 ID<br \/>\n-Air consumption: 300 Nl \/ min<br \/>\n-Pressure: 7 bar<br \/>\n- Optimized stroke of the blade and pressure beam<br \/>\n-Electronic marker adjustment<br \/>\n- Cross sections for double-sided aligner - optimized stroke 2200mm<br \/>\n-Four (4) air cushion tables - 2500x600mm<br \/>\nLabel printing is enabled in the controller and the label printer is included.<br \/>\n-PC Pentium Controller on current Windows<br \/>\n-Ottimo Top control software<br \/>\nEasy Cabinet software<br \/>\n-Telesolve to facilitate remote diagnostic evaluation<\/p>\n<p>Mahros Runner 3 Assi 8 storage and retrieval system<br \/>\n-RUNNER suspended gantry loader made up of two gantry cranes which support the horizontal trolley with the vertical arm with suction cup. The system is designed to have two entry drop stations for new batteries, eight storage stations and one power station for the panel saw. The machine is fully automatic and does not require any manual adjustment. The horizontal movement of the carriage and the vertical movement of the arm are made with prismatic guides with recirculating spheres with automatic lubrication. These movements are given by timing belts and motors driven by an inverter. The suction cup holder frame for handling the panels consists of eight crossbars, each with 4 suction cups. The PLC, equipped with a keyboard and a programming display, controls the work cycle and provides the interpolation of the axes to shorten the path of the arms. A computer located near the two power stations allows the operator to manage the feeding of new boards from the two power stations to the eight storage stations.<\/p>","protected":false},"excerpt":{"rendered":"<p>Working height: 950mm -Maximum panel dimension: 3200 x 1850 Blade protrusion: 105mm Maximum diameter of the main blade: 380mm -Main blade motor: 20 HP - 15Kw - Main blade speed: 3900 -The diameter of the blade: 160mm - Blade motor power: 2HP - 1.5Kw - Adjustment to [\u2026]<\/p>","protected":false},"author":3,"featured_media":53165,"comment_status":"open","ping_status":"closed","template":"","meta":[],"product_cat":[3093,214],"product_tag":[],"acf":[],"yoast_head":"<!-- This site is optimized with the Yoast SEO plugin v16.8 - https:\/\/yoast.com\/wordpress\/plugins\/seo\/ -->\n<title>Beam Saw Gabbiani \u00e0 chargement arri\u00e8re robotis\u00e9 - 5 X 8 - Machineries BST<\/title>\n<meta name=\"robots\" content=\"index, follow, max-snippet:-1, max-image-preview:large, max-video-preview:-1\" \/>\n<link rel=\"canonical\" href=\"https:\/\/machineriesbst.com\/en\/catalogue\/beam-saw-gabbiani-a-chargement-arriere-robotise-5-x-8\/\" \/>\n<meta property=\"og:locale\" content=\"en_US\" \/>\n<meta property=\"og:type\" content=\"article\" \/>\n<meta property=\"og:title\" content=\"Beam Saw Gabbiani \u00e0 chargement arri\u00e8re robotis\u00e9 - 5 X 8 - Machineries BST\" \/>\n<meta property=\"og:description\" content=\"Hauteur de travail: 950mm -Dimension maximale du panneau: 3200 x 1850 Saillie de lame: 105mm Diam\u00e8tre maximum de la lame principale: 380mm -Moteur de lame principale: 20 HP - 15Kw - R\u00e9gime de la lame principale: 3900 -Le diam\u00e8tre de la lame: 160mm - Puissance du moteur de lame: 2HP - 1.5Kw - R\u00e9glage \u00e0 [&hellip;]\" \/>\n<meta property=\"og:url\" content=\"https:\/\/machineriesbst.com\/en\/catalogue\/beam-saw-gabbiani-a-chargement-arriere-robotise-5-x-8\/\" \/>\n<meta property=\"og:site_name\" content=\"Machineries BST\" \/>\n<meta property=\"article:modified_time\" content=\"2023-12-01T01:23:49+00:00\" \/>\n<meta property=\"og:image\" content=\"https:\/\/machineriesbst.com\/wp-content\/uploads\/2021\/05\/IMG_8942-1.jpg\" \/>\n\t<meta property=\"og:image:width\" content=\"640\" \/>\n\t<meta property=\"og:image:height\" content=\"480\" \/>\n<meta name=\"twitter:card\" content=\"summary_large_image\" \/>\n<meta name=\"twitter:label1\" content=\"Est. reading time\" \/>\n\t<meta name=\"twitter:data1\" content=\"2 minutes\" \/>\n<script type=\"application\/ld+json\" class=\"yoast-schema-graph\">{\"@context\":\"https:\/\/schema.org\",\"@graph\":[{\"@type\":\"WebSite\",\"@id\":\"https:\/\/machineriesbst.com\/en\/#website\",\"url\":\"https:\/\/machineriesbst.com\/en\/\",\"name\":\"Machineries BST\",\"description\":\"Machines neuves &amp; usag\\u00e9es\",\"potentialAction\":[{\"@type\":\"SearchAction\",\"target\":{\"@type\":\"EntryPoint\",\"urlTemplate\":\"https:\/\/machineriesbst.com\/en\/?s={search_term_string}\"},\"query-input\":\"required name=search_term_string\"}],\"inLanguage\":\"en-US\"},{\"@type\":\"ImageObject\",\"@id\":\"https:\/\/machineriesbst.com\/en\/catalogue\/beam-saw-gabbiani-a-chargement-arriere-robotise-5-x-8\/#primaryimage\",\"inLanguage\":\"en-US\",\"url\":\"https:\/\/machineriesbst.com\/wp-content\/uploads\/2021\/05\/IMG_8942-1.jpg\",\"contentUrl\":\"https:\/\/machineriesbst.com\/wp-content\/uploads\/2021\/05\/IMG_8942-1.jpg\",\"width\":640,\"height\":480},{\"@type\":\"WebPage\",\"@id\":\"https:\/\/machineriesbst.com\/en\/catalogue\/beam-saw-gabbiani-a-chargement-arriere-robotise-5-x-8\/#webpage\",\"url\":\"https:\/\/machineriesbst.com\/en\/catalogue\/beam-saw-gabbiani-a-chargement-arriere-robotise-5-x-8\/\",\"name\":\"Beam Saw Gabbiani \\u00e0 chargement arri\\u00e8re robotis\\u00e9 - 5 X 8 - Machineries BST\",\"isPartOf\":{\"@id\":\"https:\/\/machineriesbst.com\/en\/#website\"},\"primaryImageOfPage\":{\"@id\":\"https:\/\/machineriesbst.com\/en\/catalogue\/beam-saw-gabbiani-a-chargement-arriere-robotise-5-x-8\/#primaryimage\"},\"datePublished\":\"2021-06-08T13:52:22+00:00\",\"dateModified\":\"2023-12-01T01:23:49+00:00\",\"breadcrumb\":{\"@id\":\"https:\/\/machineriesbst.com\/en\/catalogue\/beam-saw-gabbiani-a-chargement-arriere-robotise-5-x-8\/#breadcrumb\"},\"inLanguage\":\"en-US\",\"potentialAction\":[{\"@type\":\"ReadAction\",\"target\":[\"https:\/\/machineriesbst.com\/en\/catalogue\/beam-saw-gabbiani-a-chargement-arriere-robotise-5-x-8\/\"]}]},{\"@type\":\"BreadcrumbList\",\"@id\":\"https:\/\/machineriesbst.com\/en\/catalogue\/beam-saw-gabbiani-a-chargement-arriere-robotise-5-x-8\/#breadcrumb\",\"itemListElement\":[{\"@type\":\"ListItem\",\"position\":1,\"name\":\"Accueil\",\"item\":\"https:\/\/machineriesbst.com\/en\/\"},{\"@type\":\"ListItem\",\"position\":2,\"name\":\"Catalogue\",\"item\":\"https:\/\/machineriesbst.com\/en\/catalog\/\"},{\"@type\":\"ListItem\",\"position\":3,\"name\":\"Beam Saw Gabbiani \\u00e0 chargement arri\\u00e8re robotis\\u00e9 - 5 X 8\"}]}]}<\/script>\n<!-- \/ Yoast SEO plugin. -->","yoast_head_json":{"title":"Beam Saw Gabbiani \u00e0 chargement arri\u00e8re robotis\u00e9 - 5 X 8 - Machineries BST","robots":{"index":"index","follow":"follow","max-snippet":"max-snippet:-1","max-image-preview":"max-image-preview:large","max-video-preview":"max-video-preview:-1"},"canonical":"https:\/\/machineriesbst.com\/en\/catalogue\/beam-saw-gabbiani-a-chargement-arriere-robotise-5-x-8\/","og_locale":"en_US","og_type":"article","og_title":"Beam Saw Gabbiani \u00e0 chargement arri\u00e8re robotis\u00e9 - 5 X 8 - Machineries BST","og_description":"Hauteur de travail: 950mm -Dimension maximale du panneau: 3200 x 1850 Saillie de lame: 105mm Diam\u00e8tre maximum de la lame principale: 380mm -Moteur de lame principale: 20 HP - 15Kw - R\u00e9gime de la lame principale: 3900 -Le diam\u00e8tre de la lame: 160mm - Puissance du moteur de lame: 2HP - 1.5Kw - R\u00e9glage \u00e0 [&hellip;]","og_url":"https:\/\/machineriesbst.com\/en\/catalogue\/beam-saw-gabbiani-a-chargement-arriere-robotise-5-x-8\/","og_site_name":"Machineries BST","article_modified_time":"2023-12-01T01:23:49+00:00","og_image":[{"width":640,"height":480,"url":"https:\/\/machineriesbst.com\/wp-content\/uploads\/2021\/05\/IMG_8942-1.jpg","path":"\/home\/jepeto\/public_html\/wp-content\/uploads\/2021\/05\/IMG_8942-1.jpg","size":"full","id":53165,"alt":"","pixels":307200,"type":"image\/jpeg"}],"twitter_card":"summary_large_image","twitter_misc":{"Est. reading time":"2 minutes"},"schema":{"@context":"https:\/\/schema.org","@graph":[{"@type":"WebSite","@id":"https:\/\/machineriesbst.com\/en\/#website","url":"https:\/\/machineriesbst.com\/en\/","name":"Machineries BST","description":"Machines neuves &amp; usag\u00e9es","potentialAction":[{"@type":"SearchAction","target":{"@type":"EntryPoint","urlTemplate":"https:\/\/machineriesbst.com\/en\/?s={search_term_string}"},"query-input":"required name=search_term_string"}],"inLanguage":"en-US"},{"@type":"ImageObject","@id":"https:\/\/machineriesbst.com\/en\/catalogue\/beam-saw-gabbiani-a-chargement-arriere-robotise-5-x-8\/#primaryimage","inLanguage":"en-US","url":"https:\/\/machineriesbst.com\/wp-content\/uploads\/2021\/05\/IMG_8942-1.jpg","contentUrl":"https:\/\/machineriesbst.com\/wp-content\/uploads\/2021\/05\/IMG_8942-1.jpg","width":640,"height":480},{"@type":"WebPage","@id":"https:\/\/machineriesbst.com\/en\/catalogue\/beam-saw-gabbiani-a-chargement-arriere-robotise-5-x-8\/#webpage","url":"https:\/\/machineriesbst.com\/en\/catalogue\/beam-saw-gabbiani-a-chargement-arriere-robotise-5-x-8\/","name":"Beam Saw Gabbiani \u00e0 chargement arri\u00e8re robotis\u00e9 - 5 X 8 - Machineries BST","isPartOf":{"@id":"https:\/\/machineriesbst.com\/en\/#website"},"primaryImageOfPage":{"@id":"https:\/\/machineriesbst.com\/en\/catalogue\/beam-saw-gabbiani-a-chargement-arriere-robotise-5-x-8\/#primaryimage"},"datePublished":"2021-06-08T13:52:22+00:00","dateModified":"2023-12-01T01:23:49+00:00","breadcrumb":{"@id":"https:\/\/machineriesbst.com\/en\/catalogue\/beam-saw-gabbiani-a-chargement-arriere-robotise-5-x-8\/#breadcrumb"},"inLanguage":"en-US","potentialAction":[{"@type":"ReadAction","target":["https:\/\/machineriesbst.com\/en\/catalogue\/beam-saw-gabbiani-a-chargement-arriere-robotise-5-x-8\/"]}]},{"@type":"BreadcrumbList","@id":"https:\/\/machineriesbst.com\/en\/catalogue\/beam-saw-gabbiani-a-chargement-arriere-robotise-5-x-8\/#breadcrumb","itemListElement":[{"@type":"ListItem","position":1,"name":"Accueil","item":"https:\/\/machineriesbst.com\/en\/"},{"@type":"ListItem","position":2,"name":"Catalogue","item":"https:\/\/machineriesbst.com\/en\/catalog\/"},{"@type":"ListItem","position":3,"name":"Beam Saw Gabbiani \u00e0 chargement arri\u00e8re robotis\u00e9 - 5 X 8"}]}]}},"_links":{"self":[{"href":"https:\/\/machineriesbst.com\/en\/wp-json\/wp\/v2\/product\/58419"}],"collection":[{"href":"https:\/\/machineriesbst.com\/en\/wp-json\/wp\/v2\/product"}],"about":[{"href":"https:\/\/machineriesbst.com\/en\/wp-json\/wp\/v2\/types\/product"}],"author":[{"embeddable":true,"href":"https:\/\/machineriesbst.com\/en\/wp-json\/wp\/v2\/users\/3"}],"replies":[{"embeddable":true,"href":"https:\/\/machineriesbst.com\/en\/wp-json\/wp\/v2\/comments?post=58419"}],"wp:featuredmedia":[{"embeddable":true,"href":"https:\/\/machineriesbst.com\/en\/wp-json\/wp\/v2\/media\/53165"}],"wp:attachment":[{"href":"https:\/\/machineriesbst.com\/en\/wp-json\/wp\/v2\/media?parent=58419"}],"wp:term":[{"taxonomy":"product_cat","embeddable":true,"href":"https:\/\/machineriesbst.com\/en\/wp-json\/wp\/v2\/product_cat?post=58419"},{"taxonomy":"product_tag","embeddable":true,"href":"https:\/\/machineriesbst.com\/en\/wp-json\/wp\/v2\/product_tag?post=58419"}],"curies":[{"name":"wp","href":"https:\/\/api.w.org\/{rel}","templated":true}]}}