{"id":58410,"date":"2021-06-08T09:52:19","date_gmt":"2021-06-08T13:52:19","guid":{"rendered":"https:\/\/machineriesbst.com\/?post_type=product&#038;p=58410"},"modified":"2023-11-30T20:23:49","modified_gmt":"2023-12-01T01:23:49","slug":"2007-plaqueuse-de-chants-holz-her-1303-automatic","status":"publish","type":"product","link":"https:\/\/machineriesbst.com\/en\/catalogue\/2007-plaqueuse-de-chants-holz-her-1303-automatic\/","title":{"rendered":"2007 Holz-her 1303 Automatic edgebander"},"content":{"rendered":"<pre id=\"tw-target-text\" class=\"tw-data-text tw-ta tw-text-small\" dir=\"ltr\" data-placeholder=\"Translation\" data-fulltext=\"\"><span lang=\"fr\" tabindex=\"0\">PLC Programmable logic control for easy program setup and storage Cartridge glue system, 3mm PVC capacity, pneumatic guillotine for reel cutting 2 roll pressure section with electronically controlled, synchronized drive roll at d speed &#39;advance. Frequency) Scraper Station Upper and lower polishing stations at a single feed speed 33 FPM (10 MPM) Upgrade to a faster and larger edgebander, available when its new machine arrives. very nice clean machine, few hours<\/span><\/pre>","protected":false},"excerpt":{"rendered":"<p>PLC Programmable logic control for easy program setup and storage Cartridge glue system, 3mm PVC capacity, pneumatic guillotine for reel cutting 2 roll pressure section with electronically controlled, synchronized drive roll at d speed &#39;advanced. Frequency) Scraping station Top polishing stations and [\u2026]<\/p>","protected":false},"author":3,"featured_media":53109,"comment_status":"open","ping_status":"closed","template":"","meta":[],"product_cat":[363],"product_tag":[],"acf":[],"yoast_head":"<!-- This site is optimized with the Yoast SEO plugin v16.8 - https:\/\/yoast.com\/wordpress\/plugins\/seo\/ -->\n<title>2007 Plaqueuse de chants Holz-her 1303 Automatic - Machineries BST<\/title>\n<meta name=\"robots\" content=\"index, follow, max-snippet:-1, max-image-preview:large, max-video-preview:-1\" \/>\n<link rel=\"canonical\" href=\"https:\/\/machineriesbst.com\/en\/catalogue\/2007-plaqueuse-de-chants-holz-her-1303-automatic\/\" \/>\n<meta property=\"og:locale\" content=\"en_US\" \/>\n<meta property=\"og:type\" content=\"article\" \/>\n<meta property=\"og:title\" content=\"2007 Plaqueuse de chants Holz-her 1303 Automatic - Machineries BST\" \/>\n<meta property=\"og:description\" content=\"PLC Commande logique programmable pour une configuration et un stockage faciles du programme Syst\u00e8me de colle \u00e0 cartouche, capacit\u00e9 de 3 mm en PVC, guillotine pneumatique pour coupe de bobine2 section de pression du rouleau avec rouleau d&#039;entra\u00eenement \u00e0 commande \u00e9lectronique synchronis\u00e9e et \u00e0 vitesse d&#039;avance. Fr\u00e9quence) Station de grattage Stations de polissage sup\u00e9rieure et [&hellip;]\" \/>\n<meta property=\"og:url\" content=\"https:\/\/machineriesbst.com\/en\/catalogue\/2007-plaqueuse-de-chants-holz-her-1303-automatic\/\" \/>\n<meta property=\"og:site_name\" content=\"Machineries BST\" \/>\n<meta property=\"article:modified_time\" content=\"2023-12-01T01:23:49+00:00\" \/>\n<meta property=\"og:image\" content=\"https:\/\/machineriesbst.com\/wp-content\/uploads\/2021\/05\/Edgebander-Uno-Holzer_01.jpg\" \/>\n\t<meta property=\"og:image:width\" content=\"1024\" \/>\n\t<meta property=\"og:image:height\" content=\"576\" \/>\n<meta name=\"twitter:card\" content=\"summary_large_image\" \/>\n<script type=\"application\/ld+json\" class=\"yoast-schema-graph\">{\"@context\":\"https:\/\/schema.org\",\"@graph\":[{\"@type\":\"WebSite\",\"@id\":\"https:\/\/machineriesbst.com\/en\/#website\",\"url\":\"https:\/\/machineriesbst.com\/en\/\",\"name\":\"Machineries BST\",\"description\":\"Machines neuves &amp; usag\\u00e9es\",\"potentialAction\":[{\"@type\":\"SearchAction\",\"target\":{\"@type\":\"EntryPoint\",\"urlTemplate\":\"https:\/\/machineriesbst.com\/en\/?s={search_term_string}\"},\"query-input\":\"required name=search_term_string\"}],\"inLanguage\":\"en-US\"},{\"@type\":\"ImageObject\",\"@id\":\"https:\/\/machineriesbst.com\/en\/catalogue\/2007-plaqueuse-de-chants-holz-her-1303-automatic\/#primaryimage\",\"inLanguage\":\"en-US\",\"url\":\"https:\/\/machineriesbst.com\/wp-content\/uploads\/2021\/05\/Edgebander-Uno-Holzer_01.jpg\",\"contentUrl\":\"https:\/\/machineriesbst.com\/wp-content\/uploads\/2021\/05\/Edgebander-Uno-Holzer_01.jpg\",\"width\":1024,\"height\":576},{\"@type\":\"WebPage\",\"@id\":\"https:\/\/machineriesbst.com\/en\/catalogue\/2007-plaqueuse-de-chants-holz-her-1303-automatic\/#webpage\",\"url\":\"https:\/\/machineriesbst.com\/en\/catalogue\/2007-plaqueuse-de-chants-holz-her-1303-automatic\/\",\"name\":\"2007 Plaqueuse de chants Holz-her 1303 Automatic - Machineries BST\",\"isPartOf\":{\"@id\":\"https:\/\/machineriesbst.com\/en\/#website\"},\"primaryImageOfPage\":{\"@id\":\"https:\/\/machineriesbst.com\/en\/catalogue\/2007-plaqueuse-de-chants-holz-her-1303-automatic\/#primaryimage\"},\"datePublished\":\"2021-06-08T13:52:19+00:00\",\"dateModified\":\"2023-12-01T01:23:49+00:00\",\"breadcrumb\":{\"@id\":\"https:\/\/machineriesbst.com\/en\/catalogue\/2007-plaqueuse-de-chants-holz-her-1303-automatic\/#breadcrumb\"},\"inLanguage\":\"en-US\",\"potentialAction\":[{\"@type\":\"ReadAction\",\"target\":[\"https:\/\/machineriesbst.com\/en\/catalogue\/2007-plaqueuse-de-chants-holz-her-1303-automatic\/\"]}]},{\"@type\":\"BreadcrumbList\",\"@id\":\"https:\/\/machineriesbst.com\/en\/catalogue\/2007-plaqueuse-de-chants-holz-her-1303-automatic\/#breadcrumb\",\"itemListElement\":[{\"@type\":\"ListItem\",\"position\":1,\"name\":\"Accueil\",\"item\":\"https:\/\/machineriesbst.com\/en\/\"},{\"@type\":\"ListItem\",\"position\":2,\"name\":\"Catalogue\",\"item\":\"https:\/\/machineriesbst.com\/en\/catalog\/\"},{\"@type\":\"ListItem\",\"position\":3,\"name\":\"2007 Plaqueuse de chants Holz-her 1303 Automatic\"}]}]}<\/script>\n<!-- \/ Yoast SEO plugin. -->","yoast_head_json":{"title":"2007 Plaqueuse de chants Holz-her 1303 Automatic - Machineries BST","robots":{"index":"index","follow":"follow","max-snippet":"max-snippet:-1","max-image-preview":"max-image-preview:large","max-video-preview":"max-video-preview:-1"},"canonical":"https:\/\/machineriesbst.com\/en\/catalogue\/2007-plaqueuse-de-chants-holz-her-1303-automatic\/","og_locale":"en_US","og_type":"article","og_title":"2007 Plaqueuse de chants Holz-her 1303 Automatic - Machineries BST","og_description":"PLC Commande logique programmable pour une configuration et un stockage faciles du programme Syst\u00e8me de colle \u00e0 cartouche, capacit\u00e9 de 3 mm en PVC, guillotine pneumatique pour coupe de bobine2 section de pression du rouleau avec rouleau d'entra\u00eenement \u00e0 commande \u00e9lectronique synchronis\u00e9e et \u00e0 vitesse d'avance. Fr\u00e9quence) Station de grattage Stations de polissage sup\u00e9rieure et [&hellip;]","og_url":"https:\/\/machineriesbst.com\/en\/catalogue\/2007-plaqueuse-de-chants-holz-her-1303-automatic\/","og_site_name":"Machineries BST","article_modified_time":"2023-12-01T01:23:49+00:00","og_image":[{"width":1024,"height":576,"url":"https:\/\/machineriesbst.com\/wp-content\/uploads\/2021\/05\/Edgebander-Uno-Holzer_01.jpg","path":"\/home\/jepeto\/public_html\/wp-content\/uploads\/2021\/05\/Edgebander-Uno-Holzer_01.jpg","size":"full","id":53109,"alt":"","pixels":589824,"type":"image\/jpeg"}],"twitter_card":"summary_large_image","schema":{"@context":"https:\/\/schema.org","@graph":[{"@type":"WebSite","@id":"https:\/\/machineriesbst.com\/en\/#website","url":"https:\/\/machineriesbst.com\/en\/","name":"Machineries BST","description":"Machines neuves &amp; usag\u00e9es","potentialAction":[{"@type":"SearchAction","target":{"@type":"EntryPoint","urlTemplate":"https:\/\/machineriesbst.com\/en\/?s={search_term_string}"},"query-input":"required name=search_term_string"}],"inLanguage":"en-US"},{"@type":"ImageObject","@id":"https:\/\/machineriesbst.com\/en\/catalogue\/2007-plaqueuse-de-chants-holz-her-1303-automatic\/#primaryimage","inLanguage":"en-US","url":"https:\/\/machineriesbst.com\/wp-content\/uploads\/2021\/05\/Edgebander-Uno-Holzer_01.jpg","contentUrl":"https:\/\/machineriesbst.com\/wp-content\/uploads\/2021\/05\/Edgebander-Uno-Holzer_01.jpg","width":1024,"height":576},{"@type":"WebPage","@id":"https:\/\/machineriesbst.com\/en\/catalogue\/2007-plaqueuse-de-chants-holz-her-1303-automatic\/#webpage","url":"https:\/\/machineriesbst.com\/en\/catalogue\/2007-plaqueuse-de-chants-holz-her-1303-automatic\/","name":"2007 Plaqueuse de chants Holz-her 1303 Automatic - Machineries BST","isPartOf":{"@id":"https:\/\/machineriesbst.com\/en\/#website"},"primaryImageOfPage":{"@id":"https:\/\/machineriesbst.com\/en\/catalogue\/2007-plaqueuse-de-chants-holz-her-1303-automatic\/#primaryimage"},"datePublished":"2021-06-08T13:52:19+00:00","dateModified":"2023-12-01T01:23:49+00:00","breadcrumb":{"@id":"https:\/\/machineriesbst.com\/en\/catalogue\/2007-plaqueuse-de-chants-holz-her-1303-automatic\/#breadcrumb"},"inLanguage":"en-US","potentialAction":[{"@type":"ReadAction","target":["https:\/\/machineriesbst.com\/en\/catalogue\/2007-plaqueuse-de-chants-holz-her-1303-automatic\/"]}]},{"@type":"BreadcrumbList","@id":"https:\/\/machineriesbst.com\/en\/catalogue\/2007-plaqueuse-de-chants-holz-her-1303-automatic\/#breadcrumb","itemListElement":[{"@type":"ListItem","position":1,"name":"Accueil","item":"https:\/\/machineriesbst.com\/en\/"},{"@type":"ListItem","position":2,"name":"Catalogue","item":"https:\/\/machineriesbst.com\/en\/catalog\/"},{"@type":"ListItem","position":3,"name":"2007 Plaqueuse de chants Holz-her 1303 Automatic"}]}]}},"_links":{"self":[{"href":"https:\/\/machineriesbst.com\/en\/wp-json\/wp\/v2\/product\/58410"}],"collection":[{"href":"https:\/\/machineriesbst.com\/en\/wp-json\/wp\/v2\/product"}],"about":[{"href":"https:\/\/machineriesbst.com\/en\/wp-json\/wp\/v2\/types\/product"}],"author":[{"embeddable":true,"href":"https:\/\/machineriesbst.com\/en\/wp-json\/wp\/v2\/users\/3"}],"replies":[{"embeddable":true,"href":"https:\/\/machineriesbst.com\/en\/wp-json\/wp\/v2\/comments?post=58410"}],"wp:featuredmedia":[{"embeddable":true,"href":"https:\/\/machineriesbst.com\/en\/wp-json\/wp\/v2\/media\/53109"}],"wp:attachment":[{"href":"https:\/\/machineriesbst.com\/en\/wp-json\/wp\/v2\/media?parent=58410"}],"wp:term":[{"taxonomy":"product_cat","embeddable":true,"href":"https:\/\/machineriesbst.com\/en\/wp-json\/wp\/v2\/product_cat?post=58410"},{"taxonomy":"product_tag","embeddable":true,"href":"https:\/\/machineriesbst.com\/en\/wp-json\/wp\/v2\/product_tag?post=58410"}],"curies":[{"name":"wp","href":"https:\/\/api.w.org\/{rel}","templated":true}]}}