{"id":58407,"date":"2021-06-08T09:51:56","date_gmt":"2021-06-08T13:51:56","guid":{"rendered":"https:\/\/machineriesbst.com\/?post_type=product&#038;p=58407"},"modified":"2023-11-30T20:23:49","modified_gmt":"2023-12-01T01:23:49","slug":"serre-rotative-2019-cam-wood-8-section-125","status":"publish","type":"product","link":"https:\/\/machineriesbst.com\/en\/catalogue\/serre-rotative-2019-cam-wood-8-section-125\/","title":{"rendered":"Rotary greenhouse 2019 CAM-WOOD 8 SECTION 125 &quot;"},"content":{"rendered":"<pre id=\"tw-target-text\" class=\"tw-data-text tw-ta tw-text-small\" dir=\"ltr\" data-placeholder=\"Translation\" data-fulltext=\"\"><span lang=\"fr\" tabindex=\"0\">CAM-WOOD CC-4108PA Gripper holder (8 sections) Pneumatic gripper holder with 8 sections with a capacity of 125 cm in width. Equipped with: - (8) heavy duty galvanized clamps per section (64 clamps in total). - 40 &quot;opening on pliers. - The jaw size of the pliers is 3-1 \/ 2&quot; with inward pull. - Pneumatic top panel flattener. - Pneumatic clamp tensioner and 1\/2 HP electric motor rotation. Standard features: - Large frame and I-legs for maximum rigidity and durability - Heavy-duty zinc-plated steel hose clamp with huge 3\/4 &quot;diameter jack bolt for extreme strength. - Powerful track chain drive for the rotation of the clamp. - Select the switch command for automatic or manual mode. Includes: - (2) Cable ties with a pneumatic wrench for quick tightening and loosening of the clamp. - (2) Panel flatteners pneumatic to keep panels flat while tightening fasteners Versatile and reliable gluing gluer for gluing to solid wood, legs, spindle blanks, stair treads and many more.<\/span><\/pre>","protected":false},"excerpt":{"rendered":"<p>CAM-WOOD CC-4108PA Gripper holder (8 sections) Pneumatic gripper holder with 8 sections with a capacity of 125 cm in width. Equipped with: - (8) heavy duty galvanized clamps per section (64 clamps in total). - Opening of 40 &quot;on pliers. - The size of the jaws of the pliers is 3-1 \/ 2&quot; with draw towards [\u2026]<\/p>","protected":false},"author":3,"featured_media":53098,"comment_status":"open","ping_status":"closed","template":"","meta":[],"product_cat":[3031],"product_tag":[],"acf":[],"yoast_head":"<!-- This site is optimized with the Yoast SEO plugin v16.8 - https:\/\/yoast.com\/wordpress\/plugins\/seo\/ -->\n<title>Serre rotative 2019 CAM-WOOD 8 SECTION 125 &quot; - Machineries BST<\/title>\n<meta name=\"robots\" content=\"index, follow, max-snippet:-1, max-image-preview:large, max-video-preview:-1\" \/>\n<link rel=\"canonical\" href=\"https:\/\/machineriesbst.com\/en\/catalogue\/serre-rotative-2019-cam-wood-8-section-125\/\" \/>\n<meta property=\"og:locale\" content=\"en_US\" \/>\n<meta property=\"og:type\" content=\"article\" \/>\n<meta property=\"og:title\" content=\"Serre rotative 2019 CAM-WOOD 8 SECTION 125 &quot; - Machineries BST\" \/>\n<meta property=\"og:description\" content=\"CAM-WOOD CC-4108PA Porte-pince (8 sections) Porte-pince pneumatique \u00e0 8 sections d&#039;une capacit\u00e9 de 125 cm de largeur. \u00c9quip\u00e9 avec: - (8) pinces \u00e0 usage intensif galvanis\u00e9es par section (64 pinces au total). - Ouverture de 40 &quot; sur des pinces. - La taille des m\u00e2choires des pinces est de 3-1 \/ 2 &quot;avec tirage vers [&hellip;]\" \/>\n<meta property=\"og:url\" content=\"https:\/\/machineriesbst.com\/en\/catalogue\/serre-rotative-2019-cam-wood-8-section-125\/\" \/>\n<meta property=\"og:site_name\" content=\"Machineries BST\" \/>\n<meta property=\"article:modified_time\" content=\"2023-12-01T01:23:49+00:00\" \/>\n<meta property=\"og:image\" content=\"https:\/\/machineriesbst.com\/wp-content\/uploads\/2021\/05\/Cam-Wood-Clamp-carrier-8-sections_01.jpg\" \/>\n\t<meta property=\"og:image:width\" content=\"635\" \/>\n\t<meta property=\"og:image:height\" content=\"423\" \/>\n<meta name=\"twitter:card\" content=\"summary_large_image\" \/>\n<meta name=\"twitter:label1\" content=\"Est. reading time\" \/>\n\t<meta name=\"twitter:data1\" content=\"1 minute\" \/>\n<script type=\"application\/ld+json\" class=\"yoast-schema-graph\">{\"@context\":\"https:\/\/schema.org\",\"@graph\":[{\"@type\":\"WebSite\",\"@id\":\"https:\/\/machineriesbst.com\/en\/#website\",\"url\":\"https:\/\/machineriesbst.com\/en\/\",\"name\":\"Machineries BST\",\"description\":\"Machines neuves &amp; usag\\u00e9es\",\"potentialAction\":[{\"@type\":\"SearchAction\",\"target\":{\"@type\":\"EntryPoint\",\"urlTemplate\":\"https:\/\/machineriesbst.com\/en\/?s={search_term_string}\"},\"query-input\":\"required name=search_term_string\"}],\"inLanguage\":\"en-US\"},{\"@type\":\"ImageObject\",\"@id\":\"https:\/\/machineriesbst.com\/en\/catalogue\/serre-rotative-2019-cam-wood-8-section-125\/#primaryimage\",\"inLanguage\":\"en-US\",\"url\":\"https:\/\/machineriesbst.com\/wp-content\/uploads\/2021\/05\/Cam-Wood-Clamp-carrier-8-sections_01.jpg\",\"contentUrl\":\"https:\/\/machineriesbst.com\/wp-content\/uploads\/2021\/05\/Cam-Wood-Clamp-carrier-8-sections_01.jpg\",\"width\":635,\"height\":423},{\"@type\":\"WebPage\",\"@id\":\"https:\/\/machineriesbst.com\/en\/catalogue\/serre-rotative-2019-cam-wood-8-section-125\/#webpage\",\"url\":\"https:\/\/machineriesbst.com\/en\/catalogue\/serre-rotative-2019-cam-wood-8-section-125\/\",\"name\":\"Serre rotative 2019 CAM-WOOD 8 SECTION 125 \\\" - Machineries BST\",\"isPartOf\":{\"@id\":\"https:\/\/machineriesbst.com\/en\/#website\"},\"primaryImageOfPage\":{\"@id\":\"https:\/\/machineriesbst.com\/en\/catalogue\/serre-rotative-2019-cam-wood-8-section-125\/#primaryimage\"},\"datePublished\":\"2021-06-08T13:51:56+00:00\",\"dateModified\":\"2023-12-01T01:23:49+00:00\",\"breadcrumb\":{\"@id\":\"https:\/\/machineriesbst.com\/en\/catalogue\/serre-rotative-2019-cam-wood-8-section-125\/#breadcrumb\"},\"inLanguage\":\"en-US\",\"potentialAction\":[{\"@type\":\"ReadAction\",\"target\":[\"https:\/\/machineriesbst.com\/en\/catalogue\/serre-rotative-2019-cam-wood-8-section-125\/\"]}]},{\"@type\":\"BreadcrumbList\",\"@id\":\"https:\/\/machineriesbst.com\/en\/catalogue\/serre-rotative-2019-cam-wood-8-section-125\/#breadcrumb\",\"itemListElement\":[{\"@type\":\"ListItem\",\"position\":1,\"name\":\"Accueil\",\"item\":\"https:\/\/machineriesbst.com\/en\/\"},{\"@type\":\"ListItem\",\"position\":2,\"name\":\"Catalogue\",\"item\":\"https:\/\/machineriesbst.com\/en\/catalog\/\"},{\"@type\":\"ListItem\",\"position\":3,\"name\":\"Serre rotative 2019 CAM-WOOD 8 SECTION 125 \\\"\"}]}]}<\/script>\n<!-- \/ Yoast SEO plugin. -->","yoast_head_json":{"title":"Serre rotative 2019 CAM-WOOD 8 SECTION 125 \" - Machineries BST","robots":{"index":"index","follow":"follow","max-snippet":"max-snippet:-1","max-image-preview":"max-image-preview:large","max-video-preview":"max-video-preview:-1"},"canonical":"https:\/\/machineriesbst.com\/en\/catalogue\/serre-rotative-2019-cam-wood-8-section-125\/","og_locale":"en_US","og_type":"article","og_title":"Serre rotative 2019 CAM-WOOD 8 SECTION 125 \" - Machineries BST","og_description":"CAM-WOOD CC-4108PA Porte-pince (8 sections) Porte-pince pneumatique \u00e0 8 sections d'une capacit\u00e9 de 125 cm de largeur. \u00c9quip\u00e9 avec: - (8) pinces \u00e0 usage intensif galvanis\u00e9es par section (64 pinces au total). - Ouverture de 40 \" sur des pinces. - La taille des m\u00e2choires des pinces est de 3-1 \/ 2 \"avec tirage vers [&hellip;]","og_url":"https:\/\/machineriesbst.com\/en\/catalogue\/serre-rotative-2019-cam-wood-8-section-125\/","og_site_name":"Machineries BST","article_modified_time":"2023-12-01T01:23:49+00:00","og_image":[{"width":635,"height":423,"url":"https:\/\/machineriesbst.com\/wp-content\/uploads\/2021\/05\/Cam-Wood-Clamp-carrier-8-sections_01.jpg","path":"\/home\/jepeto\/public_html\/wp-content\/uploads\/2021\/05\/Cam-Wood-Clamp-carrier-8-sections_01.jpg","size":"full","id":53098,"alt":"","pixels":268605,"type":"image\/jpeg"}],"twitter_card":"summary_large_image","twitter_misc":{"Est. reading time":"1 minute"},"schema":{"@context":"https:\/\/schema.org","@graph":[{"@type":"WebSite","@id":"https:\/\/machineriesbst.com\/en\/#website","url":"https:\/\/machineriesbst.com\/en\/","name":"Machineries BST","description":"Machines neuves &amp; usag\u00e9es","potentialAction":[{"@type":"SearchAction","target":{"@type":"EntryPoint","urlTemplate":"https:\/\/machineriesbst.com\/en\/?s={search_term_string}"},"query-input":"required name=search_term_string"}],"inLanguage":"en-US"},{"@type":"ImageObject","@id":"https:\/\/machineriesbst.com\/en\/catalogue\/serre-rotative-2019-cam-wood-8-section-125\/#primaryimage","inLanguage":"en-US","url":"https:\/\/machineriesbst.com\/wp-content\/uploads\/2021\/05\/Cam-Wood-Clamp-carrier-8-sections_01.jpg","contentUrl":"https:\/\/machineriesbst.com\/wp-content\/uploads\/2021\/05\/Cam-Wood-Clamp-carrier-8-sections_01.jpg","width":635,"height":423},{"@type":"WebPage","@id":"https:\/\/machineriesbst.com\/en\/catalogue\/serre-rotative-2019-cam-wood-8-section-125\/#webpage","url":"https:\/\/machineriesbst.com\/en\/catalogue\/serre-rotative-2019-cam-wood-8-section-125\/","name":"Serre rotative 2019 CAM-WOOD 8 SECTION 125 \" - Machineries BST","isPartOf":{"@id":"https:\/\/machineriesbst.com\/en\/#website"},"primaryImageOfPage":{"@id":"https:\/\/machineriesbst.com\/en\/catalogue\/serre-rotative-2019-cam-wood-8-section-125\/#primaryimage"},"datePublished":"2021-06-08T13:51:56+00:00","dateModified":"2023-12-01T01:23:49+00:00","breadcrumb":{"@id":"https:\/\/machineriesbst.com\/en\/catalogue\/serre-rotative-2019-cam-wood-8-section-125\/#breadcrumb"},"inLanguage":"en-US","potentialAction":[{"@type":"ReadAction","target":["https:\/\/machineriesbst.com\/en\/catalogue\/serre-rotative-2019-cam-wood-8-section-125\/"]}]},{"@type":"BreadcrumbList","@id":"https:\/\/machineriesbst.com\/en\/catalogue\/serre-rotative-2019-cam-wood-8-section-125\/#breadcrumb","itemListElement":[{"@type":"ListItem","position":1,"name":"Accueil","item":"https:\/\/machineriesbst.com\/en\/"},{"@type":"ListItem","position":2,"name":"Catalogue","item":"https:\/\/machineriesbst.com\/en\/catalog\/"},{"@type":"ListItem","position":3,"name":"Serre rotative 2019 CAM-WOOD 8 SECTION 125 \""}]}]}},"_links":{"self":[{"href":"https:\/\/machineriesbst.com\/en\/wp-json\/wp\/v2\/product\/58407"}],"collection":[{"href":"https:\/\/machineriesbst.com\/en\/wp-json\/wp\/v2\/product"}],"about":[{"href":"https:\/\/machineriesbst.com\/en\/wp-json\/wp\/v2\/types\/product"}],"author":[{"embeddable":true,"href":"https:\/\/machineriesbst.com\/en\/wp-json\/wp\/v2\/users\/3"}],"replies":[{"embeddable":true,"href":"https:\/\/machineriesbst.com\/en\/wp-json\/wp\/v2\/comments?post=58407"}],"wp:featuredmedia":[{"embeddable":true,"href":"https:\/\/machineriesbst.com\/en\/wp-json\/wp\/v2\/media\/53098"}],"wp:attachment":[{"href":"https:\/\/machineriesbst.com\/en\/wp-json\/wp\/v2\/media?parent=58407"}],"wp:term":[{"taxonomy":"product_cat","embeddable":true,"href":"https:\/\/machineriesbst.com\/en\/wp-json\/wp\/v2\/product_cat?post=58407"},{"taxonomy":"product_tag","embeddable":true,"href":"https:\/\/machineriesbst.com\/en\/wp-json\/wp\/v2\/product_tag?post=58407"}],"curies":[{"name":"wp","href":"https:\/\/api.w.org\/{rel}","templated":true}]}}