{"id":58387,"date":"2021-06-08T09:51:28","date_gmt":"2021-06-08T13:51:28","guid":{"rendered":"https:\/\/machineriesbst.com\/?post_type=product&#038;p=58387"},"modified":"2023-11-30T20:23:50","modified_gmt":"2023-12-01T01:23:50","slug":"planeur-sac-rs-63","status":"publish","type":"product","link":"https:\/\/machineriesbst.com\/en\/catalogue\/planeur-sac-rs-63\/","title":{"rendered":"Planer SAC, RS \/ 63"},"content":{"rendered":"<p>Planer SAC, RS \/ 63<\/p>\n<p>Width 630 mm.<\/p>\n<p>Maximum planing height in mm 240<br \/>\nelectric height adjustment with digital display<br \/>\nrpm 5000<br \/>\nnumber of rollers at exit 2<br \/>\nmain motor power in kW 5.5<br \/>\nmaximum advance in m \/ min 18<\/p>\n<p>600 volts<\/p>","protected":false},"excerpt":{"rendered":"<p>Glider SAC, RS \/ 63 Width 630 mm. Maximum planing height in mm 240 electrical height adjustment with digital display speed in revolutions \/ minute 5000 number of rollers at output 2 power of the main motor in kW 5.5 maximum feed in m \/ min 18,600 volts<\/p>","protected":false},"author":3,"featured_media":52940,"comment_status":"open","ping_status":"closed","template":"","meta":[],"product_cat":[211,3029],"product_tag":[],"acf":[],"yoast_head":"<!-- This site is optimized with the Yoast SEO plugin v16.8 - https:\/\/yoast.com\/wordpress\/plugins\/seo\/ -->\n<title>Planeur SAC , RS\/63 - Machineries BST<\/title>\n<meta name=\"robots\" content=\"index, follow, max-snippet:-1, max-image-preview:large, max-video-preview:-1\" \/>\n<link rel=\"canonical\" href=\"https:\/\/machineriesbst.com\/en\/catalogue\/planeur-sac-rs-63\/\" \/>\n<meta property=\"og:locale\" content=\"en_US\" \/>\n<meta property=\"og:type\" content=\"article\" \/>\n<meta property=\"og:title\" content=\"Planeur SAC , RS\/63 - Machineries BST\" \/>\n<meta property=\"og:description\" content=\"Planeur SAC , RS\/63 Largeur 630 mm. Hauteur maximale de rabotage en mm 240 r\u00e9glage \u00e9lectrique hauteur avec affichage num\u00e9rique r\u00e9gime en tours\/minute 5000 nombre de rouleaux \u00e0 la sortie 2 puissance du moteur principal en kW 5.5 avancement maximal en m\/min 18 600 volts\" \/>\n<meta property=\"og:url\" content=\"https:\/\/machineriesbst.com\/en\/catalogue\/planeur-sac-rs-63\/\" \/>\n<meta property=\"og:site_name\" content=\"Machineries BST\" \/>\n<meta property=\"article:modified_time\" content=\"2023-12-01T01:23:50+00:00\" \/>\n<meta property=\"og:image\" content=\"https:\/\/machineriesbst.com\/wp-content\/uploads\/2021\/05\/planeur_01.jpg\" \/>\n\t<meta property=\"og:image:width\" content=\"570\" \/>\n\t<meta property=\"og:image:height\" content=\"428\" \/>\n<meta name=\"twitter:card\" content=\"summary_large_image\" \/>\n<script type=\"application\/ld+json\" class=\"yoast-schema-graph\">{\"@context\":\"https:\/\/schema.org\",\"@graph\":[{\"@type\":\"WebSite\",\"@id\":\"https:\/\/machineriesbst.com\/en\/#website\",\"url\":\"https:\/\/machineriesbst.com\/en\/\",\"name\":\"Machineries BST\",\"description\":\"Machines neuves &amp; usag\\u00e9es\",\"potentialAction\":[{\"@type\":\"SearchAction\",\"target\":{\"@type\":\"EntryPoint\",\"urlTemplate\":\"https:\/\/machineriesbst.com\/en\/?s={search_term_string}\"},\"query-input\":\"required name=search_term_string\"}],\"inLanguage\":\"en-US\"},{\"@type\":\"ImageObject\",\"@id\":\"https:\/\/machineriesbst.com\/en\/catalogue\/planeur-sac-rs-63\/#primaryimage\",\"inLanguage\":\"en-US\",\"url\":\"https:\/\/machineriesbst.com\/wp-content\/uploads\/2021\/05\/planeur_01.jpg\",\"contentUrl\":\"https:\/\/machineriesbst.com\/wp-content\/uploads\/2021\/05\/planeur_01.jpg\",\"width\":570,\"height\":428},{\"@type\":\"WebPage\",\"@id\":\"https:\/\/machineriesbst.com\/en\/catalogue\/planeur-sac-rs-63\/#webpage\",\"url\":\"https:\/\/machineriesbst.com\/en\/catalogue\/planeur-sac-rs-63\/\",\"name\":\"Planeur SAC , RS\/63 - Machineries BST\",\"isPartOf\":{\"@id\":\"https:\/\/machineriesbst.com\/en\/#website\"},\"primaryImageOfPage\":{\"@id\":\"https:\/\/machineriesbst.com\/en\/catalogue\/planeur-sac-rs-63\/#primaryimage\"},\"datePublished\":\"2021-06-08T13:51:28+00:00\",\"dateModified\":\"2023-12-01T01:23:50+00:00\",\"breadcrumb\":{\"@id\":\"https:\/\/machineriesbst.com\/en\/catalogue\/planeur-sac-rs-63\/#breadcrumb\"},\"inLanguage\":\"en-US\",\"potentialAction\":[{\"@type\":\"ReadAction\",\"target\":[\"https:\/\/machineriesbst.com\/en\/catalogue\/planeur-sac-rs-63\/\"]}]},{\"@type\":\"BreadcrumbList\",\"@id\":\"https:\/\/machineriesbst.com\/en\/catalogue\/planeur-sac-rs-63\/#breadcrumb\",\"itemListElement\":[{\"@type\":\"ListItem\",\"position\":1,\"name\":\"Accueil\",\"item\":\"https:\/\/machineriesbst.com\/en\/\"},{\"@type\":\"ListItem\",\"position\":2,\"name\":\"Catalogue\",\"item\":\"https:\/\/machineriesbst.com\/en\/catalog\/\"},{\"@type\":\"ListItem\",\"position\":3,\"name\":\"Planeur SAC , RS\/63\"}]}]}<\/script>\n<!-- \/ Yoast SEO plugin. -->","yoast_head_json":{"title":"Planeur SAC , RS\/63 - Machineries BST","robots":{"index":"index","follow":"follow","max-snippet":"max-snippet:-1","max-image-preview":"max-image-preview:large","max-video-preview":"max-video-preview:-1"},"canonical":"https:\/\/machineriesbst.com\/en\/catalogue\/planeur-sac-rs-63\/","og_locale":"en_US","og_type":"article","og_title":"Planeur SAC , RS\/63 - Machineries BST","og_description":"Planeur SAC , RS\/63 Largeur 630 mm. Hauteur maximale de rabotage en mm 240 r\u00e9glage \u00e9lectrique hauteur avec affichage num\u00e9rique r\u00e9gime en tours\/minute 5000 nombre de rouleaux \u00e0 la sortie 2 puissance du moteur principal en kW 5.5 avancement maximal en m\/min 18 600 volts","og_url":"https:\/\/machineriesbst.com\/en\/catalogue\/planeur-sac-rs-63\/","og_site_name":"Machineries BST","article_modified_time":"2023-12-01T01:23:50+00:00","og_image":[{"width":570,"height":428,"url":"https:\/\/machineriesbst.com\/wp-content\/uploads\/2021\/05\/planeur_01.jpg","path":"\/home\/jepeto\/public_html\/wp-content\/uploads\/2021\/05\/planeur_01.jpg","size":"full","id":52940,"alt":"","pixels":243960,"type":"image\/jpeg"}],"twitter_card":"summary_large_image","schema":{"@context":"https:\/\/schema.org","@graph":[{"@type":"WebSite","@id":"https:\/\/machineriesbst.com\/en\/#website","url":"https:\/\/machineriesbst.com\/en\/","name":"Machineries BST","description":"Machines neuves &amp; usag\u00e9es","potentialAction":[{"@type":"SearchAction","target":{"@type":"EntryPoint","urlTemplate":"https:\/\/machineriesbst.com\/en\/?s={search_term_string}"},"query-input":"required name=search_term_string"}],"inLanguage":"en-US"},{"@type":"ImageObject","@id":"https:\/\/machineriesbst.com\/en\/catalogue\/planeur-sac-rs-63\/#primaryimage","inLanguage":"en-US","url":"https:\/\/machineriesbst.com\/wp-content\/uploads\/2021\/05\/planeur_01.jpg","contentUrl":"https:\/\/machineriesbst.com\/wp-content\/uploads\/2021\/05\/planeur_01.jpg","width":570,"height":428},{"@type":"WebPage","@id":"https:\/\/machineriesbst.com\/en\/catalogue\/planeur-sac-rs-63\/#webpage","url":"https:\/\/machineriesbst.com\/en\/catalogue\/planeur-sac-rs-63\/","name":"Planeur SAC , RS\/63 - Machineries BST","isPartOf":{"@id":"https:\/\/machineriesbst.com\/en\/#website"},"primaryImageOfPage":{"@id":"https:\/\/machineriesbst.com\/en\/catalogue\/planeur-sac-rs-63\/#primaryimage"},"datePublished":"2021-06-08T13:51:28+00:00","dateModified":"2023-12-01T01:23:50+00:00","breadcrumb":{"@id":"https:\/\/machineriesbst.com\/en\/catalogue\/planeur-sac-rs-63\/#breadcrumb"},"inLanguage":"en-US","potentialAction":[{"@type":"ReadAction","target":["https:\/\/machineriesbst.com\/en\/catalogue\/planeur-sac-rs-63\/"]}]},{"@type":"BreadcrumbList","@id":"https:\/\/machineriesbst.com\/en\/catalogue\/planeur-sac-rs-63\/#breadcrumb","itemListElement":[{"@type":"ListItem","position":1,"name":"Accueil","item":"https:\/\/machineriesbst.com\/en\/"},{"@type":"ListItem","position":2,"name":"Catalogue","item":"https:\/\/machineriesbst.com\/en\/catalog\/"},{"@type":"ListItem","position":3,"name":"Planeur SAC , RS\/63"}]}]}},"_links":{"self":[{"href":"https:\/\/machineriesbst.com\/en\/wp-json\/wp\/v2\/product\/58387"}],"collection":[{"href":"https:\/\/machineriesbst.com\/en\/wp-json\/wp\/v2\/product"}],"about":[{"href":"https:\/\/machineriesbst.com\/en\/wp-json\/wp\/v2\/types\/product"}],"author":[{"embeddable":true,"href":"https:\/\/machineriesbst.com\/en\/wp-json\/wp\/v2\/users\/3"}],"replies":[{"embeddable":true,"href":"https:\/\/machineriesbst.com\/en\/wp-json\/wp\/v2\/comments?post=58387"}],"wp:featuredmedia":[{"embeddable":true,"href":"https:\/\/machineriesbst.com\/en\/wp-json\/wp\/v2\/media\/52940"}],"wp:attachment":[{"href":"https:\/\/machineriesbst.com\/en\/wp-json\/wp\/v2\/media?parent=58387"}],"wp:term":[{"taxonomy":"product_cat","embeddable":true,"href":"https:\/\/machineriesbst.com\/en\/wp-json\/wp\/v2\/product_cat?post=58387"},{"taxonomy":"product_tag","embeddable":true,"href":"https:\/\/machineriesbst.com\/en\/wp-json\/wp\/v2\/product_tag?post=58387"}],"curies":[{"name":"wp","href":"https:\/\/api.w.org\/{rel}","templated":true}]}}