{"id":58382,"date":"2021-06-08T09:51:27","date_gmt":"2021-06-08T13:51:27","guid":{"rendered":"https:\/\/machineriesbst.com\/?post_type=product&#038;p=58382"},"modified":"2023-11-30T20:23:50","modified_gmt":"2023-12-01T01:23:50","slug":"table-elevatrice-labonte-1000-lbs-24-48","status":"publish","type":"product","link":"https:\/\/machineriesbst.com\/en\/catalogue\/table-elevatrice-labonte-1000-lbs-24-48\/","title":{"rendered":"Labont\u00e9 lift table 1000 lbs - 24 &#39;&#39; \/ 48 &#39;&#39;"},"content":{"rendered":"<p>New Labont\u00e9 lift table. 24 &#39;&#39; \/ 48 &#39;&#39;<\/p>\n<p>SPECIFICATIONS<br \/>\nCapacity: 1000 lbs<br \/>\nMin height \/ max. : 7-1 \/ 2 &#39;&#39; \/ 42 &#39;&#39;<br \/>\nColor blue<br \/>\nMotor and hydraulic unit 120V under the table<br \/>\nManual push button control \/ 10 &#39;wire<br \/>\nPivot point on self-lubricating bearings<br \/>\nChromed assembly rod<br \/>\nSingle-acting cylinder with velocity valve<br \/>\nCustom 3\/16 &#39;&#39; smooth steel table top<br \/>\nSolid steel scissors<\/p>\n<hr \/>\n<p>OTHER VOLTAGES<br \/>\n\u2022 220V \/ 1PH \/ 60HZ<br \/>\n\u2022 208V \/ 3PH \/ 60HZ<br \/>\n\u2022 460V \/ 3PH \/ 60HZ<br \/>\n\u2022 600V \/ 3PH \/ 60HZ<br \/>\n\u2022 Hydropneumatic<br \/>\n\u2022 12V \/ DC - 24V \/ DC<br \/>\n\u2022 Stationary hydraulic unit for<br \/>\ncontinuous function in automation<br \/>\n\u2022 Double action unit<\/p>\n<hr \/>\n<p>OPTIONS<br \/>\n\u2022 Special dimensions on request<br \/>\n\u2022 Foot control<br \/>\n\u2022 Safety ribbon switch<br \/>\n\u2022 Protection curtain<br \/>\n\u2022 Tray with ball bearings<br \/>\n\u2022 Automating<br \/>\n\u2022 Lifting eyelets<br \/>\n\u2022 Control panel<br \/>\n\u2022 Handling frame<br \/>\n\u2022 Diamond sheet surface<\/p>\n<p>\u2022 Link ramp<br \/>\n\u2022 Boarding ramp<br \/>\n\u2022 Double action<br \/>\n\u2022 Circular or rectangular turntable<br \/>\n\u2022 Stroke limiter<br \/>\n\u2022 Conveyor with rollers<br \/>\n\u2022 High cycle (greasable pivots, step bearing)<br \/>\n\u2022 Other options on request<br \/>\n\u2022 Electric safety valve (jack foot)<br \/>\n\u2022 Custom-made platform<\/p>","protected":false},"excerpt":{"rendered":"<p>New Labont\u00e9 lift table. 24 &#39;&#39; \/ 48 &#39;&#39; SPECIFICATIONS Capacity: 1000 lbs Min. \/ max. : 7-1 \/ 2 &#39;&#39; \/ 42 &#39;&#39; Color: blue 120V motor and hydraulic unit under the table Manual push button control \/ 10 &#39;thread Pivot point on self-lubricating bearings Chrome assembly rod Single-action cylinder with velocity valve 3\/16 &#39;&#39; smooth steel plate [\u2026]<\/p>","protected":false},"author":3,"featured_media":52912,"comment_status":"open","ping_status":"closed","template":"","meta":[],"product_cat":[237,3021],"product_tag":[],"acf":[],"yoast_head":"<!-- This site is optimized with the Yoast SEO plugin v16.8 - https:\/\/yoast.com\/wordpress\/plugins\/seo\/ -->\n<title>Table \u00e9l\u00e9vatrice Labont\u00e9 1000 lbs - 24&#039;&#039;\/48&#039;&#039; - Machineries BST<\/title>\n<meta name=\"robots\" content=\"index, follow, max-snippet:-1, max-image-preview:large, max-video-preview:-1\" \/>\n<link rel=\"canonical\" href=\"https:\/\/machineriesbst.com\/en\/catalogue\/table-elevatrice-labonte-1000-lbs-24-48\/\" \/>\n<meta property=\"og:locale\" content=\"en_US\" \/>\n<meta property=\"og:type\" content=\"article\" \/>\n<meta property=\"og:title\" content=\"Table \u00e9l\u00e9vatrice Labont\u00e9 1000 lbs - 24&#039;&#039;\/48&#039;&#039; - Machineries BST\" \/>\n<meta property=\"og:description\" content=\"Table \u00e9l\u00e9vatrice Labont\u00e9 neuve. 24&#039;&#039;\/48&#039;&#039; SP\u00c9CIFICATIONS Capacit\u00e9 : 1000 lbs Hauteur min. \/ max. : 7-1\/2\u2019\u2019 \/ 42\u2019\u2019 Couleur : bleue Moteur et unit\u00e9 hydraulique 120V sous la table Contr\u00f4le manuel bouton-poussoir \/ 10\u2019 fil Point de pivot sur coussinets autolubrifiant Tige d\u2019assemblage chrom\u00e9e Cylindre simple action avec valve de v\u00e9locit\u00e9 Plateau 3\/16\u2019\u2019 acier lisse [&hellip;]\" \/>\n<meta property=\"og:url\" content=\"https:\/\/machineriesbst.com\/en\/catalogue\/table-elevatrice-labonte-1000-lbs-24-48\/\" \/>\n<meta property=\"og:site_name\" content=\"Machineries BST\" \/>\n<meta property=\"article:modified_time\" content=\"2023-12-01T01:23:50+00:00\" \/>\n<meta property=\"og:image\" content=\"https:\/\/machineriesbst.com\/wp-content\/uploads\/2021\/05\/table-simple.jpg\" \/>\n\t<meta property=\"og:image:width\" content=\"596\" \/>\n\t<meta property=\"og:image:height\" content=\"378\" \/>\n<meta name=\"twitter:card\" content=\"summary_large_image\" \/>\n<meta name=\"twitter:label1\" content=\"Est. reading time\" \/>\n\t<meta name=\"twitter:data1\" content=\"1 minute\" \/>\n<script type=\"application\/ld+json\" class=\"yoast-schema-graph\">{\"@context\":\"https:\/\/schema.org\",\"@graph\":[{\"@type\":\"WebSite\",\"@id\":\"https:\/\/machineriesbst.com\/en\/#website\",\"url\":\"https:\/\/machineriesbst.com\/en\/\",\"name\":\"Machineries BST\",\"description\":\"Machines neuves &amp; usag\\u00e9es\",\"potentialAction\":[{\"@type\":\"SearchAction\",\"target\":{\"@type\":\"EntryPoint\",\"urlTemplate\":\"https:\/\/machineriesbst.com\/en\/?s={search_term_string}\"},\"query-input\":\"required name=search_term_string\"}],\"inLanguage\":\"en-US\"},{\"@type\":\"ImageObject\",\"@id\":\"https:\/\/machineriesbst.com\/en\/catalogue\/table-elevatrice-labonte-1000-lbs-24-48\/#primaryimage\",\"inLanguage\":\"en-US\",\"url\":\"https:\/\/machineriesbst.com\/wp-content\/uploads\/2021\/05\/table-simple.jpg\",\"contentUrl\":\"https:\/\/machineriesbst.com\/wp-content\/uploads\/2021\/05\/table-simple.jpg\",\"width\":596,\"height\":378},{\"@type\":\"WebPage\",\"@id\":\"https:\/\/machineriesbst.com\/en\/catalogue\/table-elevatrice-labonte-1000-lbs-24-48\/#webpage\",\"url\":\"https:\/\/machineriesbst.com\/en\/catalogue\/table-elevatrice-labonte-1000-lbs-24-48\/\",\"name\":\"Table \\u00e9l\\u00e9vatrice Labont\\u00e9 1000 lbs - 24''\/48'' - Machineries BST\",\"isPartOf\":{\"@id\":\"https:\/\/machineriesbst.com\/en\/#website\"},\"primaryImageOfPage\":{\"@id\":\"https:\/\/machineriesbst.com\/en\/catalogue\/table-elevatrice-labonte-1000-lbs-24-48\/#primaryimage\"},\"datePublished\":\"2021-06-08T13:51:27+00:00\",\"dateModified\":\"2023-12-01T01:23:50+00:00\",\"breadcrumb\":{\"@id\":\"https:\/\/machineriesbst.com\/en\/catalogue\/table-elevatrice-labonte-1000-lbs-24-48\/#breadcrumb\"},\"inLanguage\":\"en-US\",\"potentialAction\":[{\"@type\":\"ReadAction\",\"target\":[\"https:\/\/machineriesbst.com\/en\/catalogue\/table-elevatrice-labonte-1000-lbs-24-48\/\"]}]},{\"@type\":\"BreadcrumbList\",\"@id\":\"https:\/\/machineriesbst.com\/en\/catalogue\/table-elevatrice-labonte-1000-lbs-24-48\/#breadcrumb\",\"itemListElement\":[{\"@type\":\"ListItem\",\"position\":1,\"name\":\"Accueil\",\"item\":\"https:\/\/machineriesbst.com\/en\/\"},{\"@type\":\"ListItem\",\"position\":2,\"name\":\"Catalogue\",\"item\":\"https:\/\/machineriesbst.com\/en\/catalog\/\"},{\"@type\":\"ListItem\",\"position\":3,\"name\":\"Table \\u00e9l\\u00e9vatrice Labont\\u00e9 1000 lbs - 24''\/48''\"}]}]}<\/script>\n<!-- \/ Yoast SEO plugin. -->","yoast_head_json":{"title":"Table \u00e9l\u00e9vatrice Labont\u00e9 1000 lbs - 24''\/48'' - Machineries BST","robots":{"index":"index","follow":"follow","max-snippet":"max-snippet:-1","max-image-preview":"max-image-preview:large","max-video-preview":"max-video-preview:-1"},"canonical":"https:\/\/machineriesbst.com\/en\/catalogue\/table-elevatrice-labonte-1000-lbs-24-48\/","og_locale":"en_US","og_type":"article","og_title":"Table \u00e9l\u00e9vatrice Labont\u00e9 1000 lbs - 24''\/48'' - Machineries BST","og_description":"Table \u00e9l\u00e9vatrice Labont\u00e9 neuve. 24''\/48'' SP\u00c9CIFICATIONS Capacit\u00e9 : 1000 lbs Hauteur min. \/ max. : 7-1\/2\u2019\u2019 \/ 42\u2019\u2019 Couleur : bleue Moteur et unit\u00e9 hydraulique 120V sous la table Contr\u00f4le manuel bouton-poussoir \/ 10\u2019 fil Point de pivot sur coussinets autolubrifiant Tige d\u2019assemblage chrom\u00e9e Cylindre simple action avec valve de v\u00e9locit\u00e9 Plateau 3\/16\u2019\u2019 acier lisse [&hellip;]","og_url":"https:\/\/machineriesbst.com\/en\/catalogue\/table-elevatrice-labonte-1000-lbs-24-48\/","og_site_name":"Machineries BST","article_modified_time":"2023-12-01T01:23:50+00:00","og_image":[{"width":596,"height":378,"url":"https:\/\/machineriesbst.com\/wp-content\/uploads\/2021\/05\/table-simple.jpg","path":"\/home\/jepeto\/public_html\/wp-content\/uploads\/2021\/05\/table-simple.jpg","size":"full","id":52912,"alt":"","pixels":225288,"type":"image\/jpeg"}],"twitter_card":"summary_large_image","twitter_misc":{"Est. reading time":"1 minute"},"schema":{"@context":"https:\/\/schema.org","@graph":[{"@type":"WebSite","@id":"https:\/\/machineriesbst.com\/en\/#website","url":"https:\/\/machineriesbst.com\/en\/","name":"Machineries BST","description":"Machines neuves &amp; usag\u00e9es","potentialAction":[{"@type":"SearchAction","target":{"@type":"EntryPoint","urlTemplate":"https:\/\/machineriesbst.com\/en\/?s={search_term_string}"},"query-input":"required name=search_term_string"}],"inLanguage":"en-US"},{"@type":"ImageObject","@id":"https:\/\/machineriesbst.com\/en\/catalogue\/table-elevatrice-labonte-1000-lbs-24-48\/#primaryimage","inLanguage":"en-US","url":"https:\/\/machineriesbst.com\/wp-content\/uploads\/2021\/05\/table-simple.jpg","contentUrl":"https:\/\/machineriesbst.com\/wp-content\/uploads\/2021\/05\/table-simple.jpg","width":596,"height":378},{"@type":"WebPage","@id":"https:\/\/machineriesbst.com\/en\/catalogue\/table-elevatrice-labonte-1000-lbs-24-48\/#webpage","url":"https:\/\/machineriesbst.com\/en\/catalogue\/table-elevatrice-labonte-1000-lbs-24-48\/","name":"Table \u00e9l\u00e9vatrice Labont\u00e9 1000 lbs - 24''\/48'' - Machineries BST","isPartOf":{"@id":"https:\/\/machineriesbst.com\/en\/#website"},"primaryImageOfPage":{"@id":"https:\/\/machineriesbst.com\/en\/catalogue\/table-elevatrice-labonte-1000-lbs-24-48\/#primaryimage"},"datePublished":"2021-06-08T13:51:27+00:00","dateModified":"2023-12-01T01:23:50+00:00","breadcrumb":{"@id":"https:\/\/machineriesbst.com\/en\/catalogue\/table-elevatrice-labonte-1000-lbs-24-48\/#breadcrumb"},"inLanguage":"en-US","potentialAction":[{"@type":"ReadAction","target":["https:\/\/machineriesbst.com\/en\/catalogue\/table-elevatrice-labonte-1000-lbs-24-48\/"]}]},{"@type":"BreadcrumbList","@id":"https:\/\/machineriesbst.com\/en\/catalogue\/table-elevatrice-labonte-1000-lbs-24-48\/#breadcrumb","itemListElement":[{"@type":"ListItem","position":1,"name":"Accueil","item":"https:\/\/machineriesbst.com\/en\/"},{"@type":"ListItem","position":2,"name":"Catalogue","item":"https:\/\/machineriesbst.com\/en\/catalog\/"},{"@type":"ListItem","position":3,"name":"Table \u00e9l\u00e9vatrice Labont\u00e9 1000 lbs - 24''\/48''"}]}]}},"_links":{"self":[{"href":"https:\/\/machineriesbst.com\/en\/wp-json\/wp\/v2\/product\/58382"}],"collection":[{"href":"https:\/\/machineriesbst.com\/en\/wp-json\/wp\/v2\/product"}],"about":[{"href":"https:\/\/machineriesbst.com\/en\/wp-json\/wp\/v2\/types\/product"}],"author":[{"embeddable":true,"href":"https:\/\/machineriesbst.com\/en\/wp-json\/wp\/v2\/users\/3"}],"replies":[{"embeddable":true,"href":"https:\/\/machineriesbst.com\/en\/wp-json\/wp\/v2\/comments?post=58382"}],"wp:featuredmedia":[{"embeddable":true,"href":"https:\/\/machineriesbst.com\/en\/wp-json\/wp\/v2\/media\/52912"}],"wp:attachment":[{"href":"https:\/\/machineriesbst.com\/en\/wp-json\/wp\/v2\/media?parent=58382"}],"wp:term":[{"taxonomy":"product_cat","embeddable":true,"href":"https:\/\/machineriesbst.com\/en\/wp-json\/wp\/v2\/product_cat?post=58382"},{"taxonomy":"product_tag","embeddable":true,"href":"https:\/\/machineriesbst.com\/en\/wp-json\/wp\/v2\/product_tag?post=58382"}],"curies":[{"name":"wp","href":"https:\/\/api.w.org\/{rel}","templated":true}]}}