{"id":58375,"date":"2021-06-08T09:51:25","date_gmt":"2021-06-08T13:51:25","guid":{"rendered":"https:\/\/machineriesbst.com\/?post_type=product&#038;p=58375"},"modified":"2023-11-30T20:23:50","modified_gmt":"2023-12-01T01:23:50","slug":"scie-a-panneaux-altendorf-numerique-2016","status":"publish","type":"product","link":"https:\/\/machineriesbst.com\/en\/catalogue\/scie-a-panneaux-altendorf-numerique-2016\/","title":{"rendered":"2016 Altendorf Digital Panel Saw"},"content":{"rendered":"<table>\n<tbody>\n<tr>\n<td>\n<ul>\n<li>Tilt and height adjustment by electric motor from 0 to 46 \u00b0 for the saw, with automatic correction of the cutting height when tilting the saw unit<\/li>\n<\/ul>\n<\/td>\n<td><\/td>\n<\/tr>\n<tr>\n<td>\n<ul>\n<li>Control system at eye level, tiltable<\/li>\n<\/ul>\n<\/td>\n<\/tr>\n<tr>\n<td>\n<ul>\n<li>Double roller trolley, length 3000 mm<\/li>\n<\/ul>\n<\/td>\n<\/tr>\n<tr>\n<td>\n<ul>\n<li>Rip fence, manual adjustment, adjustable with graduated scale, manual fine adjustment included, cutting width 1000 mm<\/li>\n<\/ul>\n<\/td>\n<\/tr>\n<tr>\n<td>\n<ul>\n<li>Transverse guide with fixed 90 \u00b0 position, manually adjustable or with graduated scale up to 3200 mm<\/li>\n<\/ul>\n<\/td>\n<\/tr>\n<tr>\n<td>\n<ul>\n<li>Blade protrusion up to max. 150 mm, diameter max. blade width 450 mm<\/li>\n<\/ul>\n<\/td>\n<\/tr>\n<tr>\n<td>\n<ul>\n<li>4 kW (5.5 hp) drive power, with a rotational speed of 4000 rpm<\/li>\n<\/ul>\n<\/td>\n<\/tr>\n<tr>\n<td>\n<ul>\n<li>AKE clamping system for the main saw<\/li>\n<\/ul>\n<\/td>\n<\/tr>\n<tr>\n<td>\n<ul>\n<li>Height 91 cm<\/li>\n<\/ul>\n<\/td>\n<\/tr>\n<\/tbody>\n<\/table>\n<p class=\"bodytext\">","protected":false},"excerpt":{"rendered":"<p>Tilt and height adjustment by electric motor from 0 to 46 \u00b0 for the saw, with automatic correction of the cutting height when tilting the saw unit Control system at eye level, tilting Double carriage rollers, length 3000 mm Parallel guide, manual adjustment, adjustable with graduated scale, [\u2026]<\/p>","protected":false},"author":3,"featured_media":52870,"comment_status":"open","ping_status":"closed","template":"","meta":[],"product_cat":[214,3017],"product_tag":[],"acf":[],"yoast_head":"<!-- This site is optimized with the Yoast SEO plugin v16.8 - https:\/\/yoast.com\/wordpress\/plugins\/seo\/ -->\n<title>Scie \u00e0 panneaux Altendorf Num\u00e9rique 2016 - Machineries BST<\/title>\n<meta name=\"robots\" content=\"index, follow, max-snippet:-1, max-image-preview:large, max-video-preview:-1\" \/>\n<link rel=\"canonical\" href=\"https:\/\/machineriesbst.com\/en\/catalogue\/scie-a-panneaux-altendorf-numerique-2016\/\" \/>\n<meta property=\"og:locale\" content=\"en_US\" \/>\n<meta property=\"og:type\" content=\"article\" \/>\n<meta property=\"og:title\" content=\"Scie \u00e0 panneaux Altendorf Num\u00e9rique 2016 - Machineries BST\" \/>\n<meta property=\"og:description\" content=\"R\u00e9glage de l&#039;inclinaison et de la hauteur par moteur \u00e9lectrique de 0 \u00e0 46\u00b0 pour la scie, avec correction automatique de la hauteur de coupe lors de l&#039;inclinaison du groupe de sciage Syst\u00e8me de commande \u00e0 hauteur des yeux, inclinable Chariot \u00e0 doubles rouleaux, longueur 3000 mm Guide parall\u00e8le, r\u00e9glage manuel, r\u00e9glable avec \u00e9chelle gradu\u00e9e, [&hellip;]\" \/>\n<meta property=\"og:url\" content=\"https:\/\/machineriesbst.com\/en\/catalogue\/scie-a-panneaux-altendorf-numerique-2016\/\" \/>\n<meta property=\"og:site_name\" content=\"Machineries BST\" \/>\n<meta property=\"article:modified_time\" content=\"2023-12-01T01:23:50+00:00\" \/>\n<meta property=\"og:image\" content=\"https:\/\/machineriesbst.com\/wp-content\/uploads\/2021\/05\/IMG_8621.jpg\" \/>\n\t<meta property=\"og:image:width\" content=\"640\" \/>\n\t<meta property=\"og:image:height\" content=\"480\" \/>\n<meta name=\"twitter:card\" content=\"summary_large_image\" \/>\n<meta name=\"twitter:label1\" content=\"Est. reading time\" \/>\n\t<meta name=\"twitter:data1\" content=\"1 minute\" \/>\n<script type=\"application\/ld+json\" class=\"yoast-schema-graph\">{\"@context\":\"https:\/\/schema.org\",\"@graph\":[{\"@type\":\"WebSite\",\"@id\":\"https:\/\/machineriesbst.com\/en\/#website\",\"url\":\"https:\/\/machineriesbst.com\/en\/\",\"name\":\"Machineries BST\",\"description\":\"Machines neuves &amp; usag\\u00e9es\",\"potentialAction\":[{\"@type\":\"SearchAction\",\"target\":{\"@type\":\"EntryPoint\",\"urlTemplate\":\"https:\/\/machineriesbst.com\/en\/?s={search_term_string}\"},\"query-input\":\"required name=search_term_string\"}],\"inLanguage\":\"en-US\"},{\"@type\":\"ImageObject\",\"@id\":\"https:\/\/machineriesbst.com\/en\/catalogue\/scie-a-panneaux-altendorf-numerique-2016\/#primaryimage\",\"inLanguage\":\"en-US\",\"url\":\"https:\/\/machineriesbst.com\/wp-content\/uploads\/2021\/05\/IMG_8621.jpg\",\"contentUrl\":\"https:\/\/machineriesbst.com\/wp-content\/uploads\/2021\/05\/IMG_8621.jpg\",\"width\":640,\"height\":480},{\"@type\":\"WebPage\",\"@id\":\"https:\/\/machineriesbst.com\/en\/catalogue\/scie-a-panneaux-altendorf-numerique-2016\/#webpage\",\"url\":\"https:\/\/machineriesbst.com\/en\/catalogue\/scie-a-panneaux-altendorf-numerique-2016\/\",\"name\":\"Scie \\u00e0 panneaux Altendorf Num\\u00e9rique 2016 - Machineries BST\",\"isPartOf\":{\"@id\":\"https:\/\/machineriesbst.com\/en\/#website\"},\"primaryImageOfPage\":{\"@id\":\"https:\/\/machineriesbst.com\/en\/catalogue\/scie-a-panneaux-altendorf-numerique-2016\/#primaryimage\"},\"datePublished\":\"2021-06-08T13:51:25+00:00\",\"dateModified\":\"2023-12-01T01:23:50+00:00\",\"breadcrumb\":{\"@id\":\"https:\/\/machineriesbst.com\/en\/catalogue\/scie-a-panneaux-altendorf-numerique-2016\/#breadcrumb\"},\"inLanguage\":\"en-US\",\"potentialAction\":[{\"@type\":\"ReadAction\",\"target\":[\"https:\/\/machineriesbst.com\/en\/catalogue\/scie-a-panneaux-altendorf-numerique-2016\/\"]}]},{\"@type\":\"BreadcrumbList\",\"@id\":\"https:\/\/machineriesbst.com\/en\/catalogue\/scie-a-panneaux-altendorf-numerique-2016\/#breadcrumb\",\"itemListElement\":[{\"@type\":\"ListItem\",\"position\":1,\"name\":\"Accueil\",\"item\":\"https:\/\/machineriesbst.com\/en\/\"},{\"@type\":\"ListItem\",\"position\":2,\"name\":\"Catalogue\",\"item\":\"https:\/\/machineriesbst.com\/en\/catalog\/\"},{\"@type\":\"ListItem\",\"position\":3,\"name\":\"Scie \\u00e0 panneaux Altendorf Num\\u00e9rique 2016\"}]}]}<\/script>\n<!-- \/ Yoast SEO plugin. -->","yoast_head_json":{"title":"Scie \u00e0 panneaux Altendorf Num\u00e9rique 2016 - Machineries BST","robots":{"index":"index","follow":"follow","max-snippet":"max-snippet:-1","max-image-preview":"max-image-preview:large","max-video-preview":"max-video-preview:-1"},"canonical":"https:\/\/machineriesbst.com\/en\/catalogue\/scie-a-panneaux-altendorf-numerique-2016\/","og_locale":"en_US","og_type":"article","og_title":"Scie \u00e0 panneaux Altendorf Num\u00e9rique 2016 - Machineries BST","og_description":"R\u00e9glage de l'inclinaison et de la hauteur par moteur \u00e9lectrique de 0 \u00e0 46\u00b0 pour la scie, avec correction automatique de la hauteur de coupe lors de l'inclinaison du groupe de sciage Syst\u00e8me de commande \u00e0 hauteur des yeux, inclinable Chariot \u00e0 doubles rouleaux, longueur 3000 mm Guide parall\u00e8le, r\u00e9glage manuel, r\u00e9glable avec \u00e9chelle gradu\u00e9e, [&hellip;]","og_url":"https:\/\/machineriesbst.com\/en\/catalogue\/scie-a-panneaux-altendorf-numerique-2016\/","og_site_name":"Machineries BST","article_modified_time":"2023-12-01T01:23:50+00:00","og_image":[{"width":640,"height":480,"url":"https:\/\/machineriesbst.com\/wp-content\/uploads\/2021\/05\/IMG_8621.jpg","path":"\/home\/jepeto\/public_html\/wp-content\/uploads\/2021\/05\/IMG_8621.jpg","size":"full","id":52870,"alt":"","pixels":307200,"type":"image\/jpeg"}],"twitter_card":"summary_large_image","twitter_misc":{"Est. reading time":"1 minute"},"schema":{"@context":"https:\/\/schema.org","@graph":[{"@type":"WebSite","@id":"https:\/\/machineriesbst.com\/en\/#website","url":"https:\/\/machineriesbst.com\/en\/","name":"Machineries BST","description":"Machines neuves &amp; usag\u00e9es","potentialAction":[{"@type":"SearchAction","target":{"@type":"EntryPoint","urlTemplate":"https:\/\/machineriesbst.com\/en\/?s={search_term_string}"},"query-input":"required name=search_term_string"}],"inLanguage":"en-US"},{"@type":"ImageObject","@id":"https:\/\/machineriesbst.com\/en\/catalogue\/scie-a-panneaux-altendorf-numerique-2016\/#primaryimage","inLanguage":"en-US","url":"https:\/\/machineriesbst.com\/wp-content\/uploads\/2021\/05\/IMG_8621.jpg","contentUrl":"https:\/\/machineriesbst.com\/wp-content\/uploads\/2021\/05\/IMG_8621.jpg","width":640,"height":480},{"@type":"WebPage","@id":"https:\/\/machineriesbst.com\/en\/catalogue\/scie-a-panneaux-altendorf-numerique-2016\/#webpage","url":"https:\/\/machineriesbst.com\/en\/catalogue\/scie-a-panneaux-altendorf-numerique-2016\/","name":"Scie \u00e0 panneaux Altendorf Num\u00e9rique 2016 - Machineries BST","isPartOf":{"@id":"https:\/\/machineriesbst.com\/en\/#website"},"primaryImageOfPage":{"@id":"https:\/\/machineriesbst.com\/en\/catalogue\/scie-a-panneaux-altendorf-numerique-2016\/#primaryimage"},"datePublished":"2021-06-08T13:51:25+00:00","dateModified":"2023-12-01T01:23:50+00:00","breadcrumb":{"@id":"https:\/\/machineriesbst.com\/en\/catalogue\/scie-a-panneaux-altendorf-numerique-2016\/#breadcrumb"},"inLanguage":"en-US","potentialAction":[{"@type":"ReadAction","target":["https:\/\/machineriesbst.com\/en\/catalogue\/scie-a-panneaux-altendorf-numerique-2016\/"]}]},{"@type":"BreadcrumbList","@id":"https:\/\/machineriesbst.com\/en\/catalogue\/scie-a-panneaux-altendorf-numerique-2016\/#breadcrumb","itemListElement":[{"@type":"ListItem","position":1,"name":"Accueil","item":"https:\/\/machineriesbst.com\/en\/"},{"@type":"ListItem","position":2,"name":"Catalogue","item":"https:\/\/machineriesbst.com\/en\/catalog\/"},{"@type":"ListItem","position":3,"name":"Scie \u00e0 panneaux Altendorf Num\u00e9rique 2016"}]}]}},"_links":{"self":[{"href":"https:\/\/machineriesbst.com\/en\/wp-json\/wp\/v2\/product\/58375"}],"collection":[{"href":"https:\/\/machineriesbst.com\/en\/wp-json\/wp\/v2\/product"}],"about":[{"href":"https:\/\/machineriesbst.com\/en\/wp-json\/wp\/v2\/types\/product"}],"author":[{"embeddable":true,"href":"https:\/\/machineriesbst.com\/en\/wp-json\/wp\/v2\/users\/3"}],"replies":[{"embeddable":true,"href":"https:\/\/machineriesbst.com\/en\/wp-json\/wp\/v2\/comments?post=58375"}],"wp:featuredmedia":[{"embeddable":true,"href":"https:\/\/machineriesbst.com\/en\/wp-json\/wp\/v2\/media\/52870"}],"wp:attachment":[{"href":"https:\/\/machineriesbst.com\/en\/wp-json\/wp\/v2\/media?parent=58375"}],"wp:term":[{"taxonomy":"product_cat","embeddable":true,"href":"https:\/\/machineriesbst.com\/en\/wp-json\/wp\/v2\/product_cat?post=58375"},{"taxonomy":"product_tag","embeddable":true,"href":"https:\/\/machineriesbst.com\/en\/wp-json\/wp\/v2\/product_tag?post=58375"}],"curies":[{"name":"wp","href":"https:\/\/api.w.org\/{rel}","templated":true}]}}