{"id":58373,"date":"2021-06-08T09:51:25","date_gmt":"2021-06-08T13:51:25","guid":{"rendered":"https:\/\/machineriesbst.com\/?post_type=product&#038;p=58373"},"modified":"2023-11-30T20:23:50","modified_gmt":"2023-12-01T01:23:50","slug":"systeme-a-air-chaud-biesse-roxyl-55-w-air-force","status":"publish","type":"product","link":"https:\/\/machineriesbst.com\/en\/catalogue\/systeme-a-air-chaud-biesse-roxyl-55-w-air-force\/","title":{"rendered":"Biesse Roxyl 5.5 w \/ Air Force Hot Air System"},"content":{"rendered":"<p>BIESSE ROXYL 5.5 w \/ &quot;AIR FORCE&quot; hot air system<\/p>\n<p>&nbsp;<\/p>\n<p>Characteristics:<\/p>\n<p>Min. Panel thickness: 10mm<\/p>\n<p>Max. Panel thickness: 60mm<\/p>\n<p>Band Edge Material: 14-64mm<\/p>\n<p>Min. Band thickness: 0.3mm<\/p>\n<p>Max. Band thickness: 15mm<\/p>\n<p>Min. Panel length: 140mm<\/p>\n<p>Min. Panel width: 85mm (140mm panel length)<\/p>\n<p>Min. Panel width: 50mm (panel length 250mm)<\/p>\n<p>Feeding speeds: 10, 14, 18, 20 m \/ min<\/p>\n<p>&nbsp;<\/p>\n<p>Equipped as follows:<\/p>\n<p>Automatic machine configuration system (&quot;Roxyl-Matic&quot;)<\/p>\n<p>Windows XP operating system with 17 inch color monitor<\/p>\n<p>Belt driven upper pressure bar<\/p>\n<p>Automatic tape feeder<\/p>\n<p>Infrared heating lamp<\/p>\n<p>&quot;Air Force System&quot;<\/p>\n<p>QM-705 glue system with pre-melting unit<\/p>\n<p>ADZ-700 Non-stick spray unit<\/p>\n<p>Automatic feed pressure system<\/p>\n<p>FL-502 pre-milling unit with automatic adjustment device<\/p>\n<p>IN-801 Front and rear cutting units with tilt<\/p>\n<p>RS-701 coarse trimming units top and bottom<\/p>\n<p>RF-400 Fine size units<\/p>\n<p>CR-202 Engine Corner Rounding 2<\/p>\n<p>RBK-503 cutting units<\/p>\n<p>High and low profile scraping units<\/p>\n<p>RCC-701 Upper and Lower Glue Scraper Units<\/p>\n<p>SP-501 top and bottom polishing units<\/p>\n<p>PH-700 Top and Bottom Edge Hot Air Blowers<\/p>\n<p>Understand; Multi-tap transformer<\/p>","protected":false},"excerpt":{"rendered":"<p>BIESSE ROXYL 5.5 w \/ \u201cAIR FORCE\u201d hot air system Features: Min. Panel Thickness: 10mm Max. Panel Thickness: 60mm Strip Edging Material: 14-64mm Min. Band Thickness: 0.3mm Max. Band Thickness: 15mm Min. Panel Length: 140mm Min. Panel width: 85mm (140mm panel length) [\u2026]<\/p>","protected":false},"author":3,"featured_media":52852,"comment_status":"open","ping_status":"closed","template":"","meta":[],"product_cat":[363],"product_tag":[],"acf":[],"yoast_head":"<!-- This site is optimized with the Yoast SEO plugin v16.8 - https:\/\/yoast.com\/wordpress\/plugins\/seo\/ -->\n<title>Syst\u00e8me \u00e0 air chaud Biesse Roxyl 5,5 w \/ Air Force - Machineries BST<\/title>\n<meta name=\"robots\" content=\"index, follow, max-snippet:-1, max-image-preview:large, max-video-preview:-1\" \/>\n<link rel=\"canonical\" href=\"https:\/\/machineriesbst.com\/en\/catalogue\/systeme-a-air-chaud-biesse-roxyl-55-w-air-force\/\" \/>\n<meta property=\"og:locale\" content=\"en_US\" \/>\n<meta property=\"og:type\" content=\"article\" \/>\n<meta property=\"og:title\" content=\"Syst\u00e8me \u00e0 air chaud Biesse Roxyl 5,5 w \/ Air Force - Machineries BST\" \/>\n<meta property=\"og:description\" content=\"Syst\u00e8me \u00e0 air chaud BIESSE ROXYL 5.5 w \/ \u00abAIR FORCE\u00bb &nbsp; Caract\u00e9ristiques: Min. \u00c9paisseur du panneau: 10mm Max. \u00c9paisseur du panneau: 60mm Mat\u00e9riau de la bordure de bande: 14-64mm Min. \u00c9paisseur de bande: 0.3mm Max. \u00c9paisseur de bande: 15mm Min. Longueur du panneau: 140mm Min. Largeur du panneau: 85mm (longueur du panneau de 140mm) [&hellip;]\" \/>\n<meta property=\"og:url\" content=\"https:\/\/machineriesbst.com\/en\/catalogue\/systeme-a-air-chaud-biesse-roxyl-55-w-air-force\/\" \/>\n<meta property=\"og:site_name\" content=\"Machineries BST\" \/>\n<meta property=\"article:modified_time\" content=\"2023-12-01T01:23:50+00:00\" \/>\n<meta property=\"og:image\" content=\"https:\/\/machineriesbst.com\/wp-content\/uploads\/2021\/05\/Biesse-edgebander-Roxyl-55-2013-06.jpg\" \/>\n\t<meta property=\"og:image:width\" content=\"640\" \/>\n\t<meta property=\"og:image:height\" content=\"480\" \/>\n<meta name=\"twitter:card\" content=\"summary_large_image\" \/>\n<meta name=\"twitter:label1\" content=\"Est. reading time\" \/>\n\t<meta name=\"twitter:data1\" content=\"1 minute\" \/>\n<script type=\"application\/ld+json\" class=\"yoast-schema-graph\">{\"@context\":\"https:\/\/schema.org\",\"@graph\":[{\"@type\":\"WebSite\",\"@id\":\"https:\/\/machineriesbst.com\/en\/#website\",\"url\":\"https:\/\/machineriesbst.com\/en\/\",\"name\":\"Machineries BST\",\"description\":\"Machines neuves &amp; usag\\u00e9es\",\"potentialAction\":[{\"@type\":\"SearchAction\",\"target\":{\"@type\":\"EntryPoint\",\"urlTemplate\":\"https:\/\/machineriesbst.com\/en\/?s={search_term_string}\"},\"query-input\":\"required name=search_term_string\"}],\"inLanguage\":\"en-US\"},{\"@type\":\"ImageObject\",\"@id\":\"https:\/\/machineriesbst.com\/en\/catalogue\/systeme-a-air-chaud-biesse-roxyl-55-w-air-force\/#primaryimage\",\"inLanguage\":\"en-US\",\"url\":\"https:\/\/machineriesbst.com\/wp-content\/uploads\/2021\/05\/Biesse-edgebander-Roxyl-55-2013-06.jpg\",\"contentUrl\":\"https:\/\/machineriesbst.com\/wp-content\/uploads\/2021\/05\/Biesse-edgebander-Roxyl-55-2013-06.jpg\",\"width\":640,\"height\":480},{\"@type\":\"WebPage\",\"@id\":\"https:\/\/machineriesbst.com\/en\/catalogue\/systeme-a-air-chaud-biesse-roxyl-55-w-air-force\/#webpage\",\"url\":\"https:\/\/machineriesbst.com\/en\/catalogue\/systeme-a-air-chaud-biesse-roxyl-55-w-air-force\/\",\"name\":\"Syst\\u00e8me \\u00e0 air chaud Biesse Roxyl 5,5 w \/ Air Force - Machineries BST\",\"isPartOf\":{\"@id\":\"https:\/\/machineriesbst.com\/en\/#website\"},\"primaryImageOfPage\":{\"@id\":\"https:\/\/machineriesbst.com\/en\/catalogue\/systeme-a-air-chaud-biesse-roxyl-55-w-air-force\/#primaryimage\"},\"datePublished\":\"2021-06-08T13:51:25+00:00\",\"dateModified\":\"2023-12-01T01:23:50+00:00\",\"breadcrumb\":{\"@id\":\"https:\/\/machineriesbst.com\/en\/catalogue\/systeme-a-air-chaud-biesse-roxyl-55-w-air-force\/#breadcrumb\"},\"inLanguage\":\"en-US\",\"potentialAction\":[{\"@type\":\"ReadAction\",\"target\":[\"https:\/\/machineriesbst.com\/en\/catalogue\/systeme-a-air-chaud-biesse-roxyl-55-w-air-force\/\"]}]},{\"@type\":\"BreadcrumbList\",\"@id\":\"https:\/\/machineriesbst.com\/en\/catalogue\/systeme-a-air-chaud-biesse-roxyl-55-w-air-force\/#breadcrumb\",\"itemListElement\":[{\"@type\":\"ListItem\",\"position\":1,\"name\":\"Accueil\",\"item\":\"https:\/\/machineriesbst.com\/en\/\"},{\"@type\":\"ListItem\",\"position\":2,\"name\":\"Catalogue\",\"item\":\"https:\/\/machineriesbst.com\/en\/catalog\/\"},{\"@type\":\"ListItem\",\"position\":3,\"name\":\"Syst\\u00e8me \\u00e0 air chaud Biesse Roxyl 5,5 w \/ Air Force\"}]}]}<\/script>\n<!-- \/ Yoast SEO plugin. -->","yoast_head_json":{"title":"Syst\u00e8me \u00e0 air chaud Biesse Roxyl 5,5 w \/ Air Force - Machineries BST","robots":{"index":"index","follow":"follow","max-snippet":"max-snippet:-1","max-image-preview":"max-image-preview:large","max-video-preview":"max-video-preview:-1"},"canonical":"https:\/\/machineriesbst.com\/en\/catalogue\/systeme-a-air-chaud-biesse-roxyl-55-w-air-force\/","og_locale":"en_US","og_type":"article","og_title":"Syst\u00e8me \u00e0 air chaud Biesse Roxyl 5,5 w \/ Air Force - Machineries BST","og_description":"Syst\u00e8me \u00e0 air chaud BIESSE ROXYL 5.5 w \/ \u00abAIR FORCE\u00bb &nbsp; Caract\u00e9ristiques: Min. \u00c9paisseur du panneau: 10mm Max. \u00c9paisseur du panneau: 60mm Mat\u00e9riau de la bordure de bande: 14-64mm Min. \u00c9paisseur de bande: 0.3mm Max. \u00c9paisseur de bande: 15mm Min. Longueur du panneau: 140mm Min. Largeur du panneau: 85mm (longueur du panneau de 140mm) [&hellip;]","og_url":"https:\/\/machineriesbst.com\/en\/catalogue\/systeme-a-air-chaud-biesse-roxyl-55-w-air-force\/","og_site_name":"Machineries BST","article_modified_time":"2023-12-01T01:23:50+00:00","og_image":[{"width":640,"height":480,"url":"https:\/\/machineriesbst.com\/wp-content\/uploads\/2021\/05\/Biesse-edgebander-Roxyl-55-2013-06.jpg","path":"\/home\/jepeto\/public_html\/wp-content\/uploads\/2021\/05\/Biesse-edgebander-Roxyl-55-2013-06.jpg","size":"full","id":52852,"alt":"","pixels":307200,"type":"image\/jpeg"}],"twitter_card":"summary_large_image","twitter_misc":{"Est. reading time":"1 minute"},"schema":{"@context":"https:\/\/schema.org","@graph":[{"@type":"WebSite","@id":"https:\/\/machineriesbst.com\/en\/#website","url":"https:\/\/machineriesbst.com\/en\/","name":"Machineries BST","description":"Machines neuves &amp; usag\u00e9es","potentialAction":[{"@type":"SearchAction","target":{"@type":"EntryPoint","urlTemplate":"https:\/\/machineriesbst.com\/en\/?s={search_term_string}"},"query-input":"required name=search_term_string"}],"inLanguage":"en-US"},{"@type":"ImageObject","@id":"https:\/\/machineriesbst.com\/en\/catalogue\/systeme-a-air-chaud-biesse-roxyl-55-w-air-force\/#primaryimage","inLanguage":"en-US","url":"https:\/\/machineriesbst.com\/wp-content\/uploads\/2021\/05\/Biesse-edgebander-Roxyl-55-2013-06.jpg","contentUrl":"https:\/\/machineriesbst.com\/wp-content\/uploads\/2021\/05\/Biesse-edgebander-Roxyl-55-2013-06.jpg","width":640,"height":480},{"@type":"WebPage","@id":"https:\/\/machineriesbst.com\/en\/catalogue\/systeme-a-air-chaud-biesse-roxyl-55-w-air-force\/#webpage","url":"https:\/\/machineriesbst.com\/en\/catalogue\/systeme-a-air-chaud-biesse-roxyl-55-w-air-force\/","name":"Syst\u00e8me \u00e0 air chaud Biesse Roxyl 5,5 w \/ Air Force - Machineries BST","isPartOf":{"@id":"https:\/\/machineriesbst.com\/en\/#website"},"primaryImageOfPage":{"@id":"https:\/\/machineriesbst.com\/en\/catalogue\/systeme-a-air-chaud-biesse-roxyl-55-w-air-force\/#primaryimage"},"datePublished":"2021-06-08T13:51:25+00:00","dateModified":"2023-12-01T01:23:50+00:00","breadcrumb":{"@id":"https:\/\/machineriesbst.com\/en\/catalogue\/systeme-a-air-chaud-biesse-roxyl-55-w-air-force\/#breadcrumb"},"inLanguage":"en-US","potentialAction":[{"@type":"ReadAction","target":["https:\/\/machineriesbst.com\/en\/catalogue\/systeme-a-air-chaud-biesse-roxyl-55-w-air-force\/"]}]},{"@type":"BreadcrumbList","@id":"https:\/\/machineriesbst.com\/en\/catalogue\/systeme-a-air-chaud-biesse-roxyl-55-w-air-force\/#breadcrumb","itemListElement":[{"@type":"ListItem","position":1,"name":"Accueil","item":"https:\/\/machineriesbst.com\/en\/"},{"@type":"ListItem","position":2,"name":"Catalogue","item":"https:\/\/machineriesbst.com\/en\/catalog\/"},{"@type":"ListItem","position":3,"name":"Syst\u00e8me \u00e0 air chaud Biesse Roxyl 5,5 w \/ Air Force"}]}]}},"_links":{"self":[{"href":"https:\/\/machineriesbst.com\/en\/wp-json\/wp\/v2\/product\/58373"}],"collection":[{"href":"https:\/\/machineriesbst.com\/en\/wp-json\/wp\/v2\/product"}],"about":[{"href":"https:\/\/machineriesbst.com\/en\/wp-json\/wp\/v2\/types\/product"}],"author":[{"embeddable":true,"href":"https:\/\/machineriesbst.com\/en\/wp-json\/wp\/v2\/users\/3"}],"replies":[{"embeddable":true,"href":"https:\/\/machineriesbst.com\/en\/wp-json\/wp\/v2\/comments?post=58373"}],"wp:featuredmedia":[{"embeddable":true,"href":"https:\/\/machineriesbst.com\/en\/wp-json\/wp\/v2\/media\/52852"}],"wp:attachment":[{"href":"https:\/\/machineriesbst.com\/en\/wp-json\/wp\/v2\/media?parent=58373"}],"wp:term":[{"taxonomy":"product_cat","embeddable":true,"href":"https:\/\/machineriesbst.com\/en\/wp-json\/wp\/v2\/product_cat?post=58373"},{"taxonomy":"product_tag","embeddable":true,"href":"https:\/\/machineriesbst.com\/en\/wp-json\/wp\/v2\/product_tag?post=58373"}],"curies":[{"name":"wp","href":"https:\/\/api.w.org\/{rel}","templated":true}]}}