{"id":58369,"date":"2021-06-08T09:51:02","date_gmt":"2021-06-08T13:51:02","guid":{"rendered":"https:\/\/machineriesbst.com\/?post_type=product&#038;p=58369"},"modified":"2023-11-30T20:23:50","modified_gmt":"2023-12-01T01:23:50","slug":"air-make-up-bousquet-8000-cfm","status":"publish","type":"product","link":"https:\/\/machineriesbst.com\/en\/catalogue\/air-make-up-bousquet-8000-cfm\/","title":{"rendered":"Air Make-up Bousquet - 8000 CFM"},"content":{"rendered":"<p>Air Make-up for paint chamber - 8000 CFM<\/p>\n<p>Interior<\/p>\n<p>Can be installed outside<\/p>\n<p>Includes metal installation modules.<\/p>\n<ul>\n<li>An anti-freeze control is supplied with the front damper, in addition to the bypass damper which controls the air flow through the plate heat exchanger<\/li>\n<li>The heat recovery unit recovers 70% from the heat available in the exhaust air flow<\/li>\n<li>For AF, filtering is done with 2-inch MERV 8 filters. The paint filters are installed inside the paint chamber.<\/li>\n<\/ul>\n<h3 class=\"specs-title\">CHARACTERISTICS<\/h3>\n<ul>\n<li>Corrugated aluminum sheet construction for durability<\/li>\n<li>No moving parts for minimal maintenance<\/li>\n<li>Nearly zero leak rate (virtually contamination-free)<\/li>\n<li>Epoxy paint coating available for corrosive environments<\/li>\n<li>AHRI certified performance<\/li>\n<li>Plates are manufactured from 599mm to 1994mm (23.6 &#39;&#39; to 78.5 &#39;&#39;) square for small and large airflows<\/li>\n<li>Spacing between plates is 0.248 &#39;&#39; to 0.79 &#39;&#39; (6mm to 20mm) for flexibility<\/li>\n<li>Plate width can be 5 &#39;&#39; to over 200 &#39;&#39; (127mm to over 5080mm)<\/li>\n<\/ul>\n<p>All technical aspects and specifications are indicative and may differ from the final product.<\/p>","protected":false},"excerpt":{"rendered":"<p>Air Make-up for paint booth - 8000 CFM Indoor Can be installed outdoors Includes metal installation modules. An antifreeze control is provided with the front damper, in addition to the bypass one which controls the air flow through the plate heat exchanger The heat recuperator recovers 70% from the heat [\u2026]<\/p>","protected":false},"author":3,"featured_media":52819,"comment_status":"open","ping_status":"closed","template":"","meta":[],"product_cat":[320],"product_tag":[],"acf":[],"yoast_head":"<!-- This site is optimized with the Yoast SEO plugin v16.8 - https:\/\/yoast.com\/wordpress\/plugins\/seo\/ -->\n<title>Air Make-up Bousquet - 8000 CFM - Machineries BST<\/title>\n<meta name=\"robots\" content=\"index, follow, max-snippet:-1, max-image-preview:large, max-video-preview:-1\" \/>\n<link rel=\"canonical\" href=\"https:\/\/machineriesbst.com\/en\/catalogue\/air-make-up-bousquet-8000-cfm\/\" \/>\n<meta property=\"og:locale\" content=\"en_US\" \/>\n<meta property=\"og:type\" content=\"article\" \/>\n<meta property=\"og:title\" content=\"Air Make-up Bousquet - 8000 CFM - Machineries BST\" \/>\n<meta property=\"og:description\" content=\"Air Make-up pour chambre \u00e0 peinture - 8000 CFM Int\u00e9rieur Peu \u00eatre install\u00e9 \u00e0 l&#039;ext\u00e9rieur Inclus les modules m\u00e9talliques d&#039;installation. Un contr\u00f4le antigel est fourni avec le registre frontal, en plus de celui de contournement qui contr\u00f4le le d\u00e9bit d\u2019air\u00a0\u00e0 travers l\u2019\u00e9changeur de chaleur \u00e0 plaques Le r\u00e9cup\u00e9rateur de chaleur r\u00e9cup\u00e8re 70% de la chaleur [&hellip;]\" \/>\n<meta property=\"og:url\" content=\"https:\/\/machineriesbst.com\/en\/catalogue\/air-make-up-bousquet-8000-cfm\/\" \/>\n<meta property=\"og:site_name\" content=\"Machineries BST\" \/>\n<meta property=\"article:modified_time\" content=\"2023-12-01T01:23:50+00:00\" \/>\n<meta property=\"og:image\" content=\"https:\/\/machineriesbst.com\/wp-content\/uploads\/2021\/05\/Air-make-up-bousket-8000-CFM-scaled.jpg\" \/>\n\t<meta property=\"og:image:width\" content=\"2560\" \/>\n\t<meta property=\"og:image:height\" content=\"1920\" \/>\n<meta name=\"twitter:card\" content=\"summary_large_image\" \/>\n<meta name=\"twitter:label1\" content=\"Est. reading time\" \/>\n\t<meta name=\"twitter:data1\" content=\"1 minute\" \/>\n<script type=\"application\/ld+json\" class=\"yoast-schema-graph\">{\"@context\":\"https:\/\/schema.org\",\"@graph\":[{\"@type\":\"WebSite\",\"@id\":\"https:\/\/machineriesbst.com\/en\/#website\",\"url\":\"https:\/\/machineriesbst.com\/en\/\",\"name\":\"Machineries BST\",\"description\":\"Machines neuves &amp; usag\\u00e9es\",\"potentialAction\":[{\"@type\":\"SearchAction\",\"target\":{\"@type\":\"EntryPoint\",\"urlTemplate\":\"https:\/\/machineriesbst.com\/en\/?s={search_term_string}\"},\"query-input\":\"required name=search_term_string\"}],\"inLanguage\":\"en-US\"},{\"@type\":\"ImageObject\",\"@id\":\"https:\/\/machineriesbst.com\/en\/catalogue\/air-make-up-bousquet-8000-cfm\/#primaryimage\",\"inLanguage\":\"en-US\",\"url\":\"https:\/\/machineriesbst.com\/wp-content\/uploads\/2021\/05\/Air-make-up-bousket-8000-CFM-scaled.jpg\",\"contentUrl\":\"https:\/\/machineriesbst.com\/wp-content\/uploads\/2021\/05\/Air-make-up-bousket-8000-CFM-scaled.jpg\",\"width\":2560,\"height\":1920},{\"@type\":\"WebPage\",\"@id\":\"https:\/\/machineriesbst.com\/en\/catalogue\/air-make-up-bousquet-8000-cfm\/#webpage\",\"url\":\"https:\/\/machineriesbst.com\/en\/catalogue\/air-make-up-bousquet-8000-cfm\/\",\"name\":\"Air Make-up Bousquet - 8000 CFM - Machineries BST\",\"isPartOf\":{\"@id\":\"https:\/\/machineriesbst.com\/en\/#website\"},\"primaryImageOfPage\":{\"@id\":\"https:\/\/machineriesbst.com\/en\/catalogue\/air-make-up-bousquet-8000-cfm\/#primaryimage\"},\"datePublished\":\"2021-06-08T13:51:02+00:00\",\"dateModified\":\"2023-12-01T01:23:50+00:00\",\"breadcrumb\":{\"@id\":\"https:\/\/machineriesbst.com\/en\/catalogue\/air-make-up-bousquet-8000-cfm\/#breadcrumb\"},\"inLanguage\":\"en-US\",\"potentialAction\":[{\"@type\":\"ReadAction\",\"target\":[\"https:\/\/machineriesbst.com\/en\/catalogue\/air-make-up-bousquet-8000-cfm\/\"]}]},{\"@type\":\"BreadcrumbList\",\"@id\":\"https:\/\/machineriesbst.com\/en\/catalogue\/air-make-up-bousquet-8000-cfm\/#breadcrumb\",\"itemListElement\":[{\"@type\":\"ListItem\",\"position\":1,\"name\":\"Accueil\",\"item\":\"https:\/\/machineriesbst.com\/en\/\"},{\"@type\":\"ListItem\",\"position\":2,\"name\":\"Catalogue\",\"item\":\"https:\/\/machineriesbst.com\/en\/catalog\/\"},{\"@type\":\"ListItem\",\"position\":3,\"name\":\"Air Make-up Bousquet - 8000 CFM\"}]}]}<\/script>\n<!-- \/ Yoast SEO plugin. -->","yoast_head_json":{"title":"Air Make-up Bousquet - 8000 CFM - Machineries BST","robots":{"index":"index","follow":"follow","max-snippet":"max-snippet:-1","max-image-preview":"max-image-preview:large","max-video-preview":"max-video-preview:-1"},"canonical":"https:\/\/machineriesbst.com\/en\/catalogue\/air-make-up-bousquet-8000-cfm\/","og_locale":"en_US","og_type":"article","og_title":"Air Make-up Bousquet - 8000 CFM - Machineries BST","og_description":"Air Make-up pour chambre \u00e0 peinture - 8000 CFM Int\u00e9rieur Peu \u00eatre install\u00e9 \u00e0 l'ext\u00e9rieur Inclus les modules m\u00e9talliques d'installation. Un contr\u00f4le antigel est fourni avec le registre frontal, en plus de celui de contournement qui contr\u00f4le le d\u00e9bit d\u2019air\u00a0\u00e0 travers l\u2019\u00e9changeur de chaleur \u00e0 plaques Le r\u00e9cup\u00e9rateur de chaleur r\u00e9cup\u00e8re 70% de la chaleur [&hellip;]","og_url":"https:\/\/machineriesbst.com\/en\/catalogue\/air-make-up-bousquet-8000-cfm\/","og_site_name":"Machineries BST","article_modified_time":"2023-12-01T01:23:50+00:00","og_image":[{"width":2560,"height":1920,"url":"https:\/\/machineriesbst.com\/wp-content\/uploads\/2021\/05\/Air-make-up-bousket-8000-CFM-scaled.jpg","path":"\/home\/jepeto\/public_html\/wp-content\/uploads\/2021\/05\/Air-make-up-bousket-8000-CFM-scaled.jpg","size":"full","id":52819,"alt":"","pixels":4915200,"type":"image\/jpeg"}],"twitter_card":"summary_large_image","twitter_misc":{"Est. reading time":"1 minute"},"schema":{"@context":"https:\/\/schema.org","@graph":[{"@type":"WebSite","@id":"https:\/\/machineriesbst.com\/en\/#website","url":"https:\/\/machineriesbst.com\/en\/","name":"Machineries BST","description":"Machines neuves &amp; usag\u00e9es","potentialAction":[{"@type":"SearchAction","target":{"@type":"EntryPoint","urlTemplate":"https:\/\/machineriesbst.com\/en\/?s={search_term_string}"},"query-input":"required name=search_term_string"}],"inLanguage":"en-US"},{"@type":"ImageObject","@id":"https:\/\/machineriesbst.com\/en\/catalogue\/air-make-up-bousquet-8000-cfm\/#primaryimage","inLanguage":"en-US","url":"https:\/\/machineriesbst.com\/wp-content\/uploads\/2021\/05\/Air-make-up-bousket-8000-CFM-scaled.jpg","contentUrl":"https:\/\/machineriesbst.com\/wp-content\/uploads\/2021\/05\/Air-make-up-bousket-8000-CFM-scaled.jpg","width":2560,"height":1920},{"@type":"WebPage","@id":"https:\/\/machineriesbst.com\/en\/catalogue\/air-make-up-bousquet-8000-cfm\/#webpage","url":"https:\/\/machineriesbst.com\/en\/catalogue\/air-make-up-bousquet-8000-cfm\/","name":"Air Make-up Bousquet - 8000 CFM - Machineries BST","isPartOf":{"@id":"https:\/\/machineriesbst.com\/en\/#website"},"primaryImageOfPage":{"@id":"https:\/\/machineriesbst.com\/en\/catalogue\/air-make-up-bousquet-8000-cfm\/#primaryimage"},"datePublished":"2021-06-08T13:51:02+00:00","dateModified":"2023-12-01T01:23:50+00:00","breadcrumb":{"@id":"https:\/\/machineriesbst.com\/en\/catalogue\/air-make-up-bousquet-8000-cfm\/#breadcrumb"},"inLanguage":"en-US","potentialAction":[{"@type":"ReadAction","target":["https:\/\/machineriesbst.com\/en\/catalogue\/air-make-up-bousquet-8000-cfm\/"]}]},{"@type":"BreadcrumbList","@id":"https:\/\/machineriesbst.com\/en\/catalogue\/air-make-up-bousquet-8000-cfm\/#breadcrumb","itemListElement":[{"@type":"ListItem","position":1,"name":"Accueil","item":"https:\/\/machineriesbst.com\/en\/"},{"@type":"ListItem","position":2,"name":"Catalogue","item":"https:\/\/machineriesbst.com\/en\/catalog\/"},{"@type":"ListItem","position":3,"name":"Air Make-up Bousquet - 8000 CFM"}]}]}},"_links":{"self":[{"href":"https:\/\/machineriesbst.com\/en\/wp-json\/wp\/v2\/product\/58369"}],"collection":[{"href":"https:\/\/machineriesbst.com\/en\/wp-json\/wp\/v2\/product"}],"about":[{"href":"https:\/\/machineriesbst.com\/en\/wp-json\/wp\/v2\/types\/product"}],"author":[{"embeddable":true,"href":"https:\/\/machineriesbst.com\/en\/wp-json\/wp\/v2\/users\/3"}],"replies":[{"embeddable":true,"href":"https:\/\/machineriesbst.com\/en\/wp-json\/wp\/v2\/comments?post=58369"}],"wp:featuredmedia":[{"embeddable":true,"href":"https:\/\/machineriesbst.com\/en\/wp-json\/wp\/v2\/media\/52819"}],"wp:attachment":[{"href":"https:\/\/machineriesbst.com\/en\/wp-json\/wp\/v2\/media?parent=58369"}],"wp:term":[{"taxonomy":"product_cat","embeddable":true,"href":"https:\/\/machineriesbst.com\/en\/wp-json\/wp\/v2\/product_cat?post=58369"},{"taxonomy":"product_tag","embeddable":true,"href":"https:\/\/machineriesbst.com\/en\/wp-json\/wp\/v2\/product_tag?post=58369"}],"curies":[{"name":"wp","href":"https:\/\/api.w.org\/{rel}","templated":true}]}}