{"id":58361,"date":"2021-06-08T09:51:00","date_gmt":"2021-06-08T13:51:00","guid":{"rendered":"https:\/\/machineriesbst.com\/?post_type=product&#038;p=58361"},"modified":"2023-11-30T20:23:50","modified_gmt":"2023-12-01T01:23:50","slug":"deligneuse-simple-holytek","status":"publish","type":"product","link":"https:\/\/machineriesbst.com\/en\/catalogue\/deligneuse-simple-holytek\/","title":{"rendered":"Holytek single edger"},"content":{"rendered":"<div class=\"showMoreWrapper-4069775982\">\n<div class=\"showMoreChild-3420331552\">\n<div class=\"descriptionContainer-3544745383\">\n<h3 class=\"title-1536205785\">Description<\/h3>\n<div>\n<p>Single edger - 303 Main motor 10HP \/ 600V \/ 60C \/ 3Ph Drive motor 1HP \/ 600V \/ 60C \/ 3Ph Shaft diameter 1 &#39;&#39; Shaft rotation speed 4200 RPM Variable drive speed 15 ~ 25 m \/ min Blade diameter 305 mm Distance between saw and column 385 mm Maximum working thickness 85 mm Width of drive chain 140 mm Table dimensions 1255 (W) x 745 (D) mm Table dimensions side 1255 (W) x 255 (D) mm Suction outlet diameter 125 mm Machine dimensions 1650 (W) x 1250 (D) x 1410 (H) mm Packing dimensions 1400 (W) x 1030 (D) x 1500 (H) mm Net weight 900 kg \/ 1980 lbs Gross weight 1050 kg \/ 2310 lbs<\/p>\n<\/div>\n<\/div>\n<\/div>\n<\/div>\n<div class=\"visitCounter-459122773\"><\/div>","protected":false},"excerpt":{"rendered":"<p>Description Single edger - 303 Main motor 10HP \/ 600V \/ 60C \/ 3Ph Drive motor 1HP \/ 600V \/ 60C \/ 3Ph Shaft diameter 1 &#39;&#39; Shaft rotation speed 4200 RPM Variable drive speed 15 ~ 25 m \/ min Diameter of the blade 305 mm Distance between the saw and the column 385 mm Maximum working thickness 85 mm Width of the drive chain [\u2026]<\/p>","protected":false},"author":3,"featured_media":52764,"comment_status":"open","ping_status":"closed","template":"","meta":[],"product_cat":[3075,214],"product_tag":[],"acf":[],"yoast_head":"<!-- This site is optimized with the Yoast SEO plugin v16.8 - https:\/\/yoast.com\/wordpress\/plugins\/seo\/ -->\n<title>D\u00e9ligneuse simple Holytek - Machineries BST<\/title>\n<meta name=\"robots\" content=\"index, follow, max-snippet:-1, max-image-preview:large, max-video-preview:-1\" \/>\n<link rel=\"canonical\" href=\"https:\/\/machineriesbst.com\/en\/catalogue\/deligneuse-simple-holytek\/\" \/>\n<meta property=\"og:locale\" content=\"en_US\" \/>\n<meta property=\"og:type\" content=\"article\" \/>\n<meta property=\"og:title\" content=\"D\u00e9ligneuse simple Holytek - Machineries BST\" \/>\n<meta property=\"og:description\" content=\"Description D\u00e9ligneuse simple - 303 Moteur principal 10CV\/600V\/60C\/3Ph Moteur d&#039;entra\u00eenement 1CV\/600V\/60C\/3Ph Diam\u00e8tre de l&#039;arbre 1&#039;&#039; Vitesse de rotation de l&#039;arbre 4200 RPM Vitesse d&#039;entra\u00eenement variable 15 ~ 25 m\/min Diam\u00e8tre de la lame 305 mm Distance entre la scie et la colonne 385 mm \u00c9paisseur maximale de travail 85 mm Largeur de la cha\u00eene d&#039;entra\u00eenement [&hellip;]\" \/>\n<meta property=\"og:url\" content=\"https:\/\/machineriesbst.com\/en\/catalogue\/deligneuse-simple-holytek\/\" \/>\n<meta property=\"og:site_name\" content=\"Machineries BST\" \/>\n<meta property=\"article:modified_time\" content=\"2023-12-01T01:23:50+00:00\" \/>\n<meta property=\"og:image\" content=\"https:\/\/machineriesbst.com\/wp-content\/uploads\/2021\/05\/IMG_8309.jpg\" \/>\n\t<meta property=\"og:image:width\" content=\"480\" \/>\n\t<meta property=\"og:image:height\" content=\"640\" \/>\n<meta name=\"twitter:card\" content=\"summary_large_image\" \/>\n<meta name=\"twitter:label1\" content=\"Est. reading time\" \/>\n\t<meta name=\"twitter:data1\" content=\"1 minute\" \/>\n<script type=\"application\/ld+json\" class=\"yoast-schema-graph\">{\"@context\":\"https:\/\/schema.org\",\"@graph\":[{\"@type\":\"WebSite\",\"@id\":\"https:\/\/machineriesbst.com\/en\/#website\",\"url\":\"https:\/\/machineriesbst.com\/en\/\",\"name\":\"Machineries BST\",\"description\":\"Machines neuves &amp; usag\\u00e9es\",\"potentialAction\":[{\"@type\":\"SearchAction\",\"target\":{\"@type\":\"EntryPoint\",\"urlTemplate\":\"https:\/\/machineriesbst.com\/en\/?s={search_term_string}\"},\"query-input\":\"required name=search_term_string\"}],\"inLanguage\":\"en-US\"},{\"@type\":\"ImageObject\",\"@id\":\"https:\/\/machineriesbst.com\/en\/catalogue\/deligneuse-simple-holytek\/#primaryimage\",\"inLanguage\":\"en-US\",\"url\":\"https:\/\/machineriesbst.com\/wp-content\/uploads\/2021\/05\/IMG_8309.jpg\",\"contentUrl\":\"https:\/\/machineriesbst.com\/wp-content\/uploads\/2021\/05\/IMG_8309.jpg\",\"width\":480,\"height\":640},{\"@type\":\"WebPage\",\"@id\":\"https:\/\/machineriesbst.com\/en\/catalogue\/deligneuse-simple-holytek\/#webpage\",\"url\":\"https:\/\/machineriesbst.com\/en\/catalogue\/deligneuse-simple-holytek\/\",\"name\":\"D\\u00e9ligneuse simple Holytek - Machineries BST\",\"isPartOf\":{\"@id\":\"https:\/\/machineriesbst.com\/en\/#website\"},\"primaryImageOfPage\":{\"@id\":\"https:\/\/machineriesbst.com\/en\/catalogue\/deligneuse-simple-holytek\/#primaryimage\"},\"datePublished\":\"2021-06-08T13:51:00+00:00\",\"dateModified\":\"2023-12-01T01:23:50+00:00\",\"breadcrumb\":{\"@id\":\"https:\/\/machineriesbst.com\/en\/catalogue\/deligneuse-simple-holytek\/#breadcrumb\"},\"inLanguage\":\"en-US\",\"potentialAction\":[{\"@type\":\"ReadAction\",\"target\":[\"https:\/\/machineriesbst.com\/en\/catalogue\/deligneuse-simple-holytek\/\"]}]},{\"@type\":\"BreadcrumbList\",\"@id\":\"https:\/\/machineriesbst.com\/en\/catalogue\/deligneuse-simple-holytek\/#breadcrumb\",\"itemListElement\":[{\"@type\":\"ListItem\",\"position\":1,\"name\":\"Accueil\",\"item\":\"https:\/\/machineriesbst.com\/en\/\"},{\"@type\":\"ListItem\",\"position\":2,\"name\":\"Catalogue\",\"item\":\"https:\/\/machineriesbst.com\/en\/catalog\/\"},{\"@type\":\"ListItem\",\"position\":3,\"name\":\"D\\u00e9ligneuse simple Holytek\"}]}]}<\/script>\n<!-- \/ Yoast SEO plugin. -->","yoast_head_json":{"title":"D\u00e9ligneuse simple Holytek - Machineries BST","robots":{"index":"index","follow":"follow","max-snippet":"max-snippet:-1","max-image-preview":"max-image-preview:large","max-video-preview":"max-video-preview:-1"},"canonical":"https:\/\/machineriesbst.com\/en\/catalogue\/deligneuse-simple-holytek\/","og_locale":"en_US","og_type":"article","og_title":"D\u00e9ligneuse simple Holytek - Machineries BST","og_description":"Description D\u00e9ligneuse simple - 303 Moteur principal 10CV\/600V\/60C\/3Ph Moteur d'entra\u00eenement 1CV\/600V\/60C\/3Ph Diam\u00e8tre de l'arbre 1'' Vitesse de rotation de l'arbre 4200 RPM Vitesse d'entra\u00eenement variable 15 ~ 25 m\/min Diam\u00e8tre de la lame 305 mm Distance entre la scie et la colonne 385 mm \u00c9paisseur maximale de travail 85 mm Largeur de la cha\u00eene d'entra\u00eenement [&hellip;]","og_url":"https:\/\/machineriesbst.com\/en\/catalogue\/deligneuse-simple-holytek\/","og_site_name":"Machineries BST","article_modified_time":"2023-12-01T01:23:50+00:00","og_image":[{"width":480,"height":640,"url":"https:\/\/machineriesbst.com\/wp-content\/uploads\/2021\/05\/IMG_8309.jpg","path":"\/home\/jepeto\/public_html\/wp-content\/uploads\/2021\/05\/IMG_8309.jpg","size":"full","id":52764,"alt":"","pixels":307200,"type":"image\/jpeg"}],"twitter_card":"summary_large_image","twitter_misc":{"Est. reading time":"1 minute"},"schema":{"@context":"https:\/\/schema.org","@graph":[{"@type":"WebSite","@id":"https:\/\/machineriesbst.com\/en\/#website","url":"https:\/\/machineriesbst.com\/en\/","name":"Machineries BST","description":"Machines neuves &amp; usag\u00e9es","potentialAction":[{"@type":"SearchAction","target":{"@type":"EntryPoint","urlTemplate":"https:\/\/machineriesbst.com\/en\/?s={search_term_string}"},"query-input":"required name=search_term_string"}],"inLanguage":"en-US"},{"@type":"ImageObject","@id":"https:\/\/machineriesbst.com\/en\/catalogue\/deligneuse-simple-holytek\/#primaryimage","inLanguage":"en-US","url":"https:\/\/machineriesbst.com\/wp-content\/uploads\/2021\/05\/IMG_8309.jpg","contentUrl":"https:\/\/machineriesbst.com\/wp-content\/uploads\/2021\/05\/IMG_8309.jpg","width":480,"height":640},{"@type":"WebPage","@id":"https:\/\/machineriesbst.com\/en\/catalogue\/deligneuse-simple-holytek\/#webpage","url":"https:\/\/machineriesbst.com\/en\/catalogue\/deligneuse-simple-holytek\/","name":"D\u00e9ligneuse simple Holytek - Machineries BST","isPartOf":{"@id":"https:\/\/machineriesbst.com\/en\/#website"},"primaryImageOfPage":{"@id":"https:\/\/machineriesbst.com\/en\/catalogue\/deligneuse-simple-holytek\/#primaryimage"},"datePublished":"2021-06-08T13:51:00+00:00","dateModified":"2023-12-01T01:23:50+00:00","breadcrumb":{"@id":"https:\/\/machineriesbst.com\/en\/catalogue\/deligneuse-simple-holytek\/#breadcrumb"},"inLanguage":"en-US","potentialAction":[{"@type":"ReadAction","target":["https:\/\/machineriesbst.com\/en\/catalogue\/deligneuse-simple-holytek\/"]}]},{"@type":"BreadcrumbList","@id":"https:\/\/machineriesbst.com\/en\/catalogue\/deligneuse-simple-holytek\/#breadcrumb","itemListElement":[{"@type":"ListItem","position":1,"name":"Accueil","item":"https:\/\/machineriesbst.com\/en\/"},{"@type":"ListItem","position":2,"name":"Catalogue","item":"https:\/\/machineriesbst.com\/en\/catalog\/"},{"@type":"ListItem","position":3,"name":"D\u00e9ligneuse simple Holytek"}]}]}},"_links":{"self":[{"href":"https:\/\/machineriesbst.com\/en\/wp-json\/wp\/v2\/product\/58361"}],"collection":[{"href":"https:\/\/machineriesbst.com\/en\/wp-json\/wp\/v2\/product"}],"about":[{"href":"https:\/\/machineriesbst.com\/en\/wp-json\/wp\/v2\/types\/product"}],"author":[{"embeddable":true,"href":"https:\/\/machineriesbst.com\/en\/wp-json\/wp\/v2\/users\/3"}],"replies":[{"embeddable":true,"href":"https:\/\/machineriesbst.com\/en\/wp-json\/wp\/v2\/comments?post=58361"}],"wp:featuredmedia":[{"embeddable":true,"href":"https:\/\/machineriesbst.com\/en\/wp-json\/wp\/v2\/media\/52764"}],"wp:attachment":[{"href":"https:\/\/machineriesbst.com\/en\/wp-json\/wp\/v2\/media?parent=58361"}],"wp:term":[{"taxonomy":"product_cat","embeddable":true,"href":"https:\/\/machineriesbst.com\/en\/wp-json\/wp\/v2\/product_cat?post=58361"},{"taxonomy":"product_tag","embeddable":true,"href":"https:\/\/machineriesbst.com\/en\/wp-json\/wp\/v2\/product_tag?post=58361"}],"curies":[{"name":"wp","href":"https:\/\/api.w.org\/{rel}","templated":true}]}}