{"id":58352,"date":"2021-06-08T09:50:57","date_gmt":"2021-06-08T13:50:57","guid":{"rendered":"https:\/\/machineriesbst.com\/?post_type=product&#038;p=58352"},"modified":"2023-11-30T20:23:51","modified_gmt":"2023-12-01T01:23:51","slug":"broyeur-de-dechets-weima-woodchuck-2018","status":"publish","type":"product","link":"https:\/\/machineriesbst.com\/en\/catalogue\/broyeur-de-dechets-weima-woodchuck-2018\/","title":{"rendered":"Weima Woodchuck 2018 Waste Disposer"},"content":{"rendered":"<p id=\"tw-target-text\" class=\"tw-data-text tw-ta tw-text-small\" dir=\"ltr\" data-placeholder=\"Translation\"><span lang=\"fr\">WEIMA Woodchuck Low Speed Low Noise Vertical Wood Chipper <\/span><\/p>\n<p class=\"tw-data-text tw-ta tw-text-small\" dir=\"ltr\" data-placeholder=\"Translation\"><span lang=\"fr\">Characteristics <\/span><\/p>\n<p class=\"tw-data-text tw-ta tw-text-small\" dir=\"ltr\" data-placeholder=\"Translation\"><span lang=\"fr\">25 HP main motor <\/span><\/p>\n<p class=\"tw-data-text tw-ta tw-text-small\" dir=\"ltr\" data-placeholder=\"Translation\"><span lang=\"fr\">24 &quot;x 41&quot; hopper opening (0.74 m3 cap) <\/span><\/p>\n<p class=\"tw-data-text tw-ta tw-text-small\" dir=\"ltr\" data-placeholder=\"Translation\"><span lang=\"fr\">10 &quot;rotor dia., 100 rpm <\/span><\/p>\n<p class=\"tw-data-text tw-ta tw-text-small\" dir=\"ltr\" data-placeholder=\"Translation\"><span lang=\"fr\">Equipped with: (28) <\/span><\/p>\n<p class=\"tw-data-text tw-ta tw-text-small\" dir=\"ltr\" data-placeholder=\"Translation\"><span lang=\"fr\">Concave cutters, indexable, 40 mm x 40 mm <\/span><\/p>\n<p class=\"tw-data-text tw-ta tw-text-small\" dir=\"ltr\" data-placeholder=\"Translation\"><span lang=\"fr\">6 &quot;outlet \u00a0 <\/span><\/p>\n<p class=\"tw-data-text tw-ta tw-text-small\" dir=\"ltr\" data-placeholder=\"Translation\"><span lang=\"fr\">Features: The patented design of the V-ROTOR uses tooling perfectly suited to the grooves of the counter knife. - V-ROTOR Produces a uniform unloaded material, without splinters and devotes more power to grinding.<\/span><\/p>","protected":false},"excerpt":{"rendered":"<p>WEIMA Woodchuck Broyeur de d\u00e9chets en bois vertical \u00e0 faible vitesse et \u00e0 faible bruit Caract\u00e9ristiques Moteur principal de 25 HP Ouverture de la tr\u00e9mie de 24 \"x 41\" (bouchon de 0,74 m3) 10 \"dia. rotor, 100 tours par minute \u00c9quip\u00e9 avec: (28) Fraises concaves, indexables, 40 mm x 40 mm Sortie 6 \" \u00a0 [&hellip;]<\/p>","protected":false},"author":3,"featured_media":52725,"comment_status":"open","ping_status":"closed","template":"","meta":[],"product_cat":[3016],"product_tag":[],"acf":[],"yoast_head":"<!-- This site is optimized with the Yoast SEO plugin v16.8 - https:\/\/yoast.com\/wordpress\/plugins\/seo\/ -->\n<title>Broyeur de d\u00e9chets Weima Woodchuck 2018 - Machineries BST<\/title>\n<meta name=\"robots\" content=\"index, follow, max-snippet:-1, max-image-preview:large, max-video-preview:-1\" \/>\n<link rel=\"canonical\" href=\"https:\/\/machineriesbst.com\/en\/catalogue\/broyeur-de-dechets-weima-woodchuck-2018\/\" \/>\n<meta property=\"og:locale\" content=\"en_US\" \/>\n<meta property=\"og:type\" content=\"article\" \/>\n<meta property=\"og:title\" content=\"Broyeur de d\u00e9chets Weima Woodchuck 2018 - Machineries BST\" \/>\n<meta property=\"og:description\" content=\"WEIMA Woodchuck Broyeur de d\u00e9chets en bois vertical \u00e0 faible vitesse et \u00e0 faible bruit Caract\u00e9ristiques Moteur principal de 25 HP Ouverture de la tr\u00e9mie de 24 &quot;x 41&quot; (bouchon de 0,74 m3) 10 &quot;dia. rotor, 100 tours par minute \u00c9quip\u00e9 avec: (28) Fraises concaves, indexables, 40 mm x 40 mm Sortie 6 &quot; \u00a0 [&hellip;]\" \/>\n<meta property=\"og:url\" content=\"https:\/\/machineriesbst.com\/en\/catalogue\/broyeur-de-dechets-weima-woodchuck-2018\/\" \/>\n<meta property=\"og:site_name\" content=\"Machineries BST\" \/>\n<meta property=\"article:modified_time\" content=\"2023-12-01T01:23:51+00:00\" \/>\n<meta property=\"og:image\" content=\"https:\/\/machineriesbst.com\/wp-content\/uploads\/2021\/05\/2018-Weima-Woodchuck-Scrap-Grinder.jpg\" \/>\n\t<meta property=\"og:image:width\" content=\"800\" \/>\n\t<meta property=\"og:image:height\" content=\"600\" \/>\n<meta name=\"twitter:card\" content=\"summary_large_image\" \/>\n<script type=\"application\/ld+json\" class=\"yoast-schema-graph\">{\"@context\":\"https:\/\/schema.org\",\"@graph\":[{\"@type\":\"WebSite\",\"@id\":\"https:\/\/machineriesbst.com\/en\/#website\",\"url\":\"https:\/\/machineriesbst.com\/en\/\",\"name\":\"Machineries BST\",\"description\":\"Machines neuves &amp; usag\\u00e9es\",\"potentialAction\":[{\"@type\":\"SearchAction\",\"target\":{\"@type\":\"EntryPoint\",\"urlTemplate\":\"https:\/\/machineriesbst.com\/en\/?s={search_term_string}\"},\"query-input\":\"required name=search_term_string\"}],\"inLanguage\":\"en-US\"},{\"@type\":\"ImageObject\",\"@id\":\"https:\/\/machineriesbst.com\/en\/catalogue\/broyeur-de-dechets-weima-woodchuck-2018\/#primaryimage\",\"inLanguage\":\"en-US\",\"url\":\"https:\/\/machineriesbst.com\/wp-content\/uploads\/2021\/05\/2018-Weima-Woodchuck-Scrap-Grinder.jpg\",\"contentUrl\":\"https:\/\/machineriesbst.com\/wp-content\/uploads\/2021\/05\/2018-Weima-Woodchuck-Scrap-Grinder.jpg\",\"width\":800,\"height\":600},{\"@type\":\"WebPage\",\"@id\":\"https:\/\/machineriesbst.com\/en\/catalogue\/broyeur-de-dechets-weima-woodchuck-2018\/#webpage\",\"url\":\"https:\/\/machineriesbst.com\/en\/catalogue\/broyeur-de-dechets-weima-woodchuck-2018\/\",\"name\":\"Broyeur de d\\u00e9chets Weima Woodchuck 2018 - Machineries BST\",\"isPartOf\":{\"@id\":\"https:\/\/machineriesbst.com\/en\/#website\"},\"primaryImageOfPage\":{\"@id\":\"https:\/\/machineriesbst.com\/en\/catalogue\/broyeur-de-dechets-weima-woodchuck-2018\/#primaryimage\"},\"datePublished\":\"2021-06-08T13:50:57+00:00\",\"dateModified\":\"2023-12-01T01:23:51+00:00\",\"breadcrumb\":{\"@id\":\"https:\/\/machineriesbst.com\/en\/catalogue\/broyeur-de-dechets-weima-woodchuck-2018\/#breadcrumb\"},\"inLanguage\":\"en-US\",\"potentialAction\":[{\"@type\":\"ReadAction\",\"target\":[\"https:\/\/machineriesbst.com\/en\/catalogue\/broyeur-de-dechets-weima-woodchuck-2018\/\"]}]},{\"@type\":\"BreadcrumbList\",\"@id\":\"https:\/\/machineriesbst.com\/en\/catalogue\/broyeur-de-dechets-weima-woodchuck-2018\/#breadcrumb\",\"itemListElement\":[{\"@type\":\"ListItem\",\"position\":1,\"name\":\"Accueil\",\"item\":\"https:\/\/machineriesbst.com\/en\/\"},{\"@type\":\"ListItem\",\"position\":2,\"name\":\"Catalogue\",\"item\":\"https:\/\/machineriesbst.com\/en\/catalog\/\"},{\"@type\":\"ListItem\",\"position\":3,\"name\":\"Broyeur de d\\u00e9chets Weima Woodchuck 2018\"}]}]}<\/script>\n<!-- \/ Yoast SEO plugin. -->","yoast_head_json":{"title":"Broyeur de d\u00e9chets Weima Woodchuck 2018 - Machineries BST","robots":{"index":"index","follow":"follow","max-snippet":"max-snippet:-1","max-image-preview":"max-image-preview:large","max-video-preview":"max-video-preview:-1"},"canonical":"https:\/\/machineriesbst.com\/en\/catalogue\/broyeur-de-dechets-weima-woodchuck-2018\/","og_locale":"en_US","og_type":"article","og_title":"Broyeur de d\u00e9chets Weima Woodchuck 2018 - Machineries BST","og_description":"WEIMA Woodchuck Broyeur de d\u00e9chets en bois vertical \u00e0 faible vitesse et \u00e0 faible bruit Caract\u00e9ristiques Moteur principal de 25 HP Ouverture de la tr\u00e9mie de 24 \"x 41\" (bouchon de 0,74 m3) 10 \"dia. rotor, 100 tours par minute \u00c9quip\u00e9 avec: (28) Fraises concaves, indexables, 40 mm x 40 mm Sortie 6 \" \u00a0 [&hellip;]","og_url":"https:\/\/machineriesbst.com\/en\/catalogue\/broyeur-de-dechets-weima-woodchuck-2018\/","og_site_name":"Machineries BST","article_modified_time":"2023-12-01T01:23:51+00:00","og_image":[{"width":800,"height":600,"url":"https:\/\/machineriesbst.com\/wp-content\/uploads\/2021\/05\/2018-Weima-Woodchuck-Scrap-Grinder.jpg","path":"\/home\/jepeto\/public_html\/wp-content\/uploads\/2021\/05\/2018-Weima-Woodchuck-Scrap-Grinder.jpg","size":"full","id":52725,"alt":"","pixels":480000,"type":"image\/jpeg"}],"twitter_card":"summary_large_image","schema":{"@context":"https:\/\/schema.org","@graph":[{"@type":"WebSite","@id":"https:\/\/machineriesbst.com\/en\/#website","url":"https:\/\/machineriesbst.com\/en\/","name":"Machineries BST","description":"Machines neuves &amp; usag\u00e9es","potentialAction":[{"@type":"SearchAction","target":{"@type":"EntryPoint","urlTemplate":"https:\/\/machineriesbst.com\/en\/?s={search_term_string}"},"query-input":"required name=search_term_string"}],"inLanguage":"en-US"},{"@type":"ImageObject","@id":"https:\/\/machineriesbst.com\/en\/catalogue\/broyeur-de-dechets-weima-woodchuck-2018\/#primaryimage","inLanguage":"en-US","url":"https:\/\/machineriesbst.com\/wp-content\/uploads\/2021\/05\/2018-Weima-Woodchuck-Scrap-Grinder.jpg","contentUrl":"https:\/\/machineriesbst.com\/wp-content\/uploads\/2021\/05\/2018-Weima-Woodchuck-Scrap-Grinder.jpg","width":800,"height":600},{"@type":"WebPage","@id":"https:\/\/machineriesbst.com\/en\/catalogue\/broyeur-de-dechets-weima-woodchuck-2018\/#webpage","url":"https:\/\/machineriesbst.com\/en\/catalogue\/broyeur-de-dechets-weima-woodchuck-2018\/","name":"Broyeur de d\u00e9chets Weima Woodchuck 2018 - Machineries BST","isPartOf":{"@id":"https:\/\/machineriesbst.com\/en\/#website"},"primaryImageOfPage":{"@id":"https:\/\/machineriesbst.com\/en\/catalogue\/broyeur-de-dechets-weima-woodchuck-2018\/#primaryimage"},"datePublished":"2021-06-08T13:50:57+00:00","dateModified":"2023-12-01T01:23:51+00:00","breadcrumb":{"@id":"https:\/\/machineriesbst.com\/en\/catalogue\/broyeur-de-dechets-weima-woodchuck-2018\/#breadcrumb"},"inLanguage":"en-US","potentialAction":[{"@type":"ReadAction","target":["https:\/\/machineriesbst.com\/en\/catalogue\/broyeur-de-dechets-weima-woodchuck-2018\/"]}]},{"@type":"BreadcrumbList","@id":"https:\/\/machineriesbst.com\/en\/catalogue\/broyeur-de-dechets-weima-woodchuck-2018\/#breadcrumb","itemListElement":[{"@type":"ListItem","position":1,"name":"Accueil","item":"https:\/\/machineriesbst.com\/en\/"},{"@type":"ListItem","position":2,"name":"Catalogue","item":"https:\/\/machineriesbst.com\/en\/catalog\/"},{"@type":"ListItem","position":3,"name":"Broyeur de d\u00e9chets Weima Woodchuck 2018"}]}]}},"_links":{"self":[{"href":"https:\/\/machineriesbst.com\/en\/wp-json\/wp\/v2\/product\/58352"}],"collection":[{"href":"https:\/\/machineriesbst.com\/en\/wp-json\/wp\/v2\/product"}],"about":[{"href":"https:\/\/machineriesbst.com\/en\/wp-json\/wp\/v2\/types\/product"}],"author":[{"embeddable":true,"href":"https:\/\/machineriesbst.com\/en\/wp-json\/wp\/v2\/users\/3"}],"replies":[{"embeddable":true,"href":"https:\/\/machineriesbst.com\/en\/wp-json\/wp\/v2\/comments?post=58352"}],"wp:featuredmedia":[{"embeddable":true,"href":"https:\/\/machineriesbst.com\/en\/wp-json\/wp\/v2\/media\/52725"}],"wp:attachment":[{"href":"https:\/\/machineriesbst.com\/en\/wp-json\/wp\/v2\/media?parent=58352"}],"wp:term":[{"taxonomy":"product_cat","embeddable":true,"href":"https:\/\/machineriesbst.com\/en\/wp-json\/wp\/v2\/product_cat?post=58352"},{"taxonomy":"product_tag","embeddable":true,"href":"https:\/\/machineriesbst.com\/en\/wp-json\/wp\/v2\/product_tag?post=58352"}],"curies":[{"name":"wp","href":"https:\/\/api.w.org\/{rel}","templated":true}]}}